{"id":3945,"date":"2026-04-18T04:21:18","date_gmt":"2026-04-18T03:21:18","guid":{"rendered":"https:\/\/www.danosa.com\/pt-pt\/blog\/product\/danoband-butyl\/"},"modified":"2026-04-18T04:21:20","modified_gmt":"2026-04-18T03:21:20","slug":"danoband-butyl","status":"publish","type":"product","link":"https:\/\/www.danosa.com\/pt-pt\/produto\/danoband-butyl\/","title":{"rendered":"DANOBAND BUTYL"},"content":{"rendered":"<p>Banda autoadesiva imperme\u00e1vel constitu\u00edda por um composto but\u00edlico sobre um suporte de polipropileno. Especialmente indicada para situa\u00e7\u00f5es onde se requer uma boa ader\u00eancia sobre materiais como concreto, placas de gesso, pl\u00e1stico, vidro, metal, policarbonato, madeira e betume.<\/p>\n","protected":false},"excerpt":{"rendered":"<p>Banda but\u00edlica de elevado poder adesivo protegida com tecido de polipropileno &#8220;Easy Peel&#8221;.<\/p>\n","protected":false},"featured_media":0,"parent":0,"menu_order":0,"template":"","meta":{"inline_featured_image":false,"site-sidebar-layout":"default","site-content-layout":"default","ast-main-header-display":"","ast-hfb-above-header-display":"","ast-hfb-below-header-display":"","ast-hfb-mobile-header-display":"","site-post-title":"","ast-breadcrumbs-content":"","ast-featured-img":"","footer-sml-layout":"","theme-transparent-header-meta":"","adv-header-id-meta":"","stick-header-meta":"","header-above-stick-meta":"","header-main-stick-meta":"","header-below-stick-meta":""},"family":[6804],"product_notice":[120531],"product_icon":[],"product_application":[119132,119277,119480],"product_standards_certification":[],"product_benefits":[118572,118605,118661,118721,118724,118889,119042],"product_support":[],"product_substrate_preparation":[],"product_important_indications":[],"product_conservation":[119903],"product_warning":[120121,120125,120183],"product_safety_hygiene":[],"system_certification":[],"product_maintenance":[],"product_safety_datasheet":[],"filter_special_uses":[],"acf":[],"yoast_head":"<!-- This site is optimized with the Yoast SEO plugin v18.1 - https:\/\/yoast.com\/wordpress\/plugins\/seo\/ -->\n<title>Tira but\u00edlica imperme\u00e1vel de alta ades\u00e3o | DANOBAND BUTIL | Danosa<\/title>\n<meta name=\"description\" content=\"Tira de butilo imperme\u00e1vel com elevada adesividade a baixas temperaturas, protegida com tecido de polipropileno &quot;EASY PEEL&quot;. Isento de solventes.\" \/>\n<meta name=\"robots\" content=\"index, follow, max-snippet:-1, max-image-preview:large, max-video-preview:-1\" \/>\n<link rel=\"canonical\" href=\"https:\/\/www.danosa.com\/pt-pt\/produto\/danoband-butyl\/\" \/>\n<meta property=\"og:locale\" content=\"pt_PT\" \/>\n<meta property=\"og:type\" content=\"article\" \/>\n<meta property=\"og:title\" content=\"Tira but\u00edlica imperme\u00e1vel de alta ades\u00e3o | DANOBAND BUTIL | Danosa\" \/>\n<meta property=\"og:description\" content=\"Tira de butilo imperme\u00e1vel com elevada adesividade a baixas temperaturas, protegida com tecido de polipropileno &quot;EASY PEEL&quot;. Isento de solventes.\" \/>\n<meta property=\"og:url\" content=\"https:\/\/www.danosa.com\/pt-pt\/produto\/danoband-butyl\/\" \/>\n<meta property=\"og:site_name\" content=\"Danosa | Solu\u00e7\u00f5es de constru\u00e7\u00e3o\" \/>\n<meta property=\"article:modified_time\" content=\"2026-04-18T03:21:20+00:00\" \/>\n<meta name=\"twitter:card\" content=\"summary_large_image\" \/>\n<script type=\"application\/ld+json\" class=\"yoast-schema-graph\">{\"@context\":\"https:\/\/schema.org\",\"@graph\":[{\"@type\":\"WebSite\",\"@id\":\"https:\/\/www.danosa.com\/pt-pt\/#website\",\"url\":\"https:\/\/www.danosa.com\/pt-pt\/\",\"name\":\"Danosa | Solu\u00e7\u00f5es de constru\u00e7\u00e3o\",\"description\":\"Impermeabiliza\u00e7\u00e3o, isolamento ac\u00fastico e t\u00e9rmico\",\"potentialAction\":[{\"@type\":\"SearchAction\",\"target\":{\"@type\":\"EntryPoint\",\"urlTemplate\":\"https:\/\/www.danosa.com\/pt-pt\/?s={search_term_string}\"},\"query-input\":\"required name=search_term_string\"}],\"inLanguage\":\"pt-PT\"},{\"@type\":\"WebPage\",\"@id\":\"https:\/\/www.danosa.com\/pt-pt\/produto\/danoband-butyl\/#webpage\",\"url\":\"https:\/\/www.danosa.com\/pt-pt\/produto\/danoband-butyl\/\",\"name\":\"Tira but\u00edlica imperme\u00e1vel de alta ades\u00e3o | DANOBAND BUTIL | Danosa\",\"isPartOf\":{\"@id\":\"https:\/\/www.danosa.com\/pt-pt\/#website\"},\"datePublished\":\"2026-04-18T03:21:18+00:00\",\"dateModified\":\"2026-04-18T03:21:20+00:00\",\"description\":\"Tira de butilo imperme\u00e1vel com elevada adesividade a baixas temperaturas, protegida com tecido de polipropileno \\\"EASY PEEL\\\". Isento de solventes.\",\"breadcrumb\":{\"@id\":\"https:\/\/www.danosa.com\/pt-pt\/produto\/danoband-butyl\/#breadcrumb\"},\"inLanguage\":\"pt-PT\",\"potentialAction\":[{\"@type\":\"ReadAction\",\"target\":[\"https:\/\/www.danosa.com\/pt-pt\/produto\/danoband-butyl\/\"]}]},{\"@type\":\"BreadcrumbList\",\"@id\":\"https:\/\/www.danosa.com\/pt-pt\/produto\/danoband-butyl\/#breadcrumb\",\"itemListElement\":[{\"@type\":\"ListItem\",\"position\":1,\"name\":\"Portada\",\"item\":\"https:\/\/www.danosa.com\/pt-pt\/\"},{\"@type\":\"ListItem\",\"position\":2,\"name\":\"DANOBAND BUTYL\"}]}]}<\/script>\n<!-- \/ Yoast SEO plugin. -->","yoast_head_json":{"title":"Tira but\u00edlica imperme\u00e1vel de alta ades\u00e3o | DANOBAND BUTIL | Danosa","description":"Tira de butilo imperme\u00e1vel com elevada adesividade a baixas temperaturas, protegida com tecido de polipropileno \"EASY PEEL\". Isento de solventes.","robots":{"index":"index","follow":"follow","max-snippet":"max-snippet:-1","max-image-preview":"max-image-preview:large","max-video-preview":"max-video-preview:-1"},"canonical":"https:\/\/www.danosa.com\/pt-pt\/produto\/danoband-butyl\/","og_locale":"pt_PT","og_type":"article","og_title":"Tira but\u00edlica imperme\u00e1vel de alta ades\u00e3o | DANOBAND BUTIL | Danosa","og_description":"Tira de butilo imperme\u00e1vel com elevada adesividade a baixas temperaturas, protegida com tecido de polipropileno \"EASY PEEL\". Isento de solventes.","og_url":"https:\/\/www.danosa.com\/pt-pt\/produto\/danoband-butyl\/","og_site_name":"Danosa | Solu\u00e7\u00f5es de constru\u00e7\u00e3o","article_modified_time":"2026-04-18T03:21:20+00:00","twitter_card":"summary_large_image","schema":{"@context":"https:\/\/schema.org","@graph":[{"@type":"WebSite","@id":"https:\/\/www.danosa.com\/pt-pt\/#website","url":"https:\/\/www.danosa.com\/pt-pt\/","name":"Danosa | Solu\u00e7\u00f5es de constru\u00e7\u00e3o","description":"Impermeabiliza\u00e7\u00e3o, isolamento ac\u00fastico e t\u00e9rmico","potentialAction":[{"@type":"SearchAction","target":{"@type":"EntryPoint","urlTemplate":"https:\/\/www.danosa.com\/pt-pt\/?s={search_term_string}"},"query-input":"required name=search_term_string"}],"inLanguage":"pt-PT"},{"@type":"WebPage","@id":"https:\/\/www.danosa.com\/pt-pt\/produto\/danoband-butyl\/#webpage","url":"https:\/\/www.danosa.com\/pt-pt\/produto\/danoband-butyl\/","name":"Tira but\u00edlica imperme\u00e1vel de alta ades\u00e3o | DANOBAND BUTIL | Danosa","isPartOf":{"@id":"https:\/\/www.danosa.com\/pt-pt\/#website"},"datePublished":"2026-04-18T03:21:18+00:00","dateModified":"2026-04-18T03:21:20+00:00","description":"Tira de butilo imperme\u00e1vel com elevada adesividade a baixas temperaturas, protegida com tecido de polipropileno \"EASY PEEL\". Isento de solventes.","breadcrumb":{"@id":"https:\/\/www.danosa.com\/pt-pt\/produto\/danoband-butyl\/#breadcrumb"},"inLanguage":"pt-PT","potentialAction":[{"@type":"ReadAction","target":["https:\/\/www.danosa.com\/pt-pt\/produto\/danoband-butyl\/"]}]},{"@type":"BreadcrumbList","@id":"https:\/\/www.danosa.com\/pt-pt\/produto\/danoband-butyl\/#breadcrumb","itemListElement":[{"@type":"ListItem","position":1,"name":"Portada","item":"https:\/\/www.danosa.com\/pt-pt\/"},{"@type":"ListItem","position":2,"name":"DANOBAND BUTYL"}]}]}},"_links":{"self":[{"href":"https:\/\/www.danosa.com\/pt-pt\/wp-json\/wp\/v2\/product\/3945"}],"collection":[{"href":"https:\/\/www.danosa.com\/pt-pt\/wp-json\/wp\/v2\/product"}],"about":[{"href":"https:\/\/www.danosa.com\/pt-pt\/wp-json\/wp\/v2\/types\/product"}],"wp:attachment":[{"href":"https:\/\/www.danosa.com\/pt-pt\/wp-json\/wp\/v2\/media?parent=3945"}],"wp:term":[{"taxonomy":"family","embeddable":true,"href":"https:\/\/www.danosa.com\/pt-pt\/wp-json\/wp\/v2\/family?post=3945"},{"taxonomy":"product_notice","embeddable":true,"href":"https:\/\/www.danosa.com\/pt-pt\/wp-json\/wp\/v2\/product_notice?post=3945"},{"taxonomy":"product_icon","embeddable":true,"href":"https:\/\/www.danosa.com\/pt-pt\/wp-json\/wp\/v2\/product_icon?post=3945"},{"taxonomy":"product_application","embeddable":true,"href":"https:\/\/www.danosa.com\/pt-pt\/wp-json\/wp\/v2\/product_application?post=3945"},{"taxonomy":"product_standards_certification","embeddable":true,"href":"https:\/\/www.danosa.com\/pt-pt\/wp-json\/wp\/v2\/product_standards_certification?post=3945"},{"taxonomy":"product_benefits","embeddable":true,"href":"https:\/\/www.danosa.com\/pt-pt\/wp-json\/wp\/v2\/product_benefits?post=3945"},{"taxonomy":"product_support","embeddable":true,"href":"https:\/\/www.danosa.com\/pt-pt\/wp-json\/wp\/v2\/product_support?post=3945"},{"taxonomy":"product_substrate_preparation","embeddable":true,"href":"https:\/\/www.danosa.com\/pt-pt\/wp-json\/wp\/v2\/product_substrate_preparation?post=3945"},{"taxonomy":"product_important_indications","embeddable":true,"href":"https:\/\/www.danosa.com\/pt-pt\/wp-json\/wp\/v2\/product_important_indications?post=3945"},{"taxonomy":"product_conservation","embeddable":true,"href":"https:\/\/www.danosa.com\/pt-pt\/wp-json\/wp\/v2\/product_conservation?post=3945"},{"taxonomy":"product_warning","embeddable":true,"href":"https:\/\/www.danosa.com\/pt-pt\/wp-json\/wp\/v2\/product_warning?post=3945"},{"taxonomy":"product_safety_hygiene","embeddable":true,"href":"https:\/\/www.danosa.com\/pt-pt\/wp-json\/wp\/v2\/product_safety_hygiene?post=3945"},{"taxonomy":"system_certification","embeddable":true,"href":"https:\/\/www.danosa.com\/pt-pt\/wp-json\/wp\/v2\/system_certification?post=3945"},{"taxonomy":"product_maintenance","embeddable":true,"href":"https:\/\/www.danosa.com\/pt-pt\/wp-json\/wp\/v2\/product_maintenance?post=3945"},{"taxonomy":"product_safety_datasheet","embeddable":true,"href":"https:\/\/www.danosa.com\/pt-pt\/wp-json\/wp\/v2\/product_safety_datasheet?post=3945"},{"taxonomy":"filter_special_uses","embeddable":true,"href":"https:\/\/www.danosa.com\/pt-pt\/wp-json\/wp\/v2\/filter_special_uses?post=3945"}],"curies":[{"name":"wp","href":"https:\/\/api.w.org\/{rel}","templated":true}]}}