{"id":3949,"date":"2026-04-09T04:21:17","date_gmt":"2026-04-09T03:21:17","guid":{"rendered":"https:\/\/www.danosa.com\/pt-pt\/blog\/product\/danocoat-250\/"},"modified":"2026-04-09T04:21:19","modified_gmt":"2026-04-09T03:21:19","slug":"danocoat-250","status":"publish","type":"product","link":"https:\/\/www.danosa.com\/pt-pt\/produto\/danocoat-250\/","title":{"rendered":"DANOCOAT 250"},"content":{"rendered":"<p>Membrana de poliureia, 100% pura e alif\u00e1tica, bicomponente e impermeabilizante. Isenta de solventes ou plastificantes e de cura r\u00e1pida, com elevada elasticidade e capacidade de pontear fissuras, excelente resist\u00eancia qu\u00edmica e \u00e0 abras\u00e3o.  Membrana vers\u00e1til, capaz de revestir e proteger v\u00e1rios tipos de suportes contra o impacto e o desgaste. Aplicada com equipamento de proje\u00e7\u00e3o, de alta press\u00e3o e a altas temperaturas.<\/p>\n","protected":false},"excerpt":{"rendered":"<p>Membrana de poliureia pura, bicomponente, cont\u00ednua e sem sobreposi\u00e7\u00f5es, com elevada resist\u00eancia mec\u00e2nica, qu\u00edmica e elevada elasticidade.<\/p>\n","protected":false},"featured_media":0,"parent":0,"menu_order":0,"template":"","meta":{"inline_featured_image":false,"site-sidebar-layout":"default","site-content-layout":"default","ast-main-header-display":"","ast-hfb-above-header-display":"","ast-hfb-below-header-display":"","ast-hfb-mobile-header-display":"","site-post-title":"","ast-breadcrumbs-content":"","ast-featured-img":"","footer-sml-layout":"","theme-transparent-header-meta":"","adv-header-id-meta":"","stick-header-meta":"","header-above-stick-meta":"","header-main-stick-meta":"","header-below-stick-meta":""},"family":[62912],"product_notice":[120531],"product_icon":[],"product_application":[119233,119243,119503,119504,119505,119506,119507,119508],"product_standards_certification":[],"product_benefits":[118731,118979,118980,118981,118982,118983,118984,118985,118986,118987,118988],"product_support":[120356],"product_substrate_preparation":[120467,120471,120488],"product_important_indications":[],"product_conservation":[120056],"product_warning":[],"product_safety_hygiene":[120855],"system_certification":[32980,6758,72648],"product_maintenance":[],"product_safety_datasheet":[3143,3148],"filter_special_uses":[],"acf":[],"yoast_head":"<!-- This site is optimized with the Yoast SEO plugin v18.1 - https:\/\/yoast.com\/wordpress\/plugins\/seo\/ -->\n<title>Impermeabiliza\u00e7\u00e3o com poliureia pura cont\u00ednua | DANOCOAT 250<\/title>\n<meta name=\"description\" content=\"Membrana impermeabilizante de poliureia pura cont\u00ednua, sem sobreposi\u00e7\u00f5es, de elevada resist\u00eancia mec\u00e2nica, qu\u00edmica e elevada elasticidade.\" \/>\n<meta name=\"robots\" content=\"index, follow, max-snippet:-1, max-image-preview:large, max-video-preview:-1\" \/>\n<link rel=\"canonical\" href=\"https:\/\/www.danosa.com\/pt-pt\/produto\/danocoat-250\/\" \/>\n<meta property=\"og:locale\" content=\"pt_PT\" \/>\n<meta property=\"og:type\" content=\"article\" \/>\n<meta property=\"og:title\" content=\"Impermeabiliza\u00e7\u00e3o com poliureia pura cont\u00ednua | DANOCOAT 250\" \/>\n<meta property=\"og:description\" content=\"Membrana impermeabilizante de poliureia pura cont\u00ednua, sem sobreposi\u00e7\u00f5es, de elevada resist\u00eancia mec\u00e2nica, qu\u00edmica e elevada elasticidade.\" \/>\n<meta property=\"og:url\" content=\"https:\/\/www.danosa.com\/pt-pt\/produto\/danocoat-250\/\" \/>\n<meta property=\"og:site_name\" content=\"Danosa | Solu\u00e7\u00f5es de constru\u00e7\u00e3o\" \/>\n<meta property=\"article:modified_time\" content=\"2026-04-09T03:21:19+00:00\" \/>\n<meta name=\"twitter:card\" content=\"summary_large_image\" \/>\n<script type=\"application\/ld+json\" class=\"yoast-schema-graph\">{\"@context\":\"https:\/\/schema.org\",\"@graph\":[{\"@type\":\"WebSite\",\"@id\":\"https:\/\/www.danosa.com\/pt-pt\/#website\",\"url\":\"https:\/\/www.danosa.com\/pt-pt\/\",\"name\":\"Danosa | Solu\u00e7\u00f5es de constru\u00e7\u00e3o\",\"description\":\"Impermeabiliza\u00e7\u00e3o, isolamento ac\u00fastico e t\u00e9rmico\",\"potentialAction\":[{\"@type\":\"SearchAction\",\"target\":{\"@type\":\"EntryPoint\",\"urlTemplate\":\"https:\/\/www.danosa.com\/pt-pt\/?s={search_term_string}\"},\"query-input\":\"required name=search_term_string\"}],\"inLanguage\":\"pt-PT\"},{\"@type\":\"WebPage\",\"@id\":\"https:\/\/www.danosa.com\/pt-pt\/produto\/danocoat-250\/#webpage\",\"url\":\"https:\/\/www.danosa.com\/pt-pt\/produto\/danocoat-250\/\",\"name\":\"Impermeabiliza\u00e7\u00e3o com poliureia pura cont\u00ednua | DANOCOAT 250\",\"isPartOf\":{\"@id\":\"https:\/\/www.danosa.com\/pt-pt\/#website\"},\"datePublished\":\"2026-04-09T03:21:17+00:00\",\"dateModified\":\"2026-04-09T03:21:19+00:00\",\"description\":\"Membrana impermeabilizante de poliureia pura cont\u00ednua, sem sobreposi\u00e7\u00f5es, de elevada resist\u00eancia mec\u00e2nica, qu\u00edmica e elevada elasticidade.\",\"breadcrumb\":{\"@id\":\"https:\/\/www.danosa.com\/pt-pt\/produto\/danocoat-250\/#breadcrumb\"},\"inLanguage\":\"pt-PT\",\"potentialAction\":[{\"@type\":\"ReadAction\",\"target\":[\"https:\/\/www.danosa.com\/pt-pt\/produto\/danocoat-250\/\"]}]},{\"@type\":\"BreadcrumbList\",\"@id\":\"https:\/\/www.danosa.com\/pt-pt\/produto\/danocoat-250\/#breadcrumb\",\"itemListElement\":[{\"@type\":\"ListItem\",\"position\":1,\"name\":\"Portada\",\"item\":\"https:\/\/www.danosa.com\/pt-pt\/\"},{\"@type\":\"ListItem\",\"position\":2,\"name\":\"DANOCOAT 250\"}]}]}<\/script>\n<!-- \/ Yoast SEO plugin. -->","yoast_head_json":{"title":"Impermeabiliza\u00e7\u00e3o com poliureia pura cont\u00ednua | DANOCOAT 250","description":"Membrana impermeabilizante de poliureia pura cont\u00ednua, sem sobreposi\u00e7\u00f5es, de elevada resist\u00eancia mec\u00e2nica, qu\u00edmica e elevada elasticidade.","robots":{"index":"index","follow":"follow","max-snippet":"max-snippet:-1","max-image-preview":"max-image-preview:large","max-video-preview":"max-video-preview:-1"},"canonical":"https:\/\/www.danosa.com\/pt-pt\/produto\/danocoat-250\/","og_locale":"pt_PT","og_type":"article","og_title":"Impermeabiliza\u00e7\u00e3o com poliureia pura cont\u00ednua | DANOCOAT 250","og_description":"Membrana impermeabilizante de poliureia pura cont\u00ednua, sem sobreposi\u00e7\u00f5es, de elevada resist\u00eancia mec\u00e2nica, qu\u00edmica e elevada elasticidade.","og_url":"https:\/\/www.danosa.com\/pt-pt\/produto\/danocoat-250\/","og_site_name":"Danosa | Solu\u00e7\u00f5es de constru\u00e7\u00e3o","article_modified_time":"2026-04-09T03:21:19+00:00","twitter_card":"summary_large_image","schema":{"@context":"https:\/\/schema.org","@graph":[{"@type":"WebSite","@id":"https:\/\/www.danosa.com\/pt-pt\/#website","url":"https:\/\/www.danosa.com\/pt-pt\/","name":"Danosa | Solu\u00e7\u00f5es de constru\u00e7\u00e3o","description":"Impermeabiliza\u00e7\u00e3o, isolamento ac\u00fastico e t\u00e9rmico","potentialAction":[{"@type":"SearchAction","target":{"@type":"EntryPoint","urlTemplate":"https:\/\/www.danosa.com\/pt-pt\/?s={search_term_string}"},"query-input":"required name=search_term_string"}],"inLanguage":"pt-PT"},{"@type":"WebPage","@id":"https:\/\/www.danosa.com\/pt-pt\/produto\/danocoat-250\/#webpage","url":"https:\/\/www.danosa.com\/pt-pt\/produto\/danocoat-250\/","name":"Impermeabiliza\u00e7\u00e3o com poliureia pura cont\u00ednua | DANOCOAT 250","isPartOf":{"@id":"https:\/\/www.danosa.com\/pt-pt\/#website"},"datePublished":"2026-04-09T03:21:17+00:00","dateModified":"2026-04-09T03:21:19+00:00","description":"Membrana impermeabilizante de poliureia pura cont\u00ednua, sem sobreposi\u00e7\u00f5es, de elevada resist\u00eancia mec\u00e2nica, qu\u00edmica e elevada elasticidade.","breadcrumb":{"@id":"https:\/\/www.danosa.com\/pt-pt\/produto\/danocoat-250\/#breadcrumb"},"inLanguage":"pt-PT","potentialAction":[{"@type":"ReadAction","target":["https:\/\/www.danosa.com\/pt-pt\/produto\/danocoat-250\/"]}]},{"@type":"BreadcrumbList","@id":"https:\/\/www.danosa.com\/pt-pt\/produto\/danocoat-250\/#breadcrumb","itemListElement":[{"@type":"ListItem","position":1,"name":"Portada","item":"https:\/\/www.danosa.com\/pt-pt\/"},{"@type":"ListItem","position":2,"name":"DANOCOAT 250"}]}]}},"_links":{"self":[{"href":"https:\/\/www.danosa.com\/pt-pt\/wp-json\/wp\/v2\/product\/3949"}],"collection":[{"href":"https:\/\/www.danosa.com\/pt-pt\/wp-json\/wp\/v2\/product"}],"about":[{"href":"https:\/\/www.danosa.com\/pt-pt\/wp-json\/wp\/v2\/types\/product"}],"wp:attachment":[{"href":"https:\/\/www.danosa.com\/pt-pt\/wp-json\/wp\/v2\/media?parent=3949"}],"wp:term":[{"taxonomy":"family","embeddable":true,"href":"https:\/\/www.danosa.com\/pt-pt\/wp-json\/wp\/v2\/family?post=3949"},{"taxonomy":"product_notice","embeddable":true,"href":"https:\/\/www.danosa.com\/pt-pt\/wp-json\/wp\/v2\/product_notice?post=3949"},{"taxonomy":"product_icon","embeddable":true,"href":"https:\/\/www.danosa.com\/pt-pt\/wp-json\/wp\/v2\/product_icon?post=3949"},{"taxonomy":"product_application","embeddable":true,"href":"https:\/\/www.danosa.com\/pt-pt\/wp-json\/wp\/v2\/product_application?post=3949"},{"taxonomy":"product_standards_certification","embeddable":true,"href":"https:\/\/www.danosa.com\/pt-pt\/wp-json\/wp\/v2\/product_standards_certification?post=3949"},{"taxonomy":"product_benefits","embeddable":true,"href":"https:\/\/www.danosa.com\/pt-pt\/wp-json\/wp\/v2\/product_benefits?post=3949"},{"taxonomy":"product_support","embeddable":true,"href":"https:\/\/www.danosa.com\/pt-pt\/wp-json\/wp\/v2\/product_support?post=3949"},{"taxonomy":"product_substrate_preparation","embeddable":true,"href":"https:\/\/www.danosa.com\/pt-pt\/wp-json\/wp\/v2\/product_substrate_preparation?post=3949"},{"taxonomy":"product_important_indications","embeddable":true,"href":"https:\/\/www.danosa.com\/pt-pt\/wp-json\/wp\/v2\/product_important_indications?post=3949"},{"taxonomy":"product_conservation","embeddable":true,"href":"https:\/\/www.danosa.com\/pt-pt\/wp-json\/wp\/v2\/product_conservation?post=3949"},{"taxonomy":"product_warning","embeddable":true,"href":"https:\/\/www.danosa.com\/pt-pt\/wp-json\/wp\/v2\/product_warning?post=3949"},{"taxonomy":"product_safety_hygiene","embeddable":true,"href":"https:\/\/www.danosa.com\/pt-pt\/wp-json\/wp\/v2\/product_safety_hygiene?post=3949"},{"taxonomy":"system_certification","embeddable":true,"href":"https:\/\/www.danosa.com\/pt-pt\/wp-json\/wp\/v2\/system_certification?post=3949"},{"taxonomy":"product_maintenance","embeddable":true,"href":"https:\/\/www.danosa.com\/pt-pt\/wp-json\/wp\/v2\/product_maintenance?post=3949"},{"taxonomy":"product_safety_datasheet","embeddable":true,"href":"https:\/\/www.danosa.com\/pt-pt\/wp-json\/wp\/v2\/product_safety_datasheet?post=3949"},{"taxonomy":"filter_special_uses","embeddable":true,"href":"https:\/\/www.danosa.com\/pt-pt\/wp-json\/wp\/v2\/filter_special_uses?post=3949"}],"curies":[{"name":"wp","href":"https:\/\/api.w.org\/{rel}","templated":true}]}}