{"id":3962,"date":"2026-04-16T16:21:23","date_gmt":"2026-04-16T15:21:23","guid":{"rendered":"https:\/\/www.danosa.com\/pt-pt\/blog\/product\/danodren-r-20\/"},"modified":"2026-04-16T16:21:26","modified_gmt":"2026-04-16T15:21:26","slug":"danodren-r-20","status":"publish","type":"product","link":"https:\/\/www.danosa.com\/pt-pt\/produto\/danodren-r-20\/","title":{"rendered":"DANODREN R-20"},"content":{"rendered":"<p>O Danodren R-20 trata-se de uma l\u00e2mina nodular fabricada em polietileno de alta densidade (PEAD) de c\u00f4r verde e com n\u00f3dulos de 20mm de altura, dotados de capacidade de reten\u00e7\u00e3o de \u00e1gua limitada.<\/p>\n","protected":false},"excerpt":{"rendered":"<p>Folha nodular para a reten\u00e7\u00e3o de \u00e1gua em jardins de cobertura .<\/p>\n","protected":false},"featured_media":0,"parent":0,"menu_order":0,"template":"","meta":{"inline_featured_image":false,"site-sidebar-layout":"default","site-content-layout":"default","ast-main-header-display":"","ast-hfb-above-header-display":"","ast-hfb-below-header-display":"","ast-hfb-mobile-header-display":"","site-post-title":"","ast-breadcrumbs-content":"","ast-featured-img":"","footer-sml-layout":"","theme-transparent-header-meta":"","adv-header-id-meta":"","stick-header-meta":"","header-above-stick-meta":"","header-main-stick-meta":"","header-below-stick-meta":""},"family":[6818],"product_notice":[120531],"product_icon":[],"product_application":[119186],"product_standards_certification":[120773,120821],"product_benefits":[118710,118716,118748,118749,118848,118878,118902],"product_support":[],"product_substrate_preparation":[],"product_important_indications":[119611,119645,119831],"product_conservation":[119924,119931,119932,119961,120009,120010,120087,120088,120090],"product_warning":[],"product_safety_hygiene":[],"system_certification":[6836,6837],"product_maintenance":[],"product_safety_datasheet":[6969],"filter_special_uses":[],"acf":[],"yoast_head":"<!-- This site is optimized with the Yoast SEO plugin v18.1 - https:\/\/yoast.com\/wordpress\/plugins\/seo\/ -->\n<title>Manta drenagem para jardins | DANODREN R-20 | telhados paisag\u00edsticos<\/title>\n<meta name=\"description\" content=\"Manta drenante nodular anticapilaridade para prote\u00e7\u00e3o e drenagem e capacidade de reten\u00e7\u00e3o de \u00e1gua em jardins e coberturas ajardinadas.\" \/>\n<meta name=\"robots\" content=\"index, follow, max-snippet:-1, max-image-preview:large, max-video-preview:-1\" \/>\n<link rel=\"canonical\" href=\"https:\/\/www.danosa.com\/pt-pt\/produto\/danodren-r-20\/\" \/>\n<meta property=\"og:locale\" content=\"pt_PT\" \/>\n<meta property=\"og:type\" content=\"article\" \/>\n<meta property=\"og:title\" content=\"Manta drenagem para jardins | DANODREN R-20 | telhados paisag\u00edsticos\" \/>\n<meta property=\"og:description\" content=\"Manta drenante nodular anticapilaridade para prote\u00e7\u00e3o e drenagem e capacidade de reten\u00e7\u00e3o de \u00e1gua em jardins e coberturas ajardinadas.\" \/>\n<meta property=\"og:url\" content=\"https:\/\/www.danosa.com\/pt-pt\/produto\/danodren-r-20\/\" \/>\n<meta property=\"og:site_name\" content=\"Danosa | Solu\u00e7\u00f5es de constru\u00e7\u00e3o\" \/>\n<meta property=\"article:modified_time\" content=\"2026-04-16T15:21:26+00:00\" \/>\n<meta name=\"twitter:card\" content=\"summary_large_image\" \/>\n<script type=\"application\/ld+json\" class=\"yoast-schema-graph\">{\"@context\":\"https:\/\/schema.org\",\"@graph\":[{\"@type\":\"WebSite\",\"@id\":\"https:\/\/www.danosa.com\/pt-pt\/#website\",\"url\":\"https:\/\/www.danosa.com\/pt-pt\/\",\"name\":\"Danosa | Solu\u00e7\u00f5es de constru\u00e7\u00e3o\",\"description\":\"Impermeabiliza\u00e7\u00e3o, isolamento ac\u00fastico e t\u00e9rmico\",\"potentialAction\":[{\"@type\":\"SearchAction\",\"target\":{\"@type\":\"EntryPoint\",\"urlTemplate\":\"https:\/\/www.danosa.com\/pt-pt\/?s={search_term_string}\"},\"query-input\":\"required name=search_term_string\"}],\"inLanguage\":\"pt-PT\"},{\"@type\":\"WebPage\",\"@id\":\"https:\/\/www.danosa.com\/pt-pt\/produto\/danodren-r-20\/#webpage\",\"url\":\"https:\/\/www.danosa.com\/pt-pt\/produto\/danodren-r-20\/\",\"name\":\"Manta drenagem para jardins | DANODREN R-20 | telhados paisag\u00edsticos\",\"isPartOf\":{\"@id\":\"https:\/\/www.danosa.com\/pt-pt\/#website\"},\"datePublished\":\"2026-04-16T15:21:23+00:00\",\"dateModified\":\"2026-04-16T15:21:26+00:00\",\"description\":\"Manta drenante nodular anticapilaridade para prote\u00e7\u00e3o e drenagem e capacidade de reten\u00e7\u00e3o de \u00e1gua em jardins e coberturas ajardinadas.\",\"breadcrumb\":{\"@id\":\"https:\/\/www.danosa.com\/pt-pt\/produto\/danodren-r-20\/#breadcrumb\"},\"inLanguage\":\"pt-PT\",\"potentialAction\":[{\"@type\":\"ReadAction\",\"target\":[\"https:\/\/www.danosa.com\/pt-pt\/produto\/danodren-r-20\/\"]}]},{\"@type\":\"BreadcrumbList\",\"@id\":\"https:\/\/www.danosa.com\/pt-pt\/produto\/danodren-r-20\/#breadcrumb\",\"itemListElement\":[{\"@type\":\"ListItem\",\"position\":1,\"name\":\"Portada\",\"item\":\"https:\/\/www.danosa.com\/pt-pt\/\"},{\"@type\":\"ListItem\",\"position\":2,\"name\":\"DANODREN R-20\"}]}]}<\/script>\n<!-- \/ Yoast SEO plugin. -->","yoast_head_json":{"title":"Manta drenagem para jardins | DANODREN R-20 | telhados paisag\u00edsticos","description":"Manta drenante nodular anticapilaridade para prote\u00e7\u00e3o e drenagem e capacidade de reten\u00e7\u00e3o de \u00e1gua em jardins e coberturas ajardinadas.","robots":{"index":"index","follow":"follow","max-snippet":"max-snippet:-1","max-image-preview":"max-image-preview:large","max-video-preview":"max-video-preview:-1"},"canonical":"https:\/\/www.danosa.com\/pt-pt\/produto\/danodren-r-20\/","og_locale":"pt_PT","og_type":"article","og_title":"Manta drenagem para jardins | DANODREN R-20 | telhados paisag\u00edsticos","og_description":"Manta drenante nodular anticapilaridade para prote\u00e7\u00e3o e drenagem e capacidade de reten\u00e7\u00e3o de \u00e1gua em jardins e coberturas ajardinadas.","og_url":"https:\/\/www.danosa.com\/pt-pt\/produto\/danodren-r-20\/","og_site_name":"Danosa | Solu\u00e7\u00f5es de constru\u00e7\u00e3o","article_modified_time":"2026-04-16T15:21:26+00:00","twitter_card":"summary_large_image","schema":{"@context":"https:\/\/schema.org","@graph":[{"@type":"WebSite","@id":"https:\/\/www.danosa.com\/pt-pt\/#website","url":"https:\/\/www.danosa.com\/pt-pt\/","name":"Danosa | Solu\u00e7\u00f5es de constru\u00e7\u00e3o","description":"Impermeabiliza\u00e7\u00e3o, isolamento ac\u00fastico e t\u00e9rmico","potentialAction":[{"@type":"SearchAction","target":{"@type":"EntryPoint","urlTemplate":"https:\/\/www.danosa.com\/pt-pt\/?s={search_term_string}"},"query-input":"required name=search_term_string"}],"inLanguage":"pt-PT"},{"@type":"WebPage","@id":"https:\/\/www.danosa.com\/pt-pt\/produto\/danodren-r-20\/#webpage","url":"https:\/\/www.danosa.com\/pt-pt\/produto\/danodren-r-20\/","name":"Manta drenagem para jardins | DANODREN R-20 | telhados paisag\u00edsticos","isPartOf":{"@id":"https:\/\/www.danosa.com\/pt-pt\/#website"},"datePublished":"2026-04-16T15:21:23+00:00","dateModified":"2026-04-16T15:21:26+00:00","description":"Manta drenante nodular anticapilaridade para prote\u00e7\u00e3o e drenagem e capacidade de reten\u00e7\u00e3o de \u00e1gua em jardins e coberturas ajardinadas.","breadcrumb":{"@id":"https:\/\/www.danosa.com\/pt-pt\/produto\/danodren-r-20\/#breadcrumb"},"inLanguage":"pt-PT","potentialAction":[{"@type":"ReadAction","target":["https:\/\/www.danosa.com\/pt-pt\/produto\/danodren-r-20\/"]}]},{"@type":"BreadcrumbList","@id":"https:\/\/www.danosa.com\/pt-pt\/produto\/danodren-r-20\/#breadcrumb","itemListElement":[{"@type":"ListItem","position":1,"name":"Portada","item":"https:\/\/www.danosa.com\/pt-pt\/"},{"@type":"ListItem","position":2,"name":"DANODREN R-20"}]}]}},"_links":{"self":[{"href":"https:\/\/www.danosa.com\/pt-pt\/wp-json\/wp\/v2\/product\/3962"}],"collection":[{"href":"https:\/\/www.danosa.com\/pt-pt\/wp-json\/wp\/v2\/product"}],"about":[{"href":"https:\/\/www.danosa.com\/pt-pt\/wp-json\/wp\/v2\/types\/product"}],"wp:attachment":[{"href":"https:\/\/www.danosa.com\/pt-pt\/wp-json\/wp\/v2\/media?parent=3962"}],"wp:term":[{"taxonomy":"family","embeddable":true,"href":"https:\/\/www.danosa.com\/pt-pt\/wp-json\/wp\/v2\/family?post=3962"},{"taxonomy":"product_notice","embeddable":true,"href":"https:\/\/www.danosa.com\/pt-pt\/wp-json\/wp\/v2\/product_notice?post=3962"},{"taxonomy":"product_icon","embeddable":true,"href":"https:\/\/www.danosa.com\/pt-pt\/wp-json\/wp\/v2\/product_icon?post=3962"},{"taxonomy":"product_application","embeddable":true,"href":"https:\/\/www.danosa.com\/pt-pt\/wp-json\/wp\/v2\/product_application?post=3962"},{"taxonomy":"product_standards_certification","embeddable":true,"href":"https:\/\/www.danosa.com\/pt-pt\/wp-json\/wp\/v2\/product_standards_certification?post=3962"},{"taxonomy":"product_benefits","embeddable":true,"href":"https:\/\/www.danosa.com\/pt-pt\/wp-json\/wp\/v2\/product_benefits?post=3962"},{"taxonomy":"product_support","embeddable":true,"href":"https:\/\/www.danosa.com\/pt-pt\/wp-json\/wp\/v2\/product_support?post=3962"},{"taxonomy":"product_substrate_preparation","embeddable":true,"href":"https:\/\/www.danosa.com\/pt-pt\/wp-json\/wp\/v2\/product_substrate_preparation?post=3962"},{"taxonomy":"product_important_indications","embeddable":true,"href":"https:\/\/www.danosa.com\/pt-pt\/wp-json\/wp\/v2\/product_important_indications?post=3962"},{"taxonomy":"product_conservation","embeddable":true,"href":"https:\/\/www.danosa.com\/pt-pt\/wp-json\/wp\/v2\/product_conservation?post=3962"},{"taxonomy":"product_warning","embeddable":true,"href":"https:\/\/www.danosa.com\/pt-pt\/wp-json\/wp\/v2\/product_warning?post=3962"},{"taxonomy":"product_safety_hygiene","embeddable":true,"href":"https:\/\/www.danosa.com\/pt-pt\/wp-json\/wp\/v2\/product_safety_hygiene?post=3962"},{"taxonomy":"system_certification","embeddable":true,"href":"https:\/\/www.danosa.com\/pt-pt\/wp-json\/wp\/v2\/system_certification?post=3962"},{"taxonomy":"product_maintenance","embeddable":true,"href":"https:\/\/www.danosa.com\/pt-pt\/wp-json\/wp\/v2\/product_maintenance?post=3962"},{"taxonomy":"product_safety_datasheet","embeddable":true,"href":"https:\/\/www.danosa.com\/pt-pt\/wp-json\/wp\/v2\/product_safety_datasheet?post=3962"},{"taxonomy":"filter_special_uses","embeddable":true,"href":"https:\/\/www.danosa.com\/pt-pt\/wp-json\/wp\/v2\/filter_special_uses?post=3962"}],"curies":[{"name":"wp","href":"https:\/\/api.w.org\/{rel}","templated":true}]}}