{"id":3971,"date":"2026-04-09T04:21:25","date_gmt":"2026-04-09T03:21:25","guid":{"rendered":"https:\/\/www.danosa.com\/pt-pt\/blog\/product\/danolight\/"},"modified":"2026-04-09T04:21:26","modified_gmt":"2026-04-09T03:21:26","slug":"danolight","status":"publish","type":"product","link":"https:\/\/www.danosa.com\/pt-pt\/produto\/danolight\/","title":{"rendered":"DANOLIGHT"},"content":{"rendered":"<p>Claraboia fixa com composta de c\u00fapula dupla de metacrilato de 3mm de espessura, fixada sobre uma base de poli\u00e9ster refor\u00e7ado de 15cm de altura, para ilumina\u00e7ao natural, utilizada em cualquier cobertura e predio.<\/p>\n","protected":false},"excerpt":{"rendered":"<p>Clarab\u00f3ia fixa de c\u00fapula dupla<\/p>\n","protected":false},"featured_media":0,"parent":0,"menu_order":0,"template":"","meta":{"inline_featured_image":false,"site-sidebar-layout":"default","site-content-layout":"default","ast-main-header-display":"","ast-hfb-above-header-display":"","ast-hfb-below-header-display":"","ast-hfb-mobile-header-display":"","site-post-title":"","ast-breadcrumbs-content":"","ast-featured-img":"","footer-sml-layout":"","theme-transparent-header-meta":"","adv-header-id-meta":"","stick-header-meta":"","header-above-stick-meta":"","header-main-stick-meta":"","header-below-stick-meta":""},"family":[131951],"product_notice":[120531],"product_icon":[],"product_application":[],"product_standards_certification":[120789,120794],"product_benefits":[118775],"product_support":[],"product_substrate_preparation":[],"product_important_indications":[119676,119722,119818],"product_conservation":[119891,119892,119895,119901,119998,120005,120012,120027,120053],"product_warning":[],"product_safety_hygiene":[],"system_certification":[],"product_maintenance":[],"product_safety_datasheet":[],"filter_special_uses":[],"acf":[],"yoast_head":"<!-- This site is optimized with the Yoast SEO plugin v18.1 - https:\/\/yoast.com\/wordpress\/plugins\/seo\/ -->\n<title>Clarab\u00f3ia bivalve de cobertura fixa com isolamento t\u00e9rmico | DANOLIGHT<\/title>\n<meta name=\"description\" content=\"Clarab\u00f3ia bivalve fixa para ilumina\u00e7\u00e3o a\u00e9rea. Difus\u00e3o perfeita da luz solar. Instala\u00e7\u00e3o em qualquer deck ou telhado. V\u00e1rias medidas. Danosa.\" \/>\n<meta name=\"robots\" content=\"index, follow, max-snippet:-1, max-image-preview:large, max-video-preview:-1\" \/>\n<link rel=\"canonical\" href=\"https:\/\/www.danosa.com\/pt-pt\/produto\/danolight\/\" \/>\n<meta property=\"og:locale\" content=\"pt_PT\" \/>\n<meta property=\"og:type\" content=\"article\" \/>\n<meta property=\"og:title\" content=\"Clarab\u00f3ia bivalve de cobertura fixa com isolamento t\u00e9rmico | DANOLIGHT\" \/>\n<meta property=\"og:description\" content=\"Clarab\u00f3ia bivalve fixa para ilumina\u00e7\u00e3o a\u00e9rea. Difus\u00e3o perfeita da luz solar. Instala\u00e7\u00e3o em qualquer deck ou telhado. V\u00e1rias medidas. Danosa.\" \/>\n<meta property=\"og:url\" content=\"https:\/\/www.danosa.com\/pt-pt\/produto\/danolight\/\" \/>\n<meta property=\"og:site_name\" content=\"Danosa | Solu\u00e7\u00f5es de constru\u00e7\u00e3o\" \/>\n<meta property=\"article:modified_time\" content=\"2026-04-09T03:21:26+00:00\" \/>\n<meta name=\"twitter:card\" content=\"summary_large_image\" \/>\n<script type=\"application\/ld+json\" class=\"yoast-schema-graph\">{\"@context\":\"https:\/\/schema.org\",\"@graph\":[{\"@type\":\"WebSite\",\"@id\":\"https:\/\/www.danosa.com\/pt-pt\/#website\",\"url\":\"https:\/\/www.danosa.com\/pt-pt\/\",\"name\":\"Danosa | Solu\u00e7\u00f5es de constru\u00e7\u00e3o\",\"description\":\"Impermeabiliza\u00e7\u00e3o, isolamento ac\u00fastico e t\u00e9rmico\",\"potentialAction\":[{\"@type\":\"SearchAction\",\"target\":{\"@type\":\"EntryPoint\",\"urlTemplate\":\"https:\/\/www.danosa.com\/pt-pt\/?s={search_term_string}\"},\"query-input\":\"required name=search_term_string\"}],\"inLanguage\":\"pt-PT\"},{\"@type\":\"WebPage\",\"@id\":\"https:\/\/www.danosa.com\/pt-pt\/produto\/danolight\/#webpage\",\"url\":\"https:\/\/www.danosa.com\/pt-pt\/produto\/danolight\/\",\"name\":\"Clarab\u00f3ia bivalve de cobertura fixa com isolamento t\u00e9rmico | DANOLIGHT\",\"isPartOf\":{\"@id\":\"https:\/\/www.danosa.com\/pt-pt\/#website\"},\"datePublished\":\"2026-04-09T03:21:25+00:00\",\"dateModified\":\"2026-04-09T03:21:26+00:00\",\"description\":\"Clarab\u00f3ia bivalve fixa para ilumina\u00e7\u00e3o a\u00e9rea. Difus\u00e3o perfeita da luz solar. Instala\u00e7\u00e3o em qualquer deck ou telhado. V\u00e1rias medidas. Danosa.\",\"breadcrumb\":{\"@id\":\"https:\/\/www.danosa.com\/pt-pt\/produto\/danolight\/#breadcrumb\"},\"inLanguage\":\"pt-PT\",\"potentialAction\":[{\"@type\":\"ReadAction\",\"target\":[\"https:\/\/www.danosa.com\/pt-pt\/produto\/danolight\/\"]}]},{\"@type\":\"BreadcrumbList\",\"@id\":\"https:\/\/www.danosa.com\/pt-pt\/produto\/danolight\/#breadcrumb\",\"itemListElement\":[{\"@type\":\"ListItem\",\"position\":1,\"name\":\"Portada\",\"item\":\"https:\/\/www.danosa.com\/pt-pt\/\"},{\"@type\":\"ListItem\",\"position\":2,\"name\":\"DANOLIGHT\"}]}]}<\/script>\n<!-- \/ Yoast SEO plugin. -->","yoast_head_json":{"title":"Clarab\u00f3ia bivalve de cobertura fixa com isolamento t\u00e9rmico | DANOLIGHT","description":"Clarab\u00f3ia bivalve fixa para ilumina\u00e7\u00e3o a\u00e9rea. Difus\u00e3o perfeita da luz solar. Instala\u00e7\u00e3o em qualquer deck ou telhado. V\u00e1rias medidas. Danosa.","robots":{"index":"index","follow":"follow","max-snippet":"max-snippet:-1","max-image-preview":"max-image-preview:large","max-video-preview":"max-video-preview:-1"},"canonical":"https:\/\/www.danosa.com\/pt-pt\/produto\/danolight\/","og_locale":"pt_PT","og_type":"article","og_title":"Clarab\u00f3ia bivalve de cobertura fixa com isolamento t\u00e9rmico | DANOLIGHT","og_description":"Clarab\u00f3ia bivalve fixa para ilumina\u00e7\u00e3o a\u00e9rea. Difus\u00e3o perfeita da luz solar. Instala\u00e7\u00e3o em qualquer deck ou telhado. V\u00e1rias medidas. Danosa.","og_url":"https:\/\/www.danosa.com\/pt-pt\/produto\/danolight\/","og_site_name":"Danosa | Solu\u00e7\u00f5es de constru\u00e7\u00e3o","article_modified_time":"2026-04-09T03:21:26+00:00","twitter_card":"summary_large_image","schema":{"@context":"https:\/\/schema.org","@graph":[{"@type":"WebSite","@id":"https:\/\/www.danosa.com\/pt-pt\/#website","url":"https:\/\/www.danosa.com\/pt-pt\/","name":"Danosa | Solu\u00e7\u00f5es de constru\u00e7\u00e3o","description":"Impermeabiliza\u00e7\u00e3o, isolamento ac\u00fastico e t\u00e9rmico","potentialAction":[{"@type":"SearchAction","target":{"@type":"EntryPoint","urlTemplate":"https:\/\/www.danosa.com\/pt-pt\/?s={search_term_string}"},"query-input":"required name=search_term_string"}],"inLanguage":"pt-PT"},{"@type":"WebPage","@id":"https:\/\/www.danosa.com\/pt-pt\/produto\/danolight\/#webpage","url":"https:\/\/www.danosa.com\/pt-pt\/produto\/danolight\/","name":"Clarab\u00f3ia bivalve de cobertura fixa com isolamento t\u00e9rmico | DANOLIGHT","isPartOf":{"@id":"https:\/\/www.danosa.com\/pt-pt\/#website"},"datePublished":"2026-04-09T03:21:25+00:00","dateModified":"2026-04-09T03:21:26+00:00","description":"Clarab\u00f3ia bivalve fixa para ilumina\u00e7\u00e3o a\u00e9rea. Difus\u00e3o perfeita da luz solar. Instala\u00e7\u00e3o em qualquer deck ou telhado. V\u00e1rias medidas. Danosa.","breadcrumb":{"@id":"https:\/\/www.danosa.com\/pt-pt\/produto\/danolight\/#breadcrumb"},"inLanguage":"pt-PT","potentialAction":[{"@type":"ReadAction","target":["https:\/\/www.danosa.com\/pt-pt\/produto\/danolight\/"]}]},{"@type":"BreadcrumbList","@id":"https:\/\/www.danosa.com\/pt-pt\/produto\/danolight\/#breadcrumb","itemListElement":[{"@type":"ListItem","position":1,"name":"Portada","item":"https:\/\/www.danosa.com\/pt-pt\/"},{"@type":"ListItem","position":2,"name":"DANOLIGHT"}]}]}},"_links":{"self":[{"href":"https:\/\/www.danosa.com\/pt-pt\/wp-json\/wp\/v2\/product\/3971"}],"collection":[{"href":"https:\/\/www.danosa.com\/pt-pt\/wp-json\/wp\/v2\/product"}],"about":[{"href":"https:\/\/www.danosa.com\/pt-pt\/wp-json\/wp\/v2\/types\/product"}],"wp:attachment":[{"href":"https:\/\/www.danosa.com\/pt-pt\/wp-json\/wp\/v2\/media?parent=3971"}],"wp:term":[{"taxonomy":"family","embeddable":true,"href":"https:\/\/www.danosa.com\/pt-pt\/wp-json\/wp\/v2\/family?post=3971"},{"taxonomy":"product_notice","embeddable":true,"href":"https:\/\/www.danosa.com\/pt-pt\/wp-json\/wp\/v2\/product_notice?post=3971"},{"taxonomy":"product_icon","embeddable":true,"href":"https:\/\/www.danosa.com\/pt-pt\/wp-json\/wp\/v2\/product_icon?post=3971"},{"taxonomy":"product_application","embeddable":true,"href":"https:\/\/www.danosa.com\/pt-pt\/wp-json\/wp\/v2\/product_application?post=3971"},{"taxonomy":"product_standards_certification","embeddable":true,"href":"https:\/\/www.danosa.com\/pt-pt\/wp-json\/wp\/v2\/product_standards_certification?post=3971"},{"taxonomy":"product_benefits","embeddable":true,"href":"https:\/\/www.danosa.com\/pt-pt\/wp-json\/wp\/v2\/product_benefits?post=3971"},{"taxonomy":"product_support","embeddable":true,"href":"https:\/\/www.danosa.com\/pt-pt\/wp-json\/wp\/v2\/product_support?post=3971"},{"taxonomy":"product_substrate_preparation","embeddable":true,"href":"https:\/\/www.danosa.com\/pt-pt\/wp-json\/wp\/v2\/product_substrate_preparation?post=3971"},{"taxonomy":"product_important_indications","embeddable":true,"href":"https:\/\/www.danosa.com\/pt-pt\/wp-json\/wp\/v2\/product_important_indications?post=3971"},{"taxonomy":"product_conservation","embeddable":true,"href":"https:\/\/www.danosa.com\/pt-pt\/wp-json\/wp\/v2\/product_conservation?post=3971"},{"taxonomy":"product_warning","embeddable":true,"href":"https:\/\/www.danosa.com\/pt-pt\/wp-json\/wp\/v2\/product_warning?post=3971"},{"taxonomy":"product_safety_hygiene","embeddable":true,"href":"https:\/\/www.danosa.com\/pt-pt\/wp-json\/wp\/v2\/product_safety_hygiene?post=3971"},{"taxonomy":"system_certification","embeddable":true,"href":"https:\/\/www.danosa.com\/pt-pt\/wp-json\/wp\/v2\/system_certification?post=3971"},{"taxonomy":"product_maintenance","embeddable":true,"href":"https:\/\/www.danosa.com\/pt-pt\/wp-json\/wp\/v2\/product_maintenance?post=3971"},{"taxonomy":"product_safety_datasheet","embeddable":true,"href":"https:\/\/www.danosa.com\/pt-pt\/wp-json\/wp\/v2\/product_safety_datasheet?post=3971"},{"taxonomy":"filter_special_uses","embeddable":true,"href":"https:\/\/www.danosa.com\/pt-pt\/wp-json\/wp\/v2\/filter_special_uses?post=3971"}],"curies":[{"name":"wp","href":"https:\/\/api.w.org\/{rel}","templated":true}]}}