{"id":3973,"date":"2026-04-16T16:21:27","date_gmt":"2026-04-16T15:21:27","guid":{"rendered":"https:\/\/www.danosa.com\/pt-pt\/blog\/product\/danolosa\/"},"modified":"2026-04-16T16:21:29","modified_gmt":"2026-04-16T15:21:29","slug":"danolosa","status":"publish","type":"product","link":"https:\/\/www.danosa.com\/pt-pt\/produto\/danolosa\/","title":{"rendered":"DANOLOSA"},"content":{"rendered":"<p>DANOLOSA Cinza \u00e9 uma lajeta t\u00e9rmica isolante constitu\u00edda por um pavimento de bet\u00e3o poroso, que actua como protec\u00e7\u00e3o mec\u00e2nica de uma base isolante de poliestireno extrudido, resultando numa superficie transit\u00e1vel resistente e isolada termicamente.<\/p>\n","protected":false},"excerpt":{"rendered":"<p>Lajeta de bet\u00e3o poroso com base de poliestireno extrudido<\/p>\n","protected":false},"featured_media":0,"parent":0,"menu_order":0,"template":"","meta":{"inline_featured_image":false,"site-sidebar-layout":"default","site-content-layout":"default","ast-main-header-display":"","ast-hfb-above-header-display":"","ast-hfb-below-header-display":"","ast-hfb-mobile-header-display":"","site-post-title":"","ast-breadcrumbs-content":"","ast-featured-img":"","footer-sml-layout":"","theme-transparent-header-meta":"","adv-header-id-meta":"","stick-header-meta":"","header-above-stick-meta":"","header-main-stick-meta":"","header-below-stick-meta":""},"family":[6822],"product_notice":[120531],"product_icon":[],"product_application":[119178,119287,119355,119406,119469,119601,119602],"product_standards_certification":[120797,120798,120820,120840],"product_benefits":[118496,118506,118539,118717,118827,118845,118883,118927,118931],"product_support":[],"product_substrate_preparation":[],"product_important_indications":[119671,119724,119745,119832,119864,119865,119866],"product_conservation":[119972,119986,119989,120002,120033],"product_warning":[],"product_safety_hygiene":[],"system_certification":[6759],"product_maintenance":[],"product_safety_datasheet":[6976],"filter_special_uses":[],"acf":[],"yoast_head":"<!-- This site is optimized with the Yoast SEO plugin v18.1 - https:\/\/yoast.com\/wordpress\/plugins\/seo\/ -->\n<title>Bet\u00e3o poroso brames base poliestireno extrudido usinagem | Danolosa<\/title>\n<meta name=\"description\" content=\"Lajeta isolante constitu\u00edda por um pavimento de bet\u00e3o poroso, que actua como protec\u00e7\u00e3o mec\u00e2nica de uma base isolante de poliestireno extrudido.\" \/>\n<meta name=\"robots\" content=\"index, follow, max-snippet:-1, max-image-preview:large, max-video-preview:-1\" \/>\n<link rel=\"canonical\" href=\"https:\/\/www.danosa.com\/pt-pt\/produto\/danolosa\/\" \/>\n<meta property=\"og:locale\" content=\"pt_PT\" \/>\n<meta property=\"og:type\" content=\"article\" \/>\n<meta property=\"og:title\" content=\"Bet\u00e3o poroso brames base poliestireno extrudido usinagem | Danolosa\" \/>\n<meta property=\"og:description\" content=\"Lajeta isolante constitu\u00edda por um pavimento de bet\u00e3o poroso, que actua como protec\u00e7\u00e3o mec\u00e2nica de uma base isolante de poliestireno extrudido.\" \/>\n<meta property=\"og:url\" content=\"https:\/\/www.danosa.com\/pt-pt\/produto\/danolosa\/\" \/>\n<meta property=\"og:site_name\" content=\"Danosa | Solu\u00e7\u00f5es de constru\u00e7\u00e3o\" \/>\n<meta property=\"article:modified_time\" content=\"2026-04-16T15:21:29+00:00\" \/>\n<meta name=\"twitter:card\" content=\"summary_large_image\" \/>\n<script type=\"application\/ld+json\" class=\"yoast-schema-graph\">{\"@context\":\"https:\/\/schema.org\",\"@graph\":[{\"@type\":\"WebSite\",\"@id\":\"https:\/\/www.danosa.com\/pt-pt\/#website\",\"url\":\"https:\/\/www.danosa.com\/pt-pt\/\",\"name\":\"Danosa | Solu\u00e7\u00f5es de constru\u00e7\u00e3o\",\"description\":\"Impermeabiliza\u00e7\u00e3o, isolamento ac\u00fastico e t\u00e9rmico\",\"potentialAction\":[{\"@type\":\"SearchAction\",\"target\":{\"@type\":\"EntryPoint\",\"urlTemplate\":\"https:\/\/www.danosa.com\/pt-pt\/?s={search_term_string}\"},\"query-input\":\"required name=search_term_string\"}],\"inLanguage\":\"pt-PT\"},{\"@type\":\"WebPage\",\"@id\":\"https:\/\/www.danosa.com\/pt-pt\/produto\/danolosa\/#webpage\",\"url\":\"https:\/\/www.danosa.com\/pt-pt\/produto\/danolosa\/\",\"name\":\"Bet\u00e3o poroso brames base poliestireno extrudido usinagem | Danolosa\",\"isPartOf\":{\"@id\":\"https:\/\/www.danosa.com\/pt-pt\/#website\"},\"datePublished\":\"2026-04-16T15:21:27+00:00\",\"dateModified\":\"2026-04-16T15:21:29+00:00\",\"description\":\"Lajeta isolante constitu\u00edda por um pavimento de bet\u00e3o poroso, que actua como protec\u00e7\u00e3o mec\u00e2nica de uma base isolante de poliestireno extrudido.\",\"breadcrumb\":{\"@id\":\"https:\/\/www.danosa.com\/pt-pt\/produto\/danolosa\/#breadcrumb\"},\"inLanguage\":\"pt-PT\",\"potentialAction\":[{\"@type\":\"ReadAction\",\"target\":[\"https:\/\/www.danosa.com\/pt-pt\/produto\/danolosa\/\"]}]},{\"@type\":\"BreadcrumbList\",\"@id\":\"https:\/\/www.danosa.com\/pt-pt\/produto\/danolosa\/#breadcrumb\",\"itemListElement\":[{\"@type\":\"ListItem\",\"position\":1,\"name\":\"Portada\",\"item\":\"https:\/\/www.danosa.com\/pt-pt\/\"},{\"@type\":\"ListItem\",\"position\":2,\"name\":\"DANOLOSA\"}]}]}<\/script>\n<!-- \/ Yoast SEO plugin. -->","yoast_head_json":{"title":"Bet\u00e3o poroso brames base poliestireno extrudido usinagem | Danolosa","description":"Lajeta isolante constitu\u00edda por um pavimento de bet\u00e3o poroso, que actua como protec\u00e7\u00e3o mec\u00e2nica de uma base isolante de poliestireno extrudido.","robots":{"index":"index","follow":"follow","max-snippet":"max-snippet:-1","max-image-preview":"max-image-preview:large","max-video-preview":"max-video-preview:-1"},"canonical":"https:\/\/www.danosa.com\/pt-pt\/produto\/danolosa\/","og_locale":"pt_PT","og_type":"article","og_title":"Bet\u00e3o poroso brames base poliestireno extrudido usinagem | Danolosa","og_description":"Lajeta isolante constitu\u00edda por um pavimento de bet\u00e3o poroso, que actua como protec\u00e7\u00e3o mec\u00e2nica de uma base isolante de poliestireno extrudido.","og_url":"https:\/\/www.danosa.com\/pt-pt\/produto\/danolosa\/","og_site_name":"Danosa | Solu\u00e7\u00f5es de constru\u00e7\u00e3o","article_modified_time":"2026-04-16T15:21:29+00:00","twitter_card":"summary_large_image","schema":{"@context":"https:\/\/schema.org","@graph":[{"@type":"WebSite","@id":"https:\/\/www.danosa.com\/pt-pt\/#website","url":"https:\/\/www.danosa.com\/pt-pt\/","name":"Danosa | Solu\u00e7\u00f5es de constru\u00e7\u00e3o","description":"Impermeabiliza\u00e7\u00e3o, isolamento ac\u00fastico e t\u00e9rmico","potentialAction":[{"@type":"SearchAction","target":{"@type":"EntryPoint","urlTemplate":"https:\/\/www.danosa.com\/pt-pt\/?s={search_term_string}"},"query-input":"required name=search_term_string"}],"inLanguage":"pt-PT"},{"@type":"WebPage","@id":"https:\/\/www.danosa.com\/pt-pt\/produto\/danolosa\/#webpage","url":"https:\/\/www.danosa.com\/pt-pt\/produto\/danolosa\/","name":"Bet\u00e3o poroso brames base poliestireno extrudido usinagem | Danolosa","isPartOf":{"@id":"https:\/\/www.danosa.com\/pt-pt\/#website"},"datePublished":"2026-04-16T15:21:27+00:00","dateModified":"2026-04-16T15:21:29+00:00","description":"Lajeta isolante constitu\u00edda por um pavimento de bet\u00e3o poroso, que actua como protec\u00e7\u00e3o mec\u00e2nica de uma base isolante de poliestireno extrudido.","breadcrumb":{"@id":"https:\/\/www.danosa.com\/pt-pt\/produto\/danolosa\/#breadcrumb"},"inLanguage":"pt-PT","potentialAction":[{"@type":"ReadAction","target":["https:\/\/www.danosa.com\/pt-pt\/produto\/danolosa\/"]}]},{"@type":"BreadcrumbList","@id":"https:\/\/www.danosa.com\/pt-pt\/produto\/danolosa\/#breadcrumb","itemListElement":[{"@type":"ListItem","position":1,"name":"Portada","item":"https:\/\/www.danosa.com\/pt-pt\/"},{"@type":"ListItem","position":2,"name":"DANOLOSA"}]}]}},"_links":{"self":[{"href":"https:\/\/www.danosa.com\/pt-pt\/wp-json\/wp\/v2\/product\/3973"}],"collection":[{"href":"https:\/\/www.danosa.com\/pt-pt\/wp-json\/wp\/v2\/product"}],"about":[{"href":"https:\/\/www.danosa.com\/pt-pt\/wp-json\/wp\/v2\/types\/product"}],"wp:attachment":[{"href":"https:\/\/www.danosa.com\/pt-pt\/wp-json\/wp\/v2\/media?parent=3973"}],"wp:term":[{"taxonomy":"family","embeddable":true,"href":"https:\/\/www.danosa.com\/pt-pt\/wp-json\/wp\/v2\/family?post=3973"},{"taxonomy":"product_notice","embeddable":true,"href":"https:\/\/www.danosa.com\/pt-pt\/wp-json\/wp\/v2\/product_notice?post=3973"},{"taxonomy":"product_icon","embeddable":true,"href":"https:\/\/www.danosa.com\/pt-pt\/wp-json\/wp\/v2\/product_icon?post=3973"},{"taxonomy":"product_application","embeddable":true,"href":"https:\/\/www.danosa.com\/pt-pt\/wp-json\/wp\/v2\/product_application?post=3973"},{"taxonomy":"product_standards_certification","embeddable":true,"href":"https:\/\/www.danosa.com\/pt-pt\/wp-json\/wp\/v2\/product_standards_certification?post=3973"},{"taxonomy":"product_benefits","embeddable":true,"href":"https:\/\/www.danosa.com\/pt-pt\/wp-json\/wp\/v2\/product_benefits?post=3973"},{"taxonomy":"product_support","embeddable":true,"href":"https:\/\/www.danosa.com\/pt-pt\/wp-json\/wp\/v2\/product_support?post=3973"},{"taxonomy":"product_substrate_preparation","embeddable":true,"href":"https:\/\/www.danosa.com\/pt-pt\/wp-json\/wp\/v2\/product_substrate_preparation?post=3973"},{"taxonomy":"product_important_indications","embeddable":true,"href":"https:\/\/www.danosa.com\/pt-pt\/wp-json\/wp\/v2\/product_important_indications?post=3973"},{"taxonomy":"product_conservation","embeddable":true,"href":"https:\/\/www.danosa.com\/pt-pt\/wp-json\/wp\/v2\/product_conservation?post=3973"},{"taxonomy":"product_warning","embeddable":true,"href":"https:\/\/www.danosa.com\/pt-pt\/wp-json\/wp\/v2\/product_warning?post=3973"},{"taxonomy":"product_safety_hygiene","embeddable":true,"href":"https:\/\/www.danosa.com\/pt-pt\/wp-json\/wp\/v2\/product_safety_hygiene?post=3973"},{"taxonomy":"system_certification","embeddable":true,"href":"https:\/\/www.danosa.com\/pt-pt\/wp-json\/wp\/v2\/system_certification?post=3973"},{"taxonomy":"product_maintenance","embeddable":true,"href":"https:\/\/www.danosa.com\/pt-pt\/wp-json\/wp\/v2\/product_maintenance?post=3973"},{"taxonomy":"product_safety_datasheet","embeddable":true,"href":"https:\/\/www.danosa.com\/pt-pt\/wp-json\/wp\/v2\/product_safety_datasheet?post=3973"},{"taxonomy":"filter_special_uses","embeddable":true,"href":"https:\/\/www.danosa.com\/pt-pt\/wp-json\/wp\/v2\/filter_special_uses?post=3973"}],"curies":[{"name":"wp","href":"https:\/\/api.w.org\/{rel}","templated":true}]}}