{"id":3981,"date":"2026-04-16T16:21:31","date_gmt":"2026-04-16T15:21:31","guid":{"rendered":"https:\/\/www.danosa.com\/pt-pt\/blog\/product\/danopol-dw-hs-1-2-bio\/"},"modified":"2026-04-16T16:21:32","modified_gmt":"2026-04-16T15:21:32","slug":"danopol-dw-hs-1-2-bio","status":"publish","type":"product","link":"https:\/\/www.danosa.com\/pt-pt\/produto\/danopol-dw-hs-1-2-bio\/","title":{"rendered":"DANOPOL DW HS 1.2 BIO"},"content":{"rendered":"<p>DANOPOL DW HS 1.2 BIO \u00e9 uma membrana sint\u00e9tica \u00e0 base de PVC plastificado azul claro, fabricado mediante calandrado e refor\u00e7ado com uma armadura de malha de fibra de poli\u00e9ster destinado \u00e0 impermeabiliza\u00e7\u00e3o de tanques de \u00e1gua pot\u00e1vel, incorpora biocidas em sua formula\u00e7\u00e3o para impedir a forma\u00e7\u00e3o de algas, fungos e qualquer outro tipo de organismo prejudicial ao homem. Esta membrana \u00e9 resistente \u00e0 intemp\u00e9rie e aos raios U.V. (ultra-violetas).<\/p>\n","protected":false},"excerpt":{"rendered":"<p>L\u00e2mina sint\u00e9tica \u00e0 base de PVC plastificado.<\/p>\n","protected":false},"featured_media":0,"parent":0,"menu_order":0,"template":"","meta":{"inline_featured_image":false,"site-sidebar-layout":"default","site-content-layout":"default","ast-main-header-display":"","ast-hfb-above-header-display":"","ast-hfb-below-header-display":"","ast-hfb-mobile-header-display":"","site-post-title":"","ast-breadcrumbs-content":"","ast-featured-img":"","footer-sml-layout":"","theme-transparent-header-meta":"","adv-header-id-meta":"","stick-header-meta":"","header-above-stick-meta":"","header-main-stick-meta":"","header-below-stick-meta":""},"family":[6788],"product_notice":[120531],"product_icon":[],"product_application":[119244],"product_standards_certification":[120793,120794,120815],"product_benefits":[118552,118624,118625,118721,118725,118730,118735,118787,118818,118842,118905],"product_support":[],"product_substrate_preparation":[],"product_important_indications":[119643,119660,119663,119683,119694,119757,119797,119799],"product_conservation":[119924,119960,120029],"product_warning":[],"product_safety_hygiene":[],"system_certification":[],"product_maintenance":[],"product_safety_datasheet":[3553],"filter_special_uses":[],"acf":[],"yoast_head":"<!-- This site is optimized with the Yoast SEO plugin v18.1 - https:\/\/yoast.com\/wordpress\/plugins\/seo\/ -->\n<title>Impermeabiliza\u00e7\u00e3o de reservat\u00f3rios de \u00e1gua pot\u00e1vel | Danopol DW HS Bio<\/title>\n<meta name=\"description\" content=\"Placa sint\u00e9tica para impermeabiliza\u00e7\u00e3o de cisternas e tanques de \u00e1gua pot\u00e1vel. Refor\u00e7ado com armadura de malha fibra poli\u00e9ster. Com biocidas.\" \/>\n<meta name=\"robots\" content=\"index, follow, max-snippet:-1, max-image-preview:large, max-video-preview:-1\" \/>\n<link rel=\"canonical\" href=\"https:\/\/www.danosa.com\/pt-pt\/produto\/danopol-dw-hs-1-2-bio\/\" \/>\n<meta property=\"og:locale\" content=\"pt_PT\" \/>\n<meta property=\"og:type\" content=\"article\" \/>\n<meta property=\"og:title\" content=\"Impermeabiliza\u00e7\u00e3o de reservat\u00f3rios de \u00e1gua pot\u00e1vel | Danopol DW HS Bio\" \/>\n<meta property=\"og:description\" content=\"Placa sint\u00e9tica para impermeabiliza\u00e7\u00e3o de cisternas e tanques de \u00e1gua pot\u00e1vel. Refor\u00e7ado com armadura de malha fibra poli\u00e9ster. Com biocidas.\" \/>\n<meta property=\"og:url\" content=\"https:\/\/www.danosa.com\/pt-pt\/produto\/danopol-dw-hs-1-2-bio\/\" \/>\n<meta property=\"og:site_name\" content=\"Danosa | Solu\u00e7\u00f5es de constru\u00e7\u00e3o\" \/>\n<meta property=\"article:modified_time\" content=\"2026-04-16T15:21:32+00:00\" \/>\n<meta name=\"twitter:card\" content=\"summary_large_image\" \/>\n<script type=\"application\/ld+json\" class=\"yoast-schema-graph\">{\"@context\":\"https:\/\/schema.org\",\"@graph\":[{\"@type\":\"WebSite\",\"@id\":\"https:\/\/www.danosa.com\/pt-pt\/#website\",\"url\":\"https:\/\/www.danosa.com\/pt-pt\/\",\"name\":\"Danosa | Solu\u00e7\u00f5es de constru\u00e7\u00e3o\",\"description\":\"Impermeabiliza\u00e7\u00e3o, isolamento ac\u00fastico e t\u00e9rmico\",\"potentialAction\":[{\"@type\":\"SearchAction\",\"target\":{\"@type\":\"EntryPoint\",\"urlTemplate\":\"https:\/\/www.danosa.com\/pt-pt\/?s={search_term_string}\"},\"query-input\":\"required name=search_term_string\"}],\"inLanguage\":\"pt-PT\"},{\"@type\":\"WebPage\",\"@id\":\"https:\/\/www.danosa.com\/pt-pt\/produto\/danopol-dw-hs-1-2-bio\/#webpage\",\"url\":\"https:\/\/www.danosa.com\/pt-pt\/produto\/danopol-dw-hs-1-2-bio\/\",\"name\":\"Impermeabiliza\u00e7\u00e3o de reservat\u00f3rios de \u00e1gua pot\u00e1vel | Danopol DW HS Bio\",\"isPartOf\":{\"@id\":\"https:\/\/www.danosa.com\/pt-pt\/#website\"},\"datePublished\":\"2026-04-16T15:21:31+00:00\",\"dateModified\":\"2026-04-16T15:21:32+00:00\",\"description\":\"Placa sint\u00e9tica para impermeabiliza\u00e7\u00e3o de cisternas e tanques de \u00e1gua pot\u00e1vel. Refor\u00e7ado com armadura de malha fibra poli\u00e9ster. Com biocidas.\",\"breadcrumb\":{\"@id\":\"https:\/\/www.danosa.com\/pt-pt\/produto\/danopol-dw-hs-1-2-bio\/#breadcrumb\"},\"inLanguage\":\"pt-PT\",\"potentialAction\":[{\"@type\":\"ReadAction\",\"target\":[\"https:\/\/www.danosa.com\/pt-pt\/produto\/danopol-dw-hs-1-2-bio\/\"]}]},{\"@type\":\"BreadcrumbList\",\"@id\":\"https:\/\/www.danosa.com\/pt-pt\/produto\/danopol-dw-hs-1-2-bio\/#breadcrumb\",\"itemListElement\":[{\"@type\":\"ListItem\",\"position\":1,\"name\":\"Portada\",\"item\":\"https:\/\/www.danosa.com\/pt-pt\/\"},{\"@type\":\"ListItem\",\"position\":2,\"name\":\"DANOPOL DW HS 1.2 BIO\"}]}]}<\/script>\n<!-- \/ Yoast SEO plugin. -->","yoast_head_json":{"title":"Impermeabiliza\u00e7\u00e3o de reservat\u00f3rios de \u00e1gua pot\u00e1vel | Danopol DW HS Bio","description":"Placa sint\u00e9tica para impermeabiliza\u00e7\u00e3o de cisternas e tanques de \u00e1gua pot\u00e1vel. Refor\u00e7ado com armadura de malha fibra poli\u00e9ster. Com biocidas.","robots":{"index":"index","follow":"follow","max-snippet":"max-snippet:-1","max-image-preview":"max-image-preview:large","max-video-preview":"max-video-preview:-1"},"canonical":"https:\/\/www.danosa.com\/pt-pt\/produto\/danopol-dw-hs-1-2-bio\/","og_locale":"pt_PT","og_type":"article","og_title":"Impermeabiliza\u00e7\u00e3o de reservat\u00f3rios de \u00e1gua pot\u00e1vel | Danopol DW HS Bio","og_description":"Placa sint\u00e9tica para impermeabiliza\u00e7\u00e3o de cisternas e tanques de \u00e1gua pot\u00e1vel. Refor\u00e7ado com armadura de malha fibra poli\u00e9ster. Com biocidas.","og_url":"https:\/\/www.danosa.com\/pt-pt\/produto\/danopol-dw-hs-1-2-bio\/","og_site_name":"Danosa | Solu\u00e7\u00f5es de constru\u00e7\u00e3o","article_modified_time":"2026-04-16T15:21:32+00:00","twitter_card":"summary_large_image","schema":{"@context":"https:\/\/schema.org","@graph":[{"@type":"WebSite","@id":"https:\/\/www.danosa.com\/pt-pt\/#website","url":"https:\/\/www.danosa.com\/pt-pt\/","name":"Danosa | Solu\u00e7\u00f5es de constru\u00e7\u00e3o","description":"Impermeabiliza\u00e7\u00e3o, isolamento ac\u00fastico e t\u00e9rmico","potentialAction":[{"@type":"SearchAction","target":{"@type":"EntryPoint","urlTemplate":"https:\/\/www.danosa.com\/pt-pt\/?s={search_term_string}"},"query-input":"required name=search_term_string"}],"inLanguage":"pt-PT"},{"@type":"WebPage","@id":"https:\/\/www.danosa.com\/pt-pt\/produto\/danopol-dw-hs-1-2-bio\/#webpage","url":"https:\/\/www.danosa.com\/pt-pt\/produto\/danopol-dw-hs-1-2-bio\/","name":"Impermeabiliza\u00e7\u00e3o de reservat\u00f3rios de \u00e1gua pot\u00e1vel | Danopol DW HS Bio","isPartOf":{"@id":"https:\/\/www.danosa.com\/pt-pt\/#website"},"datePublished":"2026-04-16T15:21:31+00:00","dateModified":"2026-04-16T15:21:32+00:00","description":"Placa sint\u00e9tica para impermeabiliza\u00e7\u00e3o de cisternas e tanques de \u00e1gua pot\u00e1vel. Refor\u00e7ado com armadura de malha fibra poli\u00e9ster. Com biocidas.","breadcrumb":{"@id":"https:\/\/www.danosa.com\/pt-pt\/produto\/danopol-dw-hs-1-2-bio\/#breadcrumb"},"inLanguage":"pt-PT","potentialAction":[{"@type":"ReadAction","target":["https:\/\/www.danosa.com\/pt-pt\/produto\/danopol-dw-hs-1-2-bio\/"]}]},{"@type":"BreadcrumbList","@id":"https:\/\/www.danosa.com\/pt-pt\/produto\/danopol-dw-hs-1-2-bio\/#breadcrumb","itemListElement":[{"@type":"ListItem","position":1,"name":"Portada","item":"https:\/\/www.danosa.com\/pt-pt\/"},{"@type":"ListItem","position":2,"name":"DANOPOL DW HS 1.2 BIO"}]}]}},"_links":{"self":[{"href":"https:\/\/www.danosa.com\/pt-pt\/wp-json\/wp\/v2\/product\/3981"}],"collection":[{"href":"https:\/\/www.danosa.com\/pt-pt\/wp-json\/wp\/v2\/product"}],"about":[{"href":"https:\/\/www.danosa.com\/pt-pt\/wp-json\/wp\/v2\/types\/product"}],"wp:attachment":[{"href":"https:\/\/www.danosa.com\/pt-pt\/wp-json\/wp\/v2\/media?parent=3981"}],"wp:term":[{"taxonomy":"family","embeddable":true,"href":"https:\/\/www.danosa.com\/pt-pt\/wp-json\/wp\/v2\/family?post=3981"},{"taxonomy":"product_notice","embeddable":true,"href":"https:\/\/www.danosa.com\/pt-pt\/wp-json\/wp\/v2\/product_notice?post=3981"},{"taxonomy":"product_icon","embeddable":true,"href":"https:\/\/www.danosa.com\/pt-pt\/wp-json\/wp\/v2\/product_icon?post=3981"},{"taxonomy":"product_application","embeddable":true,"href":"https:\/\/www.danosa.com\/pt-pt\/wp-json\/wp\/v2\/product_application?post=3981"},{"taxonomy":"product_standards_certification","embeddable":true,"href":"https:\/\/www.danosa.com\/pt-pt\/wp-json\/wp\/v2\/product_standards_certification?post=3981"},{"taxonomy":"product_benefits","embeddable":true,"href":"https:\/\/www.danosa.com\/pt-pt\/wp-json\/wp\/v2\/product_benefits?post=3981"},{"taxonomy":"product_support","embeddable":true,"href":"https:\/\/www.danosa.com\/pt-pt\/wp-json\/wp\/v2\/product_support?post=3981"},{"taxonomy":"product_substrate_preparation","embeddable":true,"href":"https:\/\/www.danosa.com\/pt-pt\/wp-json\/wp\/v2\/product_substrate_preparation?post=3981"},{"taxonomy":"product_important_indications","embeddable":true,"href":"https:\/\/www.danosa.com\/pt-pt\/wp-json\/wp\/v2\/product_important_indications?post=3981"},{"taxonomy":"product_conservation","embeddable":true,"href":"https:\/\/www.danosa.com\/pt-pt\/wp-json\/wp\/v2\/product_conservation?post=3981"},{"taxonomy":"product_warning","embeddable":true,"href":"https:\/\/www.danosa.com\/pt-pt\/wp-json\/wp\/v2\/product_warning?post=3981"},{"taxonomy":"product_safety_hygiene","embeddable":true,"href":"https:\/\/www.danosa.com\/pt-pt\/wp-json\/wp\/v2\/product_safety_hygiene?post=3981"},{"taxonomy":"system_certification","embeddable":true,"href":"https:\/\/www.danosa.com\/pt-pt\/wp-json\/wp\/v2\/system_certification?post=3981"},{"taxonomy":"product_maintenance","embeddable":true,"href":"https:\/\/www.danosa.com\/pt-pt\/wp-json\/wp\/v2\/product_maintenance?post=3981"},{"taxonomy":"product_safety_datasheet","embeddable":true,"href":"https:\/\/www.danosa.com\/pt-pt\/wp-json\/wp\/v2\/product_safety_datasheet?post=3981"},{"taxonomy":"filter_special_uses","embeddable":true,"href":"https:\/\/www.danosa.com\/pt-pt\/wp-json\/wp\/v2\/filter_special_uses?post=3981"}],"curies":[{"name":"wp","href":"https:\/\/api.w.org\/{rel}","templated":true}]}}