{"id":3993,"date":"2026-04-09T04:21:34","date_gmt":"2026-04-09T03:21:34","guid":{"rendered":"https:\/\/www.danosa.com\/pt-pt\/blog\/product\/danopren-500\/"},"modified":"2026-04-09T04:21:34","modified_gmt":"2026-04-09T03:21:34","slug":"danopren-500","status":"publish","type":"product","link":"https:\/\/www.danosa.com\/pt-pt\/produto\/danopren-500\/","title":{"rendered":"DANOPREN 500"},"content":{"rendered":"<p>DANOPREN\u00a0500 \u00e9 uma placa r\u00edgida de espuma de poliestireno extrudido (XPS) com com juntas perimetrais em meia madeira e diferentes espessuras. Fabricado sem CFC&#8217;s, HCFC&#8217;s ni HFC&#8217;s.<br \/>C\u00f3digo de Designaci\u00f3n para Marcado CE:<br \/>XPS-EN13164-T1-CS(10Y)500-WL(T)0,7-DS(70)<\/p>\n","protected":false},"excerpt":{"rendered":"<p>Placas r\u00edgidas de espuma de poliestireno extrudido (XPS) para isolamento t\u00e9rmico em coberturas e pavimentos onde, por c\u00e1lculo, pode ser exigido um produto com resist\u00eancia superior ao DANOPREN TR.<\/p>\n","protected":false},"featured_media":0,"parent":0,"menu_order":0,"template":"","meta":{"inline_featured_image":false,"site-sidebar-layout":"default","site-content-layout":"default","ast-main-header-display":"","ast-hfb-above-header-display":"","ast-hfb-below-header-display":"","ast-hfb-mobile-header-display":"","site-post-title":"","ast-breadcrumbs-content":"","ast-featured-img":"","footer-sml-layout":"","theme-transparent-header-meta":"","adv-header-id-meta":"","stick-header-meta":"","header-above-stick-meta":"","header-main-stick-meta":"","header-below-stick-meta":""},"family":[6821],"product_notice":[120531],"product_icon":[],"product_application":[119099],"product_standards_certification":[120769,120776,120794,120804,120823,120824,120825,120828],"product_benefits":[118467,118656,118789,118814,118868,118928],"product_support":[],"product_substrate_preparation":[],"product_important_indications":[119653,119672,119763,119776,119834],"product_conservation":[120058,120059,120060,120061,120089],"product_warning":[],"product_safety_hygiene":[],"system_certification":[6869,10210,120982,6845],"product_maintenance":[],"product_safety_datasheet":[3679],"filter_special_uses":[],"acf":[],"yoast_head":"<!-- This site is optimized with the Yoast SEO plugin v18.1 - https:\/\/yoast.com\/wordpress\/plugins\/seo\/ -->\n<title>Isolamento XPS | Pavimentos e coberturas com isolamento t\u00e9rmico<\/title>\n<meta name=\"description\" content=\"Isolamento XPS DANOPREN 500: placa r\u00edgida de espuma de poliestireno extrudido para isolamento t\u00e9rmico de pavimentos e coberturas.\" \/>\n<meta name=\"robots\" content=\"index, follow, max-snippet:-1, max-image-preview:large, max-video-preview:-1\" \/>\n<link rel=\"canonical\" href=\"https:\/\/www.danosa.com\/pt-pt\/produto\/danopren-500\/\" \/>\n<meta property=\"og:locale\" content=\"pt_PT\" \/>\n<meta property=\"og:type\" content=\"article\" \/>\n<meta property=\"og:title\" content=\"Isolamento XPS | Pavimentos e coberturas com isolamento t\u00e9rmico\" \/>\n<meta property=\"og:description\" content=\"Isolamento XPS DANOPREN 500: placa r\u00edgida de espuma de poliestireno extrudido para isolamento t\u00e9rmico de pavimentos e coberturas.\" \/>\n<meta property=\"og:url\" content=\"https:\/\/www.danosa.com\/pt-pt\/produto\/danopren-500\/\" \/>\n<meta property=\"og:site_name\" content=\"Danosa | Solu\u00e7\u00f5es de constru\u00e7\u00e3o\" \/>\n<meta name=\"twitter:card\" content=\"summary_large_image\" \/>\n<script type=\"application\/ld+json\" class=\"yoast-schema-graph\">{\"@context\":\"https:\/\/schema.org\",\"@graph\":[{\"@type\":\"WebSite\",\"@id\":\"https:\/\/www.danosa.com\/pt-pt\/#website\",\"url\":\"https:\/\/www.danosa.com\/pt-pt\/\",\"name\":\"Danosa | Solu\u00e7\u00f5es de constru\u00e7\u00e3o\",\"description\":\"Impermeabiliza\u00e7\u00e3o, isolamento ac\u00fastico e t\u00e9rmico\",\"potentialAction\":[{\"@type\":\"SearchAction\",\"target\":{\"@type\":\"EntryPoint\",\"urlTemplate\":\"https:\/\/www.danosa.com\/pt-pt\/?s={search_term_string}\"},\"query-input\":\"required name=search_term_string\"}],\"inLanguage\":\"pt-PT\"},{\"@type\":\"WebPage\",\"@id\":\"https:\/\/www.danosa.com\/pt-pt\/produto\/danopren-500\/#webpage\",\"url\":\"https:\/\/www.danosa.com\/pt-pt\/produto\/danopren-500\/\",\"name\":\"Isolamento XPS | Pavimentos e coberturas com isolamento t\u00e9rmico\",\"isPartOf\":{\"@id\":\"https:\/\/www.danosa.com\/pt-pt\/#website\"},\"datePublished\":\"2026-04-09T03:21:34+00:00\",\"dateModified\":\"2026-04-09T03:21:34+00:00\",\"description\":\"Isolamento XPS DANOPREN 500: placa r\u00edgida de espuma de poliestireno extrudido para isolamento t\u00e9rmico de pavimentos e coberturas.\",\"breadcrumb\":{\"@id\":\"https:\/\/www.danosa.com\/pt-pt\/produto\/danopren-500\/#breadcrumb\"},\"inLanguage\":\"pt-PT\",\"potentialAction\":[{\"@type\":\"ReadAction\",\"target\":[\"https:\/\/www.danosa.com\/pt-pt\/produto\/danopren-500\/\"]}]},{\"@type\":\"BreadcrumbList\",\"@id\":\"https:\/\/www.danosa.com\/pt-pt\/produto\/danopren-500\/#breadcrumb\",\"itemListElement\":[{\"@type\":\"ListItem\",\"position\":1,\"name\":\"Portada\",\"item\":\"https:\/\/www.danosa.com\/pt-pt\/\"},{\"@type\":\"ListItem\",\"position\":2,\"name\":\"DANOPREN 500\"}]}]}<\/script>\n<!-- \/ Yoast SEO plugin. -->","yoast_head_json":{"title":"Isolamento XPS | Pavimentos e coberturas com isolamento t\u00e9rmico","description":"Isolamento XPS DANOPREN 500: placa r\u00edgida de espuma de poliestireno extrudido para isolamento t\u00e9rmico de pavimentos e coberturas.","robots":{"index":"index","follow":"follow","max-snippet":"max-snippet:-1","max-image-preview":"max-image-preview:large","max-video-preview":"max-video-preview:-1"},"canonical":"https:\/\/www.danosa.com\/pt-pt\/produto\/danopren-500\/","og_locale":"pt_PT","og_type":"article","og_title":"Isolamento XPS | Pavimentos e coberturas com isolamento t\u00e9rmico","og_description":"Isolamento XPS DANOPREN 500: placa r\u00edgida de espuma de poliestireno extrudido para isolamento t\u00e9rmico de pavimentos e coberturas.","og_url":"https:\/\/www.danosa.com\/pt-pt\/produto\/danopren-500\/","og_site_name":"Danosa | Solu\u00e7\u00f5es de constru\u00e7\u00e3o","twitter_card":"summary_large_image","schema":{"@context":"https:\/\/schema.org","@graph":[{"@type":"WebSite","@id":"https:\/\/www.danosa.com\/pt-pt\/#website","url":"https:\/\/www.danosa.com\/pt-pt\/","name":"Danosa | Solu\u00e7\u00f5es de constru\u00e7\u00e3o","description":"Impermeabiliza\u00e7\u00e3o, isolamento ac\u00fastico e t\u00e9rmico","potentialAction":[{"@type":"SearchAction","target":{"@type":"EntryPoint","urlTemplate":"https:\/\/www.danosa.com\/pt-pt\/?s={search_term_string}"},"query-input":"required name=search_term_string"}],"inLanguage":"pt-PT"},{"@type":"WebPage","@id":"https:\/\/www.danosa.com\/pt-pt\/produto\/danopren-500\/#webpage","url":"https:\/\/www.danosa.com\/pt-pt\/produto\/danopren-500\/","name":"Isolamento XPS | Pavimentos e coberturas com isolamento t\u00e9rmico","isPartOf":{"@id":"https:\/\/www.danosa.com\/pt-pt\/#website"},"datePublished":"2026-04-09T03:21:34+00:00","dateModified":"2026-04-09T03:21:34+00:00","description":"Isolamento XPS DANOPREN 500: placa r\u00edgida de espuma de poliestireno extrudido para isolamento t\u00e9rmico de pavimentos e coberturas.","breadcrumb":{"@id":"https:\/\/www.danosa.com\/pt-pt\/produto\/danopren-500\/#breadcrumb"},"inLanguage":"pt-PT","potentialAction":[{"@type":"ReadAction","target":["https:\/\/www.danosa.com\/pt-pt\/produto\/danopren-500\/"]}]},{"@type":"BreadcrumbList","@id":"https:\/\/www.danosa.com\/pt-pt\/produto\/danopren-500\/#breadcrumb","itemListElement":[{"@type":"ListItem","position":1,"name":"Portada","item":"https:\/\/www.danosa.com\/pt-pt\/"},{"@type":"ListItem","position":2,"name":"DANOPREN 500"}]}]}},"_links":{"self":[{"href":"https:\/\/www.danosa.com\/pt-pt\/wp-json\/wp\/v2\/product\/3993"}],"collection":[{"href":"https:\/\/www.danosa.com\/pt-pt\/wp-json\/wp\/v2\/product"}],"about":[{"href":"https:\/\/www.danosa.com\/pt-pt\/wp-json\/wp\/v2\/types\/product"}],"wp:attachment":[{"href":"https:\/\/www.danosa.com\/pt-pt\/wp-json\/wp\/v2\/media?parent=3993"}],"wp:term":[{"taxonomy":"family","embeddable":true,"href":"https:\/\/www.danosa.com\/pt-pt\/wp-json\/wp\/v2\/family?post=3993"},{"taxonomy":"product_notice","embeddable":true,"href":"https:\/\/www.danosa.com\/pt-pt\/wp-json\/wp\/v2\/product_notice?post=3993"},{"taxonomy":"product_icon","embeddable":true,"href":"https:\/\/www.danosa.com\/pt-pt\/wp-json\/wp\/v2\/product_icon?post=3993"},{"taxonomy":"product_application","embeddable":true,"href":"https:\/\/www.danosa.com\/pt-pt\/wp-json\/wp\/v2\/product_application?post=3993"},{"taxonomy":"product_standards_certification","embeddable":true,"href":"https:\/\/www.danosa.com\/pt-pt\/wp-json\/wp\/v2\/product_standards_certification?post=3993"},{"taxonomy":"product_benefits","embeddable":true,"href":"https:\/\/www.danosa.com\/pt-pt\/wp-json\/wp\/v2\/product_benefits?post=3993"},{"taxonomy":"product_support","embeddable":true,"href":"https:\/\/www.danosa.com\/pt-pt\/wp-json\/wp\/v2\/product_support?post=3993"},{"taxonomy":"product_substrate_preparation","embeddable":true,"href":"https:\/\/www.danosa.com\/pt-pt\/wp-json\/wp\/v2\/product_substrate_preparation?post=3993"},{"taxonomy":"product_important_indications","embeddable":true,"href":"https:\/\/www.danosa.com\/pt-pt\/wp-json\/wp\/v2\/product_important_indications?post=3993"},{"taxonomy":"product_conservation","embeddable":true,"href":"https:\/\/www.danosa.com\/pt-pt\/wp-json\/wp\/v2\/product_conservation?post=3993"},{"taxonomy":"product_warning","embeddable":true,"href":"https:\/\/www.danosa.com\/pt-pt\/wp-json\/wp\/v2\/product_warning?post=3993"},{"taxonomy":"product_safety_hygiene","embeddable":true,"href":"https:\/\/www.danosa.com\/pt-pt\/wp-json\/wp\/v2\/product_safety_hygiene?post=3993"},{"taxonomy":"system_certification","embeddable":true,"href":"https:\/\/www.danosa.com\/pt-pt\/wp-json\/wp\/v2\/system_certification?post=3993"},{"taxonomy":"product_maintenance","embeddable":true,"href":"https:\/\/www.danosa.com\/pt-pt\/wp-json\/wp\/v2\/product_maintenance?post=3993"},{"taxonomy":"product_safety_datasheet","embeddable":true,"href":"https:\/\/www.danosa.com\/pt-pt\/wp-json\/wp\/v2\/product_safety_datasheet?post=3993"},{"taxonomy":"filter_special_uses","embeddable":true,"href":"https:\/\/www.danosa.com\/pt-pt\/wp-json\/wp\/v2\/filter_special_uses?post=3993"}],"curies":[{"name":"wp","href":"https:\/\/api.w.org\/{rel}","templated":true}]}}