{"id":3999,"date":"2026-04-09T04:21:34","date_gmt":"2026-04-09T03:21:34","guid":{"rendered":"https:\/\/www.danosa.com\/pt-pt\/blog\/product\/danoprimer-pu\/"},"modified":"2026-04-09T04:21:35","modified_gmt":"2026-04-09T03:21:35","slug":"danoprimer-pu","status":"publish","type":"product","link":"https:\/\/www.danosa.com\/pt-pt\/produto\/danoprimer-pu\/","title":{"rendered":"DANOPRIMER PU"},"content":{"rendered":"<p>Prim\u00e1rio de poliuretano monocomponente isento de solvente, de baixa viscosidade, com excelente ader\u00eancia, elevada resist\u00eancia ao impacto e compat\u00edvel com sistemas DANOCOAT\u00ae e DANOPUR\u00ae.<\/p>\n","protected":false},"excerpt":{"rendered":"<p>Prim\u00e1rio de poliuretano de elevada ader\u00eancia para suportes de baixa porosidade<\/p>\n","protected":false},"featured_media":0,"parent":0,"menu_order":0,"template":"","meta":{"inline_featured_image":false,"site-sidebar-layout":"default","site-content-layout":"default","ast-main-header-display":"","ast-hfb-above-header-display":"","ast-hfb-below-header-display":"","ast-hfb-mobile-header-display":"","site-post-title":"","ast-breadcrumbs-content":"","ast-featured-img":"","footer-sml-layout":"","theme-transparent-header-meta":"","adv-header-id-meta":"","stick-header-meta":"","header-above-stick-meta":"","header-main-stick-meta":"","header-below-stick-meta":""},"family":[62910],"product_notice":[120531],"product_icon":[],"product_application":[119270,119462,119463,119524],"product_standards_certification":[],"product_benefits":[118698,118712,118721,119042],"product_support":[120272,120274,120286,120324,120343,120344,120346,120355],"product_substrate_preparation":[],"product_important_indications":[],"product_conservation":[119904,119991],"product_warning":[120270],"product_safety_hygiene":[],"system_certification":[6758],"product_maintenance":[],"product_safety_datasheet":[3500],"filter_special_uses":[],"acf":[],"yoast_head":"<!-- This site is optimized with the Yoast SEO plugin v18.1 - https:\/\/yoast.com\/wordpress\/plugins\/seo\/ -->\n<title>Prim\u00e1rio de poliuretano suporta baixa porosidade | DANOPRIMER PU<\/title>\n<meta name=\"description\" content=\"Prim\u00e1rio poliuret\u00e2nico monocomponente de elevada ader\u00eancia para suportes de baixa porosidade. Isento de solventes. Alta resist\u00eancia impacto.\" \/>\n<meta name=\"robots\" content=\"index, follow, max-snippet:-1, max-image-preview:large, max-video-preview:-1\" \/>\n<link rel=\"canonical\" href=\"https:\/\/www.danosa.com\/pt-pt\/produto\/danoprimer-pu\/\" \/>\n<meta property=\"og:locale\" content=\"pt_PT\" \/>\n<meta property=\"og:type\" content=\"article\" \/>\n<meta property=\"og:title\" content=\"Prim\u00e1rio de poliuretano suporta baixa porosidade | DANOPRIMER PU\" \/>\n<meta property=\"og:description\" content=\"Prim\u00e1rio poliuret\u00e2nico monocomponente de elevada ader\u00eancia para suportes de baixa porosidade. Isento de solventes. Alta resist\u00eancia impacto.\" \/>\n<meta property=\"og:url\" content=\"https:\/\/www.danosa.com\/pt-pt\/produto\/danoprimer-pu\/\" \/>\n<meta property=\"og:site_name\" content=\"Danosa | Solu\u00e7\u00f5es de constru\u00e7\u00e3o\" \/>\n<meta property=\"article:modified_time\" content=\"2026-04-09T03:21:35+00:00\" \/>\n<meta name=\"twitter:card\" content=\"summary_large_image\" \/>\n<script type=\"application\/ld+json\" class=\"yoast-schema-graph\">{\"@context\":\"https:\/\/schema.org\",\"@graph\":[{\"@type\":\"WebSite\",\"@id\":\"https:\/\/www.danosa.com\/pt-pt\/#website\",\"url\":\"https:\/\/www.danosa.com\/pt-pt\/\",\"name\":\"Danosa | Solu\u00e7\u00f5es de constru\u00e7\u00e3o\",\"description\":\"Impermeabiliza\u00e7\u00e3o, isolamento ac\u00fastico e t\u00e9rmico\",\"potentialAction\":[{\"@type\":\"SearchAction\",\"target\":{\"@type\":\"EntryPoint\",\"urlTemplate\":\"https:\/\/www.danosa.com\/pt-pt\/?s={search_term_string}\"},\"query-input\":\"required name=search_term_string\"}],\"inLanguage\":\"pt-PT\"},{\"@type\":\"WebPage\",\"@id\":\"https:\/\/www.danosa.com\/pt-pt\/produto\/danoprimer-pu\/#webpage\",\"url\":\"https:\/\/www.danosa.com\/pt-pt\/produto\/danoprimer-pu\/\",\"name\":\"Prim\u00e1rio de poliuretano suporta baixa porosidade | DANOPRIMER PU\",\"isPartOf\":{\"@id\":\"https:\/\/www.danosa.com\/pt-pt\/#website\"},\"datePublished\":\"2026-04-09T03:21:34+00:00\",\"dateModified\":\"2026-04-09T03:21:35+00:00\",\"description\":\"Prim\u00e1rio poliuret\u00e2nico monocomponente de elevada ader\u00eancia para suportes de baixa porosidade. Isento de solventes. Alta resist\u00eancia impacto.\",\"breadcrumb\":{\"@id\":\"https:\/\/www.danosa.com\/pt-pt\/produto\/danoprimer-pu\/#breadcrumb\"},\"inLanguage\":\"pt-PT\",\"potentialAction\":[{\"@type\":\"ReadAction\",\"target\":[\"https:\/\/www.danosa.com\/pt-pt\/produto\/danoprimer-pu\/\"]}]},{\"@type\":\"BreadcrumbList\",\"@id\":\"https:\/\/www.danosa.com\/pt-pt\/produto\/danoprimer-pu\/#breadcrumb\",\"itemListElement\":[{\"@type\":\"ListItem\",\"position\":1,\"name\":\"Portada\",\"item\":\"https:\/\/www.danosa.com\/pt-pt\/\"},{\"@type\":\"ListItem\",\"position\":2,\"name\":\"DANOPRIMER PU\"}]}]}<\/script>\n<!-- \/ Yoast SEO plugin. -->","yoast_head_json":{"title":"Prim\u00e1rio de poliuretano suporta baixa porosidade | DANOPRIMER PU","description":"Prim\u00e1rio poliuret\u00e2nico monocomponente de elevada ader\u00eancia para suportes de baixa porosidade. Isento de solventes. Alta resist\u00eancia impacto.","robots":{"index":"index","follow":"follow","max-snippet":"max-snippet:-1","max-image-preview":"max-image-preview:large","max-video-preview":"max-video-preview:-1"},"canonical":"https:\/\/www.danosa.com\/pt-pt\/produto\/danoprimer-pu\/","og_locale":"pt_PT","og_type":"article","og_title":"Prim\u00e1rio de poliuretano suporta baixa porosidade | DANOPRIMER PU","og_description":"Prim\u00e1rio poliuret\u00e2nico monocomponente de elevada ader\u00eancia para suportes de baixa porosidade. Isento de solventes. Alta resist\u00eancia impacto.","og_url":"https:\/\/www.danosa.com\/pt-pt\/produto\/danoprimer-pu\/","og_site_name":"Danosa | Solu\u00e7\u00f5es de constru\u00e7\u00e3o","article_modified_time":"2026-04-09T03:21:35+00:00","twitter_card":"summary_large_image","schema":{"@context":"https:\/\/schema.org","@graph":[{"@type":"WebSite","@id":"https:\/\/www.danosa.com\/pt-pt\/#website","url":"https:\/\/www.danosa.com\/pt-pt\/","name":"Danosa | Solu\u00e7\u00f5es de constru\u00e7\u00e3o","description":"Impermeabiliza\u00e7\u00e3o, isolamento ac\u00fastico e t\u00e9rmico","potentialAction":[{"@type":"SearchAction","target":{"@type":"EntryPoint","urlTemplate":"https:\/\/www.danosa.com\/pt-pt\/?s={search_term_string}"},"query-input":"required name=search_term_string"}],"inLanguage":"pt-PT"},{"@type":"WebPage","@id":"https:\/\/www.danosa.com\/pt-pt\/produto\/danoprimer-pu\/#webpage","url":"https:\/\/www.danosa.com\/pt-pt\/produto\/danoprimer-pu\/","name":"Prim\u00e1rio de poliuretano suporta baixa porosidade | DANOPRIMER PU","isPartOf":{"@id":"https:\/\/www.danosa.com\/pt-pt\/#website"},"datePublished":"2026-04-09T03:21:34+00:00","dateModified":"2026-04-09T03:21:35+00:00","description":"Prim\u00e1rio poliuret\u00e2nico monocomponente de elevada ader\u00eancia para suportes de baixa porosidade. Isento de solventes. Alta resist\u00eancia impacto.","breadcrumb":{"@id":"https:\/\/www.danosa.com\/pt-pt\/produto\/danoprimer-pu\/#breadcrumb"},"inLanguage":"pt-PT","potentialAction":[{"@type":"ReadAction","target":["https:\/\/www.danosa.com\/pt-pt\/produto\/danoprimer-pu\/"]}]},{"@type":"BreadcrumbList","@id":"https:\/\/www.danosa.com\/pt-pt\/produto\/danoprimer-pu\/#breadcrumb","itemListElement":[{"@type":"ListItem","position":1,"name":"Portada","item":"https:\/\/www.danosa.com\/pt-pt\/"},{"@type":"ListItem","position":2,"name":"DANOPRIMER PU"}]}]}},"_links":{"self":[{"href":"https:\/\/www.danosa.com\/pt-pt\/wp-json\/wp\/v2\/product\/3999"}],"collection":[{"href":"https:\/\/www.danosa.com\/pt-pt\/wp-json\/wp\/v2\/product"}],"about":[{"href":"https:\/\/www.danosa.com\/pt-pt\/wp-json\/wp\/v2\/types\/product"}],"wp:attachment":[{"href":"https:\/\/www.danosa.com\/pt-pt\/wp-json\/wp\/v2\/media?parent=3999"}],"wp:term":[{"taxonomy":"family","embeddable":true,"href":"https:\/\/www.danosa.com\/pt-pt\/wp-json\/wp\/v2\/family?post=3999"},{"taxonomy":"product_notice","embeddable":true,"href":"https:\/\/www.danosa.com\/pt-pt\/wp-json\/wp\/v2\/product_notice?post=3999"},{"taxonomy":"product_icon","embeddable":true,"href":"https:\/\/www.danosa.com\/pt-pt\/wp-json\/wp\/v2\/product_icon?post=3999"},{"taxonomy":"product_application","embeddable":true,"href":"https:\/\/www.danosa.com\/pt-pt\/wp-json\/wp\/v2\/product_application?post=3999"},{"taxonomy":"product_standards_certification","embeddable":true,"href":"https:\/\/www.danosa.com\/pt-pt\/wp-json\/wp\/v2\/product_standards_certification?post=3999"},{"taxonomy":"product_benefits","embeddable":true,"href":"https:\/\/www.danosa.com\/pt-pt\/wp-json\/wp\/v2\/product_benefits?post=3999"},{"taxonomy":"product_support","embeddable":true,"href":"https:\/\/www.danosa.com\/pt-pt\/wp-json\/wp\/v2\/product_support?post=3999"},{"taxonomy":"product_substrate_preparation","embeddable":true,"href":"https:\/\/www.danosa.com\/pt-pt\/wp-json\/wp\/v2\/product_substrate_preparation?post=3999"},{"taxonomy":"product_important_indications","embeddable":true,"href":"https:\/\/www.danosa.com\/pt-pt\/wp-json\/wp\/v2\/product_important_indications?post=3999"},{"taxonomy":"product_conservation","embeddable":true,"href":"https:\/\/www.danosa.com\/pt-pt\/wp-json\/wp\/v2\/product_conservation?post=3999"},{"taxonomy":"product_warning","embeddable":true,"href":"https:\/\/www.danosa.com\/pt-pt\/wp-json\/wp\/v2\/product_warning?post=3999"},{"taxonomy":"product_safety_hygiene","embeddable":true,"href":"https:\/\/www.danosa.com\/pt-pt\/wp-json\/wp\/v2\/product_safety_hygiene?post=3999"},{"taxonomy":"system_certification","embeddable":true,"href":"https:\/\/www.danosa.com\/pt-pt\/wp-json\/wp\/v2\/system_certification?post=3999"},{"taxonomy":"product_maintenance","embeddable":true,"href":"https:\/\/www.danosa.com\/pt-pt\/wp-json\/wp\/v2\/product_maintenance?post=3999"},{"taxonomy":"product_safety_datasheet","embeddable":true,"href":"https:\/\/www.danosa.com\/pt-pt\/wp-json\/wp\/v2\/product_safety_datasheet?post=3999"},{"taxonomy":"filter_special_uses","embeddable":true,"href":"https:\/\/www.danosa.com\/pt-pt\/wp-json\/wp\/v2\/filter_special_uses?post=3999"}],"curies":[{"name":"wp","href":"https:\/\/api.w.org\/{rel}","templated":true}]}}