{"id":4005,"date":"2026-04-16T16:21:36","date_gmt":"2026-04-16T15:21:36","guid":{"rendered":"https:\/\/www.danosa.com\/pt-pt\/blog\/product\/danopur-pt\/"},"modified":"2026-04-16T16:21:38","modified_gmt":"2026-04-16T15:21:38","slug":"danopur-pt","status":"publish","type":"product","link":"https:\/\/www.danosa.com\/pt-pt\/produto\/danopur-pt\/","title":{"rendered":"DANOPUR PT"},"content":{"rendered":"<p>Membrana l\u00edquida impermeabilizante e de prote\u00e7\u00e3o, de poliuretano monocomponente de aplica\u00e7\u00e3o a frio, el\u00e1stica, adequado para tr\u00e1fego pedestre e de f\u00e1cil aplica\u00e7\u00e3o.<\/p>\n","protected":false},"excerpt":{"rendered":"<p>Membrana l\u00edquida para impermeabiliza\u00e7\u00e3o e prote\u00e7\u00e3o de coberturas transit\u00e1veis pedonais.<\/p>\n","protected":false},"featured_media":0,"parent":0,"menu_order":0,"template":"","meta":{"inline_featured_image":false,"site-sidebar-layout":"default","site-content-layout":"default","ast-main-header-display":"","ast-hfb-above-header-display":"","ast-hfb-below-header-display":"","ast-hfb-mobile-header-display":"","site-post-title":"","ast-breadcrumbs-content":"","ast-featured-img":"","footer-sml-layout":"","theme-transparent-header-meta":"","adv-header-id-meta":"","stick-header-meta":"","header-above-stick-meta":"","header-main-stick-meta":"","header-below-stick-meta":""},"family":[62915],"product_notice":[120531],"product_icon":[],"product_application":[119233,119243,119259,119262,119265,119381],"product_standards_certification":[],"product_benefits":[118498,118569,118662,118668,118697,118811,118840,118906,118908,118910],"product_support":[120274,120283,120299,120303,120306,120307,120313,120318,120355],"product_substrate_preparation":[],"product_important_indications":[],"product_conservation":[119899,120065],"product_warning":[120097,120109,120131,120144,120182,120208,120215,120270],"product_safety_hygiene":[],"system_certification":[],"product_maintenance":[],"product_safety_datasheet":[3540],"filter_special_uses":[],"acf":[],"yoast_head":"<!-- This site is optimized with the Yoast SEO plugin v18.1 - https:\/\/yoast.com\/wordpress\/plugins\/seo\/ -->\n<title>Tinta impermeabilizante de poliuretano | Terra\u00e7os e coberturas | Danopur<\/title>\n<meta name=\"description\" content=\"Tinta impermeabilizante de poliuretano para terra\u00e7os e coberturas pedonais. El\u00e1stico, monocomponente, aplica\u00e7\u00e3o a frio. Danosa.\" \/>\n<meta name=\"robots\" content=\"index, follow, max-snippet:-1, max-image-preview:large, max-video-preview:-1\" \/>\n<link rel=\"canonical\" href=\"https:\/\/www.danosa.com\/pt-pt\/produto\/danopur-pt\/\" \/>\n<meta property=\"og:locale\" content=\"pt_PT\" \/>\n<meta property=\"og:type\" content=\"article\" \/>\n<meta property=\"og:title\" content=\"Tinta impermeabilizante de poliuretano | Terra\u00e7os e coberturas | Danopur\" \/>\n<meta property=\"og:description\" content=\"Tinta impermeabilizante de poliuretano para terra\u00e7os e coberturas pedonais. El\u00e1stico, monocomponente, aplica\u00e7\u00e3o a frio. Danosa.\" \/>\n<meta property=\"og:url\" content=\"https:\/\/www.danosa.com\/pt-pt\/produto\/danopur-pt\/\" \/>\n<meta property=\"og:site_name\" content=\"Danosa | Solu\u00e7\u00f5es de constru\u00e7\u00e3o\" \/>\n<meta property=\"article:modified_time\" content=\"2026-04-16T15:21:38+00:00\" \/>\n<meta name=\"twitter:card\" content=\"summary_large_image\" \/>\n<script type=\"application\/ld+json\" class=\"yoast-schema-graph\">{\"@context\":\"https:\/\/schema.org\",\"@graph\":[{\"@type\":\"WebSite\",\"@id\":\"https:\/\/www.danosa.com\/pt-pt\/#website\",\"url\":\"https:\/\/www.danosa.com\/pt-pt\/\",\"name\":\"Danosa | Solu\u00e7\u00f5es de constru\u00e7\u00e3o\",\"description\":\"Impermeabiliza\u00e7\u00e3o, isolamento ac\u00fastico e t\u00e9rmico\",\"potentialAction\":[{\"@type\":\"SearchAction\",\"target\":{\"@type\":\"EntryPoint\",\"urlTemplate\":\"https:\/\/www.danosa.com\/pt-pt\/?s={search_term_string}\"},\"query-input\":\"required name=search_term_string\"}],\"inLanguage\":\"pt-PT\"},{\"@type\":\"WebPage\",\"@id\":\"https:\/\/www.danosa.com\/pt-pt\/produto\/danopur-pt\/#webpage\",\"url\":\"https:\/\/www.danosa.com\/pt-pt\/produto\/danopur-pt\/\",\"name\":\"Tinta impermeabilizante de poliuretano | Terra\u00e7os e coberturas | Danopur\",\"isPartOf\":{\"@id\":\"https:\/\/www.danosa.com\/pt-pt\/#website\"},\"datePublished\":\"2026-04-16T15:21:36+00:00\",\"dateModified\":\"2026-04-16T15:21:38+00:00\",\"description\":\"Tinta impermeabilizante de poliuretano para terra\u00e7os e coberturas pedonais. El\u00e1stico, monocomponente, aplica\u00e7\u00e3o a frio. Danosa.\",\"breadcrumb\":{\"@id\":\"https:\/\/www.danosa.com\/pt-pt\/produto\/danopur-pt\/#breadcrumb\"},\"inLanguage\":\"pt-PT\",\"potentialAction\":[{\"@type\":\"ReadAction\",\"target\":[\"https:\/\/www.danosa.com\/pt-pt\/produto\/danopur-pt\/\"]}]},{\"@type\":\"BreadcrumbList\",\"@id\":\"https:\/\/www.danosa.com\/pt-pt\/produto\/danopur-pt\/#breadcrumb\",\"itemListElement\":[{\"@type\":\"ListItem\",\"position\":1,\"name\":\"Portada\",\"item\":\"https:\/\/www.danosa.com\/pt-pt\/\"},{\"@type\":\"ListItem\",\"position\":2,\"name\":\"DANOPUR PT\"}]}]}<\/script>\n<!-- \/ Yoast SEO plugin. -->","yoast_head_json":{"title":"Tinta impermeabilizante de poliuretano | Terra\u00e7os e coberturas | Danopur","description":"Tinta impermeabilizante de poliuretano para terra\u00e7os e coberturas pedonais. El\u00e1stico, monocomponente, aplica\u00e7\u00e3o a frio. Danosa.","robots":{"index":"index","follow":"follow","max-snippet":"max-snippet:-1","max-image-preview":"max-image-preview:large","max-video-preview":"max-video-preview:-1"},"canonical":"https:\/\/www.danosa.com\/pt-pt\/produto\/danopur-pt\/","og_locale":"pt_PT","og_type":"article","og_title":"Tinta impermeabilizante de poliuretano | Terra\u00e7os e coberturas | Danopur","og_description":"Tinta impermeabilizante de poliuretano para terra\u00e7os e coberturas pedonais. El\u00e1stico, monocomponente, aplica\u00e7\u00e3o a frio. Danosa.","og_url":"https:\/\/www.danosa.com\/pt-pt\/produto\/danopur-pt\/","og_site_name":"Danosa | Solu\u00e7\u00f5es de constru\u00e7\u00e3o","article_modified_time":"2026-04-16T15:21:38+00:00","twitter_card":"summary_large_image","schema":{"@context":"https:\/\/schema.org","@graph":[{"@type":"WebSite","@id":"https:\/\/www.danosa.com\/pt-pt\/#website","url":"https:\/\/www.danosa.com\/pt-pt\/","name":"Danosa | Solu\u00e7\u00f5es de constru\u00e7\u00e3o","description":"Impermeabiliza\u00e7\u00e3o, isolamento ac\u00fastico e t\u00e9rmico","potentialAction":[{"@type":"SearchAction","target":{"@type":"EntryPoint","urlTemplate":"https:\/\/www.danosa.com\/pt-pt\/?s={search_term_string}"},"query-input":"required name=search_term_string"}],"inLanguage":"pt-PT"},{"@type":"WebPage","@id":"https:\/\/www.danosa.com\/pt-pt\/produto\/danopur-pt\/#webpage","url":"https:\/\/www.danosa.com\/pt-pt\/produto\/danopur-pt\/","name":"Tinta impermeabilizante de poliuretano | Terra\u00e7os e coberturas | Danopur","isPartOf":{"@id":"https:\/\/www.danosa.com\/pt-pt\/#website"},"datePublished":"2026-04-16T15:21:36+00:00","dateModified":"2026-04-16T15:21:38+00:00","description":"Tinta impermeabilizante de poliuretano para terra\u00e7os e coberturas pedonais. El\u00e1stico, monocomponente, aplica\u00e7\u00e3o a frio. Danosa.","breadcrumb":{"@id":"https:\/\/www.danosa.com\/pt-pt\/produto\/danopur-pt\/#breadcrumb"},"inLanguage":"pt-PT","potentialAction":[{"@type":"ReadAction","target":["https:\/\/www.danosa.com\/pt-pt\/produto\/danopur-pt\/"]}]},{"@type":"BreadcrumbList","@id":"https:\/\/www.danosa.com\/pt-pt\/produto\/danopur-pt\/#breadcrumb","itemListElement":[{"@type":"ListItem","position":1,"name":"Portada","item":"https:\/\/www.danosa.com\/pt-pt\/"},{"@type":"ListItem","position":2,"name":"DANOPUR PT"}]}]}},"_links":{"self":[{"href":"https:\/\/www.danosa.com\/pt-pt\/wp-json\/wp\/v2\/product\/4005"}],"collection":[{"href":"https:\/\/www.danosa.com\/pt-pt\/wp-json\/wp\/v2\/product"}],"about":[{"href":"https:\/\/www.danosa.com\/pt-pt\/wp-json\/wp\/v2\/types\/product"}],"wp:attachment":[{"href":"https:\/\/www.danosa.com\/pt-pt\/wp-json\/wp\/v2\/media?parent=4005"}],"wp:term":[{"taxonomy":"family","embeddable":true,"href":"https:\/\/www.danosa.com\/pt-pt\/wp-json\/wp\/v2\/family?post=4005"},{"taxonomy":"product_notice","embeddable":true,"href":"https:\/\/www.danosa.com\/pt-pt\/wp-json\/wp\/v2\/product_notice?post=4005"},{"taxonomy":"product_icon","embeddable":true,"href":"https:\/\/www.danosa.com\/pt-pt\/wp-json\/wp\/v2\/product_icon?post=4005"},{"taxonomy":"product_application","embeddable":true,"href":"https:\/\/www.danosa.com\/pt-pt\/wp-json\/wp\/v2\/product_application?post=4005"},{"taxonomy":"product_standards_certification","embeddable":true,"href":"https:\/\/www.danosa.com\/pt-pt\/wp-json\/wp\/v2\/product_standards_certification?post=4005"},{"taxonomy":"product_benefits","embeddable":true,"href":"https:\/\/www.danosa.com\/pt-pt\/wp-json\/wp\/v2\/product_benefits?post=4005"},{"taxonomy":"product_support","embeddable":true,"href":"https:\/\/www.danosa.com\/pt-pt\/wp-json\/wp\/v2\/product_support?post=4005"},{"taxonomy":"product_substrate_preparation","embeddable":true,"href":"https:\/\/www.danosa.com\/pt-pt\/wp-json\/wp\/v2\/product_substrate_preparation?post=4005"},{"taxonomy":"product_important_indications","embeddable":true,"href":"https:\/\/www.danosa.com\/pt-pt\/wp-json\/wp\/v2\/product_important_indications?post=4005"},{"taxonomy":"product_conservation","embeddable":true,"href":"https:\/\/www.danosa.com\/pt-pt\/wp-json\/wp\/v2\/product_conservation?post=4005"},{"taxonomy":"product_warning","embeddable":true,"href":"https:\/\/www.danosa.com\/pt-pt\/wp-json\/wp\/v2\/product_warning?post=4005"},{"taxonomy":"product_safety_hygiene","embeddable":true,"href":"https:\/\/www.danosa.com\/pt-pt\/wp-json\/wp\/v2\/product_safety_hygiene?post=4005"},{"taxonomy":"system_certification","embeddable":true,"href":"https:\/\/www.danosa.com\/pt-pt\/wp-json\/wp\/v2\/system_certification?post=4005"},{"taxonomy":"product_maintenance","embeddable":true,"href":"https:\/\/www.danosa.com\/pt-pt\/wp-json\/wp\/v2\/product_maintenance?post=4005"},{"taxonomy":"product_safety_datasheet","embeddable":true,"href":"https:\/\/www.danosa.com\/pt-pt\/wp-json\/wp\/v2\/product_safety_datasheet?post=4005"},{"taxonomy":"filter_special_uses","embeddable":true,"href":"https:\/\/www.danosa.com\/pt-pt\/wp-json\/wp\/v2\/filter_special_uses?post=4005"}],"curies":[{"name":"wp","href":"https:\/\/api.w.org\/{rel}","templated":true}]}}