{"id":4037,"date":"2026-04-09T04:21:46","date_gmt":"2026-04-09T03:21:46","guid":{"rendered":"https:\/\/www.danosa.com\/pt-pt\/blog\/product\/esterdan-plus-40-gp-elast\/"},"modified":"2026-04-09T04:21:47","modified_gmt":"2026-04-09T03:21:47","slug":"esterdan-plus-40-gp-elast","status":"publish","type":"product","link":"https:\/\/www.danosa.com\/pt-pt\/produto\/esterdan-plus-40-gp-elast\/","title":{"rendered":"ESTERDAN PLUS 40\/GP ELAST"},"content":{"rendered":"<p>O ESTERDAN PLUS 40\/GP ELAST.\u00a0\u00e9 uma\u00a0membrana impermeabilizante betuminosa de superf\u00edcie auto-protegida de 4.0 kg\/m\u00b2.<br \/>\n\u00c9\u00a0composta por uma armadura de feltro de poli\u00e9ster refor\u00e7ado, recoberta\u00a0nas duas faces\u00a0com um m\u00e1stico de betume modificado com elast\u00f3meros (SBS), usando como material de protec\u00e7\u00e3o\u00a0na face externa da membrana, ardosia. Como material anti-aderente,\u00a0na face\u00a0interna\u00a0usa-se um filme pl\u00e1stico.<\/p>\n","protected":false},"excerpt":{"rendered":"<p>Membrana\u00a0impermeabilizante de betume modificado com elast\u00f3meros (SBS) com auto-protec\u00e7\u00e3o mineral.<\/p>\n","protected":false},"featured_media":0,"parent":0,"menu_order":0,"template":"","meta":{"inline_featured_image":false,"site-sidebar-layout":"default","site-content-layout":"default","ast-main-header-display":"","ast-hfb-above-header-display":"","ast-hfb-below-header-display":"","ast-hfb-mobile-header-display":"","site-post-title":"","ast-breadcrumbs-content":"","ast-featured-img":"","footer-sml-layout":"","theme-transparent-header-meta":"","adv-header-id-meta":"","stick-header-meta":"","header-above-stick-meta":"","header-main-stick-meta":"","header-below-stick-meta":""},"family":[6782],"product_notice":[120531],"product_icon":[],"product_application":[119133,119316,119320],"product_standards_certification":[120767,120780,120784,120794,120801,120809,120813],"product_benefits":[118512,118537,118608,118732,118735,118741,118820,118842],"product_support":[120292,120336,120343,120345],"product_substrate_preparation":[],"product_important_indications":[119648,119650,119652,119654,119678,119702,119726,119746,119747,119785,119798,119801,119825,119885],"product_conservation":[119898,119924,119931,119983,120016],"product_warning":[120163],"product_safety_hygiene":[],"system_certification":[99851,88259,7128,6851,6750,6756,6848,104579],"product_maintenance":[40592],"product_safety_datasheet":[4867],"filter_special_uses":[],"acf":[],"yoast_head":"<!-- This site is optimized with the Yoast SEO plugin v18.1 - https:\/\/yoast.com\/wordpress\/plugins\/seo\/ -->\n<title>Tela asfaltica autoprotegida | Esterdan Plus 40\/GP ELAST | Danosa<\/title>\n<meta name=\"description\" content=\"Tela asfaltica autoprotegida de betume elastom\u00e9rico SBS. Adequado para telhados com prote\u00e7\u00e3o fortemente aderida, n\u00e3o aderida ou flutuante.\" \/>\n<meta name=\"robots\" content=\"index, follow, max-snippet:-1, max-image-preview:large, max-video-preview:-1\" \/>\n<link rel=\"canonical\" href=\"https:\/\/www.danosa.com\/pt-pt\/produto\/esterdan-plus-40-gp-elast\/\" \/>\n<meta property=\"og:locale\" content=\"pt_PT\" \/>\n<meta property=\"og:type\" content=\"article\" \/>\n<meta property=\"og:title\" content=\"Tela asfaltica autoprotegida | Esterdan Plus 40\/GP ELAST | Danosa\" \/>\n<meta property=\"og:description\" content=\"Tela asfaltica autoprotegida de betume elastom\u00e9rico SBS. Adequado para telhados com prote\u00e7\u00e3o fortemente aderida, n\u00e3o aderida ou flutuante.\" \/>\n<meta property=\"og:url\" content=\"https:\/\/www.danosa.com\/pt-pt\/produto\/esterdan-plus-40-gp-elast\/\" \/>\n<meta property=\"og:site_name\" content=\"Danosa | Solu\u00e7\u00f5es de constru\u00e7\u00e3o\" \/>\n<meta property=\"article:modified_time\" content=\"2026-04-09T03:21:47+00:00\" \/>\n<meta name=\"twitter:card\" content=\"summary_large_image\" \/>\n<script type=\"application\/ld+json\" class=\"yoast-schema-graph\">{\"@context\":\"https:\/\/schema.org\",\"@graph\":[{\"@type\":\"WebSite\",\"@id\":\"https:\/\/www.danosa.com\/pt-pt\/#website\",\"url\":\"https:\/\/www.danosa.com\/pt-pt\/\",\"name\":\"Danosa | Solu\u00e7\u00f5es de constru\u00e7\u00e3o\",\"description\":\"Impermeabiliza\u00e7\u00e3o, isolamento ac\u00fastico e t\u00e9rmico\",\"potentialAction\":[{\"@type\":\"SearchAction\",\"target\":{\"@type\":\"EntryPoint\",\"urlTemplate\":\"https:\/\/www.danosa.com\/pt-pt\/?s={search_term_string}\"},\"query-input\":\"required name=search_term_string\"}],\"inLanguage\":\"pt-PT\"},{\"@type\":\"WebPage\",\"@id\":\"https:\/\/www.danosa.com\/pt-pt\/produto\/esterdan-plus-40-gp-elast\/#webpage\",\"url\":\"https:\/\/www.danosa.com\/pt-pt\/produto\/esterdan-plus-40-gp-elast\/\",\"name\":\"Tela asfaltica autoprotegida | Esterdan Plus 40\/GP ELAST | Danosa\",\"isPartOf\":{\"@id\":\"https:\/\/www.danosa.com\/pt-pt\/#website\"},\"datePublished\":\"2026-04-09T03:21:46+00:00\",\"dateModified\":\"2026-04-09T03:21:47+00:00\",\"description\":\"Tela asfaltica autoprotegida de betume elastom\u00e9rico SBS. Adequado para telhados com prote\u00e7\u00e3o fortemente aderida, n\u00e3o aderida ou flutuante.\",\"breadcrumb\":{\"@id\":\"https:\/\/www.danosa.com\/pt-pt\/produto\/esterdan-plus-40-gp-elast\/#breadcrumb\"},\"inLanguage\":\"pt-PT\",\"potentialAction\":[{\"@type\":\"ReadAction\",\"target\":[\"https:\/\/www.danosa.com\/pt-pt\/produto\/esterdan-plus-40-gp-elast\/\"]}]},{\"@type\":\"BreadcrumbList\",\"@id\":\"https:\/\/www.danosa.com\/pt-pt\/produto\/esterdan-plus-40-gp-elast\/#breadcrumb\",\"itemListElement\":[{\"@type\":\"ListItem\",\"position\":1,\"name\":\"Portada\",\"item\":\"https:\/\/www.danosa.com\/pt-pt\/\"},{\"@type\":\"ListItem\",\"position\":2,\"name\":\"ESTERDAN PLUS 40\/GP ELAST\"}]}]}<\/script>\n<!-- \/ Yoast SEO plugin. -->","yoast_head_json":{"title":"Tela asfaltica autoprotegida | Esterdan Plus 40\/GP ELAST | Danosa","description":"Tela asfaltica autoprotegida de betume elastom\u00e9rico SBS. Adequado para telhados com prote\u00e7\u00e3o fortemente aderida, n\u00e3o aderida ou flutuante.","robots":{"index":"index","follow":"follow","max-snippet":"max-snippet:-1","max-image-preview":"max-image-preview:large","max-video-preview":"max-video-preview:-1"},"canonical":"https:\/\/www.danosa.com\/pt-pt\/produto\/esterdan-plus-40-gp-elast\/","og_locale":"pt_PT","og_type":"article","og_title":"Tela asfaltica autoprotegida | Esterdan Plus 40\/GP ELAST | Danosa","og_description":"Tela asfaltica autoprotegida de betume elastom\u00e9rico SBS. Adequado para telhados com prote\u00e7\u00e3o fortemente aderida, n\u00e3o aderida ou flutuante.","og_url":"https:\/\/www.danosa.com\/pt-pt\/produto\/esterdan-plus-40-gp-elast\/","og_site_name":"Danosa | Solu\u00e7\u00f5es de constru\u00e7\u00e3o","article_modified_time":"2026-04-09T03:21:47+00:00","twitter_card":"summary_large_image","schema":{"@context":"https:\/\/schema.org","@graph":[{"@type":"WebSite","@id":"https:\/\/www.danosa.com\/pt-pt\/#website","url":"https:\/\/www.danosa.com\/pt-pt\/","name":"Danosa | Solu\u00e7\u00f5es de constru\u00e7\u00e3o","description":"Impermeabiliza\u00e7\u00e3o, isolamento ac\u00fastico e t\u00e9rmico","potentialAction":[{"@type":"SearchAction","target":{"@type":"EntryPoint","urlTemplate":"https:\/\/www.danosa.com\/pt-pt\/?s={search_term_string}"},"query-input":"required name=search_term_string"}],"inLanguage":"pt-PT"},{"@type":"WebPage","@id":"https:\/\/www.danosa.com\/pt-pt\/produto\/esterdan-plus-40-gp-elast\/#webpage","url":"https:\/\/www.danosa.com\/pt-pt\/produto\/esterdan-plus-40-gp-elast\/","name":"Tela asfaltica autoprotegida | Esterdan Plus 40\/GP ELAST | Danosa","isPartOf":{"@id":"https:\/\/www.danosa.com\/pt-pt\/#website"},"datePublished":"2026-04-09T03:21:46+00:00","dateModified":"2026-04-09T03:21:47+00:00","description":"Tela asfaltica autoprotegida de betume elastom\u00e9rico SBS. Adequado para telhados com prote\u00e7\u00e3o fortemente aderida, n\u00e3o aderida ou flutuante.","breadcrumb":{"@id":"https:\/\/www.danosa.com\/pt-pt\/produto\/esterdan-plus-40-gp-elast\/#breadcrumb"},"inLanguage":"pt-PT","potentialAction":[{"@type":"ReadAction","target":["https:\/\/www.danosa.com\/pt-pt\/produto\/esterdan-plus-40-gp-elast\/"]}]},{"@type":"BreadcrumbList","@id":"https:\/\/www.danosa.com\/pt-pt\/produto\/esterdan-plus-40-gp-elast\/#breadcrumb","itemListElement":[{"@type":"ListItem","position":1,"name":"Portada","item":"https:\/\/www.danosa.com\/pt-pt\/"},{"@type":"ListItem","position":2,"name":"ESTERDAN PLUS 40\/GP ELAST"}]}]}},"_links":{"self":[{"href":"https:\/\/www.danosa.com\/pt-pt\/wp-json\/wp\/v2\/product\/4037"}],"collection":[{"href":"https:\/\/www.danosa.com\/pt-pt\/wp-json\/wp\/v2\/product"}],"about":[{"href":"https:\/\/www.danosa.com\/pt-pt\/wp-json\/wp\/v2\/types\/product"}],"wp:attachment":[{"href":"https:\/\/www.danosa.com\/pt-pt\/wp-json\/wp\/v2\/media?parent=4037"}],"wp:term":[{"taxonomy":"family","embeddable":true,"href":"https:\/\/www.danosa.com\/pt-pt\/wp-json\/wp\/v2\/family?post=4037"},{"taxonomy":"product_notice","embeddable":true,"href":"https:\/\/www.danosa.com\/pt-pt\/wp-json\/wp\/v2\/product_notice?post=4037"},{"taxonomy":"product_icon","embeddable":true,"href":"https:\/\/www.danosa.com\/pt-pt\/wp-json\/wp\/v2\/product_icon?post=4037"},{"taxonomy":"product_application","embeddable":true,"href":"https:\/\/www.danosa.com\/pt-pt\/wp-json\/wp\/v2\/product_application?post=4037"},{"taxonomy":"product_standards_certification","embeddable":true,"href":"https:\/\/www.danosa.com\/pt-pt\/wp-json\/wp\/v2\/product_standards_certification?post=4037"},{"taxonomy":"product_benefits","embeddable":true,"href":"https:\/\/www.danosa.com\/pt-pt\/wp-json\/wp\/v2\/product_benefits?post=4037"},{"taxonomy":"product_support","embeddable":true,"href":"https:\/\/www.danosa.com\/pt-pt\/wp-json\/wp\/v2\/product_support?post=4037"},{"taxonomy":"product_substrate_preparation","embeddable":true,"href":"https:\/\/www.danosa.com\/pt-pt\/wp-json\/wp\/v2\/product_substrate_preparation?post=4037"},{"taxonomy":"product_important_indications","embeddable":true,"href":"https:\/\/www.danosa.com\/pt-pt\/wp-json\/wp\/v2\/product_important_indications?post=4037"},{"taxonomy":"product_conservation","embeddable":true,"href":"https:\/\/www.danosa.com\/pt-pt\/wp-json\/wp\/v2\/product_conservation?post=4037"},{"taxonomy":"product_warning","embeddable":true,"href":"https:\/\/www.danosa.com\/pt-pt\/wp-json\/wp\/v2\/product_warning?post=4037"},{"taxonomy":"product_safety_hygiene","embeddable":true,"href":"https:\/\/www.danosa.com\/pt-pt\/wp-json\/wp\/v2\/product_safety_hygiene?post=4037"},{"taxonomy":"system_certification","embeddable":true,"href":"https:\/\/www.danosa.com\/pt-pt\/wp-json\/wp\/v2\/system_certification?post=4037"},{"taxonomy":"product_maintenance","embeddable":true,"href":"https:\/\/www.danosa.com\/pt-pt\/wp-json\/wp\/v2\/product_maintenance?post=4037"},{"taxonomy":"product_safety_datasheet","embeddable":true,"href":"https:\/\/www.danosa.com\/pt-pt\/wp-json\/wp\/v2\/product_safety_datasheet?post=4037"},{"taxonomy":"filter_special_uses","embeddable":true,"href":"https:\/\/www.danosa.com\/pt-pt\/wp-json\/wp\/v2\/filter_special_uses?post=4037"}],"curies":[{"name":"wp","href":"https:\/\/api.w.org\/{rel}","templated":true}]}}