{"id":4039,"date":"2026-04-09T04:21:46","date_gmt":"2026-04-09T03:21:46","guid":{"rendered":"https:\/\/www.danosa.com\/pt-pt\/blog\/product\/esterdan-plus-50-gp-elast-jardin-verde-2\/"},"modified":"2026-04-09T04:21:47","modified_gmt":"2026-04-09T03:21:47","slug":"esterdan-plus-50-gp-elast-jardin-verde","status":"publish","type":"product","link":"https:\/\/www.danosa.com\/pt-pt\/produto\/esterdan-plus-50-gp-elast-jardin-verde\/","title":{"rendered":"ESTERDAN PLUS 50\/GP ELAST JARDIN VERDE"},"content":{"rendered":"<p>O ESTERDAN PLUS 50\/GP ELAST. VERDE JARDIM\u00a0\u00e9 uma\u00a0membrana impermeabilizante betuminosa de superf\u00edcie auto-protegida de 5.0 kg\/m\u00b2. <br \/>\u00c9\u00a0composta por uma armadura de feltro de poli\u00e9ster refor\u00e7ado, recoberta\u00a0nas duas faces\u00a0com um m\u00e1stico de betume modificado com elast\u00f3meros (SBS), usando como material de protec\u00e7\u00e3o\u00a0na face externa da membrana, protec\u00e7\u00e3o mineral de cor verde. Como material anti-aderente,\u00a0na face\u00a0interna\u00a0usa-se um filme pl\u00e1stico. <br \/>O seu uso est\u00e1 especialmente indicado para jardins e todas aquelas situa\u00e7\u00f5es onde se preveja que possa existir vegeta\u00e7\u00e3o de algum tipo, j\u00e1 que o betume est\u00e1 aditivado com produtos especiais que repelem as ra\u00edzes.<\/p>\n","protected":false},"excerpt":{"rendered":"<p>Membrana\u00a0impermeabilizante de betume modificado com elast\u00f3meros (SBS) com auto-protec\u00e7\u00e3o mineral.<\/p>\n","protected":false},"featured_media":0,"parent":0,"menu_order":0,"template":"","meta":{"inline_featured_image":false,"site-sidebar-layout":"default","site-content-layout":"default","ast-main-header-display":"","ast-hfb-above-header-display":"","ast-hfb-below-header-display":"","ast-hfb-mobile-header-display":"","site-post-title":"","ast-breadcrumbs-content":"","ast-featured-img":"","footer-sml-layout":"","theme-transparent-header-meta":"","adv-header-id-meta":"","stick-header-meta":"","header-above-stick-meta":"","header-main-stick-meta":"","header-below-stick-meta":""},"family":[6782],"product_notice":[120531],"product_icon":[],"product_application":[119316,119320,119336,119338,126040],"product_standards_certification":[120780,120784,120794,120797,120799,120800],"product_benefits":[118511,118608,118731,118732,118735,118741,118748,118820,118842],"product_support":[120292,120343,120345],"product_substrate_preparation":[],"product_important_indications":[119648,119650,119652,119654,119659,119680,119702,119726,119742,119756,119785,119796,119798,119801,119825,119885],"product_conservation":[119898,119924,119931,119983,120016],"product_warning":[120163],"product_safety_hygiene":[],"system_certification":[88259,7128,102016,6750,6848],"product_maintenance":[40592],"product_safety_datasheet":[4867],"filter_special_uses":[6777,6778],"acf":[],"yoast_head":"<!-- This site is optimized with the Yoast SEO plugin v18.1 - https:\/\/yoast.com\/wordpress\/plugins\/seo\/ -->\n<title>ESTERDAN PLUS 50\/GP ELAST JARDIN VERDE - Danosa | Solu\u00e7\u00f5es de constru\u00e7\u00e3o<\/title>\n<meta name=\"robots\" content=\"index, follow, max-snippet:-1, max-image-preview:large, max-video-preview:-1\" \/>\n<link rel=\"canonical\" href=\"https:\/\/www.danosa.com\/pt-pt\/produto\/esterdan-plus-50-gp-elast-jardin-verde\/\" \/>\n<meta property=\"og:locale\" content=\"pt_PT\" \/>\n<meta property=\"og:type\" content=\"article\" \/>\n<meta property=\"og:title\" content=\"ESTERDAN PLUS 50\/GP ELAST JARDIN VERDE - Danosa | Solu\u00e7\u00f5es de constru\u00e7\u00e3o\" \/>\n<meta property=\"og:description\" content=\"Membrana\u00a0impermeabilizante de betume modificado com elast\u00f3meros (SBS) com auto-protec\u00e7\u00e3o mineral.\" \/>\n<meta property=\"og:url\" content=\"https:\/\/www.danosa.com\/pt-pt\/produto\/esterdan-plus-50-gp-elast-jardin-verde\/\" \/>\n<meta property=\"og:site_name\" content=\"Danosa | Solu\u00e7\u00f5es de constru\u00e7\u00e3o\" \/>\n<meta property=\"article:modified_time\" content=\"2026-04-09T03:21:47+00:00\" \/>\n<meta name=\"twitter:card\" content=\"summary_large_image\" \/>\n<meta name=\"twitter:label1\" content=\"Tempo estimado de leitura\" \/>\n\t<meta name=\"twitter:data1\" content=\"1 minuto\" \/>\n<script type=\"application\/ld+json\" class=\"yoast-schema-graph\">{\"@context\":\"https:\/\/schema.org\",\"@graph\":[{\"@type\":\"WebSite\",\"@id\":\"https:\/\/www.danosa.com\/pt-pt\/#website\",\"url\":\"https:\/\/www.danosa.com\/pt-pt\/\",\"name\":\"Danosa | Solu\u00e7\u00f5es de constru\u00e7\u00e3o\",\"description\":\"Impermeabiliza\u00e7\u00e3o, isolamento ac\u00fastico e t\u00e9rmico\",\"potentialAction\":[{\"@type\":\"SearchAction\",\"target\":{\"@type\":\"EntryPoint\",\"urlTemplate\":\"https:\/\/www.danosa.com\/pt-pt\/?s={search_term_string}\"},\"query-input\":\"required name=search_term_string\"}],\"inLanguage\":\"pt-PT\"},{\"@type\":\"WebPage\",\"@id\":\"https:\/\/www.danosa.com\/pt-pt\/produto\/esterdan-plus-50-gp-elast-jardin-verde\/#webpage\",\"url\":\"https:\/\/www.danosa.com\/pt-pt\/produto\/esterdan-plus-50-gp-elast-jardin-verde\/\",\"name\":\"ESTERDAN PLUS 50\/GP ELAST JARDIN VERDE - Danosa | Solu\u00e7\u00f5es de constru\u00e7\u00e3o\",\"isPartOf\":{\"@id\":\"https:\/\/www.danosa.com\/pt-pt\/#website\"},\"datePublished\":\"2026-04-09T03:21:46+00:00\",\"dateModified\":\"2026-04-09T03:21:47+00:00\",\"breadcrumb\":{\"@id\":\"https:\/\/www.danosa.com\/pt-pt\/produto\/esterdan-plus-50-gp-elast-jardin-verde\/#breadcrumb\"},\"inLanguage\":\"pt-PT\",\"potentialAction\":[{\"@type\":\"ReadAction\",\"target\":[\"https:\/\/www.danosa.com\/pt-pt\/produto\/esterdan-plus-50-gp-elast-jardin-verde\/\"]}]},{\"@type\":\"BreadcrumbList\",\"@id\":\"https:\/\/www.danosa.com\/pt-pt\/produto\/esterdan-plus-50-gp-elast-jardin-verde\/#breadcrumb\",\"itemListElement\":[{\"@type\":\"ListItem\",\"position\":1,\"name\":\"Portada\",\"item\":\"https:\/\/www.danosa.com\/pt-pt\/\"},{\"@type\":\"ListItem\",\"position\":2,\"name\":\"ESTERDAN PLUS 50\/GP ELAST JARDIN VERDE\"}]}]}<\/script>\n<!-- \/ Yoast SEO plugin. -->","yoast_head_json":{"title":"ESTERDAN PLUS 50\/GP ELAST JARDIN VERDE - Danosa | Solu\u00e7\u00f5es de constru\u00e7\u00e3o","robots":{"index":"index","follow":"follow","max-snippet":"max-snippet:-1","max-image-preview":"max-image-preview:large","max-video-preview":"max-video-preview:-1"},"canonical":"https:\/\/www.danosa.com\/pt-pt\/produto\/esterdan-plus-50-gp-elast-jardin-verde\/","og_locale":"pt_PT","og_type":"article","og_title":"ESTERDAN PLUS 50\/GP ELAST JARDIN VERDE - Danosa | Solu\u00e7\u00f5es de constru\u00e7\u00e3o","og_description":"Membrana\u00a0impermeabilizante de betume modificado com elast\u00f3meros (SBS) com auto-protec\u00e7\u00e3o mineral.","og_url":"https:\/\/www.danosa.com\/pt-pt\/produto\/esterdan-plus-50-gp-elast-jardin-verde\/","og_site_name":"Danosa | Solu\u00e7\u00f5es de constru\u00e7\u00e3o","article_modified_time":"2026-04-09T03:21:47+00:00","twitter_card":"summary_large_image","twitter_misc":{"Tempo estimado de leitura":"1 minuto"},"schema":{"@context":"https:\/\/schema.org","@graph":[{"@type":"WebSite","@id":"https:\/\/www.danosa.com\/pt-pt\/#website","url":"https:\/\/www.danosa.com\/pt-pt\/","name":"Danosa | Solu\u00e7\u00f5es de constru\u00e7\u00e3o","description":"Impermeabiliza\u00e7\u00e3o, isolamento ac\u00fastico e t\u00e9rmico","potentialAction":[{"@type":"SearchAction","target":{"@type":"EntryPoint","urlTemplate":"https:\/\/www.danosa.com\/pt-pt\/?s={search_term_string}"},"query-input":"required name=search_term_string"}],"inLanguage":"pt-PT"},{"@type":"WebPage","@id":"https:\/\/www.danosa.com\/pt-pt\/produto\/esterdan-plus-50-gp-elast-jardin-verde\/#webpage","url":"https:\/\/www.danosa.com\/pt-pt\/produto\/esterdan-plus-50-gp-elast-jardin-verde\/","name":"ESTERDAN PLUS 50\/GP ELAST JARDIN VERDE - Danosa | Solu\u00e7\u00f5es de constru\u00e7\u00e3o","isPartOf":{"@id":"https:\/\/www.danosa.com\/pt-pt\/#website"},"datePublished":"2026-04-09T03:21:46+00:00","dateModified":"2026-04-09T03:21:47+00:00","breadcrumb":{"@id":"https:\/\/www.danosa.com\/pt-pt\/produto\/esterdan-plus-50-gp-elast-jardin-verde\/#breadcrumb"},"inLanguage":"pt-PT","potentialAction":[{"@type":"ReadAction","target":["https:\/\/www.danosa.com\/pt-pt\/produto\/esterdan-plus-50-gp-elast-jardin-verde\/"]}]},{"@type":"BreadcrumbList","@id":"https:\/\/www.danosa.com\/pt-pt\/produto\/esterdan-plus-50-gp-elast-jardin-verde\/#breadcrumb","itemListElement":[{"@type":"ListItem","position":1,"name":"Portada","item":"https:\/\/www.danosa.com\/pt-pt\/"},{"@type":"ListItem","position":2,"name":"ESTERDAN PLUS 50\/GP ELAST JARDIN VERDE"}]}]}},"_links":{"self":[{"href":"https:\/\/www.danosa.com\/pt-pt\/wp-json\/wp\/v2\/product\/4039"}],"collection":[{"href":"https:\/\/www.danosa.com\/pt-pt\/wp-json\/wp\/v2\/product"}],"about":[{"href":"https:\/\/www.danosa.com\/pt-pt\/wp-json\/wp\/v2\/types\/product"}],"wp:attachment":[{"href":"https:\/\/www.danosa.com\/pt-pt\/wp-json\/wp\/v2\/media?parent=4039"}],"wp:term":[{"taxonomy":"family","embeddable":true,"href":"https:\/\/www.danosa.com\/pt-pt\/wp-json\/wp\/v2\/family?post=4039"},{"taxonomy":"product_notice","embeddable":true,"href":"https:\/\/www.danosa.com\/pt-pt\/wp-json\/wp\/v2\/product_notice?post=4039"},{"taxonomy":"product_icon","embeddable":true,"href":"https:\/\/www.danosa.com\/pt-pt\/wp-json\/wp\/v2\/product_icon?post=4039"},{"taxonomy":"product_application","embeddable":true,"href":"https:\/\/www.danosa.com\/pt-pt\/wp-json\/wp\/v2\/product_application?post=4039"},{"taxonomy":"product_standards_certification","embeddable":true,"href":"https:\/\/www.danosa.com\/pt-pt\/wp-json\/wp\/v2\/product_standards_certification?post=4039"},{"taxonomy":"product_benefits","embeddable":true,"href":"https:\/\/www.danosa.com\/pt-pt\/wp-json\/wp\/v2\/product_benefits?post=4039"},{"taxonomy":"product_support","embeddable":true,"href":"https:\/\/www.danosa.com\/pt-pt\/wp-json\/wp\/v2\/product_support?post=4039"},{"taxonomy":"product_substrate_preparation","embeddable":true,"href":"https:\/\/www.danosa.com\/pt-pt\/wp-json\/wp\/v2\/product_substrate_preparation?post=4039"},{"taxonomy":"product_important_indications","embeddable":true,"href":"https:\/\/www.danosa.com\/pt-pt\/wp-json\/wp\/v2\/product_important_indications?post=4039"},{"taxonomy":"product_conservation","embeddable":true,"href":"https:\/\/www.danosa.com\/pt-pt\/wp-json\/wp\/v2\/product_conservation?post=4039"},{"taxonomy":"product_warning","embeddable":true,"href":"https:\/\/www.danosa.com\/pt-pt\/wp-json\/wp\/v2\/product_warning?post=4039"},{"taxonomy":"product_safety_hygiene","embeddable":true,"href":"https:\/\/www.danosa.com\/pt-pt\/wp-json\/wp\/v2\/product_safety_hygiene?post=4039"},{"taxonomy":"system_certification","embeddable":true,"href":"https:\/\/www.danosa.com\/pt-pt\/wp-json\/wp\/v2\/system_certification?post=4039"},{"taxonomy":"product_maintenance","embeddable":true,"href":"https:\/\/www.danosa.com\/pt-pt\/wp-json\/wp\/v2\/product_maintenance?post=4039"},{"taxonomy":"product_safety_datasheet","embeddable":true,"href":"https:\/\/www.danosa.com\/pt-pt\/wp-json\/wp\/v2\/product_safety_datasheet?post=4039"},{"taxonomy":"filter_special_uses","embeddable":true,"href":"https:\/\/www.danosa.com\/pt-pt\/wp-json\/wp\/v2\/filter_special_uses?post=4039"}],"curies":[{"name":"wp","href":"https:\/\/api.w.org\/{rel}","templated":true}]}}