{"id":4055,"date":"2026-04-29T04:21:56","date_gmt":"2026-04-29T03:21:56","guid":{"rendered":"https:\/\/www.danosa.com\/pt-pt\/blog\/product\/glasdan-40-gp-erf-elast\/"},"modified":"2026-04-29T04:21:58","modified_gmt":"2026-04-29T03:21:58","slug":"glasdan-40-gp-erf-elast","status":"publish","type":"product","link":"https:\/\/www.danosa.com\/pt-pt\/produto\/glasdan-40-gp-erf-elast\/","title":{"rendered":"GLASDAN 40\/GP ERF ELAST"},"content":{"rendered":"<p>O GLASDAN 40\/GP ERF ELAST.\u00a0\u00e9 uma\u00a0membrana impermeabilizante betuminosa de superf\u00edcie auto-protegida de 4.0 kg\/m\u00b2.<br \/>\n\u00c9\u00a0composta por uma armadura de feltro de fibra de vidro, recoberta\u00a0nas duas faces\u00a0com um m\u00e1stico de betume modificado com elast\u00f3meros (SBS), usando como material de protec\u00e7\u00e3o\u00a0na face externa da membrana, protec\u00e7\u00e3o mineral. Como material anti-aderente,\u00a0na face\u00a0interna\u00a0usa-se um filme pl\u00e1stico.<\/p>\n","protected":false},"excerpt":{"rendered":"<p>Membrana\u00a0impermeabilizante de betume modificado com elast\u00f3meros (SBS) com auto-protec\u00e7\u00e3o mineral.<\/p>\n","protected":false},"featured_media":0,"parent":0,"menu_order":0,"template":"","meta":{"inline_featured_image":false,"site-sidebar-layout":"default","site-content-layout":"default","ast-main-header-display":"","ast-hfb-above-header-display":"","ast-hfb-below-header-display":"","ast-hfb-mobile-header-display":"","site-post-title":"","ast-breadcrumbs-content":"","ast-featured-img":"","footer-sml-layout":"","theme-transparent-header-meta":"","adv-header-id-meta":"","stick-header-meta":"","header-above-stick-meta":"","header-main-stick-meta":"","header-below-stick-meta":""},"family":[6782],"product_notice":[120531],"product_icon":[],"product_application":[119177,119318],"product_standards_certification":[120780,120794,120795,120801,120802,120813,120817],"product_benefits":[118608,118614,118755,118852],"product_support":[],"product_substrate_preparation":[],"product_important_indications":[119648,119650,119654,119680,119701,119702,119733,119746,119785,119801],"product_conservation":[119898,119924,119931,119932,119960,120004,120008,120009,120020,120021,120087,120088],"product_warning":[],"product_safety_hygiene":[],"system_certification":[99851,162657,6756,6848],"product_maintenance":[40592],"product_safety_datasheet":[4867],"filter_special_uses":[],"acf":[],"yoast_head":"<!-- This site is optimized with the Yoast SEO plugin v18.1 - https:\/\/yoast.com\/wordpress\/plugins\/seo\/ -->\n<title>Tela asf\u00e1ltica autoprotegida | GLASDAN 40\/GP ERF ELAST | Danosa<\/title>\n<meta name=\"description\" content=\"Tela asf\u00e1ltica autoprotegida composta por placa imperme\u00e1vel de betume elastom\u00e9rico SBS tipo LBM-40\/G-FV. Armadura de feltro de fibra de vidro\" \/>\n<meta name=\"robots\" content=\"index, follow, max-snippet:-1, max-image-preview:large, max-video-preview:-1\" \/>\n<link rel=\"canonical\" href=\"https:\/\/www.danosa.com\/pt-pt\/produto\/glasdan-40-gp-erf-elast\/\" \/>\n<meta property=\"og:locale\" content=\"pt_PT\" \/>\n<meta property=\"og:type\" content=\"article\" \/>\n<meta property=\"og:title\" content=\"Tela asf\u00e1ltica autoprotegida | GLASDAN 40\/GP ERF ELAST | Danosa\" \/>\n<meta property=\"og:description\" content=\"Tela asf\u00e1ltica autoprotegida composta por placa imperme\u00e1vel de betume elastom\u00e9rico SBS tipo LBM-40\/G-FV. Armadura de feltro de fibra de vidro\" \/>\n<meta property=\"og:url\" content=\"https:\/\/www.danosa.com\/pt-pt\/produto\/glasdan-40-gp-erf-elast\/\" \/>\n<meta property=\"og:site_name\" content=\"Danosa | Solu\u00e7\u00f5es de constru\u00e7\u00e3o\" \/>\n<meta property=\"article:modified_time\" content=\"2026-04-29T03:21:58+00:00\" \/>\n<meta name=\"twitter:card\" content=\"summary_large_image\" \/>\n<script type=\"application\/ld+json\" class=\"yoast-schema-graph\">{\"@context\":\"https:\/\/schema.org\",\"@graph\":[{\"@type\":\"WebSite\",\"@id\":\"https:\/\/www.danosa.com\/pt-pt\/#website\",\"url\":\"https:\/\/www.danosa.com\/pt-pt\/\",\"name\":\"Danosa | Solu\u00e7\u00f5es de constru\u00e7\u00e3o\",\"description\":\"Impermeabiliza\u00e7\u00e3o, isolamento ac\u00fastico e t\u00e9rmico\",\"potentialAction\":[{\"@type\":\"SearchAction\",\"target\":{\"@type\":\"EntryPoint\",\"urlTemplate\":\"https:\/\/www.danosa.com\/pt-pt\/?s={search_term_string}\"},\"query-input\":\"required name=search_term_string\"}],\"inLanguage\":\"pt-PT\"},{\"@type\":\"WebPage\",\"@id\":\"https:\/\/www.danosa.com\/pt-pt\/produto\/glasdan-40-gp-erf-elast\/#webpage\",\"url\":\"https:\/\/www.danosa.com\/pt-pt\/produto\/glasdan-40-gp-erf-elast\/\",\"name\":\"Tela asf\u00e1ltica autoprotegida | GLASDAN 40\/GP ERF ELAST | Danosa\",\"isPartOf\":{\"@id\":\"https:\/\/www.danosa.com\/pt-pt\/#website\"},\"datePublished\":\"2026-04-29T03:21:56+00:00\",\"dateModified\":\"2026-04-29T03:21:58+00:00\",\"description\":\"Tela asf\u00e1ltica autoprotegida composta por placa imperme\u00e1vel de betume elastom\u00e9rico SBS tipo LBM-40\/G-FV. Armadura de feltro de fibra de vidro\",\"breadcrumb\":{\"@id\":\"https:\/\/www.danosa.com\/pt-pt\/produto\/glasdan-40-gp-erf-elast\/#breadcrumb\"},\"inLanguage\":\"pt-PT\",\"potentialAction\":[{\"@type\":\"ReadAction\",\"target\":[\"https:\/\/www.danosa.com\/pt-pt\/produto\/glasdan-40-gp-erf-elast\/\"]}]},{\"@type\":\"BreadcrumbList\",\"@id\":\"https:\/\/www.danosa.com\/pt-pt\/produto\/glasdan-40-gp-erf-elast\/#breadcrumb\",\"itemListElement\":[{\"@type\":\"ListItem\",\"position\":1,\"name\":\"Portada\",\"item\":\"https:\/\/www.danosa.com\/pt-pt\/\"},{\"@type\":\"ListItem\",\"position\":2,\"name\":\"GLASDAN 40\/GP ERF ELAST\"}]}]}<\/script>\n<!-- \/ Yoast SEO plugin. -->","yoast_head_json":{"title":"Tela asf\u00e1ltica autoprotegida | GLASDAN 40\/GP ERF ELAST | Danosa","description":"Tela asf\u00e1ltica autoprotegida composta por placa imperme\u00e1vel de betume elastom\u00e9rico SBS tipo LBM-40\/G-FV. Armadura de feltro de fibra de vidro","robots":{"index":"index","follow":"follow","max-snippet":"max-snippet:-1","max-image-preview":"max-image-preview:large","max-video-preview":"max-video-preview:-1"},"canonical":"https:\/\/www.danosa.com\/pt-pt\/produto\/glasdan-40-gp-erf-elast\/","og_locale":"pt_PT","og_type":"article","og_title":"Tela asf\u00e1ltica autoprotegida | GLASDAN 40\/GP ERF ELAST | Danosa","og_description":"Tela asf\u00e1ltica autoprotegida composta por placa imperme\u00e1vel de betume elastom\u00e9rico SBS tipo LBM-40\/G-FV. Armadura de feltro de fibra de vidro","og_url":"https:\/\/www.danosa.com\/pt-pt\/produto\/glasdan-40-gp-erf-elast\/","og_site_name":"Danosa | Solu\u00e7\u00f5es de constru\u00e7\u00e3o","article_modified_time":"2026-04-29T03:21:58+00:00","twitter_card":"summary_large_image","schema":{"@context":"https:\/\/schema.org","@graph":[{"@type":"WebSite","@id":"https:\/\/www.danosa.com\/pt-pt\/#website","url":"https:\/\/www.danosa.com\/pt-pt\/","name":"Danosa | Solu\u00e7\u00f5es de constru\u00e7\u00e3o","description":"Impermeabiliza\u00e7\u00e3o, isolamento ac\u00fastico e t\u00e9rmico","potentialAction":[{"@type":"SearchAction","target":{"@type":"EntryPoint","urlTemplate":"https:\/\/www.danosa.com\/pt-pt\/?s={search_term_string}"},"query-input":"required name=search_term_string"}],"inLanguage":"pt-PT"},{"@type":"WebPage","@id":"https:\/\/www.danosa.com\/pt-pt\/produto\/glasdan-40-gp-erf-elast\/#webpage","url":"https:\/\/www.danosa.com\/pt-pt\/produto\/glasdan-40-gp-erf-elast\/","name":"Tela asf\u00e1ltica autoprotegida | GLASDAN 40\/GP ERF ELAST | Danosa","isPartOf":{"@id":"https:\/\/www.danosa.com\/pt-pt\/#website"},"datePublished":"2026-04-29T03:21:56+00:00","dateModified":"2026-04-29T03:21:58+00:00","description":"Tela asf\u00e1ltica autoprotegida composta por placa imperme\u00e1vel de betume elastom\u00e9rico SBS tipo LBM-40\/G-FV. Armadura de feltro de fibra de vidro","breadcrumb":{"@id":"https:\/\/www.danosa.com\/pt-pt\/produto\/glasdan-40-gp-erf-elast\/#breadcrumb"},"inLanguage":"pt-PT","potentialAction":[{"@type":"ReadAction","target":["https:\/\/www.danosa.com\/pt-pt\/produto\/glasdan-40-gp-erf-elast\/"]}]},{"@type":"BreadcrumbList","@id":"https:\/\/www.danosa.com\/pt-pt\/produto\/glasdan-40-gp-erf-elast\/#breadcrumb","itemListElement":[{"@type":"ListItem","position":1,"name":"Portada","item":"https:\/\/www.danosa.com\/pt-pt\/"},{"@type":"ListItem","position":2,"name":"GLASDAN 40\/GP ERF ELAST"}]}]}},"_links":{"self":[{"href":"https:\/\/www.danosa.com\/pt-pt\/wp-json\/wp\/v2\/product\/4055"}],"collection":[{"href":"https:\/\/www.danosa.com\/pt-pt\/wp-json\/wp\/v2\/product"}],"about":[{"href":"https:\/\/www.danosa.com\/pt-pt\/wp-json\/wp\/v2\/types\/product"}],"wp:attachment":[{"href":"https:\/\/www.danosa.com\/pt-pt\/wp-json\/wp\/v2\/media?parent=4055"}],"wp:term":[{"taxonomy":"family","embeddable":true,"href":"https:\/\/www.danosa.com\/pt-pt\/wp-json\/wp\/v2\/family?post=4055"},{"taxonomy":"product_notice","embeddable":true,"href":"https:\/\/www.danosa.com\/pt-pt\/wp-json\/wp\/v2\/product_notice?post=4055"},{"taxonomy":"product_icon","embeddable":true,"href":"https:\/\/www.danosa.com\/pt-pt\/wp-json\/wp\/v2\/product_icon?post=4055"},{"taxonomy":"product_application","embeddable":true,"href":"https:\/\/www.danosa.com\/pt-pt\/wp-json\/wp\/v2\/product_application?post=4055"},{"taxonomy":"product_standards_certification","embeddable":true,"href":"https:\/\/www.danosa.com\/pt-pt\/wp-json\/wp\/v2\/product_standards_certification?post=4055"},{"taxonomy":"product_benefits","embeddable":true,"href":"https:\/\/www.danosa.com\/pt-pt\/wp-json\/wp\/v2\/product_benefits?post=4055"},{"taxonomy":"product_support","embeddable":true,"href":"https:\/\/www.danosa.com\/pt-pt\/wp-json\/wp\/v2\/product_support?post=4055"},{"taxonomy":"product_substrate_preparation","embeddable":true,"href":"https:\/\/www.danosa.com\/pt-pt\/wp-json\/wp\/v2\/product_substrate_preparation?post=4055"},{"taxonomy":"product_important_indications","embeddable":true,"href":"https:\/\/www.danosa.com\/pt-pt\/wp-json\/wp\/v2\/product_important_indications?post=4055"},{"taxonomy":"product_conservation","embeddable":true,"href":"https:\/\/www.danosa.com\/pt-pt\/wp-json\/wp\/v2\/product_conservation?post=4055"},{"taxonomy":"product_warning","embeddable":true,"href":"https:\/\/www.danosa.com\/pt-pt\/wp-json\/wp\/v2\/product_warning?post=4055"},{"taxonomy":"product_safety_hygiene","embeddable":true,"href":"https:\/\/www.danosa.com\/pt-pt\/wp-json\/wp\/v2\/product_safety_hygiene?post=4055"},{"taxonomy":"system_certification","embeddable":true,"href":"https:\/\/www.danosa.com\/pt-pt\/wp-json\/wp\/v2\/system_certification?post=4055"},{"taxonomy":"product_maintenance","embeddable":true,"href":"https:\/\/www.danosa.com\/pt-pt\/wp-json\/wp\/v2\/product_maintenance?post=4055"},{"taxonomy":"product_safety_datasheet","embeddable":true,"href":"https:\/\/www.danosa.com\/pt-pt\/wp-json\/wp\/v2\/product_safety_datasheet?post=4055"},{"taxonomy":"filter_special_uses","embeddable":true,"href":"https:\/\/www.danosa.com\/pt-pt\/wp-json\/wp\/v2\/filter_special_uses?post=4055"}],"curies":[{"name":"wp","href":"https:\/\/api.w.org\/{rel}","templated":true}]}}