{"id":4092,"date":"2026-04-09T04:21:55","date_gmt":"2026-04-09T03:21:55","guid":{"rendered":"https:\/\/www.danosa.com\/pt-pt\/blog\/product\/juntodan\/"},"modified":"2026-04-09T04:21:56","modified_gmt":"2026-04-09T03:21:56","slug":"juntodan","status":"publish","type":"product","link":"https:\/\/www.danosa.com\/pt-pt\/produto\/juntodan\/","title":{"rendered":"JUNTODAN"},"content":{"rendered":"<p>Juntodan E \u00e9 um produto para selagem de juntas, composto por betume asf\u00e1ltico modificado. Apresenta-se sob a forma de cord\u00e3o de aproximadamente 50 cm de comprimento e  20 \/ 25 mm de di\u00e2metro.Em conformidade com a norma UNE 104-233\/90 (tipo E).<\/p>\n","protected":false},"excerpt":{"rendered":"<p>Cord\u00e3o betuminoso para selagem de juntas<\/p>\n","protected":false},"featured_media":0,"parent":0,"menu_order":0,"template":"","meta":{"inline_featured_image":false,"site-sidebar-layout":"default","site-content-layout":"default","ast-main-header-display":"","ast-hfb-above-header-display":"","ast-hfb-below-header-display":"","ast-hfb-mobile-header-display":"","site-post-title":"","ast-breadcrumbs-content":"","ast-featured-img":"","footer-sml-layout":"","theme-transparent-header-meta":"","adv-header-id-meta":"","stick-header-meta":"","header-above-stick-meta":"","header-main-stick-meta":"","header-below-stick-meta":""},"family":[6783],"product_notice":[120531],"product_icon":[],"product_application":[119439,119441,119449],"product_standards_certification":[120772],"product_benefits":[118466,118554,118586,118697,118718,118721,118744,118813,118825,118826,118828,118839,118842,118865,118875,118909,119042],"product_support":[],"product_substrate_preparation":[],"product_important_indications":[119648,119665,119670,119785,119885],"product_conservation":[119900,119932,119960,119970,119975,120009,120016,120041,120087,120088,120090],"product_warning":[],"product_safety_hygiene":[],"system_certification":[],"product_maintenance":[],"product_safety_datasheet":[],"filter_special_uses":[],"acf":[],"yoast_head":"<!-- This site is optimized with the Yoast SEO plugin v18.1 - https:\/\/yoast.com\/wordpress\/plugins\/seo\/ -->\n<title>Veda\u00e7\u00e3o e enchimento de juntas de dilata\u00e7\u00e3o | JUNTOS | Betume asf\u00e1ltico<\/title>\n<meta name=\"description\" content=\"Material para veda\u00e7\u00e3o e enchimento de juntas de dilata\u00e7\u00e3o em constru\u00e7\u00e3o. Betume asf\u00e1ltico com 50 cm de comprimento. V\u00e1rios di\u00e2metros\" \/>\n<meta name=\"robots\" content=\"index, follow, max-snippet:-1, max-image-preview:large, max-video-preview:-1\" \/>\n<link rel=\"canonical\" href=\"https:\/\/www.danosa.com\/pt-pt\/produto\/juntodan\/\" \/>\n<meta property=\"og:locale\" content=\"pt_PT\" \/>\n<meta property=\"og:type\" content=\"article\" \/>\n<meta property=\"og:title\" content=\"Veda\u00e7\u00e3o e enchimento de juntas de dilata\u00e7\u00e3o | JUNTOS | Betume asf\u00e1ltico\" \/>\n<meta property=\"og:description\" content=\"Material para veda\u00e7\u00e3o e enchimento de juntas de dilata\u00e7\u00e3o em constru\u00e7\u00e3o. Betume asf\u00e1ltico com 50 cm de comprimento. V\u00e1rios di\u00e2metros\" \/>\n<meta property=\"og:url\" content=\"https:\/\/www.danosa.com\/pt-pt\/produto\/juntodan\/\" \/>\n<meta property=\"og:site_name\" content=\"Danosa | Solu\u00e7\u00f5es de constru\u00e7\u00e3o\" \/>\n<meta property=\"article:modified_time\" content=\"2026-04-09T03:21:56+00:00\" \/>\n<meta name=\"twitter:card\" content=\"summary_large_image\" \/>\n<script type=\"application\/ld+json\" class=\"yoast-schema-graph\">{\"@context\":\"https:\/\/schema.org\",\"@graph\":[{\"@type\":\"WebSite\",\"@id\":\"https:\/\/www.danosa.com\/pt-pt\/#website\",\"url\":\"https:\/\/www.danosa.com\/pt-pt\/\",\"name\":\"Danosa | Solu\u00e7\u00f5es de constru\u00e7\u00e3o\",\"description\":\"Impermeabiliza\u00e7\u00e3o, isolamento ac\u00fastico e t\u00e9rmico\",\"potentialAction\":[{\"@type\":\"SearchAction\",\"target\":{\"@type\":\"EntryPoint\",\"urlTemplate\":\"https:\/\/www.danosa.com\/pt-pt\/?s={search_term_string}\"},\"query-input\":\"required name=search_term_string\"}],\"inLanguage\":\"pt-PT\"},{\"@type\":\"WebPage\",\"@id\":\"https:\/\/www.danosa.com\/pt-pt\/produto\/juntodan\/#webpage\",\"url\":\"https:\/\/www.danosa.com\/pt-pt\/produto\/juntodan\/\",\"name\":\"Veda\u00e7\u00e3o e enchimento de juntas de dilata\u00e7\u00e3o | JUNTOS | Betume asf\u00e1ltico\",\"isPartOf\":{\"@id\":\"https:\/\/www.danosa.com\/pt-pt\/#website\"},\"datePublished\":\"2026-04-09T03:21:55+00:00\",\"dateModified\":\"2026-04-09T03:21:56+00:00\",\"description\":\"Material para veda\u00e7\u00e3o e enchimento de juntas de dilata\u00e7\u00e3o em constru\u00e7\u00e3o. Betume asf\u00e1ltico com 50 cm de comprimento. V\u00e1rios di\u00e2metros\",\"breadcrumb\":{\"@id\":\"https:\/\/www.danosa.com\/pt-pt\/produto\/juntodan\/#breadcrumb\"},\"inLanguage\":\"pt-PT\",\"potentialAction\":[{\"@type\":\"ReadAction\",\"target\":[\"https:\/\/www.danosa.com\/pt-pt\/produto\/juntodan\/\"]}]},{\"@type\":\"BreadcrumbList\",\"@id\":\"https:\/\/www.danosa.com\/pt-pt\/produto\/juntodan\/#breadcrumb\",\"itemListElement\":[{\"@type\":\"ListItem\",\"position\":1,\"name\":\"Portada\",\"item\":\"https:\/\/www.danosa.com\/pt-pt\/\"},{\"@type\":\"ListItem\",\"position\":2,\"name\":\"JUNTODAN\"}]}]}<\/script>\n<!-- \/ Yoast SEO plugin. -->","yoast_head_json":{"title":"Veda\u00e7\u00e3o e enchimento de juntas de dilata\u00e7\u00e3o | JUNTOS | Betume asf\u00e1ltico","description":"Material para veda\u00e7\u00e3o e enchimento de juntas de dilata\u00e7\u00e3o em constru\u00e7\u00e3o. Betume asf\u00e1ltico com 50 cm de comprimento. V\u00e1rios di\u00e2metros","robots":{"index":"index","follow":"follow","max-snippet":"max-snippet:-1","max-image-preview":"max-image-preview:large","max-video-preview":"max-video-preview:-1"},"canonical":"https:\/\/www.danosa.com\/pt-pt\/produto\/juntodan\/","og_locale":"pt_PT","og_type":"article","og_title":"Veda\u00e7\u00e3o e enchimento de juntas de dilata\u00e7\u00e3o | JUNTOS | Betume asf\u00e1ltico","og_description":"Material para veda\u00e7\u00e3o e enchimento de juntas de dilata\u00e7\u00e3o em constru\u00e7\u00e3o. Betume asf\u00e1ltico com 50 cm de comprimento. V\u00e1rios di\u00e2metros","og_url":"https:\/\/www.danosa.com\/pt-pt\/produto\/juntodan\/","og_site_name":"Danosa | Solu\u00e7\u00f5es de constru\u00e7\u00e3o","article_modified_time":"2026-04-09T03:21:56+00:00","twitter_card":"summary_large_image","schema":{"@context":"https:\/\/schema.org","@graph":[{"@type":"WebSite","@id":"https:\/\/www.danosa.com\/pt-pt\/#website","url":"https:\/\/www.danosa.com\/pt-pt\/","name":"Danosa | Solu\u00e7\u00f5es de constru\u00e7\u00e3o","description":"Impermeabiliza\u00e7\u00e3o, isolamento ac\u00fastico e t\u00e9rmico","potentialAction":[{"@type":"SearchAction","target":{"@type":"EntryPoint","urlTemplate":"https:\/\/www.danosa.com\/pt-pt\/?s={search_term_string}"},"query-input":"required name=search_term_string"}],"inLanguage":"pt-PT"},{"@type":"WebPage","@id":"https:\/\/www.danosa.com\/pt-pt\/produto\/juntodan\/#webpage","url":"https:\/\/www.danosa.com\/pt-pt\/produto\/juntodan\/","name":"Veda\u00e7\u00e3o e enchimento de juntas de dilata\u00e7\u00e3o | JUNTOS | Betume asf\u00e1ltico","isPartOf":{"@id":"https:\/\/www.danosa.com\/pt-pt\/#website"},"datePublished":"2026-04-09T03:21:55+00:00","dateModified":"2026-04-09T03:21:56+00:00","description":"Material para veda\u00e7\u00e3o e enchimento de juntas de dilata\u00e7\u00e3o em constru\u00e7\u00e3o. Betume asf\u00e1ltico com 50 cm de comprimento. V\u00e1rios di\u00e2metros","breadcrumb":{"@id":"https:\/\/www.danosa.com\/pt-pt\/produto\/juntodan\/#breadcrumb"},"inLanguage":"pt-PT","potentialAction":[{"@type":"ReadAction","target":["https:\/\/www.danosa.com\/pt-pt\/produto\/juntodan\/"]}]},{"@type":"BreadcrumbList","@id":"https:\/\/www.danosa.com\/pt-pt\/produto\/juntodan\/#breadcrumb","itemListElement":[{"@type":"ListItem","position":1,"name":"Portada","item":"https:\/\/www.danosa.com\/pt-pt\/"},{"@type":"ListItem","position":2,"name":"JUNTODAN"}]}]}},"_links":{"self":[{"href":"https:\/\/www.danosa.com\/pt-pt\/wp-json\/wp\/v2\/product\/4092"}],"collection":[{"href":"https:\/\/www.danosa.com\/pt-pt\/wp-json\/wp\/v2\/product"}],"about":[{"href":"https:\/\/www.danosa.com\/pt-pt\/wp-json\/wp\/v2\/types\/product"}],"wp:attachment":[{"href":"https:\/\/www.danosa.com\/pt-pt\/wp-json\/wp\/v2\/media?parent=4092"}],"wp:term":[{"taxonomy":"family","embeddable":true,"href":"https:\/\/www.danosa.com\/pt-pt\/wp-json\/wp\/v2\/family?post=4092"},{"taxonomy":"product_notice","embeddable":true,"href":"https:\/\/www.danosa.com\/pt-pt\/wp-json\/wp\/v2\/product_notice?post=4092"},{"taxonomy":"product_icon","embeddable":true,"href":"https:\/\/www.danosa.com\/pt-pt\/wp-json\/wp\/v2\/product_icon?post=4092"},{"taxonomy":"product_application","embeddable":true,"href":"https:\/\/www.danosa.com\/pt-pt\/wp-json\/wp\/v2\/product_application?post=4092"},{"taxonomy":"product_standards_certification","embeddable":true,"href":"https:\/\/www.danosa.com\/pt-pt\/wp-json\/wp\/v2\/product_standards_certification?post=4092"},{"taxonomy":"product_benefits","embeddable":true,"href":"https:\/\/www.danosa.com\/pt-pt\/wp-json\/wp\/v2\/product_benefits?post=4092"},{"taxonomy":"product_support","embeddable":true,"href":"https:\/\/www.danosa.com\/pt-pt\/wp-json\/wp\/v2\/product_support?post=4092"},{"taxonomy":"product_substrate_preparation","embeddable":true,"href":"https:\/\/www.danosa.com\/pt-pt\/wp-json\/wp\/v2\/product_substrate_preparation?post=4092"},{"taxonomy":"product_important_indications","embeddable":true,"href":"https:\/\/www.danosa.com\/pt-pt\/wp-json\/wp\/v2\/product_important_indications?post=4092"},{"taxonomy":"product_conservation","embeddable":true,"href":"https:\/\/www.danosa.com\/pt-pt\/wp-json\/wp\/v2\/product_conservation?post=4092"},{"taxonomy":"product_warning","embeddable":true,"href":"https:\/\/www.danosa.com\/pt-pt\/wp-json\/wp\/v2\/product_warning?post=4092"},{"taxonomy":"product_safety_hygiene","embeddable":true,"href":"https:\/\/www.danosa.com\/pt-pt\/wp-json\/wp\/v2\/product_safety_hygiene?post=4092"},{"taxonomy":"system_certification","embeddable":true,"href":"https:\/\/www.danosa.com\/pt-pt\/wp-json\/wp\/v2\/system_certification?post=4092"},{"taxonomy":"product_maintenance","embeddable":true,"href":"https:\/\/www.danosa.com\/pt-pt\/wp-json\/wp\/v2\/product_maintenance?post=4092"},{"taxonomy":"product_safety_datasheet","embeddable":true,"href":"https:\/\/www.danosa.com\/pt-pt\/wp-json\/wp\/v2\/product_safety_datasheet?post=4092"},{"taxonomy":"filter_special_uses","embeddable":true,"href":"https:\/\/www.danosa.com\/pt-pt\/wp-json\/wp\/v2\/filter_special_uses?post=4092"}],"curies":[{"name":"wp","href":"https:\/\/api.w.org\/{rel}","templated":true}]}}