{"id":4098,"date":"2026-04-09T04:21:55","date_gmt":"2026-04-09T03:21:55","guid":{"rendered":"https:\/\/www.danosa.com\/pt-pt\/blog\/product\/mad4\/"},"modified":"2026-04-09T04:21:57","modified_gmt":"2026-04-09T03:21:57","slug":"mad4","status":"publish","type":"product","link":"https:\/\/www.danosa.com\/pt-pt\/produto\/mad4\/","title":{"rendered":"MAD4"},"content":{"rendered":"<p>Membrana betuminosa refor\u00e7ada com cargas minerais, revestida em ambas as faces por um filme de polietileno de alta densidade. Acusticamente funciona como um elemento pl\u00e1stico entre os elementos r\u00edgidos, sendo um substituto eficaz do chumbo. Funciona como um ressonador de membrana (absolve baixas frequ\u00eancias).<\/p>\n","protected":false},"excerpt":{"rendered":"<p>Membrana acustica de 4 mm de espessura para isolamento ac\u00fastico a baixas frequ\u00eancias.<\/p>\n","protected":false},"featured_media":0,"parent":0,"menu_order":0,"template":"","meta":{"inline_featured_image":false,"site-sidebar-layout":"default","site-content-layout":"default","ast-main-header-display":"","ast-hfb-above-header-display":"","ast-hfb-below-header-display":"","ast-hfb-mobile-header-display":"","site-post-title":"","ast-breadcrumbs-content":"","ast-featured-img":"","footer-sml-layout":"","theme-transparent-header-meta":"","adv-header-id-meta":"","stick-header-meta":"","header-above-stick-meta":"","header-main-stick-meta":"","header-below-stick-meta":""},"family":[6828],"product_notice":[120531],"product_icon":[],"product_application":[119430,119443,119487],"product_standards_certification":[120819,120831,120842],"product_benefits":[118481,118482,118489,118594,118635,118703],"product_support":[],"product_substrate_preparation":[],"product_important_indications":[119610,119640,119646,119667,119706,119715,119736,119740,119791,119813,119822],"product_conservation":[119909,119913,119922,119934,119938,119941,119974,119977,119986,120028,120088,120090],"product_warning":[],"product_safety_hygiene":[],"system_certification":[6751],"product_maintenance":[],"product_safety_datasheet":[],"filter_special_uses":[],"acf":[],"yoast_head":"<!-- This site is optimized with the Yoast SEO plugin v18.1 - https:\/\/yoast.com\/wordpress\/plugins\/seo\/ -->\n<title>Placa anti-ru\u00eddo MAD4 | Isolamento ac\u00fastico de baixa frequ\u00eancia<\/title>\n<meta name=\"description\" content=\"MAD4 \u00e9 uma chapa antirru\u00eddo betuminosa refor\u00e7ada com cargas minerais, revestida em suas faces externas por polietileno de alta densidade.\" \/>\n<meta name=\"robots\" content=\"index, follow, max-snippet:-1, max-image-preview:large, max-video-preview:-1\" \/>\n<link rel=\"canonical\" href=\"https:\/\/www.danosa.com\/pt-pt\/produto\/mad4\/\" \/>\n<meta property=\"og:locale\" content=\"pt_PT\" \/>\n<meta property=\"og:type\" content=\"article\" \/>\n<meta property=\"og:title\" content=\"Placa anti-ru\u00eddo MAD4 | Isolamento ac\u00fastico de baixa frequ\u00eancia\" \/>\n<meta property=\"og:description\" content=\"MAD4 \u00e9 uma chapa antirru\u00eddo betuminosa refor\u00e7ada com cargas minerais, revestida em suas faces externas por polietileno de alta densidade.\" \/>\n<meta property=\"og:url\" content=\"https:\/\/www.danosa.com\/pt-pt\/produto\/mad4\/\" \/>\n<meta property=\"og:site_name\" content=\"Danosa | Solu\u00e7\u00f5es de constru\u00e7\u00e3o\" \/>\n<meta property=\"article:modified_time\" content=\"2026-04-09T03:21:57+00:00\" \/>\n<meta name=\"twitter:card\" content=\"summary_large_image\" \/>\n<script type=\"application\/ld+json\" class=\"yoast-schema-graph\">{\"@context\":\"https:\/\/schema.org\",\"@graph\":[{\"@type\":\"WebSite\",\"@id\":\"https:\/\/www.danosa.com\/pt-pt\/#website\",\"url\":\"https:\/\/www.danosa.com\/pt-pt\/\",\"name\":\"Danosa | Solu\u00e7\u00f5es de constru\u00e7\u00e3o\",\"description\":\"Impermeabiliza\u00e7\u00e3o, isolamento ac\u00fastico e t\u00e9rmico\",\"potentialAction\":[{\"@type\":\"SearchAction\",\"target\":{\"@type\":\"EntryPoint\",\"urlTemplate\":\"https:\/\/www.danosa.com\/pt-pt\/?s={search_term_string}\"},\"query-input\":\"required name=search_term_string\"}],\"inLanguage\":\"pt-PT\"},{\"@type\":\"WebPage\",\"@id\":\"https:\/\/www.danosa.com\/pt-pt\/produto\/mad4\/#webpage\",\"url\":\"https:\/\/www.danosa.com\/pt-pt\/produto\/mad4\/\",\"name\":\"Placa anti-ru\u00eddo MAD4 | Isolamento ac\u00fastico de baixa frequ\u00eancia\",\"isPartOf\":{\"@id\":\"https:\/\/www.danosa.com\/pt-pt\/#website\"},\"datePublished\":\"2026-04-09T03:21:55+00:00\",\"dateModified\":\"2026-04-09T03:21:57+00:00\",\"description\":\"MAD4 \u00e9 uma chapa antirru\u00eddo betuminosa refor\u00e7ada com cargas minerais, revestida em suas faces externas por polietileno de alta densidade.\",\"breadcrumb\":{\"@id\":\"https:\/\/www.danosa.com\/pt-pt\/produto\/mad4\/#breadcrumb\"},\"inLanguage\":\"pt-PT\",\"potentialAction\":[{\"@type\":\"ReadAction\",\"target\":[\"https:\/\/www.danosa.com\/pt-pt\/produto\/mad4\/\"]}]},{\"@type\":\"BreadcrumbList\",\"@id\":\"https:\/\/www.danosa.com\/pt-pt\/produto\/mad4\/#breadcrumb\",\"itemListElement\":[{\"@type\":\"ListItem\",\"position\":1,\"name\":\"Portada\",\"item\":\"https:\/\/www.danosa.com\/pt-pt\/\"},{\"@type\":\"ListItem\",\"position\":2,\"name\":\"MAD4\"}]}]}<\/script>\n<!-- \/ Yoast SEO plugin. -->","yoast_head_json":{"title":"Placa anti-ru\u00eddo MAD4 | Isolamento ac\u00fastico de baixa frequ\u00eancia","description":"MAD4 \u00e9 uma chapa antirru\u00eddo betuminosa refor\u00e7ada com cargas minerais, revestida em suas faces externas por polietileno de alta densidade.","robots":{"index":"index","follow":"follow","max-snippet":"max-snippet:-1","max-image-preview":"max-image-preview:large","max-video-preview":"max-video-preview:-1"},"canonical":"https:\/\/www.danosa.com\/pt-pt\/produto\/mad4\/","og_locale":"pt_PT","og_type":"article","og_title":"Placa anti-ru\u00eddo MAD4 | Isolamento ac\u00fastico de baixa frequ\u00eancia","og_description":"MAD4 \u00e9 uma chapa antirru\u00eddo betuminosa refor\u00e7ada com cargas minerais, revestida em suas faces externas por polietileno de alta densidade.","og_url":"https:\/\/www.danosa.com\/pt-pt\/produto\/mad4\/","og_site_name":"Danosa | Solu\u00e7\u00f5es de constru\u00e7\u00e3o","article_modified_time":"2026-04-09T03:21:57+00:00","twitter_card":"summary_large_image","schema":{"@context":"https:\/\/schema.org","@graph":[{"@type":"WebSite","@id":"https:\/\/www.danosa.com\/pt-pt\/#website","url":"https:\/\/www.danosa.com\/pt-pt\/","name":"Danosa | Solu\u00e7\u00f5es de constru\u00e7\u00e3o","description":"Impermeabiliza\u00e7\u00e3o, isolamento ac\u00fastico e t\u00e9rmico","potentialAction":[{"@type":"SearchAction","target":{"@type":"EntryPoint","urlTemplate":"https:\/\/www.danosa.com\/pt-pt\/?s={search_term_string}"},"query-input":"required name=search_term_string"}],"inLanguage":"pt-PT"},{"@type":"WebPage","@id":"https:\/\/www.danosa.com\/pt-pt\/produto\/mad4\/#webpage","url":"https:\/\/www.danosa.com\/pt-pt\/produto\/mad4\/","name":"Placa anti-ru\u00eddo MAD4 | Isolamento ac\u00fastico de baixa frequ\u00eancia","isPartOf":{"@id":"https:\/\/www.danosa.com\/pt-pt\/#website"},"datePublished":"2026-04-09T03:21:55+00:00","dateModified":"2026-04-09T03:21:57+00:00","description":"MAD4 \u00e9 uma chapa antirru\u00eddo betuminosa refor\u00e7ada com cargas minerais, revestida em suas faces externas por polietileno de alta densidade.","breadcrumb":{"@id":"https:\/\/www.danosa.com\/pt-pt\/produto\/mad4\/#breadcrumb"},"inLanguage":"pt-PT","potentialAction":[{"@type":"ReadAction","target":["https:\/\/www.danosa.com\/pt-pt\/produto\/mad4\/"]}]},{"@type":"BreadcrumbList","@id":"https:\/\/www.danosa.com\/pt-pt\/produto\/mad4\/#breadcrumb","itemListElement":[{"@type":"ListItem","position":1,"name":"Portada","item":"https:\/\/www.danosa.com\/pt-pt\/"},{"@type":"ListItem","position":2,"name":"MAD4"}]}]}},"_links":{"self":[{"href":"https:\/\/www.danosa.com\/pt-pt\/wp-json\/wp\/v2\/product\/4098"}],"collection":[{"href":"https:\/\/www.danosa.com\/pt-pt\/wp-json\/wp\/v2\/product"}],"about":[{"href":"https:\/\/www.danosa.com\/pt-pt\/wp-json\/wp\/v2\/types\/product"}],"wp:attachment":[{"href":"https:\/\/www.danosa.com\/pt-pt\/wp-json\/wp\/v2\/media?parent=4098"}],"wp:term":[{"taxonomy":"family","embeddable":true,"href":"https:\/\/www.danosa.com\/pt-pt\/wp-json\/wp\/v2\/family?post=4098"},{"taxonomy":"product_notice","embeddable":true,"href":"https:\/\/www.danosa.com\/pt-pt\/wp-json\/wp\/v2\/product_notice?post=4098"},{"taxonomy":"product_icon","embeddable":true,"href":"https:\/\/www.danosa.com\/pt-pt\/wp-json\/wp\/v2\/product_icon?post=4098"},{"taxonomy":"product_application","embeddable":true,"href":"https:\/\/www.danosa.com\/pt-pt\/wp-json\/wp\/v2\/product_application?post=4098"},{"taxonomy":"product_standards_certification","embeddable":true,"href":"https:\/\/www.danosa.com\/pt-pt\/wp-json\/wp\/v2\/product_standards_certification?post=4098"},{"taxonomy":"product_benefits","embeddable":true,"href":"https:\/\/www.danosa.com\/pt-pt\/wp-json\/wp\/v2\/product_benefits?post=4098"},{"taxonomy":"product_support","embeddable":true,"href":"https:\/\/www.danosa.com\/pt-pt\/wp-json\/wp\/v2\/product_support?post=4098"},{"taxonomy":"product_substrate_preparation","embeddable":true,"href":"https:\/\/www.danosa.com\/pt-pt\/wp-json\/wp\/v2\/product_substrate_preparation?post=4098"},{"taxonomy":"product_important_indications","embeddable":true,"href":"https:\/\/www.danosa.com\/pt-pt\/wp-json\/wp\/v2\/product_important_indications?post=4098"},{"taxonomy":"product_conservation","embeddable":true,"href":"https:\/\/www.danosa.com\/pt-pt\/wp-json\/wp\/v2\/product_conservation?post=4098"},{"taxonomy":"product_warning","embeddable":true,"href":"https:\/\/www.danosa.com\/pt-pt\/wp-json\/wp\/v2\/product_warning?post=4098"},{"taxonomy":"product_safety_hygiene","embeddable":true,"href":"https:\/\/www.danosa.com\/pt-pt\/wp-json\/wp\/v2\/product_safety_hygiene?post=4098"},{"taxonomy":"system_certification","embeddable":true,"href":"https:\/\/www.danosa.com\/pt-pt\/wp-json\/wp\/v2\/system_certification?post=4098"},{"taxonomy":"product_maintenance","embeddable":true,"href":"https:\/\/www.danosa.com\/pt-pt\/wp-json\/wp\/v2\/product_maintenance?post=4098"},{"taxonomy":"product_safety_datasheet","embeddable":true,"href":"https:\/\/www.danosa.com\/pt-pt\/wp-json\/wp\/v2\/product_safety_datasheet?post=4098"},{"taxonomy":"filter_special_uses","embeddable":true,"href":"https:\/\/www.danosa.com\/pt-pt\/wp-json\/wp\/v2\/filter_special_uses?post=4098"}],"curies":[{"name":"wp","href":"https:\/\/api.w.org\/{rel}","templated":true}]}}