{"id":4099,"date":"2026-04-16T16:21:57","date_gmt":"2026-04-16T15:21:57","guid":{"rendered":"https:\/\/www.danosa.com\/pt-pt\/blog\/product\/mad4-autoadhesiva\/"},"modified":"2026-04-16T16:21:59","modified_gmt":"2026-04-16T15:21:59","slug":"mad4-autoadhesiva","status":"publish","type":"product","link":"https:\/\/www.danosa.com\/pt-pt\/produto\/mad4-autoadhesiva\/","title":{"rendered":"MAD4 AUTOADHESIVA"},"content":{"rendered":"<p>Membrana betuminosa autoadesiva de 4 mm de espessura, em placas ou rolos, formada a partir de membrana betuminosa refor\u00e7ada com cargas minerais, revestida em ambas as faces por um filme de polietileno de alta densidade. Acusticamente funciona como um elemento pl\u00e1stico entre os elementos r\u00edgidos, sendo um substituto eficaz do chumbo; funciona como um ressonador de membrana (absolve baixas frequ\u00eancias).<\/p>\n","protected":false},"excerpt":{"rendered":"<p>Membrana ac\u00fastica autoadesiva de 4 mm de espessura para isolamento ac\u00fastico a baixas frequ\u00eancias<\/p>\n","protected":false},"featured_media":0,"parent":0,"menu_order":0,"template":"","meta":{"inline_featured_image":false,"site-sidebar-layout":"default","site-content-layout":"default","ast-main-header-display":"","ast-hfb-above-header-display":"","ast-hfb-below-header-display":"","ast-hfb-mobile-header-display":"","site-post-title":"","ast-breadcrumbs-content":"","ast-featured-img":"","footer-sml-layout":"","theme-transparent-header-meta":"","adv-header-id-meta":"","stick-header-meta":"","header-above-stick-meta":"","header-main-stick-meta":"","header-below-stick-meta":""},"family":[6828],"product_notice":[120531],"product_icon":[],"product_application":[119430,119443,119487],"product_standards_certification":[120819,120831,120842],"product_benefits":[118481,118482,118489,118594,118635,118703],"product_support":[],"product_substrate_preparation":[],"product_important_indications":[119610,119640,119646,119667,119706,119708,119715,119736,119740,119778,119791,119813,119822],"product_conservation":[119909,119913,119922,119934,119938,119941,119974,119977,119986,120028,120088,120090],"product_warning":[],"product_safety_hygiene":[],"system_certification":[6751],"product_maintenance":[],"product_safety_datasheet":[],"filter_special_uses":[],"acf":[],"yoast_head":"<!-- This site is optimized with the Yoast SEO plugin v18.1 - https:\/\/yoast.com\/wordpress\/plugins\/seo\/ -->\n<title>L\u00e1mina isolante ac\u00fastica autoadesiva MAD4 anti-ressonante | Danosa<\/title>\n<meta name=\"description\" content=\"L\u00e1mina autoadesiva de 4 mm de espessura para insonoriza\u00e7\u00e3o de duas paredes de gesso a baixas frequ\u00eancias, colocada entre ambas as placas de gesso cartonado.\" \/>\n<meta name=\"robots\" content=\"index, follow, max-snippet:-1, max-image-preview:large, max-video-preview:-1\" \/>\n<link rel=\"canonical\" href=\"https:\/\/www.danosa.com\/pt-pt\/produto\/mad4-autoadhesiva\/\" \/>\n<meta property=\"og:locale\" content=\"pt_PT\" \/>\n<meta property=\"og:type\" content=\"article\" \/>\n<meta property=\"og:title\" content=\"L\u00e1mina isolante ac\u00fastica autoadesiva MAD4 anti-ressonante | Danosa\" \/>\n<meta property=\"og:description\" content=\"L\u00e1mina autoadesiva de 4 mm de espessura para insonoriza\u00e7\u00e3o de duas paredes de gesso a baixas frequ\u00eancias, colocada entre ambas as placas de gesso cartonado.\" \/>\n<meta property=\"og:url\" content=\"https:\/\/www.danosa.com\/pt-pt\/produto\/mad4-autoadhesiva\/\" \/>\n<meta property=\"og:site_name\" content=\"Danosa | Solu\u00e7\u00f5es de constru\u00e7\u00e3o\" \/>\n<meta property=\"article:modified_time\" content=\"2026-04-16T15:21:59+00:00\" \/>\n<meta name=\"twitter:card\" content=\"summary_large_image\" \/>\n<script type=\"application\/ld+json\" class=\"yoast-schema-graph\">{\"@context\":\"https:\/\/schema.org\",\"@graph\":[{\"@type\":\"WebSite\",\"@id\":\"https:\/\/www.danosa.com\/pt-pt\/#website\",\"url\":\"https:\/\/www.danosa.com\/pt-pt\/\",\"name\":\"Danosa | Solu\u00e7\u00f5es de constru\u00e7\u00e3o\",\"description\":\"Impermeabiliza\u00e7\u00e3o, isolamento ac\u00fastico e t\u00e9rmico\",\"potentialAction\":[{\"@type\":\"SearchAction\",\"target\":{\"@type\":\"EntryPoint\",\"urlTemplate\":\"https:\/\/www.danosa.com\/pt-pt\/?s={search_term_string}\"},\"query-input\":\"required name=search_term_string\"}],\"inLanguage\":\"pt-PT\"},{\"@type\":\"WebPage\",\"@id\":\"https:\/\/www.danosa.com\/pt-pt\/produto\/mad4-autoadhesiva\/#webpage\",\"url\":\"https:\/\/www.danosa.com\/pt-pt\/produto\/mad4-autoadhesiva\/\",\"name\":\"L\u00e1mina isolante ac\u00fastica autoadesiva MAD4 anti-ressonante | Danosa\",\"isPartOf\":{\"@id\":\"https:\/\/www.danosa.com\/pt-pt\/#website\"},\"datePublished\":\"2026-04-16T15:21:57+00:00\",\"dateModified\":\"2026-04-16T15:21:59+00:00\",\"description\":\"L\u00e1mina autoadesiva de 4 mm de espessura para insonoriza\u00e7\u00e3o de duas paredes de gesso a baixas frequ\u00eancias, colocada entre ambas as placas de gesso cartonado.\",\"breadcrumb\":{\"@id\":\"https:\/\/www.danosa.com\/pt-pt\/produto\/mad4-autoadhesiva\/#breadcrumb\"},\"inLanguage\":\"pt-PT\",\"potentialAction\":[{\"@type\":\"ReadAction\",\"target\":[\"https:\/\/www.danosa.com\/pt-pt\/produto\/mad4-autoadhesiva\/\"]}]},{\"@type\":\"BreadcrumbList\",\"@id\":\"https:\/\/www.danosa.com\/pt-pt\/produto\/mad4-autoadhesiva\/#breadcrumb\",\"itemListElement\":[{\"@type\":\"ListItem\",\"position\":1,\"name\":\"Portada\",\"item\":\"https:\/\/www.danosa.com\/pt-pt\/\"},{\"@type\":\"ListItem\",\"position\":2,\"name\":\"MAD4 AUTOADHESIVA\"}]}]}<\/script>\n<!-- \/ Yoast SEO plugin. -->","yoast_head_json":{"title":"L\u00e1mina isolante ac\u00fastica autoadesiva MAD4 anti-ressonante | Danosa","description":"L\u00e1mina autoadesiva de 4 mm de espessura para insonoriza\u00e7\u00e3o de duas paredes de gesso a baixas frequ\u00eancias, colocada entre ambas as placas de gesso cartonado.","robots":{"index":"index","follow":"follow","max-snippet":"max-snippet:-1","max-image-preview":"max-image-preview:large","max-video-preview":"max-video-preview:-1"},"canonical":"https:\/\/www.danosa.com\/pt-pt\/produto\/mad4-autoadhesiva\/","og_locale":"pt_PT","og_type":"article","og_title":"L\u00e1mina isolante ac\u00fastica autoadesiva MAD4 anti-ressonante | Danosa","og_description":"L\u00e1mina autoadesiva de 4 mm de espessura para insonoriza\u00e7\u00e3o de duas paredes de gesso a baixas frequ\u00eancias, colocada entre ambas as placas de gesso cartonado.","og_url":"https:\/\/www.danosa.com\/pt-pt\/produto\/mad4-autoadhesiva\/","og_site_name":"Danosa | Solu\u00e7\u00f5es de constru\u00e7\u00e3o","article_modified_time":"2026-04-16T15:21:59+00:00","twitter_card":"summary_large_image","schema":{"@context":"https:\/\/schema.org","@graph":[{"@type":"WebSite","@id":"https:\/\/www.danosa.com\/pt-pt\/#website","url":"https:\/\/www.danosa.com\/pt-pt\/","name":"Danosa | Solu\u00e7\u00f5es de constru\u00e7\u00e3o","description":"Impermeabiliza\u00e7\u00e3o, isolamento ac\u00fastico e t\u00e9rmico","potentialAction":[{"@type":"SearchAction","target":{"@type":"EntryPoint","urlTemplate":"https:\/\/www.danosa.com\/pt-pt\/?s={search_term_string}"},"query-input":"required name=search_term_string"}],"inLanguage":"pt-PT"},{"@type":"WebPage","@id":"https:\/\/www.danosa.com\/pt-pt\/produto\/mad4-autoadhesiva\/#webpage","url":"https:\/\/www.danosa.com\/pt-pt\/produto\/mad4-autoadhesiva\/","name":"L\u00e1mina isolante ac\u00fastica autoadesiva MAD4 anti-ressonante | Danosa","isPartOf":{"@id":"https:\/\/www.danosa.com\/pt-pt\/#website"},"datePublished":"2026-04-16T15:21:57+00:00","dateModified":"2026-04-16T15:21:59+00:00","description":"L\u00e1mina autoadesiva de 4 mm de espessura para insonoriza\u00e7\u00e3o de duas paredes de gesso a baixas frequ\u00eancias, colocada entre ambas as placas de gesso cartonado.","breadcrumb":{"@id":"https:\/\/www.danosa.com\/pt-pt\/produto\/mad4-autoadhesiva\/#breadcrumb"},"inLanguage":"pt-PT","potentialAction":[{"@type":"ReadAction","target":["https:\/\/www.danosa.com\/pt-pt\/produto\/mad4-autoadhesiva\/"]}]},{"@type":"BreadcrumbList","@id":"https:\/\/www.danosa.com\/pt-pt\/produto\/mad4-autoadhesiva\/#breadcrumb","itemListElement":[{"@type":"ListItem","position":1,"name":"Portada","item":"https:\/\/www.danosa.com\/pt-pt\/"},{"@type":"ListItem","position":2,"name":"MAD4 AUTOADHESIVA"}]}]}},"_links":{"self":[{"href":"https:\/\/www.danosa.com\/pt-pt\/wp-json\/wp\/v2\/product\/4099"}],"collection":[{"href":"https:\/\/www.danosa.com\/pt-pt\/wp-json\/wp\/v2\/product"}],"about":[{"href":"https:\/\/www.danosa.com\/pt-pt\/wp-json\/wp\/v2\/types\/product"}],"wp:attachment":[{"href":"https:\/\/www.danosa.com\/pt-pt\/wp-json\/wp\/v2\/media?parent=4099"}],"wp:term":[{"taxonomy":"family","embeddable":true,"href":"https:\/\/www.danosa.com\/pt-pt\/wp-json\/wp\/v2\/family?post=4099"},{"taxonomy":"product_notice","embeddable":true,"href":"https:\/\/www.danosa.com\/pt-pt\/wp-json\/wp\/v2\/product_notice?post=4099"},{"taxonomy":"product_icon","embeddable":true,"href":"https:\/\/www.danosa.com\/pt-pt\/wp-json\/wp\/v2\/product_icon?post=4099"},{"taxonomy":"product_application","embeddable":true,"href":"https:\/\/www.danosa.com\/pt-pt\/wp-json\/wp\/v2\/product_application?post=4099"},{"taxonomy":"product_standards_certification","embeddable":true,"href":"https:\/\/www.danosa.com\/pt-pt\/wp-json\/wp\/v2\/product_standards_certification?post=4099"},{"taxonomy":"product_benefits","embeddable":true,"href":"https:\/\/www.danosa.com\/pt-pt\/wp-json\/wp\/v2\/product_benefits?post=4099"},{"taxonomy":"product_support","embeddable":true,"href":"https:\/\/www.danosa.com\/pt-pt\/wp-json\/wp\/v2\/product_support?post=4099"},{"taxonomy":"product_substrate_preparation","embeddable":true,"href":"https:\/\/www.danosa.com\/pt-pt\/wp-json\/wp\/v2\/product_substrate_preparation?post=4099"},{"taxonomy":"product_important_indications","embeddable":true,"href":"https:\/\/www.danosa.com\/pt-pt\/wp-json\/wp\/v2\/product_important_indications?post=4099"},{"taxonomy":"product_conservation","embeddable":true,"href":"https:\/\/www.danosa.com\/pt-pt\/wp-json\/wp\/v2\/product_conservation?post=4099"},{"taxonomy":"product_warning","embeddable":true,"href":"https:\/\/www.danosa.com\/pt-pt\/wp-json\/wp\/v2\/product_warning?post=4099"},{"taxonomy":"product_safety_hygiene","embeddable":true,"href":"https:\/\/www.danosa.com\/pt-pt\/wp-json\/wp\/v2\/product_safety_hygiene?post=4099"},{"taxonomy":"system_certification","embeddable":true,"href":"https:\/\/www.danosa.com\/pt-pt\/wp-json\/wp\/v2\/system_certification?post=4099"},{"taxonomy":"product_maintenance","embeddable":true,"href":"https:\/\/www.danosa.com\/pt-pt\/wp-json\/wp\/v2\/product_maintenance?post=4099"},{"taxonomy":"product_safety_datasheet","embeddable":true,"href":"https:\/\/www.danosa.com\/pt-pt\/wp-json\/wp\/v2\/product_safety_datasheet?post=4099"},{"taxonomy":"filter_special_uses","embeddable":true,"href":"https:\/\/www.danosa.com\/pt-pt\/wp-json\/wp\/v2\/filter_special_uses?post=4099"}],"curies":[{"name":"wp","href":"https:\/\/api.w.org\/{rel}","templated":true}]}}