{"id":4104,"date":"2026-04-16T16:25:31","date_gmt":"2026-04-16T15:25:31","guid":{"rendered":"https:\/\/www.danosa.com\/pt-pt\/blog\/product\/membrana-h-0-8-negra\/"},"modified":"2026-04-16T16:25:31","modified_gmt":"2026-04-16T15:25:31","slug":"membrana-h-0-8-negra","status":"publish","type":"product","link":"https:\/\/www.danosa.com\/pt-pt\/produto\/membrana-h-0-8-negra\/","title":{"rendered":"MEMBRANA H 0.8 NEGRA"},"content":{"rendered":"<p>MEMBRANA H 0.8 NEGRA es una l\u00e1mina sint\u00e9tica \u00e0 base de PVC plastificado, sin armadura, de color Negro. Esta l\u00e1mina NO es resistente a la intemperie, ni a los rayos U.V.<\/p>\n","protected":false},"excerpt":{"rendered":"<p>L\u00e2mina sint\u00e9tica \u00e0 base de PVC plastificado.<\/p>\n","protected":false},"featured_media":0,"parent":0,"menu_order":0,"template":"","meta":{"inline_featured_image":false,"site-sidebar-layout":"default","site-content-layout":"default","ast-main-header-display":"","ast-hfb-above-header-display":"","ast-hfb-below-header-display":"","ast-hfb-mobile-header-display":"","site-post-title":"","ast-breadcrumbs-content":"","ast-featured-img":"","footer-sml-layout":"","theme-transparent-header-meta":"","adv-header-id-meta":"","stick-header-meta":"","header-above-stick-meta":"","header-main-stick-meta":"","header-below-stick-meta":""},"family":[6792],"product_notice":[120531],"product_icon":[],"product_application":[119229,119327,119368,119374],"product_standards_certification":[],"product_benefits":[],"product_support":[],"product_substrate_preparation":[],"product_important_indications":[119694,119797,119799,119801,119826],"product_conservation":[119924,119932,119960,119964,120010,120029,120088],"product_warning":[],"product_safety_hygiene":[],"system_certification":[],"product_maintenance":[],"product_safety_datasheet":[],"filter_special_uses":[],"acf":[],"yoast_head":"<!-- This site is optimized with the Yoast SEO plugin v18.1 - https:\/\/yoast.com\/wordpress\/plugins\/seo\/ -->\n<title>Membrana sint\u00e9tica preta para impermeabiliza\u00e7\u00e3o tempor\u00e1ria | Danosa<\/title>\n<meta name=\"description\" content=\"Membrana sint\u00e9tica \u00e0 base de PVC plastificado, sem refor\u00e7o, na cor Preto. Esta Folha N\u00c3O \u00e9 resistente \u00e0s intemp\u00e9ries, nem aos raios UV..\" \/>\n<meta name=\"robots\" content=\"index, follow, max-snippet:-1, max-image-preview:large, max-video-preview:-1\" \/>\n<link rel=\"canonical\" href=\"https:\/\/www.danosa.com\/pt-pt\/produto\/membrana-h-0-8-negra\/\" \/>\n<meta property=\"og:locale\" content=\"pt_PT\" \/>\n<meta property=\"og:type\" content=\"article\" \/>\n<meta property=\"og:title\" content=\"Membrana sint\u00e9tica preta para impermeabiliza\u00e7\u00e3o tempor\u00e1ria | Danosa\" \/>\n<meta property=\"og:description\" content=\"Membrana sint\u00e9tica \u00e0 base de PVC plastificado, sem refor\u00e7o, na cor Preto. Esta Folha N\u00c3O \u00e9 resistente \u00e0s intemp\u00e9ries, nem aos raios UV..\" \/>\n<meta property=\"og:url\" content=\"https:\/\/www.danosa.com\/pt-pt\/produto\/membrana-h-0-8-negra\/\" \/>\n<meta property=\"og:site_name\" content=\"Danosa | Solu\u00e7\u00f5es de constru\u00e7\u00e3o\" \/>\n<meta name=\"twitter:card\" content=\"summary_large_image\" \/>\n<script type=\"application\/ld+json\" class=\"yoast-schema-graph\">{\"@context\":\"https:\/\/schema.org\",\"@graph\":[{\"@type\":\"WebSite\",\"@id\":\"https:\/\/www.danosa.com\/pt-pt\/#website\",\"url\":\"https:\/\/www.danosa.com\/pt-pt\/\",\"name\":\"Danosa | Solu\u00e7\u00f5es de constru\u00e7\u00e3o\",\"description\":\"Impermeabiliza\u00e7\u00e3o, isolamento ac\u00fastico e t\u00e9rmico\",\"potentialAction\":[{\"@type\":\"SearchAction\",\"target\":{\"@type\":\"EntryPoint\",\"urlTemplate\":\"https:\/\/www.danosa.com\/pt-pt\/?s={search_term_string}\"},\"query-input\":\"required name=search_term_string\"}],\"inLanguage\":\"pt-PT\"},{\"@type\":\"WebPage\",\"@id\":\"https:\/\/www.danosa.com\/pt-pt\/produto\/membrana-h-0-8-negra\/#webpage\",\"url\":\"https:\/\/www.danosa.com\/pt-pt\/produto\/membrana-h-0-8-negra\/\",\"name\":\"Membrana sint\u00e9tica preta para impermeabiliza\u00e7\u00e3o tempor\u00e1ria | Danosa\",\"isPartOf\":{\"@id\":\"https:\/\/www.danosa.com\/pt-pt\/#website\"},\"datePublished\":\"2026-04-16T15:25:31+00:00\",\"dateModified\":\"2026-04-16T15:25:31+00:00\",\"description\":\"Membrana sint\u00e9tica \u00e0 base de PVC plastificado, sem refor\u00e7o, na cor Preto. Esta Folha N\u00c3O \u00e9 resistente \u00e0s intemp\u00e9ries, nem aos raios UV..\",\"breadcrumb\":{\"@id\":\"https:\/\/www.danosa.com\/pt-pt\/produto\/membrana-h-0-8-negra\/#breadcrumb\"},\"inLanguage\":\"pt-PT\",\"potentialAction\":[{\"@type\":\"ReadAction\",\"target\":[\"https:\/\/www.danosa.com\/pt-pt\/produto\/membrana-h-0-8-negra\/\"]}]},{\"@type\":\"BreadcrumbList\",\"@id\":\"https:\/\/www.danosa.com\/pt-pt\/produto\/membrana-h-0-8-negra\/#breadcrumb\",\"itemListElement\":[{\"@type\":\"ListItem\",\"position\":1,\"name\":\"Portada\",\"item\":\"https:\/\/www.danosa.com\/pt-pt\/\"},{\"@type\":\"ListItem\",\"position\":2,\"name\":\"MEMBRANA H 0.8 NEGRA\"}]}]}<\/script>\n<!-- \/ Yoast SEO plugin. -->","yoast_head_json":{"title":"Membrana sint\u00e9tica preta para impermeabiliza\u00e7\u00e3o tempor\u00e1ria | Danosa","description":"Membrana sint\u00e9tica \u00e0 base de PVC plastificado, sem refor\u00e7o, na cor Preto. Esta Folha N\u00c3O \u00e9 resistente \u00e0s intemp\u00e9ries, nem aos raios UV..","robots":{"index":"index","follow":"follow","max-snippet":"max-snippet:-1","max-image-preview":"max-image-preview:large","max-video-preview":"max-video-preview:-1"},"canonical":"https:\/\/www.danosa.com\/pt-pt\/produto\/membrana-h-0-8-negra\/","og_locale":"pt_PT","og_type":"article","og_title":"Membrana sint\u00e9tica preta para impermeabiliza\u00e7\u00e3o tempor\u00e1ria | Danosa","og_description":"Membrana sint\u00e9tica \u00e0 base de PVC plastificado, sem refor\u00e7o, na cor Preto. Esta Folha N\u00c3O \u00e9 resistente \u00e0s intemp\u00e9ries, nem aos raios UV..","og_url":"https:\/\/www.danosa.com\/pt-pt\/produto\/membrana-h-0-8-negra\/","og_site_name":"Danosa | Solu\u00e7\u00f5es de constru\u00e7\u00e3o","twitter_card":"summary_large_image","schema":{"@context":"https:\/\/schema.org","@graph":[{"@type":"WebSite","@id":"https:\/\/www.danosa.com\/pt-pt\/#website","url":"https:\/\/www.danosa.com\/pt-pt\/","name":"Danosa | Solu\u00e7\u00f5es de constru\u00e7\u00e3o","description":"Impermeabiliza\u00e7\u00e3o, isolamento ac\u00fastico e t\u00e9rmico","potentialAction":[{"@type":"SearchAction","target":{"@type":"EntryPoint","urlTemplate":"https:\/\/www.danosa.com\/pt-pt\/?s={search_term_string}"},"query-input":"required name=search_term_string"}],"inLanguage":"pt-PT"},{"@type":"WebPage","@id":"https:\/\/www.danosa.com\/pt-pt\/produto\/membrana-h-0-8-negra\/#webpage","url":"https:\/\/www.danosa.com\/pt-pt\/produto\/membrana-h-0-8-negra\/","name":"Membrana sint\u00e9tica preta para impermeabiliza\u00e7\u00e3o tempor\u00e1ria | Danosa","isPartOf":{"@id":"https:\/\/www.danosa.com\/pt-pt\/#website"},"datePublished":"2026-04-16T15:25:31+00:00","dateModified":"2026-04-16T15:25:31+00:00","description":"Membrana sint\u00e9tica \u00e0 base de PVC plastificado, sem refor\u00e7o, na cor Preto. Esta Folha N\u00c3O \u00e9 resistente \u00e0s intemp\u00e9ries, nem aos raios UV..","breadcrumb":{"@id":"https:\/\/www.danosa.com\/pt-pt\/produto\/membrana-h-0-8-negra\/#breadcrumb"},"inLanguage":"pt-PT","potentialAction":[{"@type":"ReadAction","target":["https:\/\/www.danosa.com\/pt-pt\/produto\/membrana-h-0-8-negra\/"]}]},{"@type":"BreadcrumbList","@id":"https:\/\/www.danosa.com\/pt-pt\/produto\/membrana-h-0-8-negra\/#breadcrumb","itemListElement":[{"@type":"ListItem","position":1,"name":"Portada","item":"https:\/\/www.danosa.com\/pt-pt\/"},{"@type":"ListItem","position":2,"name":"MEMBRANA H 0.8 NEGRA"}]}]}},"_links":{"self":[{"href":"https:\/\/www.danosa.com\/pt-pt\/wp-json\/wp\/v2\/product\/4104"}],"collection":[{"href":"https:\/\/www.danosa.com\/pt-pt\/wp-json\/wp\/v2\/product"}],"about":[{"href":"https:\/\/www.danosa.com\/pt-pt\/wp-json\/wp\/v2\/types\/product"}],"wp:attachment":[{"href":"https:\/\/www.danosa.com\/pt-pt\/wp-json\/wp\/v2\/media?parent=4104"}],"wp:term":[{"taxonomy":"family","embeddable":true,"href":"https:\/\/www.danosa.com\/pt-pt\/wp-json\/wp\/v2\/family?post=4104"},{"taxonomy":"product_notice","embeddable":true,"href":"https:\/\/www.danosa.com\/pt-pt\/wp-json\/wp\/v2\/product_notice?post=4104"},{"taxonomy":"product_icon","embeddable":true,"href":"https:\/\/www.danosa.com\/pt-pt\/wp-json\/wp\/v2\/product_icon?post=4104"},{"taxonomy":"product_application","embeddable":true,"href":"https:\/\/www.danosa.com\/pt-pt\/wp-json\/wp\/v2\/product_application?post=4104"},{"taxonomy":"product_standards_certification","embeddable":true,"href":"https:\/\/www.danosa.com\/pt-pt\/wp-json\/wp\/v2\/product_standards_certification?post=4104"},{"taxonomy":"product_benefits","embeddable":true,"href":"https:\/\/www.danosa.com\/pt-pt\/wp-json\/wp\/v2\/product_benefits?post=4104"},{"taxonomy":"product_support","embeddable":true,"href":"https:\/\/www.danosa.com\/pt-pt\/wp-json\/wp\/v2\/product_support?post=4104"},{"taxonomy":"product_substrate_preparation","embeddable":true,"href":"https:\/\/www.danosa.com\/pt-pt\/wp-json\/wp\/v2\/product_substrate_preparation?post=4104"},{"taxonomy":"product_important_indications","embeddable":true,"href":"https:\/\/www.danosa.com\/pt-pt\/wp-json\/wp\/v2\/product_important_indications?post=4104"},{"taxonomy":"product_conservation","embeddable":true,"href":"https:\/\/www.danosa.com\/pt-pt\/wp-json\/wp\/v2\/product_conservation?post=4104"},{"taxonomy":"product_warning","embeddable":true,"href":"https:\/\/www.danosa.com\/pt-pt\/wp-json\/wp\/v2\/product_warning?post=4104"},{"taxonomy":"product_safety_hygiene","embeddable":true,"href":"https:\/\/www.danosa.com\/pt-pt\/wp-json\/wp\/v2\/product_safety_hygiene?post=4104"},{"taxonomy":"system_certification","embeddable":true,"href":"https:\/\/www.danosa.com\/pt-pt\/wp-json\/wp\/v2\/system_certification?post=4104"},{"taxonomy":"product_maintenance","embeddable":true,"href":"https:\/\/www.danosa.com\/pt-pt\/wp-json\/wp\/v2\/product_maintenance?post=4104"},{"taxonomy":"product_safety_datasheet","embeddable":true,"href":"https:\/\/www.danosa.com\/pt-pt\/wp-json\/wp\/v2\/product_safety_datasheet?post=4104"},{"taxonomy":"filter_special_uses","embeddable":true,"href":"https:\/\/www.danosa.com\/pt-pt\/wp-json\/wp\/v2\/filter_special_uses?post=4104"}],"curies":[{"name":"wp","href":"https:\/\/api.w.org\/{rel}","templated":true}]}}