{"id":4108,"date":"2026-04-07T04:22:01","date_gmt":"2026-04-07T03:22:01","guid":{"rendered":"https:\/\/www.danosa.com\/pt-pt\/blog\/product\/pasatubos-para-pvc\/"},"modified":"2026-04-07T04:22:03","modified_gmt":"2026-04-07T03:22:03","slug":"pasatubos-para-pvc","status":"publish","type":"product","link":"https:\/\/www.danosa.com\/pt-pt\/produto\/pasatubos-para-pvc\/","title":{"rendered":"PASATUBOS PARA PVC"},"content":{"rendered":"<p>Passa-tubos de PVC com di\u00e1metro inferior a 125 mm e superior a 75 mm. Compatible com as l\u00e2minas DANOPOL<\/p>\n","protected":false},"excerpt":{"rendered":"<p>Passa-tubos de PVC com di\u00e1metro inferior a 125 mm e superior a 75 mm. Compatible com as l\u00e2minas DANOPOL<\/p>\n","protected":false},"featured_media":0,"parent":0,"menu_order":0,"template":"","meta":{"inline_featured_image":false,"site-sidebar-layout":"default","site-content-layout":"default","ast-main-header-display":"","ast-hfb-above-header-display":"","ast-hfb-below-header-display":"","ast-hfb-mobile-header-display":"","site-post-title":"","ast-breadcrumbs-content":"","ast-featured-img":"","footer-sml-layout":"","theme-transparent-header-meta":"","adv-header-id-meta":"","stick-header-meta":"","header-above-stick-meta":"","header-main-stick-meta":"","header-below-stick-meta":""},"family":[6802],"product_notice":[120531],"product_icon":[],"product_application":[119483],"product_standards_certification":[],"product_benefits":[118563,118582,118721,118880,118912],"product_support":[],"product_substrate_preparation":[],"product_important_indications":[119643,119663,119683,119694,119757,119797,119799],"product_conservation":[119924,119932,119960,119964,120009,120010,120029,120087,120088,120090],"product_warning":[],"product_safety_hygiene":[],"system_certification":[],"product_maintenance":[],"product_safety_datasheet":[],"filter_special_uses":[],"acf":[],"yoast_head":"<!-- This site is optimized with the Yoast SEO plugin v18.1 - https:\/\/yoast.com\/wordpress\/plugins\/seo\/ -->\n<title>Passa-tubos de PVC | Adequado para di\u00e2metros entre 75 e 125 mm<\/title>\n<meta name=\"description\" content=\"Passa-tubos de PVC para elementos passantes com di\u00e2metros entre 75 mm e 125 mm. Compat\u00edvel com todas as placas sint\u00e9ticas DANOPOL.\" \/>\n<meta name=\"robots\" content=\"index, follow, max-snippet:-1, max-image-preview:large, max-video-preview:-1\" \/>\n<link rel=\"canonical\" href=\"https:\/\/www.danosa.com\/pt-pt\/produto\/pasatubos-para-pvc\/\" \/>\n<meta property=\"og:locale\" content=\"pt_PT\" \/>\n<meta property=\"og:type\" content=\"article\" \/>\n<meta property=\"og:title\" content=\"Passa-tubos de PVC | Adequado para di\u00e2metros entre 75 e 125 mm\" \/>\n<meta property=\"og:description\" content=\"Passa-tubos de PVC para elementos passantes com di\u00e2metros entre 75 mm e 125 mm. Compat\u00edvel com todas as placas sint\u00e9ticas DANOPOL.\" \/>\n<meta property=\"og:url\" content=\"https:\/\/www.danosa.com\/pt-pt\/produto\/pasatubos-para-pvc\/\" \/>\n<meta property=\"og:site_name\" content=\"Danosa | Solu\u00e7\u00f5es de constru\u00e7\u00e3o\" \/>\n<meta property=\"article:modified_time\" content=\"2026-04-07T03:22:03+00:00\" \/>\n<meta name=\"twitter:card\" content=\"summary_large_image\" \/>\n<script type=\"application\/ld+json\" class=\"yoast-schema-graph\">{\"@context\":\"https:\/\/schema.org\",\"@graph\":[{\"@type\":\"WebSite\",\"@id\":\"https:\/\/www.danosa.com\/pt-pt\/#website\",\"url\":\"https:\/\/www.danosa.com\/pt-pt\/\",\"name\":\"Danosa | Solu\u00e7\u00f5es de constru\u00e7\u00e3o\",\"description\":\"Impermeabiliza\u00e7\u00e3o, isolamento ac\u00fastico e t\u00e9rmico\",\"potentialAction\":[{\"@type\":\"SearchAction\",\"target\":{\"@type\":\"EntryPoint\",\"urlTemplate\":\"https:\/\/www.danosa.com\/pt-pt\/?s={search_term_string}\"},\"query-input\":\"required name=search_term_string\"}],\"inLanguage\":\"pt-PT\"},{\"@type\":\"WebPage\",\"@id\":\"https:\/\/www.danosa.com\/pt-pt\/produto\/pasatubos-para-pvc\/#webpage\",\"url\":\"https:\/\/www.danosa.com\/pt-pt\/produto\/pasatubos-para-pvc\/\",\"name\":\"Passa-tubos de PVC | Adequado para di\u00e2metros entre 75 e 125 mm\",\"isPartOf\":{\"@id\":\"https:\/\/www.danosa.com\/pt-pt\/#website\"},\"datePublished\":\"2026-04-07T03:22:01+00:00\",\"dateModified\":\"2026-04-07T03:22:03+00:00\",\"description\":\"Passa-tubos de PVC para elementos passantes com di\u00e2metros entre 75 mm e 125 mm. Compat\u00edvel com todas as placas sint\u00e9ticas DANOPOL.\",\"breadcrumb\":{\"@id\":\"https:\/\/www.danosa.com\/pt-pt\/produto\/pasatubos-para-pvc\/#breadcrumb\"},\"inLanguage\":\"pt-PT\",\"potentialAction\":[{\"@type\":\"ReadAction\",\"target\":[\"https:\/\/www.danosa.com\/pt-pt\/produto\/pasatubos-para-pvc\/\"]}]},{\"@type\":\"BreadcrumbList\",\"@id\":\"https:\/\/www.danosa.com\/pt-pt\/produto\/pasatubos-para-pvc\/#breadcrumb\",\"itemListElement\":[{\"@type\":\"ListItem\",\"position\":1,\"name\":\"Portada\",\"item\":\"https:\/\/www.danosa.com\/pt-pt\/\"},{\"@type\":\"ListItem\",\"position\":2,\"name\":\"PASATUBOS PARA PVC\"}]}]}<\/script>\n<!-- \/ Yoast SEO plugin. -->","yoast_head_json":{"title":"Passa-tubos de PVC | Adequado para di\u00e2metros entre 75 e 125 mm","description":"Passa-tubos de PVC para elementos passantes com di\u00e2metros entre 75 mm e 125 mm. Compat\u00edvel com todas as placas sint\u00e9ticas DANOPOL.","robots":{"index":"index","follow":"follow","max-snippet":"max-snippet:-1","max-image-preview":"max-image-preview:large","max-video-preview":"max-video-preview:-1"},"canonical":"https:\/\/www.danosa.com\/pt-pt\/produto\/pasatubos-para-pvc\/","og_locale":"pt_PT","og_type":"article","og_title":"Passa-tubos de PVC | Adequado para di\u00e2metros entre 75 e 125 mm","og_description":"Passa-tubos de PVC para elementos passantes com di\u00e2metros entre 75 mm e 125 mm. Compat\u00edvel com todas as placas sint\u00e9ticas DANOPOL.","og_url":"https:\/\/www.danosa.com\/pt-pt\/produto\/pasatubos-para-pvc\/","og_site_name":"Danosa | Solu\u00e7\u00f5es de constru\u00e7\u00e3o","article_modified_time":"2026-04-07T03:22:03+00:00","twitter_card":"summary_large_image","schema":{"@context":"https:\/\/schema.org","@graph":[{"@type":"WebSite","@id":"https:\/\/www.danosa.com\/pt-pt\/#website","url":"https:\/\/www.danosa.com\/pt-pt\/","name":"Danosa | Solu\u00e7\u00f5es de constru\u00e7\u00e3o","description":"Impermeabiliza\u00e7\u00e3o, isolamento ac\u00fastico e t\u00e9rmico","potentialAction":[{"@type":"SearchAction","target":{"@type":"EntryPoint","urlTemplate":"https:\/\/www.danosa.com\/pt-pt\/?s={search_term_string}"},"query-input":"required name=search_term_string"}],"inLanguage":"pt-PT"},{"@type":"WebPage","@id":"https:\/\/www.danosa.com\/pt-pt\/produto\/pasatubos-para-pvc\/#webpage","url":"https:\/\/www.danosa.com\/pt-pt\/produto\/pasatubos-para-pvc\/","name":"Passa-tubos de PVC | Adequado para di\u00e2metros entre 75 e 125 mm","isPartOf":{"@id":"https:\/\/www.danosa.com\/pt-pt\/#website"},"datePublished":"2026-04-07T03:22:01+00:00","dateModified":"2026-04-07T03:22:03+00:00","description":"Passa-tubos de PVC para elementos passantes com di\u00e2metros entre 75 mm e 125 mm. Compat\u00edvel com todas as placas sint\u00e9ticas DANOPOL.","breadcrumb":{"@id":"https:\/\/www.danosa.com\/pt-pt\/produto\/pasatubos-para-pvc\/#breadcrumb"},"inLanguage":"pt-PT","potentialAction":[{"@type":"ReadAction","target":["https:\/\/www.danosa.com\/pt-pt\/produto\/pasatubos-para-pvc\/"]}]},{"@type":"BreadcrumbList","@id":"https:\/\/www.danosa.com\/pt-pt\/produto\/pasatubos-para-pvc\/#breadcrumb","itemListElement":[{"@type":"ListItem","position":1,"name":"Portada","item":"https:\/\/www.danosa.com\/pt-pt\/"},{"@type":"ListItem","position":2,"name":"PASATUBOS PARA PVC"}]}]}},"_links":{"self":[{"href":"https:\/\/www.danosa.com\/pt-pt\/wp-json\/wp\/v2\/product\/4108"}],"collection":[{"href":"https:\/\/www.danosa.com\/pt-pt\/wp-json\/wp\/v2\/product"}],"about":[{"href":"https:\/\/www.danosa.com\/pt-pt\/wp-json\/wp\/v2\/types\/product"}],"wp:attachment":[{"href":"https:\/\/www.danosa.com\/pt-pt\/wp-json\/wp\/v2\/media?parent=4108"}],"wp:term":[{"taxonomy":"family","embeddable":true,"href":"https:\/\/www.danosa.com\/pt-pt\/wp-json\/wp\/v2\/family?post=4108"},{"taxonomy":"product_notice","embeddable":true,"href":"https:\/\/www.danosa.com\/pt-pt\/wp-json\/wp\/v2\/product_notice?post=4108"},{"taxonomy":"product_icon","embeddable":true,"href":"https:\/\/www.danosa.com\/pt-pt\/wp-json\/wp\/v2\/product_icon?post=4108"},{"taxonomy":"product_application","embeddable":true,"href":"https:\/\/www.danosa.com\/pt-pt\/wp-json\/wp\/v2\/product_application?post=4108"},{"taxonomy":"product_standards_certification","embeddable":true,"href":"https:\/\/www.danosa.com\/pt-pt\/wp-json\/wp\/v2\/product_standards_certification?post=4108"},{"taxonomy":"product_benefits","embeddable":true,"href":"https:\/\/www.danosa.com\/pt-pt\/wp-json\/wp\/v2\/product_benefits?post=4108"},{"taxonomy":"product_support","embeddable":true,"href":"https:\/\/www.danosa.com\/pt-pt\/wp-json\/wp\/v2\/product_support?post=4108"},{"taxonomy":"product_substrate_preparation","embeddable":true,"href":"https:\/\/www.danosa.com\/pt-pt\/wp-json\/wp\/v2\/product_substrate_preparation?post=4108"},{"taxonomy":"product_important_indications","embeddable":true,"href":"https:\/\/www.danosa.com\/pt-pt\/wp-json\/wp\/v2\/product_important_indications?post=4108"},{"taxonomy":"product_conservation","embeddable":true,"href":"https:\/\/www.danosa.com\/pt-pt\/wp-json\/wp\/v2\/product_conservation?post=4108"},{"taxonomy":"product_warning","embeddable":true,"href":"https:\/\/www.danosa.com\/pt-pt\/wp-json\/wp\/v2\/product_warning?post=4108"},{"taxonomy":"product_safety_hygiene","embeddable":true,"href":"https:\/\/www.danosa.com\/pt-pt\/wp-json\/wp\/v2\/product_safety_hygiene?post=4108"},{"taxonomy":"system_certification","embeddable":true,"href":"https:\/\/www.danosa.com\/pt-pt\/wp-json\/wp\/v2\/system_certification?post=4108"},{"taxonomy":"product_maintenance","embeddable":true,"href":"https:\/\/www.danosa.com\/pt-pt\/wp-json\/wp\/v2\/product_maintenance?post=4108"},{"taxonomy":"product_safety_datasheet","embeddable":true,"href":"https:\/\/www.danosa.com\/pt-pt\/wp-json\/wp\/v2\/product_safety_datasheet?post=4108"},{"taxonomy":"filter_special_uses","embeddable":true,"href":"https:\/\/www.danosa.com\/pt-pt\/wp-json\/wp\/v2\/filter_special_uses?post=4108"}],"curies":[{"name":"wp","href":"https:\/\/api.w.org\/{rel}","templated":true}]}}