{"id":4144,"date":"2026-04-17T16:25:40","date_gmt":"2026-04-17T15:25:40","guid":{"rendered":"https:\/\/www.danosa.com\/pt-pt\/blog\/product\/revestidan-finish\/"},"modified":"2026-04-17T16:25:44","modified_gmt":"2026-04-17T15:25:44","slug":"revestidan-finish","status":"publish","type":"product","link":"https:\/\/www.danosa.com\/pt-pt\/produto\/revestidan-finish\/","title":{"rendered":"REVESTIDAN FINISH"},"content":{"rendered":"<p>REVESTIDAN FINISH \u00e9 um revestimento el\u00e1stico impermeabilizante de intemp\u00e9rie, tixotr\u00f3pico, de consist\u00eancia pastosa, \u00e0 base de poliuretano monocomponente refor\u00e7ado com fibras, de cor preto, branco ou cinza, de aplica\u00e7\u00e3o e cura a frio.<\/p>\n","protected":false},"excerpt":{"rendered":"<p>Revestimento impermeabilizante de poliuretano para execu\u00e7\u00e3o de remates em impermeabiliza\u00e7\u00f5es<\/p>\n","protected":false},"featured_media":0,"parent":0,"menu_order":0,"template":"","meta":{"inline_featured_image":false,"site-sidebar-layout":"default","site-content-layout":"default","ast-main-header-display":"","ast-hfb-above-header-display":"","ast-hfb-below-header-display":"","ast-hfb-mobile-header-display":"","site-post-title":"","ast-breadcrumbs-content":"","ast-featured-img":"","footer-sml-layout":"","theme-transparent-header-meta":"","adv-header-id-meta":"","stick-header-meta":"","header-above-stick-meta":"","header-main-stick-meta":"","header-below-stick-meta":""},"family":[62915],"product_notice":[120531],"product_icon":[],"product_application":[119078,119206,119211,119412,119477,119478],"product_standards_certification":[],"product_benefits":[118571,118591,118645,118698,118712,118721,118730,118792,118961],"product_support":[120272,120314,120315,120316,120343,120345],"product_substrate_preparation":[],"product_important_indications":[119611,119753,119779,119845,119848],"product_conservation":[119911,119912,119924,119928,119932,120087,120088,120090],"product_warning":[],"product_safety_hygiene":[],"system_certification":[],"product_maintenance":[],"product_safety_datasheet":[3676],"filter_special_uses":[],"acf":[],"yoast_head":"<!-- This site is optimized with the Yoast SEO plugin v18.1 - https:\/\/yoast.com\/wordpress\/plugins\/seo\/ -->\n<title>Membrana l\u00edquida de poliuretano | Impermeabiliza\u00e7\u00e3o exterior | Revestidan<\/title>\n<meta name=\"description\" content=\"Membrana l\u00edquida de poliuretano. Revestimento el\u00e1stico externo de poliuretano refor\u00e7ado com fibra monocomponente. Revestidan FINISH.\" \/>\n<meta name=\"robots\" content=\"index, follow, max-snippet:-1, max-image-preview:large, max-video-preview:-1\" \/>\n<link rel=\"canonical\" href=\"https:\/\/www.danosa.com\/pt-pt\/produto\/revestidan-finish\/\" \/>\n<meta property=\"og:locale\" content=\"pt_PT\" \/>\n<meta property=\"og:type\" content=\"article\" \/>\n<meta property=\"og:title\" content=\"Membrana l\u00edquida de poliuretano | Impermeabiliza\u00e7\u00e3o exterior | Revestidan\" \/>\n<meta property=\"og:description\" content=\"Membrana l\u00edquida de poliuretano. Revestimento el\u00e1stico externo de poliuretano refor\u00e7ado com fibra monocomponente. Revestidan FINISH.\" \/>\n<meta property=\"og:url\" content=\"https:\/\/www.danosa.com\/pt-pt\/produto\/revestidan-finish\/\" \/>\n<meta property=\"og:site_name\" content=\"Danosa | Solu\u00e7\u00f5es de constru\u00e7\u00e3o\" \/>\n<meta property=\"article:modified_time\" content=\"2026-04-17T15:25:44+00:00\" \/>\n<meta name=\"twitter:card\" content=\"summary_large_image\" \/>\n<script type=\"application\/ld+json\" class=\"yoast-schema-graph\">{\"@context\":\"https:\/\/schema.org\",\"@graph\":[{\"@type\":\"WebSite\",\"@id\":\"https:\/\/www.danosa.com\/pt-pt\/#website\",\"url\":\"https:\/\/www.danosa.com\/pt-pt\/\",\"name\":\"Danosa | Solu\u00e7\u00f5es de constru\u00e7\u00e3o\",\"description\":\"Impermeabiliza\u00e7\u00e3o, isolamento ac\u00fastico e t\u00e9rmico\",\"potentialAction\":[{\"@type\":\"SearchAction\",\"target\":{\"@type\":\"EntryPoint\",\"urlTemplate\":\"https:\/\/www.danosa.com\/pt-pt\/?s={search_term_string}\"},\"query-input\":\"required name=search_term_string\"}],\"inLanguage\":\"pt-PT\"},{\"@type\":\"WebPage\",\"@id\":\"https:\/\/www.danosa.com\/pt-pt\/produto\/revestidan-finish\/#webpage\",\"url\":\"https:\/\/www.danosa.com\/pt-pt\/produto\/revestidan-finish\/\",\"name\":\"Membrana l\u00edquida de poliuretano | Impermeabiliza\u00e7\u00e3o exterior | Revestidan\",\"isPartOf\":{\"@id\":\"https:\/\/www.danosa.com\/pt-pt\/#website\"},\"datePublished\":\"2026-04-17T15:25:40+00:00\",\"dateModified\":\"2026-04-17T15:25:44+00:00\",\"description\":\"Membrana l\u00edquida de poliuretano. Revestimento el\u00e1stico externo de poliuretano refor\u00e7ado com fibra monocomponente. Revestidan FINISH.\",\"breadcrumb\":{\"@id\":\"https:\/\/www.danosa.com\/pt-pt\/produto\/revestidan-finish\/#breadcrumb\"},\"inLanguage\":\"pt-PT\",\"potentialAction\":[{\"@type\":\"ReadAction\",\"target\":[\"https:\/\/www.danosa.com\/pt-pt\/produto\/revestidan-finish\/\"]}]},{\"@type\":\"BreadcrumbList\",\"@id\":\"https:\/\/www.danosa.com\/pt-pt\/produto\/revestidan-finish\/#breadcrumb\",\"itemListElement\":[{\"@type\":\"ListItem\",\"position\":1,\"name\":\"Portada\",\"item\":\"https:\/\/www.danosa.com\/pt-pt\/\"},{\"@type\":\"ListItem\",\"position\":2,\"name\":\"REVESTIDAN FINISH\"}]}]}<\/script>\n<!-- \/ Yoast SEO plugin. -->","yoast_head_json":{"title":"Membrana l\u00edquida de poliuretano | Impermeabiliza\u00e7\u00e3o exterior | Revestidan","description":"Membrana l\u00edquida de poliuretano. Revestimento el\u00e1stico externo de poliuretano refor\u00e7ado com fibra monocomponente. Revestidan FINISH.","robots":{"index":"index","follow":"follow","max-snippet":"max-snippet:-1","max-image-preview":"max-image-preview:large","max-video-preview":"max-video-preview:-1"},"canonical":"https:\/\/www.danosa.com\/pt-pt\/produto\/revestidan-finish\/","og_locale":"pt_PT","og_type":"article","og_title":"Membrana l\u00edquida de poliuretano | Impermeabiliza\u00e7\u00e3o exterior | Revestidan","og_description":"Membrana l\u00edquida de poliuretano. Revestimento el\u00e1stico externo de poliuretano refor\u00e7ado com fibra monocomponente. Revestidan FINISH.","og_url":"https:\/\/www.danosa.com\/pt-pt\/produto\/revestidan-finish\/","og_site_name":"Danosa | Solu\u00e7\u00f5es de constru\u00e7\u00e3o","article_modified_time":"2026-04-17T15:25:44+00:00","twitter_card":"summary_large_image","schema":{"@context":"https:\/\/schema.org","@graph":[{"@type":"WebSite","@id":"https:\/\/www.danosa.com\/pt-pt\/#website","url":"https:\/\/www.danosa.com\/pt-pt\/","name":"Danosa | Solu\u00e7\u00f5es de constru\u00e7\u00e3o","description":"Impermeabiliza\u00e7\u00e3o, isolamento ac\u00fastico e t\u00e9rmico","potentialAction":[{"@type":"SearchAction","target":{"@type":"EntryPoint","urlTemplate":"https:\/\/www.danosa.com\/pt-pt\/?s={search_term_string}"},"query-input":"required name=search_term_string"}],"inLanguage":"pt-PT"},{"@type":"WebPage","@id":"https:\/\/www.danosa.com\/pt-pt\/produto\/revestidan-finish\/#webpage","url":"https:\/\/www.danosa.com\/pt-pt\/produto\/revestidan-finish\/","name":"Membrana l\u00edquida de poliuretano | Impermeabiliza\u00e7\u00e3o exterior | Revestidan","isPartOf":{"@id":"https:\/\/www.danosa.com\/pt-pt\/#website"},"datePublished":"2026-04-17T15:25:40+00:00","dateModified":"2026-04-17T15:25:44+00:00","description":"Membrana l\u00edquida de poliuretano. Revestimento el\u00e1stico externo de poliuretano refor\u00e7ado com fibra monocomponente. Revestidan FINISH.","breadcrumb":{"@id":"https:\/\/www.danosa.com\/pt-pt\/produto\/revestidan-finish\/#breadcrumb"},"inLanguage":"pt-PT","potentialAction":[{"@type":"ReadAction","target":["https:\/\/www.danosa.com\/pt-pt\/produto\/revestidan-finish\/"]}]},{"@type":"BreadcrumbList","@id":"https:\/\/www.danosa.com\/pt-pt\/produto\/revestidan-finish\/#breadcrumb","itemListElement":[{"@type":"ListItem","position":1,"name":"Portada","item":"https:\/\/www.danosa.com\/pt-pt\/"},{"@type":"ListItem","position":2,"name":"REVESTIDAN FINISH"}]}]}},"_links":{"self":[{"href":"https:\/\/www.danosa.com\/pt-pt\/wp-json\/wp\/v2\/product\/4144"}],"collection":[{"href":"https:\/\/www.danosa.com\/pt-pt\/wp-json\/wp\/v2\/product"}],"about":[{"href":"https:\/\/www.danosa.com\/pt-pt\/wp-json\/wp\/v2\/types\/product"}],"wp:attachment":[{"href":"https:\/\/www.danosa.com\/pt-pt\/wp-json\/wp\/v2\/media?parent=4144"}],"wp:term":[{"taxonomy":"family","embeddable":true,"href":"https:\/\/www.danosa.com\/pt-pt\/wp-json\/wp\/v2\/family?post=4144"},{"taxonomy":"product_notice","embeddable":true,"href":"https:\/\/www.danosa.com\/pt-pt\/wp-json\/wp\/v2\/product_notice?post=4144"},{"taxonomy":"product_icon","embeddable":true,"href":"https:\/\/www.danosa.com\/pt-pt\/wp-json\/wp\/v2\/product_icon?post=4144"},{"taxonomy":"product_application","embeddable":true,"href":"https:\/\/www.danosa.com\/pt-pt\/wp-json\/wp\/v2\/product_application?post=4144"},{"taxonomy":"product_standards_certification","embeddable":true,"href":"https:\/\/www.danosa.com\/pt-pt\/wp-json\/wp\/v2\/product_standards_certification?post=4144"},{"taxonomy":"product_benefits","embeddable":true,"href":"https:\/\/www.danosa.com\/pt-pt\/wp-json\/wp\/v2\/product_benefits?post=4144"},{"taxonomy":"product_support","embeddable":true,"href":"https:\/\/www.danosa.com\/pt-pt\/wp-json\/wp\/v2\/product_support?post=4144"},{"taxonomy":"product_substrate_preparation","embeddable":true,"href":"https:\/\/www.danosa.com\/pt-pt\/wp-json\/wp\/v2\/product_substrate_preparation?post=4144"},{"taxonomy":"product_important_indications","embeddable":true,"href":"https:\/\/www.danosa.com\/pt-pt\/wp-json\/wp\/v2\/product_important_indications?post=4144"},{"taxonomy":"product_conservation","embeddable":true,"href":"https:\/\/www.danosa.com\/pt-pt\/wp-json\/wp\/v2\/product_conservation?post=4144"},{"taxonomy":"product_warning","embeddable":true,"href":"https:\/\/www.danosa.com\/pt-pt\/wp-json\/wp\/v2\/product_warning?post=4144"},{"taxonomy":"product_safety_hygiene","embeddable":true,"href":"https:\/\/www.danosa.com\/pt-pt\/wp-json\/wp\/v2\/product_safety_hygiene?post=4144"},{"taxonomy":"system_certification","embeddable":true,"href":"https:\/\/www.danosa.com\/pt-pt\/wp-json\/wp\/v2\/system_certification?post=4144"},{"taxonomy":"product_maintenance","embeddable":true,"href":"https:\/\/www.danosa.com\/pt-pt\/wp-json\/wp\/v2\/product_maintenance?post=4144"},{"taxonomy":"product_safety_datasheet","embeddable":true,"href":"https:\/\/www.danosa.com\/pt-pt\/wp-json\/wp\/v2\/product_safety_datasheet?post=4144"},{"taxonomy":"filter_special_uses","embeddable":true,"href":"https:\/\/www.danosa.com\/pt-pt\/wp-json\/wp\/v2\/filter_special_uses?post=4144"}],"curies":[{"name":"wp","href":"https:\/\/api.w.org\/{rel}","templated":true}]}}