{"id":4223,"date":"2026-04-16T16:25:41","date_gmt":"2026-04-16T15:25:41","guid":{"rendered":"https:\/\/www.danosa.com\/pt-pt\/blog\/product\/polydan-60-tf-elast-2\/"},"modified":"2026-04-16T16:25:41","modified_gmt":"2026-04-16T15:25:41","slug":"polydan-60-tf-elast","status":"publish","type":"product","link":"https:\/\/www.danosa.com\/pt-pt\/produto\/polydan-60-tf-elast\/","title":{"rendered":"POLYDAN 60 TF ELAST"},"content":{"rendered":"<p>O POLYDAN 60 TF ELAST. \u00e9 uma membrana impermeabilizante betuminosa de superf\u00edcie auto-protegida de 6,0 kg\/m\u00b2, LBM(SBS)-60\/G-FP R. <br \/> \u00c9 composta por uma armadura de feltro de poli\u00e9ster n\u00e3o-tecido de gran gramagem, recoberta nas duas faces com um m\u00e1stico de betume modificado com elast\u00f3meros (SBS), usando como material de protec\u00e7\u00e3o na face externa da membrana, protec\u00e7\u00e3o mineral de cor xisto (escuro). Como material anti-aderente, na face interna usa-se um filme de polietileno. <\/p>\n<p>O seu uso est\u00e1 indicado especialmente para impermeabiliza\u00e7ao de pontes e coberturas de parqueamento (coberturas parking). L\u00e2mina para tabuleiros de caminhos-de-ferro.<\/p>\n","protected":false},"excerpt":{"rendered":"<p>Membrana\u00a0impermeabilizante de betume modificado com elast\u00f3meros (SBS) com auto-protec\u00e7\u00e3o mineral.<\/p>\n","protected":false},"featured_media":0,"parent":0,"menu_order":0,"template":"","meta":{"inline_featured_image":false,"site-sidebar-layout":"default","site-content-layout":"default","ast-main-header-display":"","ast-hfb-above-header-display":"","ast-hfb-below-header-display":"","ast-hfb-mobile-header-display":"","site-post-title":"","ast-breadcrumbs-content":"","ast-featured-img":"","footer-sml-layout":"","theme-transparent-header-meta":"","adv-header-id-meta":"","stick-header-meta":"","header-above-stick-meta":"","header-main-stick-meta":"","header-below-stick-meta":""},"family":[6782],"product_notice":[120531],"product_icon":[],"product_application":[119313,119319,119321,119322,119334],"product_standards_certification":[120780,120784,120787,120794,120799,120800],"product_benefits":[118511,118537,118552,118608,118725,118732,118735,118741,118842,118855],"product_support":[120293,120343,120345],"product_substrate_preparation":[],"product_important_indications":[119636,119648,119650,119652,119654,119680,119685,119691,119693,119702,119726,119743,119746,119785,119795,119798,119801,119825,119885],"product_conservation":[119898,119924,119931,119983,120016],"product_warning":[120163],"product_safety_hygiene":[],"system_certification":[7128,102016,79414,6750,6848,104579],"product_maintenance":[40592],"product_safety_datasheet":[4867],"filter_special_uses":[6777,6778],"acf":[],"yoast_head":"<!-- This site is optimized with the Yoast SEO plugin v18.1 - https:\/\/yoast.com\/wordpress\/plugins\/seo\/ -->\n<title>Tela asf\u00e1ltica especial para Tr\u00e1fego rodovi\u00e1rio | POLYDAN 60 TF ELAST<\/title>\n<meta name=\"description\" content=\"Tela asf\u00e1ltica especial para tr\u00e1fego rodovi\u00e1rio com camada impermeabilizante autoprotegida de betume elastom\u00e9rico SBS. Auto-cura e resistente \u00e0 podrid\u00e3o\" \/>\n<meta name=\"robots\" content=\"index, follow, max-snippet:-1, max-image-preview:large, max-video-preview:-1\" \/>\n<link rel=\"canonical\" href=\"https:\/\/www.danosa.com\/pt-pt\/produto\/polydan-60-tf-elast\/\" \/>\n<meta property=\"og:locale\" content=\"pt_PT\" \/>\n<meta property=\"og:type\" content=\"article\" \/>\n<meta property=\"og:title\" content=\"Tela asf\u00e1ltica especial para Tr\u00e1fego rodovi\u00e1rio | POLYDAN 60 TF ELAST\" \/>\n<meta property=\"og:description\" content=\"Tela asf\u00e1ltica especial para tr\u00e1fego rodovi\u00e1rio com camada impermeabilizante autoprotegida de betume elastom\u00e9rico SBS. Auto-cura e resistente \u00e0 podrid\u00e3o\" \/>\n<meta property=\"og:url\" content=\"https:\/\/www.danosa.com\/pt-pt\/produto\/polydan-60-tf-elast\/\" \/>\n<meta property=\"og:site_name\" content=\"Danosa | Solu\u00e7\u00f5es de constru\u00e7\u00e3o\" \/>\n<meta name=\"twitter:card\" content=\"summary_large_image\" \/>\n<meta name=\"twitter:label1\" content=\"Tempo estimado de leitura\" \/>\n\t<meta name=\"twitter:data1\" content=\"1 minuto\" \/>\n<script type=\"application\/ld+json\" class=\"yoast-schema-graph\">{\"@context\":\"https:\/\/schema.org\",\"@graph\":[{\"@type\":\"WebSite\",\"@id\":\"https:\/\/www.danosa.com\/pt-pt\/#website\",\"url\":\"https:\/\/www.danosa.com\/pt-pt\/\",\"name\":\"Danosa | Solu\u00e7\u00f5es de constru\u00e7\u00e3o\",\"description\":\"Impermeabiliza\u00e7\u00e3o, isolamento ac\u00fastico e t\u00e9rmico\",\"potentialAction\":[{\"@type\":\"SearchAction\",\"target\":{\"@type\":\"EntryPoint\",\"urlTemplate\":\"https:\/\/www.danosa.com\/pt-pt\/?s={search_term_string}\"},\"query-input\":\"required name=search_term_string\"}],\"inLanguage\":\"pt-PT\"},{\"@type\":\"WebPage\",\"@id\":\"https:\/\/www.danosa.com\/pt-pt\/produto\/polydan-60-tf-elast\/#webpage\",\"url\":\"https:\/\/www.danosa.com\/pt-pt\/produto\/polydan-60-tf-elast\/\",\"name\":\"Tela asf\u00e1ltica especial para Tr\u00e1fego rodovi\u00e1rio | POLYDAN 60 TF ELAST\",\"isPartOf\":{\"@id\":\"https:\/\/www.danosa.com\/pt-pt\/#website\"},\"datePublished\":\"2026-04-16T15:25:41+00:00\",\"dateModified\":\"2026-04-16T15:25:41+00:00\",\"description\":\"Tela asf\u00e1ltica especial para tr\u00e1fego rodovi\u00e1rio com camada impermeabilizante autoprotegida de betume elastom\u00e9rico SBS. Auto-cura e resistente \u00e0 podrid\u00e3o\",\"breadcrumb\":{\"@id\":\"https:\/\/www.danosa.com\/pt-pt\/produto\/polydan-60-tf-elast\/#breadcrumb\"},\"inLanguage\":\"pt-PT\",\"potentialAction\":[{\"@type\":\"ReadAction\",\"target\":[\"https:\/\/www.danosa.com\/pt-pt\/produto\/polydan-60-tf-elast\/\"]}]},{\"@type\":\"BreadcrumbList\",\"@id\":\"https:\/\/www.danosa.com\/pt-pt\/produto\/polydan-60-tf-elast\/#breadcrumb\",\"itemListElement\":[{\"@type\":\"ListItem\",\"position\":1,\"name\":\"Portada\",\"item\":\"https:\/\/www.danosa.com\/pt-pt\/\"},{\"@type\":\"ListItem\",\"position\":2,\"name\":\"POLYDAN 60 TF ELAST\"}]}]}<\/script>\n<!-- \/ Yoast SEO plugin. -->","yoast_head_json":{"title":"Tela asf\u00e1ltica especial para Tr\u00e1fego rodovi\u00e1rio | POLYDAN 60 TF ELAST","description":"Tela asf\u00e1ltica especial para tr\u00e1fego rodovi\u00e1rio com camada impermeabilizante autoprotegida de betume elastom\u00e9rico SBS. Auto-cura e resistente \u00e0 podrid\u00e3o","robots":{"index":"index","follow":"follow","max-snippet":"max-snippet:-1","max-image-preview":"max-image-preview:large","max-video-preview":"max-video-preview:-1"},"canonical":"https:\/\/www.danosa.com\/pt-pt\/produto\/polydan-60-tf-elast\/","og_locale":"pt_PT","og_type":"article","og_title":"Tela asf\u00e1ltica especial para Tr\u00e1fego rodovi\u00e1rio | POLYDAN 60 TF ELAST","og_description":"Tela asf\u00e1ltica especial para tr\u00e1fego rodovi\u00e1rio com camada impermeabilizante autoprotegida de betume elastom\u00e9rico SBS. Auto-cura e resistente \u00e0 podrid\u00e3o","og_url":"https:\/\/www.danosa.com\/pt-pt\/produto\/polydan-60-tf-elast\/","og_site_name":"Danosa | Solu\u00e7\u00f5es de constru\u00e7\u00e3o","twitter_card":"summary_large_image","twitter_misc":{"Tempo estimado de leitura":"1 minuto"},"schema":{"@context":"https:\/\/schema.org","@graph":[{"@type":"WebSite","@id":"https:\/\/www.danosa.com\/pt-pt\/#website","url":"https:\/\/www.danosa.com\/pt-pt\/","name":"Danosa | Solu\u00e7\u00f5es de constru\u00e7\u00e3o","description":"Impermeabiliza\u00e7\u00e3o, isolamento ac\u00fastico e t\u00e9rmico","potentialAction":[{"@type":"SearchAction","target":{"@type":"EntryPoint","urlTemplate":"https:\/\/www.danosa.com\/pt-pt\/?s={search_term_string}"},"query-input":"required name=search_term_string"}],"inLanguage":"pt-PT"},{"@type":"WebPage","@id":"https:\/\/www.danosa.com\/pt-pt\/produto\/polydan-60-tf-elast\/#webpage","url":"https:\/\/www.danosa.com\/pt-pt\/produto\/polydan-60-tf-elast\/","name":"Tela asf\u00e1ltica especial para Tr\u00e1fego rodovi\u00e1rio | POLYDAN 60 TF ELAST","isPartOf":{"@id":"https:\/\/www.danosa.com\/pt-pt\/#website"},"datePublished":"2026-04-16T15:25:41+00:00","dateModified":"2026-04-16T15:25:41+00:00","description":"Tela asf\u00e1ltica especial para tr\u00e1fego rodovi\u00e1rio com camada impermeabilizante autoprotegida de betume elastom\u00e9rico SBS. Auto-cura e resistente \u00e0 podrid\u00e3o","breadcrumb":{"@id":"https:\/\/www.danosa.com\/pt-pt\/produto\/polydan-60-tf-elast\/#breadcrumb"},"inLanguage":"pt-PT","potentialAction":[{"@type":"ReadAction","target":["https:\/\/www.danosa.com\/pt-pt\/produto\/polydan-60-tf-elast\/"]}]},{"@type":"BreadcrumbList","@id":"https:\/\/www.danosa.com\/pt-pt\/produto\/polydan-60-tf-elast\/#breadcrumb","itemListElement":[{"@type":"ListItem","position":1,"name":"Portada","item":"https:\/\/www.danosa.com\/pt-pt\/"},{"@type":"ListItem","position":2,"name":"POLYDAN 60 TF ELAST"}]}]}},"_links":{"self":[{"href":"https:\/\/www.danosa.com\/pt-pt\/wp-json\/wp\/v2\/product\/4223"}],"collection":[{"href":"https:\/\/www.danosa.com\/pt-pt\/wp-json\/wp\/v2\/product"}],"about":[{"href":"https:\/\/www.danosa.com\/pt-pt\/wp-json\/wp\/v2\/types\/product"}],"wp:attachment":[{"href":"https:\/\/www.danosa.com\/pt-pt\/wp-json\/wp\/v2\/media?parent=4223"}],"wp:term":[{"taxonomy":"family","embeddable":true,"href":"https:\/\/www.danosa.com\/pt-pt\/wp-json\/wp\/v2\/family?post=4223"},{"taxonomy":"product_notice","embeddable":true,"href":"https:\/\/www.danosa.com\/pt-pt\/wp-json\/wp\/v2\/product_notice?post=4223"},{"taxonomy":"product_icon","embeddable":true,"href":"https:\/\/www.danosa.com\/pt-pt\/wp-json\/wp\/v2\/product_icon?post=4223"},{"taxonomy":"product_application","embeddable":true,"href":"https:\/\/www.danosa.com\/pt-pt\/wp-json\/wp\/v2\/product_application?post=4223"},{"taxonomy":"product_standards_certification","embeddable":true,"href":"https:\/\/www.danosa.com\/pt-pt\/wp-json\/wp\/v2\/product_standards_certification?post=4223"},{"taxonomy":"product_benefits","embeddable":true,"href":"https:\/\/www.danosa.com\/pt-pt\/wp-json\/wp\/v2\/product_benefits?post=4223"},{"taxonomy":"product_support","embeddable":true,"href":"https:\/\/www.danosa.com\/pt-pt\/wp-json\/wp\/v2\/product_support?post=4223"},{"taxonomy":"product_substrate_preparation","embeddable":true,"href":"https:\/\/www.danosa.com\/pt-pt\/wp-json\/wp\/v2\/product_substrate_preparation?post=4223"},{"taxonomy":"product_important_indications","embeddable":true,"href":"https:\/\/www.danosa.com\/pt-pt\/wp-json\/wp\/v2\/product_important_indications?post=4223"},{"taxonomy":"product_conservation","embeddable":true,"href":"https:\/\/www.danosa.com\/pt-pt\/wp-json\/wp\/v2\/product_conservation?post=4223"},{"taxonomy":"product_warning","embeddable":true,"href":"https:\/\/www.danosa.com\/pt-pt\/wp-json\/wp\/v2\/product_warning?post=4223"},{"taxonomy":"product_safety_hygiene","embeddable":true,"href":"https:\/\/www.danosa.com\/pt-pt\/wp-json\/wp\/v2\/product_safety_hygiene?post=4223"},{"taxonomy":"system_certification","embeddable":true,"href":"https:\/\/www.danosa.com\/pt-pt\/wp-json\/wp\/v2\/system_certification?post=4223"},{"taxonomy":"product_maintenance","embeddable":true,"href":"https:\/\/www.danosa.com\/pt-pt\/wp-json\/wp\/v2\/product_maintenance?post=4223"},{"taxonomy":"product_safety_datasheet","embeddable":true,"href":"https:\/\/www.danosa.com\/pt-pt\/wp-json\/wp\/v2\/product_safety_datasheet?post=4223"},{"taxonomy":"filter_special_uses","embeddable":true,"href":"https:\/\/www.danosa.com\/pt-pt\/wp-json\/wp\/v2\/filter_special_uses?post=4223"}],"curies":[{"name":"wp","href":"https:\/\/api.w.org\/{rel}","templated":true}]}}