{"id":7715,"date":"2026-04-09T04:21:55","date_gmt":"2026-04-09T03:21:55","guid":{"rendered":"https:\/\/www.danosa.com\/pt-pt\/product\/maxdan\/"},"modified":"2026-04-09T04:21:58","modified_gmt":"2026-04-09T03:21:58","slug":"maxdan","status":"publish","type":"product","link":"https:\/\/www.danosa.com\/pt-pt\/produto\/maxdan\/","title":{"rendered":"MAXDAN"},"content":{"rendered":"<p>O MAXDAN \u00e9 uma pintura betuminosa, para aplica\u00e7\u00e3o a frio. <br \/>Este produto \u00e9 obtido pela dispers\u00e3o de particulas de betume asf\u00e1ltico com um agente emulsionante de car\u00e1cter ani\u00f3nico e com incorpora\u00e7\u00e3o de cargas.<\/p>\n","protected":false},"excerpt":{"rendered":"<p>Emuls\u00e3o betuminosa est\u00e1vel de consist\u00eancia pastosa.<\/p>\n","protected":false},"featured_media":0,"parent":0,"menu_order":0,"template":"","meta":{"inline_featured_image":false,"site-sidebar-layout":"default","site-content-layout":"default","ast-main-header-display":"","ast-hfb-above-header-display":"","ast-hfb-below-header-display":"","ast-hfb-mobile-header-display":"","site-post-title":"","ast-breadcrumbs-content":"","ast-featured-img":"","footer-sml-layout":"","theme-transparent-header-meta":"","adv-header-id-meta":"","stick-header-meta":"","header-above-stick-meta":"","header-main-stick-meta":"","header-below-stick-meta":""},"family":[6784],"product_notice":[120531],"product_icon":[],"product_application":[119194,119271,119272,119375,119377,119389],"product_standards_certification":[120771],"product_benefits":[118516,118565,118570,118591,118631,118641,118645,118698,118712,118751,118786,118822,118850,118900,118909,118923,118925,118963,119042],"product_support":[],"product_substrate_preparation":[],"product_important_indications":[119615,119650,119680,119722,119730,119735,119752,119785,119801,119837,137736,119885],"product_conservation":[119924,119932,119936,119960,120008,137738,120068,120087,120088,120090],"product_warning":[],"product_safety_hygiene":[],"system_certification":[],"product_maintenance":[],"product_safety_datasheet":[46042],"filter_special_uses":[],"acf":[],"yoast_head":"<!-- This site is optimized with the Yoast SEO plugin v18.1 - https:\/\/yoast.com\/wordpress\/plugins\/seo\/ -->\n<title>Emuls\u00e3o asf\u00e1ltica | MAXDAN | Impermeabiliza\u00e7\u00f5es betuminosas | Danosa<\/title>\n<meta name=\"description\" content=\"Emuls\u00e3o asf\u00e1ltica impermeabilizante viscosa para aplica\u00e7\u00e3o a frio. Emuls\u00e3o betuminosa ideal para muros e muros. Maxdan Danosa.\" \/>\n<meta name=\"robots\" content=\"index, follow, max-snippet:-1, max-image-preview:large, max-video-preview:-1\" \/>\n<link rel=\"canonical\" href=\"https:\/\/www.danosa.com\/pt-pt\/produto\/maxdan\/\" \/>\n<meta property=\"og:locale\" content=\"pt_PT\" \/>\n<meta property=\"og:type\" content=\"article\" \/>\n<meta property=\"og:title\" content=\"Emuls\u00e3o asf\u00e1ltica | MAXDAN | Impermeabiliza\u00e7\u00f5es betuminosas | Danosa\" \/>\n<meta property=\"og:description\" content=\"Emuls\u00e3o asf\u00e1ltica impermeabilizante viscosa para aplica\u00e7\u00e3o a frio. Emuls\u00e3o betuminosa ideal para muros e muros. Maxdan Danosa.\" \/>\n<meta property=\"og:url\" content=\"https:\/\/www.danosa.com\/pt-pt\/produto\/maxdan\/\" \/>\n<meta property=\"og:site_name\" content=\"Danosa | Solu\u00e7\u00f5es de constru\u00e7\u00e3o\" \/>\n<meta property=\"article:modified_time\" content=\"2026-04-09T03:21:58+00:00\" \/>\n<meta name=\"twitter:card\" content=\"summary_large_image\" \/>\n<script type=\"application\/ld+json\" class=\"yoast-schema-graph\">{\"@context\":\"https:\/\/schema.org\",\"@graph\":[{\"@type\":\"WebSite\",\"@id\":\"https:\/\/www.danosa.com\/pt-pt\/#website\",\"url\":\"https:\/\/www.danosa.com\/pt-pt\/\",\"name\":\"Danosa | Solu\u00e7\u00f5es de constru\u00e7\u00e3o\",\"description\":\"Impermeabiliza\u00e7\u00e3o, isolamento ac\u00fastico e t\u00e9rmico\",\"potentialAction\":[{\"@type\":\"SearchAction\",\"target\":{\"@type\":\"EntryPoint\",\"urlTemplate\":\"https:\/\/www.danosa.com\/pt-pt\/?s={search_term_string}\"},\"query-input\":\"required name=search_term_string\"}],\"inLanguage\":\"pt-PT\"},{\"@type\":\"WebPage\",\"@id\":\"https:\/\/www.danosa.com\/pt-pt\/produto\/maxdan\/#webpage\",\"url\":\"https:\/\/www.danosa.com\/pt-pt\/produto\/maxdan\/\",\"name\":\"Emuls\u00e3o asf\u00e1ltica | MAXDAN | Impermeabiliza\u00e7\u00f5es betuminosas | Danosa\",\"isPartOf\":{\"@id\":\"https:\/\/www.danosa.com\/pt-pt\/#website\"},\"datePublished\":\"2026-04-09T03:21:55+00:00\",\"dateModified\":\"2026-04-09T03:21:58+00:00\",\"description\":\"Emuls\u00e3o asf\u00e1ltica impermeabilizante viscosa para aplica\u00e7\u00e3o a frio. Emuls\u00e3o betuminosa ideal para muros e muros. Maxdan Danosa.\",\"breadcrumb\":{\"@id\":\"https:\/\/www.danosa.com\/pt-pt\/produto\/maxdan\/#breadcrumb\"},\"inLanguage\":\"pt-PT\",\"potentialAction\":[{\"@type\":\"ReadAction\",\"target\":[\"https:\/\/www.danosa.com\/pt-pt\/produto\/maxdan\/\"]}]},{\"@type\":\"BreadcrumbList\",\"@id\":\"https:\/\/www.danosa.com\/pt-pt\/produto\/maxdan\/#breadcrumb\",\"itemListElement\":[{\"@type\":\"ListItem\",\"position\":1,\"name\":\"Portada\",\"item\":\"https:\/\/www.danosa.com\/pt-pt\/\"},{\"@type\":\"ListItem\",\"position\":2,\"name\":\"MAXDAN\"}]}]}<\/script>\n<!-- \/ Yoast SEO plugin. -->","yoast_head_json":{"title":"Emuls\u00e3o asf\u00e1ltica | MAXDAN | Impermeabiliza\u00e7\u00f5es betuminosas | Danosa","description":"Emuls\u00e3o asf\u00e1ltica impermeabilizante viscosa para aplica\u00e7\u00e3o a frio. Emuls\u00e3o betuminosa ideal para muros e muros. Maxdan Danosa.","robots":{"index":"index","follow":"follow","max-snippet":"max-snippet:-1","max-image-preview":"max-image-preview:large","max-video-preview":"max-video-preview:-1"},"canonical":"https:\/\/www.danosa.com\/pt-pt\/produto\/maxdan\/","og_locale":"pt_PT","og_type":"article","og_title":"Emuls\u00e3o asf\u00e1ltica | MAXDAN | Impermeabiliza\u00e7\u00f5es betuminosas | Danosa","og_description":"Emuls\u00e3o asf\u00e1ltica impermeabilizante viscosa para aplica\u00e7\u00e3o a frio. Emuls\u00e3o betuminosa ideal para muros e muros. Maxdan Danosa.","og_url":"https:\/\/www.danosa.com\/pt-pt\/produto\/maxdan\/","og_site_name":"Danosa | Solu\u00e7\u00f5es de constru\u00e7\u00e3o","article_modified_time":"2026-04-09T03:21:58+00:00","twitter_card":"summary_large_image","schema":{"@context":"https:\/\/schema.org","@graph":[{"@type":"WebSite","@id":"https:\/\/www.danosa.com\/pt-pt\/#website","url":"https:\/\/www.danosa.com\/pt-pt\/","name":"Danosa | Solu\u00e7\u00f5es de constru\u00e7\u00e3o","description":"Impermeabiliza\u00e7\u00e3o, isolamento ac\u00fastico e t\u00e9rmico","potentialAction":[{"@type":"SearchAction","target":{"@type":"EntryPoint","urlTemplate":"https:\/\/www.danosa.com\/pt-pt\/?s={search_term_string}"},"query-input":"required name=search_term_string"}],"inLanguage":"pt-PT"},{"@type":"WebPage","@id":"https:\/\/www.danosa.com\/pt-pt\/produto\/maxdan\/#webpage","url":"https:\/\/www.danosa.com\/pt-pt\/produto\/maxdan\/","name":"Emuls\u00e3o asf\u00e1ltica | MAXDAN | Impermeabiliza\u00e7\u00f5es betuminosas | Danosa","isPartOf":{"@id":"https:\/\/www.danosa.com\/pt-pt\/#website"},"datePublished":"2026-04-09T03:21:55+00:00","dateModified":"2026-04-09T03:21:58+00:00","description":"Emuls\u00e3o asf\u00e1ltica impermeabilizante viscosa para aplica\u00e7\u00e3o a frio. Emuls\u00e3o betuminosa ideal para muros e muros. Maxdan Danosa.","breadcrumb":{"@id":"https:\/\/www.danosa.com\/pt-pt\/produto\/maxdan\/#breadcrumb"},"inLanguage":"pt-PT","potentialAction":[{"@type":"ReadAction","target":["https:\/\/www.danosa.com\/pt-pt\/produto\/maxdan\/"]}]},{"@type":"BreadcrumbList","@id":"https:\/\/www.danosa.com\/pt-pt\/produto\/maxdan\/#breadcrumb","itemListElement":[{"@type":"ListItem","position":1,"name":"Portada","item":"https:\/\/www.danosa.com\/pt-pt\/"},{"@type":"ListItem","position":2,"name":"MAXDAN"}]}]}},"_links":{"self":[{"href":"https:\/\/www.danosa.com\/pt-pt\/wp-json\/wp\/v2\/product\/7715"}],"collection":[{"href":"https:\/\/www.danosa.com\/pt-pt\/wp-json\/wp\/v2\/product"}],"about":[{"href":"https:\/\/www.danosa.com\/pt-pt\/wp-json\/wp\/v2\/types\/product"}],"wp:attachment":[{"href":"https:\/\/www.danosa.com\/pt-pt\/wp-json\/wp\/v2\/media?parent=7715"}],"wp:term":[{"taxonomy":"family","embeddable":true,"href":"https:\/\/www.danosa.com\/pt-pt\/wp-json\/wp\/v2\/family?post=7715"},{"taxonomy":"product_notice","embeddable":true,"href":"https:\/\/www.danosa.com\/pt-pt\/wp-json\/wp\/v2\/product_notice?post=7715"},{"taxonomy":"product_icon","embeddable":true,"href":"https:\/\/www.danosa.com\/pt-pt\/wp-json\/wp\/v2\/product_icon?post=7715"},{"taxonomy":"product_application","embeddable":true,"href":"https:\/\/www.danosa.com\/pt-pt\/wp-json\/wp\/v2\/product_application?post=7715"},{"taxonomy":"product_standards_certification","embeddable":true,"href":"https:\/\/www.danosa.com\/pt-pt\/wp-json\/wp\/v2\/product_standards_certification?post=7715"},{"taxonomy":"product_benefits","embeddable":true,"href":"https:\/\/www.danosa.com\/pt-pt\/wp-json\/wp\/v2\/product_benefits?post=7715"},{"taxonomy":"product_support","embeddable":true,"href":"https:\/\/www.danosa.com\/pt-pt\/wp-json\/wp\/v2\/product_support?post=7715"},{"taxonomy":"product_substrate_preparation","embeddable":true,"href":"https:\/\/www.danosa.com\/pt-pt\/wp-json\/wp\/v2\/product_substrate_preparation?post=7715"},{"taxonomy":"product_important_indications","embeddable":true,"href":"https:\/\/www.danosa.com\/pt-pt\/wp-json\/wp\/v2\/product_important_indications?post=7715"},{"taxonomy":"product_conservation","embeddable":true,"href":"https:\/\/www.danosa.com\/pt-pt\/wp-json\/wp\/v2\/product_conservation?post=7715"},{"taxonomy":"product_warning","embeddable":true,"href":"https:\/\/www.danosa.com\/pt-pt\/wp-json\/wp\/v2\/product_warning?post=7715"},{"taxonomy":"product_safety_hygiene","embeddable":true,"href":"https:\/\/www.danosa.com\/pt-pt\/wp-json\/wp\/v2\/product_safety_hygiene?post=7715"},{"taxonomy":"system_certification","embeddable":true,"href":"https:\/\/www.danosa.com\/pt-pt\/wp-json\/wp\/v2\/system_certification?post=7715"},{"taxonomy":"product_maintenance","embeddable":true,"href":"https:\/\/www.danosa.com\/pt-pt\/wp-json\/wp\/v2\/product_maintenance?post=7715"},{"taxonomy":"product_safety_datasheet","embeddable":true,"href":"https:\/\/www.danosa.com\/pt-pt\/wp-json\/wp\/v2\/product_safety_datasheet?post=7715"},{"taxonomy":"filter_special_uses","embeddable":true,"href":"https:\/\/www.danosa.com\/pt-pt\/wp-json\/wp\/v2\/filter_special_uses?post=7715"}],"curies":[{"name":"wp","href":"https:\/\/api.w.org\/{rel}","templated":true}]}}