{"id":8246,"date":"2026-04-09T04:21:42","date_gmt":"2026-04-09T03:21:42","guid":{"rendered":"https:\/\/www.danosa.com\/pt-pt\/product\/esterdan-50-gp-pol-jardin-verde-3\/"},"modified":"2026-04-09T04:21:45","modified_gmt":"2026-04-09T03:21:45","slug":"esterdan-50-gp-pol-jardin-verde","status":"publish","type":"product","link":"https:\/\/www.danosa.com\/pt-pt\/produto\/esterdan-50-gp-pol-jardin-verde\/","title":{"rendered":"ESTERDAN 50\/GP POL JARDIN VERDE."},"content":{"rendered":"<p>O ESTERDAN 50\/GP POL VERDE JARDIM\u00a0\u00e9 uma\u00a0membrana impermeabilizante betuminosa de superf\u00edcie auto-protegida de 5 kg\/m\u00b2.<br \/>\n\u00c9\u00a0composta por uma armadura de feltro de poli\u00e9ster refor\u00e7ado, recoberta\u00a0nas duas faces\u00a0com um m\u00e1stico de betume polim\u00e9rico, usando como material de protec\u00e7\u00e3o\u00a0na face externa da membrana, protec\u00e7\u00e3o mineral de cor verde. Como material anti-aderente,\u00a0na face\u00a0interna\u00a0usa-se um filme pl\u00e1stico.<br \/>\nO seu uso est\u00e1 especialmente indicado para jardins e todas aquelas situa\u00e7\u00f5es onde se preveja que possa existir vegeta\u00e7\u00e3o de algum tipo, j\u00e1 que o betume est\u00e1 aditivado com produtos especiais que repelem as ra\u00edzes.<\/p>\n","protected":false},"excerpt":{"rendered":"<p>Membrana\u00a0impermeabilizante de betume polim\u00e9rico com auto-protec\u00e7\u00e3o mineral.<\/p>\n","protected":false},"featured_media":0,"parent":0,"menu_order":0,"template":"","meta":{"inline_featured_image":false,"site-sidebar-layout":"default","site-content-layout":"default","ast-main-header-display":"","ast-hfb-above-header-display":"","ast-hfb-below-header-display":"","ast-hfb-mobile-header-display":"","site-post-title":"","ast-breadcrumbs-content":"","ast-featured-img":"","footer-sml-layout":"","theme-transparent-header-meta":"","adv-header-id-meta":"","stick-header-meta":"","header-above-stick-meta":"","header-main-stick-meta":"","header-below-stick-meta":""},"family":[6782],"product_notice":[120531],"product_icon":[],"product_application":[119101,119314,119332,126040],"product_standards_certification":[120780,120784,120794,120797],"product_benefits":[118466,118573,118575,118585,118655,118725,118732,118735,118737,118748,118767,118781,118820,118867],"product_support":[],"product_substrate_preparation":[],"product_important_indications":[119648,119650,119652,119659,119680,119702,119703,119726,119742,119756,119785,119796,119798,119801,119825,119885],"product_conservation":[119898,119924,119931,119932,119959,119960,120009,120016,120020,120021,120087,120088,120090],"product_warning":[],"product_safety_hygiene":[],"system_certification":[7128,6848],"product_maintenance":[40592],"product_safety_datasheet":[4867],"filter_special_uses":[],"acf":[],"yoast_head":"<!-- This site is optimized with the Yoast SEO plugin v18.1 - https:\/\/yoast.com\/wordpress\/plugins\/seo\/ -->\n<title>Tela asf\u00e1ltica para jardim | Esterdan 50\/GP POL JARDIM VERDE | Danosa<\/title>\n<meta name=\"description\" content=\"Tela asf\u00e1ltica impermeabilizante de betume plastom\u00e9rico APP. Folha especial anti-ra\u00edzes para jardins e coberturas ajardinadas. Esterdan.\" \/>\n<meta name=\"robots\" content=\"index, follow, max-snippet:-1, max-image-preview:large, max-video-preview:-1\" \/>\n<link rel=\"canonical\" href=\"https:\/\/www.danosa.com\/pt-pt\/produto\/esterdan-50-gp-pol-jardin-verde\/\" \/>\n<meta property=\"og:locale\" content=\"pt_PT\" \/>\n<meta property=\"og:type\" content=\"article\" \/>\n<meta property=\"og:title\" content=\"Tela asf\u00e1ltica para jardim | Esterdan 50\/GP POL JARDIM VERDE | Danosa\" \/>\n<meta property=\"og:description\" content=\"Tela asf\u00e1ltica impermeabilizante de betume plastom\u00e9rico APP. Folha especial anti-ra\u00edzes para jardins e coberturas ajardinadas. Esterdan.\" \/>\n<meta property=\"og:url\" content=\"https:\/\/www.danosa.com\/pt-pt\/produto\/esterdan-50-gp-pol-jardin-verde\/\" \/>\n<meta property=\"og:site_name\" content=\"Danosa | Solu\u00e7\u00f5es de constru\u00e7\u00e3o\" \/>\n<meta property=\"article:modified_time\" content=\"2026-04-09T03:21:45+00:00\" \/>\n<meta name=\"twitter:card\" content=\"summary_large_image\" \/>\n<meta name=\"twitter:label1\" content=\"Tempo estimado de leitura\" \/>\n\t<meta name=\"twitter:data1\" content=\"1 minuto\" \/>\n<script type=\"application\/ld+json\" class=\"yoast-schema-graph\">{\"@context\":\"https:\/\/schema.org\",\"@graph\":[{\"@type\":\"WebSite\",\"@id\":\"https:\/\/www.danosa.com\/pt-pt\/#website\",\"url\":\"https:\/\/www.danosa.com\/pt-pt\/\",\"name\":\"Danosa | Solu\u00e7\u00f5es de constru\u00e7\u00e3o\",\"description\":\"Impermeabiliza\u00e7\u00e3o, isolamento ac\u00fastico e t\u00e9rmico\",\"potentialAction\":[{\"@type\":\"SearchAction\",\"target\":{\"@type\":\"EntryPoint\",\"urlTemplate\":\"https:\/\/www.danosa.com\/pt-pt\/?s={search_term_string}\"},\"query-input\":\"required name=search_term_string\"}],\"inLanguage\":\"pt-PT\"},{\"@type\":\"WebPage\",\"@id\":\"https:\/\/www.danosa.com\/pt-pt\/produto\/esterdan-50-gp-pol-jardin-verde\/#webpage\",\"url\":\"https:\/\/www.danosa.com\/pt-pt\/produto\/esterdan-50-gp-pol-jardin-verde\/\",\"name\":\"Tela asf\u00e1ltica para jardim | Esterdan 50\/GP POL JARDIM VERDE | Danosa\",\"isPartOf\":{\"@id\":\"https:\/\/www.danosa.com\/pt-pt\/#website\"},\"datePublished\":\"2026-04-09T03:21:42+00:00\",\"dateModified\":\"2026-04-09T03:21:45+00:00\",\"description\":\"Tela asf\u00e1ltica impermeabilizante de betume plastom\u00e9rico APP. Folha especial anti-ra\u00edzes para jardins e coberturas ajardinadas. Esterdan.\",\"breadcrumb\":{\"@id\":\"https:\/\/www.danosa.com\/pt-pt\/produto\/esterdan-50-gp-pol-jardin-verde\/#breadcrumb\"},\"inLanguage\":\"pt-PT\",\"potentialAction\":[{\"@type\":\"ReadAction\",\"target\":[\"https:\/\/www.danosa.com\/pt-pt\/produto\/esterdan-50-gp-pol-jardin-verde\/\"]}]},{\"@type\":\"BreadcrumbList\",\"@id\":\"https:\/\/www.danosa.com\/pt-pt\/produto\/esterdan-50-gp-pol-jardin-verde\/#breadcrumb\",\"itemListElement\":[{\"@type\":\"ListItem\",\"position\":1,\"name\":\"Portada\",\"item\":\"https:\/\/www.danosa.com\/pt-pt\/\"},{\"@type\":\"ListItem\",\"position\":2,\"name\":\"ESTERDAN 50\/GP POL JARDIN VERDE.\"}]}]}<\/script>\n<!-- \/ Yoast SEO plugin. -->","yoast_head_json":{"title":"Tela asf\u00e1ltica para jardim | Esterdan 50\/GP POL JARDIM VERDE | Danosa","description":"Tela asf\u00e1ltica impermeabilizante de betume plastom\u00e9rico APP. Folha especial anti-ra\u00edzes para jardins e coberturas ajardinadas. Esterdan.","robots":{"index":"index","follow":"follow","max-snippet":"max-snippet:-1","max-image-preview":"max-image-preview:large","max-video-preview":"max-video-preview:-1"},"canonical":"https:\/\/www.danosa.com\/pt-pt\/produto\/esterdan-50-gp-pol-jardin-verde\/","og_locale":"pt_PT","og_type":"article","og_title":"Tela asf\u00e1ltica para jardim | Esterdan 50\/GP POL JARDIM VERDE | Danosa","og_description":"Tela asf\u00e1ltica impermeabilizante de betume plastom\u00e9rico APP. Folha especial anti-ra\u00edzes para jardins e coberturas ajardinadas. Esterdan.","og_url":"https:\/\/www.danosa.com\/pt-pt\/produto\/esterdan-50-gp-pol-jardin-verde\/","og_site_name":"Danosa | Solu\u00e7\u00f5es de constru\u00e7\u00e3o","article_modified_time":"2026-04-09T03:21:45+00:00","twitter_card":"summary_large_image","twitter_misc":{"Tempo estimado de leitura":"1 minuto"},"schema":{"@context":"https:\/\/schema.org","@graph":[{"@type":"WebSite","@id":"https:\/\/www.danosa.com\/pt-pt\/#website","url":"https:\/\/www.danosa.com\/pt-pt\/","name":"Danosa | Solu\u00e7\u00f5es de constru\u00e7\u00e3o","description":"Impermeabiliza\u00e7\u00e3o, isolamento ac\u00fastico e t\u00e9rmico","potentialAction":[{"@type":"SearchAction","target":{"@type":"EntryPoint","urlTemplate":"https:\/\/www.danosa.com\/pt-pt\/?s={search_term_string}"},"query-input":"required name=search_term_string"}],"inLanguage":"pt-PT"},{"@type":"WebPage","@id":"https:\/\/www.danosa.com\/pt-pt\/produto\/esterdan-50-gp-pol-jardin-verde\/#webpage","url":"https:\/\/www.danosa.com\/pt-pt\/produto\/esterdan-50-gp-pol-jardin-verde\/","name":"Tela asf\u00e1ltica para jardim | Esterdan 50\/GP POL JARDIM VERDE | Danosa","isPartOf":{"@id":"https:\/\/www.danosa.com\/pt-pt\/#website"},"datePublished":"2026-04-09T03:21:42+00:00","dateModified":"2026-04-09T03:21:45+00:00","description":"Tela asf\u00e1ltica impermeabilizante de betume plastom\u00e9rico APP. Folha especial anti-ra\u00edzes para jardins e coberturas ajardinadas. Esterdan.","breadcrumb":{"@id":"https:\/\/www.danosa.com\/pt-pt\/produto\/esterdan-50-gp-pol-jardin-verde\/#breadcrumb"},"inLanguage":"pt-PT","potentialAction":[{"@type":"ReadAction","target":["https:\/\/www.danosa.com\/pt-pt\/produto\/esterdan-50-gp-pol-jardin-verde\/"]}]},{"@type":"BreadcrumbList","@id":"https:\/\/www.danosa.com\/pt-pt\/produto\/esterdan-50-gp-pol-jardin-verde\/#breadcrumb","itemListElement":[{"@type":"ListItem","position":1,"name":"Portada","item":"https:\/\/www.danosa.com\/pt-pt\/"},{"@type":"ListItem","position":2,"name":"ESTERDAN 50\/GP POL JARDIN VERDE."}]}]}},"_links":{"self":[{"href":"https:\/\/www.danosa.com\/pt-pt\/wp-json\/wp\/v2\/product\/8246"}],"collection":[{"href":"https:\/\/www.danosa.com\/pt-pt\/wp-json\/wp\/v2\/product"}],"about":[{"href":"https:\/\/www.danosa.com\/pt-pt\/wp-json\/wp\/v2\/types\/product"}],"wp:attachment":[{"href":"https:\/\/www.danosa.com\/pt-pt\/wp-json\/wp\/v2\/media?parent=8246"}],"wp:term":[{"taxonomy":"family","embeddable":true,"href":"https:\/\/www.danosa.com\/pt-pt\/wp-json\/wp\/v2\/family?post=8246"},{"taxonomy":"product_notice","embeddable":true,"href":"https:\/\/www.danosa.com\/pt-pt\/wp-json\/wp\/v2\/product_notice?post=8246"},{"taxonomy":"product_icon","embeddable":true,"href":"https:\/\/www.danosa.com\/pt-pt\/wp-json\/wp\/v2\/product_icon?post=8246"},{"taxonomy":"product_application","embeddable":true,"href":"https:\/\/www.danosa.com\/pt-pt\/wp-json\/wp\/v2\/product_application?post=8246"},{"taxonomy":"product_standards_certification","embeddable":true,"href":"https:\/\/www.danosa.com\/pt-pt\/wp-json\/wp\/v2\/product_standards_certification?post=8246"},{"taxonomy":"product_benefits","embeddable":true,"href":"https:\/\/www.danosa.com\/pt-pt\/wp-json\/wp\/v2\/product_benefits?post=8246"},{"taxonomy":"product_support","embeddable":true,"href":"https:\/\/www.danosa.com\/pt-pt\/wp-json\/wp\/v2\/product_support?post=8246"},{"taxonomy":"product_substrate_preparation","embeddable":true,"href":"https:\/\/www.danosa.com\/pt-pt\/wp-json\/wp\/v2\/product_substrate_preparation?post=8246"},{"taxonomy":"product_important_indications","embeddable":true,"href":"https:\/\/www.danosa.com\/pt-pt\/wp-json\/wp\/v2\/product_important_indications?post=8246"},{"taxonomy":"product_conservation","embeddable":true,"href":"https:\/\/www.danosa.com\/pt-pt\/wp-json\/wp\/v2\/product_conservation?post=8246"},{"taxonomy":"product_warning","embeddable":true,"href":"https:\/\/www.danosa.com\/pt-pt\/wp-json\/wp\/v2\/product_warning?post=8246"},{"taxonomy":"product_safety_hygiene","embeddable":true,"href":"https:\/\/www.danosa.com\/pt-pt\/wp-json\/wp\/v2\/product_safety_hygiene?post=8246"},{"taxonomy":"system_certification","embeddable":true,"href":"https:\/\/www.danosa.com\/pt-pt\/wp-json\/wp\/v2\/system_certification?post=8246"},{"taxonomy":"product_maintenance","embeddable":true,"href":"https:\/\/www.danosa.com\/pt-pt\/wp-json\/wp\/v2\/product_maintenance?post=8246"},{"taxonomy":"product_safety_datasheet","embeddable":true,"href":"https:\/\/www.danosa.com\/pt-pt\/wp-json\/wp\/v2\/product_safety_datasheet?post=8246"},{"taxonomy":"filter_special_uses","embeddable":true,"href":"https:\/\/www.danosa.com\/pt-pt\/wp-json\/wp\/v2\/filter_special_uses?post=8246"}],"curies":[{"name":"wp","href":"https:\/\/api.w.org\/{rel}","templated":true}]}}