{"id":8254,"date":"2026-04-16T16:21:49","date_gmt":"2026-04-16T15:21:49","guid":{"rendered":"https:\/\/www.danosa.com\/pt-pt\/product\/fonodan-bj-3\/"},"modified":"2026-04-16T16:21:52","modified_gmt":"2026-04-16T15:21:52","slug":"fonodan-bj","status":"publish","type":"product","link":"https:\/\/www.danosa.com\/pt-pt\/produto\/fonodan-bj\/","title":{"rendered":"FONODAN BJ."},"content":{"rendered":"<p>FONODAN BJ \u00e9 um produto bicamada formado por uma membrana auto-adesiva de alta densidade e um polietileno quimicamente reticulado, termosoldado \u00e0 anterior. Acusticamente o FONODAN BJ aporta massa ac\u00fastica ao tubo de queda, removendo as frequ\u00eancias de resson\u00e2ncia.<\/p>\n","protected":false},"excerpt":{"rendered":"<p>Banda auto-adesiva para isolamento de tubos de queda.<\/p>\n","protected":false},"featured_media":0,"parent":0,"menu_order":0,"template":"","meta":{"inline_featured_image":false,"site-sidebar-layout":"default","site-content-layout":"default","ast-main-header-display":"","ast-hfb-above-header-display":"","ast-hfb-below-header-display":"","ast-hfb-mobile-header-display":"","site-post-title":"","ast-breadcrumbs-content":"","ast-featured-img":"","footer-sml-layout":"","theme-transparent-header-meta":"","adv-header-id-meta":"","stick-header-meta":"","header-above-stick-meta":"","header-main-stick-meta":"","header-below-stick-meta":""},"family":[6831],"product_notice":[120531],"product_icon":[],"product_application":[119116,119180,119214],"product_standards_certification":[120819,120831,120842],"product_benefits":[118609,118710,118735,118747,118836,118857],"product_support":[],"product_substrate_preparation":[],"product_important_indications":[119614,119695,119765,119803,119816,119819],"product_conservation":[119896,119909,119933,119938,119940,119953,119957,120017,120088,120090],"product_warning":[],"product_safety_hygiene":[],"system_certification":[6754],"product_maintenance":[],"product_safety_datasheet":[],"filter_special_uses":[],"acf":[],"yoast_head":"<!-- This site is optimized with the Yoast SEO plugin v18.1 - https:\/\/yoast.com\/wordpress\/plugins\/seo\/ -->\n<title>Isolamento ac\u00fastico de calhas | FONODAN BJ | Tubos \u00e0 prova de som<\/title>\n<meta name=\"description\" content=\"Isolante ac\u00fastico de duas camadas para isolamento ac\u00fastico de calhas, tubula\u00e7\u00f5es, jun\u00e7\u00f5es, cotovelos e tubos sif\u00f4nicos. Pouca espessura.\" \/>\n<meta name=\"robots\" content=\"index, follow, max-snippet:-1, max-image-preview:large, max-video-preview:-1\" \/>\n<link rel=\"canonical\" href=\"https:\/\/www.danosa.com\/pt-pt\/produto\/fonodan-bj\/\" \/>\n<meta property=\"og:locale\" content=\"pt_PT\" \/>\n<meta property=\"og:type\" content=\"article\" \/>\n<meta property=\"og:title\" content=\"Isolamento ac\u00fastico de calhas | FONODAN BJ | Tubos \u00e0 prova de som\" \/>\n<meta property=\"og:description\" content=\"Isolante ac\u00fastico de duas camadas para isolamento ac\u00fastico de calhas, tubula\u00e7\u00f5es, jun\u00e7\u00f5es, cotovelos e tubos sif\u00f4nicos. Pouca espessura.\" \/>\n<meta property=\"og:url\" content=\"https:\/\/www.danosa.com\/pt-pt\/produto\/fonodan-bj\/\" \/>\n<meta property=\"og:site_name\" content=\"Danosa | Solu\u00e7\u00f5es de constru\u00e7\u00e3o\" \/>\n<meta property=\"article:modified_time\" content=\"2026-04-16T15:21:52+00:00\" \/>\n<meta name=\"twitter:card\" content=\"summary_large_image\" \/>\n<script type=\"application\/ld+json\" class=\"yoast-schema-graph\">{\"@context\":\"https:\/\/schema.org\",\"@graph\":[{\"@type\":\"WebSite\",\"@id\":\"https:\/\/www.danosa.com\/pt-pt\/#website\",\"url\":\"https:\/\/www.danosa.com\/pt-pt\/\",\"name\":\"Danosa | Solu\u00e7\u00f5es de constru\u00e7\u00e3o\",\"description\":\"Impermeabiliza\u00e7\u00e3o, isolamento ac\u00fastico e t\u00e9rmico\",\"potentialAction\":[{\"@type\":\"SearchAction\",\"target\":{\"@type\":\"EntryPoint\",\"urlTemplate\":\"https:\/\/www.danosa.com\/pt-pt\/?s={search_term_string}\"},\"query-input\":\"required name=search_term_string\"}],\"inLanguage\":\"pt-PT\"},{\"@type\":\"WebPage\",\"@id\":\"https:\/\/www.danosa.com\/pt-pt\/produto\/fonodan-bj\/#webpage\",\"url\":\"https:\/\/www.danosa.com\/pt-pt\/produto\/fonodan-bj\/\",\"name\":\"Isolamento ac\u00fastico de calhas | FONODAN BJ | Tubos \u00e0 prova de som\",\"isPartOf\":{\"@id\":\"https:\/\/www.danosa.com\/pt-pt\/#website\"},\"datePublished\":\"2026-04-16T15:21:49+00:00\",\"dateModified\":\"2026-04-16T15:21:52+00:00\",\"description\":\"Isolante ac\u00fastico de duas camadas para isolamento ac\u00fastico de calhas, tubula\u00e7\u00f5es, jun\u00e7\u00f5es, cotovelos e tubos sif\u00f4nicos. Pouca espessura.\",\"breadcrumb\":{\"@id\":\"https:\/\/www.danosa.com\/pt-pt\/produto\/fonodan-bj\/#breadcrumb\"},\"inLanguage\":\"pt-PT\",\"potentialAction\":[{\"@type\":\"ReadAction\",\"target\":[\"https:\/\/www.danosa.com\/pt-pt\/produto\/fonodan-bj\/\"]}]},{\"@type\":\"BreadcrumbList\",\"@id\":\"https:\/\/www.danosa.com\/pt-pt\/produto\/fonodan-bj\/#breadcrumb\",\"itemListElement\":[{\"@type\":\"ListItem\",\"position\":1,\"name\":\"Portada\",\"item\":\"https:\/\/www.danosa.com\/pt-pt\/\"},{\"@type\":\"ListItem\",\"position\":2,\"name\":\"FONODAN BJ.\"}]}]}<\/script>\n<!-- \/ Yoast SEO plugin. -->","yoast_head_json":{"title":"Isolamento ac\u00fastico de calhas | FONODAN BJ | Tubos \u00e0 prova de som","description":"Isolante ac\u00fastico de duas camadas para isolamento ac\u00fastico de calhas, tubula\u00e7\u00f5es, jun\u00e7\u00f5es, cotovelos e tubos sif\u00f4nicos. Pouca espessura.","robots":{"index":"index","follow":"follow","max-snippet":"max-snippet:-1","max-image-preview":"max-image-preview:large","max-video-preview":"max-video-preview:-1"},"canonical":"https:\/\/www.danosa.com\/pt-pt\/produto\/fonodan-bj\/","og_locale":"pt_PT","og_type":"article","og_title":"Isolamento ac\u00fastico de calhas | FONODAN BJ | Tubos \u00e0 prova de som","og_description":"Isolante ac\u00fastico de duas camadas para isolamento ac\u00fastico de calhas, tubula\u00e7\u00f5es, jun\u00e7\u00f5es, cotovelos e tubos sif\u00f4nicos. Pouca espessura.","og_url":"https:\/\/www.danosa.com\/pt-pt\/produto\/fonodan-bj\/","og_site_name":"Danosa | Solu\u00e7\u00f5es de constru\u00e7\u00e3o","article_modified_time":"2026-04-16T15:21:52+00:00","twitter_card":"summary_large_image","schema":{"@context":"https:\/\/schema.org","@graph":[{"@type":"WebSite","@id":"https:\/\/www.danosa.com\/pt-pt\/#website","url":"https:\/\/www.danosa.com\/pt-pt\/","name":"Danosa | Solu\u00e7\u00f5es de constru\u00e7\u00e3o","description":"Impermeabiliza\u00e7\u00e3o, isolamento ac\u00fastico e t\u00e9rmico","potentialAction":[{"@type":"SearchAction","target":{"@type":"EntryPoint","urlTemplate":"https:\/\/www.danosa.com\/pt-pt\/?s={search_term_string}"},"query-input":"required name=search_term_string"}],"inLanguage":"pt-PT"},{"@type":"WebPage","@id":"https:\/\/www.danosa.com\/pt-pt\/produto\/fonodan-bj\/#webpage","url":"https:\/\/www.danosa.com\/pt-pt\/produto\/fonodan-bj\/","name":"Isolamento ac\u00fastico de calhas | FONODAN BJ | Tubos \u00e0 prova de som","isPartOf":{"@id":"https:\/\/www.danosa.com\/pt-pt\/#website"},"datePublished":"2026-04-16T15:21:49+00:00","dateModified":"2026-04-16T15:21:52+00:00","description":"Isolante ac\u00fastico de duas camadas para isolamento ac\u00fastico de calhas, tubula\u00e7\u00f5es, jun\u00e7\u00f5es, cotovelos e tubos sif\u00f4nicos. Pouca espessura.","breadcrumb":{"@id":"https:\/\/www.danosa.com\/pt-pt\/produto\/fonodan-bj\/#breadcrumb"},"inLanguage":"pt-PT","potentialAction":[{"@type":"ReadAction","target":["https:\/\/www.danosa.com\/pt-pt\/produto\/fonodan-bj\/"]}]},{"@type":"BreadcrumbList","@id":"https:\/\/www.danosa.com\/pt-pt\/produto\/fonodan-bj\/#breadcrumb","itemListElement":[{"@type":"ListItem","position":1,"name":"Portada","item":"https:\/\/www.danosa.com\/pt-pt\/"},{"@type":"ListItem","position":2,"name":"FONODAN BJ."}]}]}},"_links":{"self":[{"href":"https:\/\/www.danosa.com\/pt-pt\/wp-json\/wp\/v2\/product\/8254"}],"collection":[{"href":"https:\/\/www.danosa.com\/pt-pt\/wp-json\/wp\/v2\/product"}],"about":[{"href":"https:\/\/www.danosa.com\/pt-pt\/wp-json\/wp\/v2\/types\/product"}],"wp:attachment":[{"href":"https:\/\/www.danosa.com\/pt-pt\/wp-json\/wp\/v2\/media?parent=8254"}],"wp:term":[{"taxonomy":"family","embeddable":true,"href":"https:\/\/www.danosa.com\/pt-pt\/wp-json\/wp\/v2\/family?post=8254"},{"taxonomy":"product_notice","embeddable":true,"href":"https:\/\/www.danosa.com\/pt-pt\/wp-json\/wp\/v2\/product_notice?post=8254"},{"taxonomy":"product_icon","embeddable":true,"href":"https:\/\/www.danosa.com\/pt-pt\/wp-json\/wp\/v2\/product_icon?post=8254"},{"taxonomy":"product_application","embeddable":true,"href":"https:\/\/www.danosa.com\/pt-pt\/wp-json\/wp\/v2\/product_application?post=8254"},{"taxonomy":"product_standards_certification","embeddable":true,"href":"https:\/\/www.danosa.com\/pt-pt\/wp-json\/wp\/v2\/product_standards_certification?post=8254"},{"taxonomy":"product_benefits","embeddable":true,"href":"https:\/\/www.danosa.com\/pt-pt\/wp-json\/wp\/v2\/product_benefits?post=8254"},{"taxonomy":"product_support","embeddable":true,"href":"https:\/\/www.danosa.com\/pt-pt\/wp-json\/wp\/v2\/product_support?post=8254"},{"taxonomy":"product_substrate_preparation","embeddable":true,"href":"https:\/\/www.danosa.com\/pt-pt\/wp-json\/wp\/v2\/product_substrate_preparation?post=8254"},{"taxonomy":"product_important_indications","embeddable":true,"href":"https:\/\/www.danosa.com\/pt-pt\/wp-json\/wp\/v2\/product_important_indications?post=8254"},{"taxonomy":"product_conservation","embeddable":true,"href":"https:\/\/www.danosa.com\/pt-pt\/wp-json\/wp\/v2\/product_conservation?post=8254"},{"taxonomy":"product_warning","embeddable":true,"href":"https:\/\/www.danosa.com\/pt-pt\/wp-json\/wp\/v2\/product_warning?post=8254"},{"taxonomy":"product_safety_hygiene","embeddable":true,"href":"https:\/\/www.danosa.com\/pt-pt\/wp-json\/wp\/v2\/product_safety_hygiene?post=8254"},{"taxonomy":"system_certification","embeddable":true,"href":"https:\/\/www.danosa.com\/pt-pt\/wp-json\/wp\/v2\/system_certification?post=8254"},{"taxonomy":"product_maintenance","embeddable":true,"href":"https:\/\/www.danosa.com\/pt-pt\/wp-json\/wp\/v2\/product_maintenance?post=8254"},{"taxonomy":"product_safety_datasheet","embeddable":true,"href":"https:\/\/www.danosa.com\/pt-pt\/wp-json\/wp\/v2\/product_safety_datasheet?post=8254"},{"taxonomy":"filter_special_uses","embeddable":true,"href":"https:\/\/www.danosa.com\/pt-pt\/wp-json\/wp\/v2\/filter_special_uses?post=8254"}],"curies":[{"name":"wp","href":"https:\/\/api.w.org\/{rel}","templated":true}]}}