{"id":8256,"date":"2026-04-05T16:21:46","date_gmt":"2026-04-05T15:21:46","guid":{"rendered":"https:\/\/www.danosa.com\/pt-pt\/product\/glasdan-40-p-pol-3\/"},"modified":"2026-04-05T16:21:48","modified_gmt":"2026-04-05T15:21:48","slug":"glasdan-40-p-pol","status":"publish","type":"product","link":"https:\/\/www.danosa.com\/pt-pt\/produto\/glasdan-40-p-pol\/","title":{"rendered":"GLASDAN 40 P POL."},"content":{"rendered":"<p>O GLASDAN 40 P POL \u00e9 uma\u00a0membrana impermeabilizante betuminosa de superf\u00edcie n\u00e3o protegida de 4.0 kg\/m\u00b2. <br \/>\u00c9\u00a0composta por uma armadura de feltro de fibra de vidro, recoberta nas duas faces com um m\u00e1stico de betume polim\u00e9rico, usando como material\u00a0anti-aderente\u00a0um filme pl\u00e1stico\u00a0por ambas as faces.<\/p>\n","protected":false},"excerpt":{"rendered":"<p>Membrana\u00a0impermeabilizante de betume polim\u00e9rico de superf\u00edcie n\u00e3o protegida com\u00a0acabamento em filme pl\u00e1stico.<\/p>\n","protected":false},"featured_media":0,"parent":0,"menu_order":0,"template":"","meta":{"inline_featured_image":false,"site-sidebar-layout":"default","site-content-layout":"default","ast-main-header-display":"","ast-hfb-above-header-display":"","ast-hfb-below-header-display":"","ast-hfb-mobile-header-display":"","site-post-title":"","ast-breadcrumbs-content":"","ast-featured-img":"","footer-sml-layout":"","theme-transparent-header-meta":"","adv-header-id-meta":"","stick-header-meta":"","header-above-stick-meta":"","header-main-stick-meta":"","header-below-stick-meta":""},"family":[6782],"product_notice":[120531],"product_icon":[],"product_application":[119133,119309,119310,119394,119395,126040],"product_standards_certification":[120780,120794],"product_benefits":[118645,118725,118741,118782,118783,118842],"product_support":[],"product_substrate_preparation":[],"product_important_indications":[119649,119650,119652,119680,119703,119726,119785,119798,119801,119802,119825,119885],"product_conservation":[119898,119924,119931,119932,119959,119960,120009,120016,120020,120021,120087,120088,120090],"product_warning":[],"product_safety_hygiene":[],"system_certification":[7128,6848],"product_maintenance":[40592],"product_safety_datasheet":[4867],"filter_special_uses":[],"acf":[],"yoast_head":"<!-- This site is optimized with the Yoast SEO plugin v18.1 - https:\/\/yoast.com\/wordpress\/plugins\/seo\/ -->\n<title>Placa asf\u00e1ltica de betume plastom\u00e9rico | GLASDAN 40P POL. | Danosa<\/title>\n<meta name=\"description\" content=\"Placa de betume plastom\u00e9rico imperme\u00e1vel APP tipo LBM-40-FV. Pouca varia\u00e7\u00e3o t\u00e9rmica. Grande estabilidade dimensional. Derrete melhor.\" \/>\n<meta name=\"robots\" content=\"index, follow, max-snippet:-1, max-image-preview:large, max-video-preview:-1\" \/>\n<link rel=\"canonical\" href=\"https:\/\/www.danosa.com\/pt-pt\/produto\/glasdan-40-p-pol\/\" \/>\n<meta property=\"og:locale\" content=\"pt_PT\" \/>\n<meta property=\"og:type\" content=\"article\" \/>\n<meta property=\"og:title\" content=\"Placa asf\u00e1ltica de betume plastom\u00e9rico | GLASDAN 40P POL. | Danosa\" \/>\n<meta property=\"og:description\" content=\"Placa de betume plastom\u00e9rico imperme\u00e1vel APP tipo LBM-40-FV. Pouca varia\u00e7\u00e3o t\u00e9rmica. Grande estabilidade dimensional. Derrete melhor.\" \/>\n<meta property=\"og:url\" content=\"https:\/\/www.danosa.com\/pt-pt\/produto\/glasdan-40-p-pol\/\" \/>\n<meta property=\"og:site_name\" content=\"Danosa | Solu\u00e7\u00f5es de constru\u00e7\u00e3o\" \/>\n<meta property=\"article:modified_time\" content=\"2026-04-05T15:21:48+00:00\" \/>\n<meta name=\"twitter:card\" content=\"summary_large_image\" \/>\n<script type=\"application\/ld+json\" class=\"yoast-schema-graph\">{\"@context\":\"https:\/\/schema.org\",\"@graph\":[{\"@type\":\"WebSite\",\"@id\":\"https:\/\/www.danosa.com\/pt-pt\/#website\",\"url\":\"https:\/\/www.danosa.com\/pt-pt\/\",\"name\":\"Danosa | Solu\u00e7\u00f5es de constru\u00e7\u00e3o\",\"description\":\"Impermeabiliza\u00e7\u00e3o, isolamento ac\u00fastico e t\u00e9rmico\",\"potentialAction\":[{\"@type\":\"SearchAction\",\"target\":{\"@type\":\"EntryPoint\",\"urlTemplate\":\"https:\/\/www.danosa.com\/pt-pt\/?s={search_term_string}\"},\"query-input\":\"required name=search_term_string\"}],\"inLanguage\":\"pt-PT\"},{\"@type\":\"WebPage\",\"@id\":\"https:\/\/www.danosa.com\/pt-pt\/produto\/glasdan-40-p-pol\/#webpage\",\"url\":\"https:\/\/www.danosa.com\/pt-pt\/produto\/glasdan-40-p-pol\/\",\"name\":\"Placa asf\u00e1ltica de betume plastom\u00e9rico | GLASDAN 40P POL. | Danosa\",\"isPartOf\":{\"@id\":\"https:\/\/www.danosa.com\/pt-pt\/#website\"},\"datePublished\":\"2026-04-05T15:21:46+00:00\",\"dateModified\":\"2026-04-05T15:21:48+00:00\",\"description\":\"Placa de betume plastom\u00e9rico imperme\u00e1vel APP tipo LBM-40-FV. Pouca varia\u00e7\u00e3o t\u00e9rmica. Grande estabilidade dimensional. Derrete melhor.\",\"breadcrumb\":{\"@id\":\"https:\/\/www.danosa.com\/pt-pt\/produto\/glasdan-40-p-pol\/#breadcrumb\"},\"inLanguage\":\"pt-PT\",\"potentialAction\":[{\"@type\":\"ReadAction\",\"target\":[\"https:\/\/www.danosa.com\/pt-pt\/produto\/glasdan-40-p-pol\/\"]}]},{\"@type\":\"BreadcrumbList\",\"@id\":\"https:\/\/www.danosa.com\/pt-pt\/produto\/glasdan-40-p-pol\/#breadcrumb\",\"itemListElement\":[{\"@type\":\"ListItem\",\"position\":1,\"name\":\"Portada\",\"item\":\"https:\/\/www.danosa.com\/pt-pt\/\"},{\"@type\":\"ListItem\",\"position\":2,\"name\":\"GLASDAN 40 P POL.\"}]}]}<\/script>\n<!-- \/ Yoast SEO plugin. -->","yoast_head_json":{"title":"Placa asf\u00e1ltica de betume plastom\u00e9rico | GLASDAN 40P POL. | Danosa","description":"Placa de betume plastom\u00e9rico imperme\u00e1vel APP tipo LBM-40-FV. Pouca varia\u00e7\u00e3o t\u00e9rmica. Grande estabilidade dimensional. Derrete melhor.","robots":{"index":"index","follow":"follow","max-snippet":"max-snippet:-1","max-image-preview":"max-image-preview:large","max-video-preview":"max-video-preview:-1"},"canonical":"https:\/\/www.danosa.com\/pt-pt\/produto\/glasdan-40-p-pol\/","og_locale":"pt_PT","og_type":"article","og_title":"Placa asf\u00e1ltica de betume plastom\u00e9rico | GLASDAN 40P POL. | Danosa","og_description":"Placa de betume plastom\u00e9rico imperme\u00e1vel APP tipo LBM-40-FV. Pouca varia\u00e7\u00e3o t\u00e9rmica. Grande estabilidade dimensional. Derrete melhor.","og_url":"https:\/\/www.danosa.com\/pt-pt\/produto\/glasdan-40-p-pol\/","og_site_name":"Danosa | Solu\u00e7\u00f5es de constru\u00e7\u00e3o","article_modified_time":"2026-04-05T15:21:48+00:00","twitter_card":"summary_large_image","schema":{"@context":"https:\/\/schema.org","@graph":[{"@type":"WebSite","@id":"https:\/\/www.danosa.com\/pt-pt\/#website","url":"https:\/\/www.danosa.com\/pt-pt\/","name":"Danosa | Solu\u00e7\u00f5es de constru\u00e7\u00e3o","description":"Impermeabiliza\u00e7\u00e3o, isolamento ac\u00fastico e t\u00e9rmico","potentialAction":[{"@type":"SearchAction","target":{"@type":"EntryPoint","urlTemplate":"https:\/\/www.danosa.com\/pt-pt\/?s={search_term_string}"},"query-input":"required name=search_term_string"}],"inLanguage":"pt-PT"},{"@type":"WebPage","@id":"https:\/\/www.danosa.com\/pt-pt\/produto\/glasdan-40-p-pol\/#webpage","url":"https:\/\/www.danosa.com\/pt-pt\/produto\/glasdan-40-p-pol\/","name":"Placa asf\u00e1ltica de betume plastom\u00e9rico | GLASDAN 40P POL. | Danosa","isPartOf":{"@id":"https:\/\/www.danosa.com\/pt-pt\/#website"},"datePublished":"2026-04-05T15:21:46+00:00","dateModified":"2026-04-05T15:21:48+00:00","description":"Placa de betume plastom\u00e9rico imperme\u00e1vel APP tipo LBM-40-FV. Pouca varia\u00e7\u00e3o t\u00e9rmica. Grande estabilidade dimensional. Derrete melhor.","breadcrumb":{"@id":"https:\/\/www.danosa.com\/pt-pt\/produto\/glasdan-40-p-pol\/#breadcrumb"},"inLanguage":"pt-PT","potentialAction":[{"@type":"ReadAction","target":["https:\/\/www.danosa.com\/pt-pt\/produto\/glasdan-40-p-pol\/"]}]},{"@type":"BreadcrumbList","@id":"https:\/\/www.danosa.com\/pt-pt\/produto\/glasdan-40-p-pol\/#breadcrumb","itemListElement":[{"@type":"ListItem","position":1,"name":"Portada","item":"https:\/\/www.danosa.com\/pt-pt\/"},{"@type":"ListItem","position":2,"name":"GLASDAN 40 P POL."}]}]}},"_links":{"self":[{"href":"https:\/\/www.danosa.com\/pt-pt\/wp-json\/wp\/v2\/product\/8256"}],"collection":[{"href":"https:\/\/www.danosa.com\/pt-pt\/wp-json\/wp\/v2\/product"}],"about":[{"href":"https:\/\/www.danosa.com\/pt-pt\/wp-json\/wp\/v2\/types\/product"}],"wp:attachment":[{"href":"https:\/\/www.danosa.com\/pt-pt\/wp-json\/wp\/v2\/media?parent=8256"}],"wp:term":[{"taxonomy":"family","embeddable":true,"href":"https:\/\/www.danosa.com\/pt-pt\/wp-json\/wp\/v2\/family?post=8256"},{"taxonomy":"product_notice","embeddable":true,"href":"https:\/\/www.danosa.com\/pt-pt\/wp-json\/wp\/v2\/product_notice?post=8256"},{"taxonomy":"product_icon","embeddable":true,"href":"https:\/\/www.danosa.com\/pt-pt\/wp-json\/wp\/v2\/product_icon?post=8256"},{"taxonomy":"product_application","embeddable":true,"href":"https:\/\/www.danosa.com\/pt-pt\/wp-json\/wp\/v2\/product_application?post=8256"},{"taxonomy":"product_standards_certification","embeddable":true,"href":"https:\/\/www.danosa.com\/pt-pt\/wp-json\/wp\/v2\/product_standards_certification?post=8256"},{"taxonomy":"product_benefits","embeddable":true,"href":"https:\/\/www.danosa.com\/pt-pt\/wp-json\/wp\/v2\/product_benefits?post=8256"},{"taxonomy":"product_support","embeddable":true,"href":"https:\/\/www.danosa.com\/pt-pt\/wp-json\/wp\/v2\/product_support?post=8256"},{"taxonomy":"product_substrate_preparation","embeddable":true,"href":"https:\/\/www.danosa.com\/pt-pt\/wp-json\/wp\/v2\/product_substrate_preparation?post=8256"},{"taxonomy":"product_important_indications","embeddable":true,"href":"https:\/\/www.danosa.com\/pt-pt\/wp-json\/wp\/v2\/product_important_indications?post=8256"},{"taxonomy":"product_conservation","embeddable":true,"href":"https:\/\/www.danosa.com\/pt-pt\/wp-json\/wp\/v2\/product_conservation?post=8256"},{"taxonomy":"product_warning","embeddable":true,"href":"https:\/\/www.danosa.com\/pt-pt\/wp-json\/wp\/v2\/product_warning?post=8256"},{"taxonomy":"product_safety_hygiene","embeddable":true,"href":"https:\/\/www.danosa.com\/pt-pt\/wp-json\/wp\/v2\/product_safety_hygiene?post=8256"},{"taxonomy":"system_certification","embeddable":true,"href":"https:\/\/www.danosa.com\/pt-pt\/wp-json\/wp\/v2\/system_certification?post=8256"},{"taxonomy":"product_maintenance","embeddable":true,"href":"https:\/\/www.danosa.com\/pt-pt\/wp-json\/wp\/v2\/product_maintenance?post=8256"},{"taxonomy":"product_safety_datasheet","embeddable":true,"href":"https:\/\/www.danosa.com\/pt-pt\/wp-json\/wp\/v2\/product_safety_datasheet?post=8256"},{"taxonomy":"filter_special_uses","embeddable":true,"href":"https:\/\/www.danosa.com\/pt-pt\/wp-json\/wp\/v2\/filter_special_uses?post=8256"}],"curies":[{"name":"wp","href":"https:\/\/api.w.org\/{rel}","templated":true}]}}