{"id":8264,"date":"2026-04-16T16:25:35","date_gmt":"2026-04-16T15:25:35","guid":{"rendered":"https:\/\/www.danosa.com\/pt-pt\/product\/polydan-pro-50-gp\/"},"modified":"2026-04-16T16:25:38","modified_gmt":"2026-04-16T15:25:38","slug":"polydan-pro-50-gp","status":"publish","type":"product","link":"https:\/\/www.danosa.com\/pt-pt\/produto\/polydan-pro-50-gp\/","title":{"rendered":"POLYDAN PRO 50\/GP."},"content":{"rendered":"<p>POLYDAN\u00ae\u00a0180-50\/GP ELAST+ \u00e9 uma membrana betuminosa composta por uma armadura de feltro de poli\u00e9ster n\u00e3o-tecido de alta gramagem, revestida em ambos os lados com m\u00e1stique de betume (SBS), um acabamento na parte externa de ard\u00f3sia, como material de prote\u00e7\u00e3o, e na sua face interna, como material antiaderente, incorpora uma filme pl\u00e1stico de acabamento.<\/p>\n","protected":false},"excerpt":{"rendered":"<p>Membrana\u00a0impermeabilizante de betume modificado com elast\u00f3meros (SBS) com auto-protec\u00e7\u00e3o mineral.<\/p>\n","protected":false},"featured_media":0,"parent":0,"menu_order":0,"template":"","meta":{"inline_featured_image":false,"site-sidebar-layout":"default","site-content-layout":"default","ast-main-header-display":"","ast-hfb-above-header-display":"","ast-hfb-below-header-display":"","ast-hfb-mobile-header-display":"","site-post-title":"","ast-breadcrumbs-content":"","ast-featured-img":"","footer-sml-layout":"","theme-transparent-header-meta":"","adv-header-id-meta":"","stick-header-meta":"","header-above-stick-meta":"","header-main-stick-meta":"","header-below-stick-meta":""},"family":[6782],"product_notice":[120531],"product_icon":[],"product_application":[119316,119319,119337],"product_standards_certification":[120765,120767,120780,120794,120801,120802,120813,120817],"product_benefits":[118719,118725,118732,118735,118737,118741,118748,118820],"product_support":[120292,120336,120343,120345],"product_substrate_preparation":[],"product_important_indications":[119648,119650,119652,119654,119680,119702,119746,119785,119798,119801,119825,119885],"product_conservation":[119898,119924,119931,119984,120016],"product_warning":[120163],"product_safety_hygiene":[],"system_certification":[99851,99853,7128,6848],"product_maintenance":[40592],"product_safety_datasheet":[4867],"filter_special_uses":[6862],"acf":[],"yoast_head":"<!-- This site is optimized with the Yoast SEO plugin v18.1 - https:\/\/yoast.com\/wordpress\/plugins\/seo\/ -->\n<title>Membrana de asfalto autoprotegida de alto desempenho | POLYDAN PRO<\/title>\n<meta name=\"description\" content=\"Membrana de asfalto autoprotegida com refor\u00e7o de feltro de poli\u00e9ster n\u00e3o tecido de peso pesado e m\u00e1stique de betume modificado com elast\u00f4mero\" \/>\n<meta name=\"robots\" content=\"index, follow, max-snippet:-1, max-image-preview:large, max-video-preview:-1\" \/>\n<link rel=\"canonical\" href=\"https:\/\/www.danosa.com\/pt-pt\/produto\/polydan-pro-50-gp\/\" \/>\n<meta property=\"og:locale\" content=\"pt_PT\" \/>\n<meta property=\"og:type\" content=\"article\" \/>\n<meta property=\"og:title\" content=\"Membrana de asfalto autoprotegida de alto desempenho | POLYDAN PRO\" \/>\n<meta property=\"og:description\" content=\"Membrana de asfalto autoprotegida com refor\u00e7o de feltro de poli\u00e9ster n\u00e3o tecido de peso pesado e m\u00e1stique de betume modificado com elast\u00f4mero\" \/>\n<meta property=\"og:url\" content=\"https:\/\/www.danosa.com\/pt-pt\/produto\/polydan-pro-50-gp\/\" \/>\n<meta property=\"og:site_name\" content=\"Danosa | Solu\u00e7\u00f5es de constru\u00e7\u00e3o\" \/>\n<meta property=\"article:modified_time\" content=\"2026-04-16T15:25:38+00:00\" \/>\n<meta name=\"twitter:card\" content=\"summary_large_image\" \/>\n<script type=\"application\/ld+json\" class=\"yoast-schema-graph\">{\"@context\":\"https:\/\/schema.org\",\"@graph\":[{\"@type\":\"WebSite\",\"@id\":\"https:\/\/www.danosa.com\/pt-pt\/#website\",\"url\":\"https:\/\/www.danosa.com\/pt-pt\/\",\"name\":\"Danosa | Solu\u00e7\u00f5es de constru\u00e7\u00e3o\",\"description\":\"Impermeabiliza\u00e7\u00e3o, isolamento ac\u00fastico e t\u00e9rmico\",\"potentialAction\":[{\"@type\":\"SearchAction\",\"target\":{\"@type\":\"EntryPoint\",\"urlTemplate\":\"https:\/\/www.danosa.com\/pt-pt\/?s={search_term_string}\"},\"query-input\":\"required name=search_term_string\"}],\"inLanguage\":\"pt-PT\"},{\"@type\":\"WebPage\",\"@id\":\"https:\/\/www.danosa.com\/pt-pt\/produto\/polydan-pro-50-gp\/#webpage\",\"url\":\"https:\/\/www.danosa.com\/pt-pt\/produto\/polydan-pro-50-gp\/\",\"name\":\"Membrana de asfalto autoprotegida de alto desempenho | POLYDAN PRO\",\"isPartOf\":{\"@id\":\"https:\/\/www.danosa.com\/pt-pt\/#website\"},\"datePublished\":\"2026-04-16T15:25:35+00:00\",\"dateModified\":\"2026-04-16T15:25:38+00:00\",\"description\":\"Membrana de asfalto autoprotegida com refor\u00e7o de feltro de poli\u00e9ster n\u00e3o tecido de peso pesado e m\u00e1stique de betume modificado com elast\u00f4mero\",\"breadcrumb\":{\"@id\":\"https:\/\/www.danosa.com\/pt-pt\/produto\/polydan-pro-50-gp\/#breadcrumb\"},\"inLanguage\":\"pt-PT\",\"potentialAction\":[{\"@type\":\"ReadAction\",\"target\":[\"https:\/\/www.danosa.com\/pt-pt\/produto\/polydan-pro-50-gp\/\"]}]},{\"@type\":\"BreadcrumbList\",\"@id\":\"https:\/\/www.danosa.com\/pt-pt\/produto\/polydan-pro-50-gp\/#breadcrumb\",\"itemListElement\":[{\"@type\":\"ListItem\",\"position\":1,\"name\":\"Portada\",\"item\":\"https:\/\/www.danosa.com\/pt-pt\/\"},{\"@type\":\"ListItem\",\"position\":2,\"name\":\"POLYDAN PRO 50\/GP.\"}]}]}<\/script>\n<!-- \/ Yoast SEO plugin. -->","yoast_head_json":{"title":"Membrana de asfalto autoprotegida de alto desempenho | POLYDAN PRO","description":"Membrana de asfalto autoprotegida com refor\u00e7o de feltro de poli\u00e9ster n\u00e3o tecido de peso pesado e m\u00e1stique de betume modificado com elast\u00f4mero","robots":{"index":"index","follow":"follow","max-snippet":"max-snippet:-1","max-image-preview":"max-image-preview:large","max-video-preview":"max-video-preview:-1"},"canonical":"https:\/\/www.danosa.com\/pt-pt\/produto\/polydan-pro-50-gp\/","og_locale":"pt_PT","og_type":"article","og_title":"Membrana de asfalto autoprotegida de alto desempenho | POLYDAN PRO","og_description":"Membrana de asfalto autoprotegida com refor\u00e7o de feltro de poli\u00e9ster n\u00e3o tecido de peso pesado e m\u00e1stique de betume modificado com elast\u00f4mero","og_url":"https:\/\/www.danosa.com\/pt-pt\/produto\/polydan-pro-50-gp\/","og_site_name":"Danosa | Solu\u00e7\u00f5es de constru\u00e7\u00e3o","article_modified_time":"2026-04-16T15:25:38+00:00","twitter_card":"summary_large_image","schema":{"@context":"https:\/\/schema.org","@graph":[{"@type":"WebSite","@id":"https:\/\/www.danosa.com\/pt-pt\/#website","url":"https:\/\/www.danosa.com\/pt-pt\/","name":"Danosa | Solu\u00e7\u00f5es de constru\u00e7\u00e3o","description":"Impermeabiliza\u00e7\u00e3o, isolamento ac\u00fastico e t\u00e9rmico","potentialAction":[{"@type":"SearchAction","target":{"@type":"EntryPoint","urlTemplate":"https:\/\/www.danosa.com\/pt-pt\/?s={search_term_string}"},"query-input":"required name=search_term_string"}],"inLanguage":"pt-PT"},{"@type":"WebPage","@id":"https:\/\/www.danosa.com\/pt-pt\/produto\/polydan-pro-50-gp\/#webpage","url":"https:\/\/www.danosa.com\/pt-pt\/produto\/polydan-pro-50-gp\/","name":"Membrana de asfalto autoprotegida de alto desempenho | POLYDAN PRO","isPartOf":{"@id":"https:\/\/www.danosa.com\/pt-pt\/#website"},"datePublished":"2026-04-16T15:25:35+00:00","dateModified":"2026-04-16T15:25:38+00:00","description":"Membrana de asfalto autoprotegida com refor\u00e7o de feltro de poli\u00e9ster n\u00e3o tecido de peso pesado e m\u00e1stique de betume modificado com elast\u00f4mero","breadcrumb":{"@id":"https:\/\/www.danosa.com\/pt-pt\/produto\/polydan-pro-50-gp\/#breadcrumb"},"inLanguage":"pt-PT","potentialAction":[{"@type":"ReadAction","target":["https:\/\/www.danosa.com\/pt-pt\/produto\/polydan-pro-50-gp\/"]}]},{"@type":"BreadcrumbList","@id":"https:\/\/www.danosa.com\/pt-pt\/produto\/polydan-pro-50-gp\/#breadcrumb","itemListElement":[{"@type":"ListItem","position":1,"name":"Portada","item":"https:\/\/www.danosa.com\/pt-pt\/"},{"@type":"ListItem","position":2,"name":"POLYDAN PRO 50\/GP."}]}]}},"_links":{"self":[{"href":"https:\/\/www.danosa.com\/pt-pt\/wp-json\/wp\/v2\/product\/8264"}],"collection":[{"href":"https:\/\/www.danosa.com\/pt-pt\/wp-json\/wp\/v2\/product"}],"about":[{"href":"https:\/\/www.danosa.com\/pt-pt\/wp-json\/wp\/v2\/types\/product"}],"wp:attachment":[{"href":"https:\/\/www.danosa.com\/pt-pt\/wp-json\/wp\/v2\/media?parent=8264"}],"wp:term":[{"taxonomy":"family","embeddable":true,"href":"https:\/\/www.danosa.com\/pt-pt\/wp-json\/wp\/v2\/family?post=8264"},{"taxonomy":"product_notice","embeddable":true,"href":"https:\/\/www.danosa.com\/pt-pt\/wp-json\/wp\/v2\/product_notice?post=8264"},{"taxonomy":"product_icon","embeddable":true,"href":"https:\/\/www.danosa.com\/pt-pt\/wp-json\/wp\/v2\/product_icon?post=8264"},{"taxonomy":"product_application","embeddable":true,"href":"https:\/\/www.danosa.com\/pt-pt\/wp-json\/wp\/v2\/product_application?post=8264"},{"taxonomy":"product_standards_certification","embeddable":true,"href":"https:\/\/www.danosa.com\/pt-pt\/wp-json\/wp\/v2\/product_standards_certification?post=8264"},{"taxonomy":"product_benefits","embeddable":true,"href":"https:\/\/www.danosa.com\/pt-pt\/wp-json\/wp\/v2\/product_benefits?post=8264"},{"taxonomy":"product_support","embeddable":true,"href":"https:\/\/www.danosa.com\/pt-pt\/wp-json\/wp\/v2\/product_support?post=8264"},{"taxonomy":"product_substrate_preparation","embeddable":true,"href":"https:\/\/www.danosa.com\/pt-pt\/wp-json\/wp\/v2\/product_substrate_preparation?post=8264"},{"taxonomy":"product_important_indications","embeddable":true,"href":"https:\/\/www.danosa.com\/pt-pt\/wp-json\/wp\/v2\/product_important_indications?post=8264"},{"taxonomy":"product_conservation","embeddable":true,"href":"https:\/\/www.danosa.com\/pt-pt\/wp-json\/wp\/v2\/product_conservation?post=8264"},{"taxonomy":"product_warning","embeddable":true,"href":"https:\/\/www.danosa.com\/pt-pt\/wp-json\/wp\/v2\/product_warning?post=8264"},{"taxonomy":"product_safety_hygiene","embeddable":true,"href":"https:\/\/www.danosa.com\/pt-pt\/wp-json\/wp\/v2\/product_safety_hygiene?post=8264"},{"taxonomy":"system_certification","embeddable":true,"href":"https:\/\/www.danosa.com\/pt-pt\/wp-json\/wp\/v2\/system_certification?post=8264"},{"taxonomy":"product_maintenance","embeddable":true,"href":"https:\/\/www.danosa.com\/pt-pt\/wp-json\/wp\/v2\/product_maintenance?post=8264"},{"taxonomy":"product_safety_datasheet","embeddable":true,"href":"https:\/\/www.danosa.com\/pt-pt\/wp-json\/wp\/v2\/product_safety_datasheet?post=8264"},{"taxonomy":"filter_special_uses","embeddable":true,"href":"https:\/\/www.danosa.com\/pt-pt\/wp-json\/wp\/v2\/filter_special_uses?post=8264"}],"curies":[{"name":"wp","href":"https:\/\/api.w.org\/{rel}","templated":true}]}}