{"id":8722,"date":"2026-04-05T16:21:10","date_gmt":"2026-04-05T15:21:10","guid":{"rendered":"https:\/\/www.danosa.com\/pt-pt\/produto\/cazoleta-salida-horizontal\/"},"modified":"2026-04-05T16:21:13","modified_gmt":"2026-04-05T15:21:13","slug":"cazoleta-salida-horizontal","status":"publish","type":"product","link":"https:\/\/www.danosa.com\/pt-pt\/produto\/cazoleta-salida-horizontal\/","title":{"rendered":"CAZOLETA SALIDA HORIZONTAL"},"content":{"rendered":"<p>Cazoleta de caucho EPDM de salida horizontal de secci\u00f3n exterior 92 x 92 mm, para bajante con di\u00e1metro de salida 100 mm.Se compone de dos piezas: manguet\u00f3n-base soporte y entronque con bajante vertical. La cazoleta cuenta con una base soporte con relieve, para facilitar la penetraci\u00f3n del bet\u00fan. Es compatible con todas las membranas bituminosas, mediante soldadura por calor. Perfectamente resistente a la llama, la corrosi\u00f3n y la intemperie, es d\u00factil y f\u00e1cilmente manejable.<\/p>\n","protected":false},"excerpt":{"rendered":"<p>Cazoleta de salida horizontal para bajante de di\u00e1metro 100 mm.<\/p>\n","protected":false},"featured_media":0,"parent":0,"menu_order":0,"template":"","meta":{"inline_featured_image":false,"site-sidebar-layout":"default","site-content-layout":"default","ast-main-header-display":"","ast-hfb-above-header-display":"","ast-hfb-below-header-display":"","ast-hfb-mobile-header-display":"","site-post-title":"","ast-breadcrumbs-content":"","ast-featured-img":"","footer-sml-layout":"","theme-transparent-header-meta":"","adv-header-id-meta":"","stick-header-meta":"","header-above-stick-meta":"","header-main-stick-meta":"","header-below-stick-meta":""},"family":[6805],"product_notice":[120531],"product_icon":[],"product_application":[],"product_standards_certification":[],"product_benefits":[],"product_support":[],"product_substrate_preparation":[],"product_important_indications":[],"product_conservation":[],"product_warning":[],"product_safety_hygiene":[],"system_certification":[],"product_maintenance":[],"product_safety_datasheet":[],"filter_special_uses":[],"acf":[],"yoast_head":"<!-- This site is optimized with the Yoast SEO plugin v18.1 - https:\/\/yoast.com\/wordpress\/plugins\/seo\/ -->\n<title>Tigela de borracha EPDM de sa\u00edda horizontal | Impermeabiliza\u00e7\u00e3o Danosa<\/title>\n<meta name=\"description\" content=\"Cuba de borracha EPDM para sa\u00edda horizontal com se\u00e7\u00e3o externa de 92 x 92 mm, para tubo de descarga com di\u00e2metro de sa\u00edda de 100 mm.\" \/>\n<meta name=\"robots\" content=\"index, follow, max-snippet:-1, max-image-preview:large, max-video-preview:-1\" \/>\n<link rel=\"canonical\" href=\"https:\/\/www.danosa.com\/pt-pt\/produto\/cazoleta-salida-horizontal\/\" \/>\n<meta property=\"og:locale\" content=\"pt_PT\" \/>\n<meta property=\"og:type\" content=\"article\" \/>\n<meta property=\"og:title\" content=\"Tigela de borracha EPDM de sa\u00edda horizontal | Impermeabiliza\u00e7\u00e3o Danosa\" \/>\n<meta property=\"og:description\" content=\"Cuba de borracha EPDM para sa\u00edda horizontal com se\u00e7\u00e3o externa de 92 x 92 mm, para tubo de descarga com di\u00e2metro de sa\u00edda de 100 mm.\" \/>\n<meta property=\"og:url\" content=\"https:\/\/www.danosa.com\/pt-pt\/produto\/cazoleta-salida-horizontal\/\" \/>\n<meta property=\"og:site_name\" content=\"Danosa | Solu\u00e7\u00f5es de constru\u00e7\u00e3o\" \/>\n<meta property=\"article:modified_time\" content=\"2026-04-05T15:21:13+00:00\" \/>\n<meta name=\"twitter:card\" content=\"summary_large_image\" \/>\n<script type=\"application\/ld+json\" class=\"yoast-schema-graph\">{\"@context\":\"https:\/\/schema.org\",\"@graph\":[{\"@type\":\"WebSite\",\"@id\":\"https:\/\/www.danosa.com\/pt-pt\/#website\",\"url\":\"https:\/\/www.danosa.com\/pt-pt\/\",\"name\":\"Danosa | Solu\u00e7\u00f5es de constru\u00e7\u00e3o\",\"description\":\"Impermeabiliza\u00e7\u00e3o, isolamento ac\u00fastico e t\u00e9rmico\",\"potentialAction\":[{\"@type\":\"SearchAction\",\"target\":{\"@type\":\"EntryPoint\",\"urlTemplate\":\"https:\/\/www.danosa.com\/pt-pt\/?s={search_term_string}\"},\"query-input\":\"required name=search_term_string\"}],\"inLanguage\":\"pt-PT\"},{\"@type\":\"WebPage\",\"@id\":\"https:\/\/www.danosa.com\/pt-pt\/produto\/cazoleta-salida-horizontal\/#webpage\",\"url\":\"https:\/\/www.danosa.com\/pt-pt\/produto\/cazoleta-salida-horizontal\/\",\"name\":\"Tigela de borracha EPDM de sa\u00edda horizontal | Impermeabiliza\u00e7\u00e3o Danosa\",\"isPartOf\":{\"@id\":\"https:\/\/www.danosa.com\/pt-pt\/#website\"},\"datePublished\":\"2026-04-05T15:21:10+00:00\",\"dateModified\":\"2026-04-05T15:21:13+00:00\",\"description\":\"Cuba de borracha EPDM para sa\u00edda horizontal com se\u00e7\u00e3o externa de 92 x 92 mm, para tubo de descarga com di\u00e2metro de sa\u00edda de 100 mm.\",\"breadcrumb\":{\"@id\":\"https:\/\/www.danosa.com\/pt-pt\/produto\/cazoleta-salida-horizontal\/#breadcrumb\"},\"inLanguage\":\"pt-PT\",\"potentialAction\":[{\"@type\":\"ReadAction\",\"target\":[\"https:\/\/www.danosa.com\/pt-pt\/produto\/cazoleta-salida-horizontal\/\"]}]},{\"@type\":\"BreadcrumbList\",\"@id\":\"https:\/\/www.danosa.com\/pt-pt\/produto\/cazoleta-salida-horizontal\/#breadcrumb\",\"itemListElement\":[{\"@type\":\"ListItem\",\"position\":1,\"name\":\"Portada\",\"item\":\"https:\/\/www.danosa.com\/pt-pt\/\"},{\"@type\":\"ListItem\",\"position\":2,\"name\":\"CAZOLETA SALIDA HORIZONTAL\"}]}]}<\/script>\n<!-- \/ Yoast SEO plugin. -->","yoast_head_json":{"title":"Tigela de borracha EPDM de sa\u00edda horizontal | Impermeabiliza\u00e7\u00e3o Danosa","description":"Cuba de borracha EPDM para sa\u00edda horizontal com se\u00e7\u00e3o externa de 92 x 92 mm, para tubo de descarga com di\u00e2metro de sa\u00edda de 100 mm.","robots":{"index":"index","follow":"follow","max-snippet":"max-snippet:-1","max-image-preview":"max-image-preview:large","max-video-preview":"max-video-preview:-1"},"canonical":"https:\/\/www.danosa.com\/pt-pt\/produto\/cazoleta-salida-horizontal\/","og_locale":"pt_PT","og_type":"article","og_title":"Tigela de borracha EPDM de sa\u00edda horizontal | Impermeabiliza\u00e7\u00e3o Danosa","og_description":"Cuba de borracha EPDM para sa\u00edda horizontal com se\u00e7\u00e3o externa de 92 x 92 mm, para tubo de descarga com di\u00e2metro de sa\u00edda de 100 mm.","og_url":"https:\/\/www.danosa.com\/pt-pt\/produto\/cazoleta-salida-horizontal\/","og_site_name":"Danosa | Solu\u00e7\u00f5es de constru\u00e7\u00e3o","article_modified_time":"2026-04-05T15:21:13+00:00","twitter_card":"summary_large_image","schema":{"@context":"https:\/\/schema.org","@graph":[{"@type":"WebSite","@id":"https:\/\/www.danosa.com\/pt-pt\/#website","url":"https:\/\/www.danosa.com\/pt-pt\/","name":"Danosa | Solu\u00e7\u00f5es de constru\u00e7\u00e3o","description":"Impermeabiliza\u00e7\u00e3o, isolamento ac\u00fastico e t\u00e9rmico","potentialAction":[{"@type":"SearchAction","target":{"@type":"EntryPoint","urlTemplate":"https:\/\/www.danosa.com\/pt-pt\/?s={search_term_string}"},"query-input":"required name=search_term_string"}],"inLanguage":"pt-PT"},{"@type":"WebPage","@id":"https:\/\/www.danosa.com\/pt-pt\/produto\/cazoleta-salida-horizontal\/#webpage","url":"https:\/\/www.danosa.com\/pt-pt\/produto\/cazoleta-salida-horizontal\/","name":"Tigela de borracha EPDM de sa\u00edda horizontal | Impermeabiliza\u00e7\u00e3o Danosa","isPartOf":{"@id":"https:\/\/www.danosa.com\/pt-pt\/#website"},"datePublished":"2026-04-05T15:21:10+00:00","dateModified":"2026-04-05T15:21:13+00:00","description":"Cuba de borracha EPDM para sa\u00edda horizontal com se\u00e7\u00e3o externa de 92 x 92 mm, para tubo de descarga com di\u00e2metro de sa\u00edda de 100 mm.","breadcrumb":{"@id":"https:\/\/www.danosa.com\/pt-pt\/produto\/cazoleta-salida-horizontal\/#breadcrumb"},"inLanguage":"pt-PT","potentialAction":[{"@type":"ReadAction","target":["https:\/\/www.danosa.com\/pt-pt\/produto\/cazoleta-salida-horizontal\/"]}]},{"@type":"BreadcrumbList","@id":"https:\/\/www.danosa.com\/pt-pt\/produto\/cazoleta-salida-horizontal\/#breadcrumb","itemListElement":[{"@type":"ListItem","position":1,"name":"Portada","item":"https:\/\/www.danosa.com\/pt-pt\/"},{"@type":"ListItem","position":2,"name":"CAZOLETA SALIDA HORIZONTAL"}]}]}},"_links":{"self":[{"href":"https:\/\/www.danosa.com\/pt-pt\/wp-json\/wp\/v2\/product\/8722"}],"collection":[{"href":"https:\/\/www.danosa.com\/pt-pt\/wp-json\/wp\/v2\/product"}],"about":[{"href":"https:\/\/www.danosa.com\/pt-pt\/wp-json\/wp\/v2\/types\/product"}],"wp:attachment":[{"href":"https:\/\/www.danosa.com\/pt-pt\/wp-json\/wp\/v2\/media?parent=8722"}],"wp:term":[{"taxonomy":"family","embeddable":true,"href":"https:\/\/www.danosa.com\/pt-pt\/wp-json\/wp\/v2\/family?post=8722"},{"taxonomy":"product_notice","embeddable":true,"href":"https:\/\/www.danosa.com\/pt-pt\/wp-json\/wp\/v2\/product_notice?post=8722"},{"taxonomy":"product_icon","embeddable":true,"href":"https:\/\/www.danosa.com\/pt-pt\/wp-json\/wp\/v2\/product_icon?post=8722"},{"taxonomy":"product_application","embeddable":true,"href":"https:\/\/www.danosa.com\/pt-pt\/wp-json\/wp\/v2\/product_application?post=8722"},{"taxonomy":"product_standards_certification","embeddable":true,"href":"https:\/\/www.danosa.com\/pt-pt\/wp-json\/wp\/v2\/product_standards_certification?post=8722"},{"taxonomy":"product_benefits","embeddable":true,"href":"https:\/\/www.danosa.com\/pt-pt\/wp-json\/wp\/v2\/product_benefits?post=8722"},{"taxonomy":"product_support","embeddable":true,"href":"https:\/\/www.danosa.com\/pt-pt\/wp-json\/wp\/v2\/product_support?post=8722"},{"taxonomy":"product_substrate_preparation","embeddable":true,"href":"https:\/\/www.danosa.com\/pt-pt\/wp-json\/wp\/v2\/product_substrate_preparation?post=8722"},{"taxonomy":"product_important_indications","embeddable":true,"href":"https:\/\/www.danosa.com\/pt-pt\/wp-json\/wp\/v2\/product_important_indications?post=8722"},{"taxonomy":"product_conservation","embeddable":true,"href":"https:\/\/www.danosa.com\/pt-pt\/wp-json\/wp\/v2\/product_conservation?post=8722"},{"taxonomy":"product_warning","embeddable":true,"href":"https:\/\/www.danosa.com\/pt-pt\/wp-json\/wp\/v2\/product_warning?post=8722"},{"taxonomy":"product_safety_hygiene","embeddable":true,"href":"https:\/\/www.danosa.com\/pt-pt\/wp-json\/wp\/v2\/product_safety_hygiene?post=8722"},{"taxonomy":"system_certification","embeddable":true,"href":"https:\/\/www.danosa.com\/pt-pt\/wp-json\/wp\/v2\/system_certification?post=8722"},{"taxonomy":"product_maintenance","embeddable":true,"href":"https:\/\/www.danosa.com\/pt-pt\/wp-json\/wp\/v2\/product_maintenance?post=8722"},{"taxonomy":"product_safety_datasheet","embeddable":true,"href":"https:\/\/www.danosa.com\/pt-pt\/wp-json\/wp\/v2\/product_safety_datasheet?post=8722"},{"taxonomy":"filter_special_uses","embeddable":true,"href":"https:\/\/www.danosa.com\/pt-pt\/wp-json\/wp\/v2\/filter_special_uses?post=8722"}],"curies":[{"name":"wp","href":"https:\/\/api.w.org\/{rel}","templated":true}]}}