{"id":8755,"date":"2026-05-07T04:21:32","date_gmt":"2026-05-07T03:21:32","guid":{"rendered":"https:\/\/www.danosa.com\/pt-pt\/produto\/danopol-ni-fv-1-2\/"},"modified":"2026-05-07T04:21:34","modified_gmt":"2026-05-07T03:21:34","slug":"danopol-ni-fv-1-2","status":"publish","type":"product","link":"https:\/\/www.danosa.com\/pt-pt\/produto\/danopol-ni-fv-1-2\/","title":{"rendered":"DANOPOL NI FV 1.2"},"content":{"rendered":"<p>DANOPOL NI FV 1.2 \u00e9 uma l\u00e2mina sint\u00e9tica \u00e0 base de PVC plastificado, fabricado mediante calandrado e refor\u00e7ado com V\u00e9u de fibra-de-vidro. Esta l\u00e2mina n\u00e3o \u00e9 resistente \u00e0 intemp\u00e9rie e aos raios U.V. (ultra-violetas) ou.<\/p>\n","protected":false},"excerpt":{"rendered":"<p>L\u00e2mina sint\u00e9tica \u00e0 base de PVC plastificado.<\/p>\n","protected":false},"featured_media":0,"parent":0,"menu_order":0,"template":"","meta":{"inline_featured_image":false,"site-sidebar-layout":"default","site-content-layout":"default","ast-main-header-display":"","ast-hfb-above-header-display":"","ast-hfb-below-header-display":"","ast-hfb-mobile-header-display":"","site-post-title":"","ast-breadcrumbs-content":"","ast-featured-img":"","footer-sml-layout":"","theme-transparent-header-meta":"","adv-header-id-meta":"","stick-header-meta":"","header-above-stick-meta":"","header-main-stick-meta":"","header-below-stick-meta":""},"family":[6790],"product_notice":[120531],"product_icon":[],"product_application":[119170,119171,119172,119173,119174,119175,119235,119245,119246,119263],"product_standards_certification":[120774,120775,120778,120779,120782,120783,120794,120798,120805],"product_benefits":[118466,118624,118625,118721,118725,118780,118816,118818,118842,118867],"product_support":[],"product_substrate_preparation":[],"product_important_indications":[119612,119613,119631,119639,119663,119680,119683,119694,119757,119797,119798,119799],"product_conservation":[119924,119932,119960,119964,120008,120009,120029,120087,120088,120090],"product_warning":[],"product_safety_hygiene":[],"system_certification":[162829,6749],"product_maintenance":[],"product_safety_datasheet":[3553],"filter_special_uses":[],"acf":[],"yoast_head":"<!-- This site is optimized with the Yoast SEO plugin v18.1 - https:\/\/yoast.com\/wordpress\/plugins\/seo\/ -->\n<title>Refor\u00e7o de fibra de vidro anticorros\u00e3o para impermeabiliza\u00e7\u00e3o | DANOPOL<\/title>\n<meta name=\"description\" content=\"Rolo de chapa com refor\u00e7o de fibra de vidro anticorros\u00e3o para impermeabiliza\u00e7\u00e3o de coberturas ajardinadas, transit\u00e1veis \u200b\u200be pedonais.\" \/>\n<meta name=\"robots\" content=\"index, follow, max-snippet:-1, max-image-preview:large, max-video-preview:-1\" \/>\n<link rel=\"canonical\" href=\"https:\/\/www.danosa.com\/pt-pt\/produto\/danopol-ni-fv-1-2\/\" \/>\n<meta property=\"og:locale\" content=\"pt_PT\" \/>\n<meta property=\"og:type\" content=\"article\" \/>\n<meta property=\"og:title\" content=\"Refor\u00e7o de fibra de vidro anticorros\u00e3o para impermeabiliza\u00e7\u00e3o | DANOPOL\" \/>\n<meta property=\"og:description\" content=\"Rolo de chapa com refor\u00e7o de fibra de vidro anticorros\u00e3o para impermeabiliza\u00e7\u00e3o de coberturas ajardinadas, transit\u00e1veis \u200b\u200be pedonais.\" \/>\n<meta property=\"og:url\" content=\"https:\/\/www.danosa.com\/pt-pt\/produto\/danopol-ni-fv-1-2\/\" \/>\n<meta property=\"og:site_name\" content=\"Danosa | Solu\u00e7\u00f5es de constru\u00e7\u00e3o\" \/>\n<meta property=\"article:modified_time\" content=\"2026-05-07T03:21:34+00:00\" \/>\n<meta name=\"twitter:card\" content=\"summary_large_image\" \/>\n<script type=\"application\/ld+json\" class=\"yoast-schema-graph\">{\"@context\":\"https:\/\/schema.org\",\"@graph\":[{\"@type\":\"WebSite\",\"@id\":\"https:\/\/www.danosa.com\/pt-pt\/#website\",\"url\":\"https:\/\/www.danosa.com\/pt-pt\/\",\"name\":\"Danosa | Solu\u00e7\u00f5es de constru\u00e7\u00e3o\",\"description\":\"Impermeabiliza\u00e7\u00e3o, isolamento ac\u00fastico e t\u00e9rmico\",\"potentialAction\":[{\"@type\":\"SearchAction\",\"target\":{\"@type\":\"EntryPoint\",\"urlTemplate\":\"https:\/\/www.danosa.com\/pt-pt\/?s={search_term_string}\"},\"query-input\":\"required name=search_term_string\"}],\"inLanguage\":\"pt-PT\"},{\"@type\":\"WebPage\",\"@id\":\"https:\/\/www.danosa.com\/pt-pt\/produto\/danopol-ni-fv-1-2\/#webpage\",\"url\":\"https:\/\/www.danosa.com\/pt-pt\/produto\/danopol-ni-fv-1-2\/\",\"name\":\"Refor\u00e7o de fibra de vidro anticorros\u00e3o para impermeabiliza\u00e7\u00e3o | DANOPOL\",\"isPartOf\":{\"@id\":\"https:\/\/www.danosa.com\/pt-pt\/#website\"},\"datePublished\":\"2026-05-07T03:21:32+00:00\",\"dateModified\":\"2026-05-07T03:21:34+00:00\",\"description\":\"Rolo de chapa com refor\u00e7o de fibra de vidro anticorros\u00e3o para impermeabiliza\u00e7\u00e3o de coberturas ajardinadas, transit\u00e1veis \u200b\u200be pedonais.\",\"breadcrumb\":{\"@id\":\"https:\/\/www.danosa.com\/pt-pt\/produto\/danopol-ni-fv-1-2\/#breadcrumb\"},\"inLanguage\":\"pt-PT\",\"potentialAction\":[{\"@type\":\"ReadAction\",\"target\":[\"https:\/\/www.danosa.com\/pt-pt\/produto\/danopol-ni-fv-1-2\/\"]}]},{\"@type\":\"BreadcrumbList\",\"@id\":\"https:\/\/www.danosa.com\/pt-pt\/produto\/danopol-ni-fv-1-2\/#breadcrumb\",\"itemListElement\":[{\"@type\":\"ListItem\",\"position\":1,\"name\":\"Portada\",\"item\":\"https:\/\/www.danosa.com\/pt-pt\/\"},{\"@type\":\"ListItem\",\"position\":2,\"name\":\"DANOPOL NI FV 1.2\"}]}]}<\/script>\n<!-- \/ Yoast SEO plugin. -->","yoast_head_json":{"title":"Refor\u00e7o de fibra de vidro anticorros\u00e3o para impermeabiliza\u00e7\u00e3o | DANOPOL","description":"Rolo de chapa com refor\u00e7o de fibra de vidro anticorros\u00e3o para impermeabiliza\u00e7\u00e3o de coberturas ajardinadas, transit\u00e1veis \u200b\u200be pedonais.","robots":{"index":"index","follow":"follow","max-snippet":"max-snippet:-1","max-image-preview":"max-image-preview:large","max-video-preview":"max-video-preview:-1"},"canonical":"https:\/\/www.danosa.com\/pt-pt\/produto\/danopol-ni-fv-1-2\/","og_locale":"pt_PT","og_type":"article","og_title":"Refor\u00e7o de fibra de vidro anticorros\u00e3o para impermeabiliza\u00e7\u00e3o | DANOPOL","og_description":"Rolo de chapa com refor\u00e7o de fibra de vidro anticorros\u00e3o para impermeabiliza\u00e7\u00e3o de coberturas ajardinadas, transit\u00e1veis \u200b\u200be pedonais.","og_url":"https:\/\/www.danosa.com\/pt-pt\/produto\/danopol-ni-fv-1-2\/","og_site_name":"Danosa | Solu\u00e7\u00f5es de constru\u00e7\u00e3o","article_modified_time":"2026-05-07T03:21:34+00:00","twitter_card":"summary_large_image","schema":{"@context":"https:\/\/schema.org","@graph":[{"@type":"WebSite","@id":"https:\/\/www.danosa.com\/pt-pt\/#website","url":"https:\/\/www.danosa.com\/pt-pt\/","name":"Danosa | Solu\u00e7\u00f5es de constru\u00e7\u00e3o","description":"Impermeabiliza\u00e7\u00e3o, isolamento ac\u00fastico e t\u00e9rmico","potentialAction":[{"@type":"SearchAction","target":{"@type":"EntryPoint","urlTemplate":"https:\/\/www.danosa.com\/pt-pt\/?s={search_term_string}"},"query-input":"required name=search_term_string"}],"inLanguage":"pt-PT"},{"@type":"WebPage","@id":"https:\/\/www.danosa.com\/pt-pt\/produto\/danopol-ni-fv-1-2\/#webpage","url":"https:\/\/www.danosa.com\/pt-pt\/produto\/danopol-ni-fv-1-2\/","name":"Refor\u00e7o de fibra de vidro anticorros\u00e3o para impermeabiliza\u00e7\u00e3o | DANOPOL","isPartOf":{"@id":"https:\/\/www.danosa.com\/pt-pt\/#website"},"datePublished":"2026-05-07T03:21:32+00:00","dateModified":"2026-05-07T03:21:34+00:00","description":"Rolo de chapa com refor\u00e7o de fibra de vidro anticorros\u00e3o para impermeabiliza\u00e7\u00e3o de coberturas ajardinadas, transit\u00e1veis \u200b\u200be pedonais.","breadcrumb":{"@id":"https:\/\/www.danosa.com\/pt-pt\/produto\/danopol-ni-fv-1-2\/#breadcrumb"},"inLanguage":"pt-PT","potentialAction":[{"@type":"ReadAction","target":["https:\/\/www.danosa.com\/pt-pt\/produto\/danopol-ni-fv-1-2\/"]}]},{"@type":"BreadcrumbList","@id":"https:\/\/www.danosa.com\/pt-pt\/produto\/danopol-ni-fv-1-2\/#breadcrumb","itemListElement":[{"@type":"ListItem","position":1,"name":"Portada","item":"https:\/\/www.danosa.com\/pt-pt\/"},{"@type":"ListItem","position":2,"name":"DANOPOL NI FV 1.2"}]}]}},"_links":{"self":[{"href":"https:\/\/www.danosa.com\/pt-pt\/wp-json\/wp\/v2\/product\/8755"}],"collection":[{"href":"https:\/\/www.danosa.com\/pt-pt\/wp-json\/wp\/v2\/product"}],"about":[{"href":"https:\/\/www.danosa.com\/pt-pt\/wp-json\/wp\/v2\/types\/product"}],"wp:attachment":[{"href":"https:\/\/www.danosa.com\/pt-pt\/wp-json\/wp\/v2\/media?parent=8755"}],"wp:term":[{"taxonomy":"family","embeddable":true,"href":"https:\/\/www.danosa.com\/pt-pt\/wp-json\/wp\/v2\/family?post=8755"},{"taxonomy":"product_notice","embeddable":true,"href":"https:\/\/www.danosa.com\/pt-pt\/wp-json\/wp\/v2\/product_notice?post=8755"},{"taxonomy":"product_icon","embeddable":true,"href":"https:\/\/www.danosa.com\/pt-pt\/wp-json\/wp\/v2\/product_icon?post=8755"},{"taxonomy":"product_application","embeddable":true,"href":"https:\/\/www.danosa.com\/pt-pt\/wp-json\/wp\/v2\/product_application?post=8755"},{"taxonomy":"product_standards_certification","embeddable":true,"href":"https:\/\/www.danosa.com\/pt-pt\/wp-json\/wp\/v2\/product_standards_certification?post=8755"},{"taxonomy":"product_benefits","embeddable":true,"href":"https:\/\/www.danosa.com\/pt-pt\/wp-json\/wp\/v2\/product_benefits?post=8755"},{"taxonomy":"product_support","embeddable":true,"href":"https:\/\/www.danosa.com\/pt-pt\/wp-json\/wp\/v2\/product_support?post=8755"},{"taxonomy":"product_substrate_preparation","embeddable":true,"href":"https:\/\/www.danosa.com\/pt-pt\/wp-json\/wp\/v2\/product_substrate_preparation?post=8755"},{"taxonomy":"product_important_indications","embeddable":true,"href":"https:\/\/www.danosa.com\/pt-pt\/wp-json\/wp\/v2\/product_important_indications?post=8755"},{"taxonomy":"product_conservation","embeddable":true,"href":"https:\/\/www.danosa.com\/pt-pt\/wp-json\/wp\/v2\/product_conservation?post=8755"},{"taxonomy":"product_warning","embeddable":true,"href":"https:\/\/www.danosa.com\/pt-pt\/wp-json\/wp\/v2\/product_warning?post=8755"},{"taxonomy":"product_safety_hygiene","embeddable":true,"href":"https:\/\/www.danosa.com\/pt-pt\/wp-json\/wp\/v2\/product_safety_hygiene?post=8755"},{"taxonomy":"system_certification","embeddable":true,"href":"https:\/\/www.danosa.com\/pt-pt\/wp-json\/wp\/v2\/system_certification?post=8755"},{"taxonomy":"product_maintenance","embeddable":true,"href":"https:\/\/www.danosa.com\/pt-pt\/wp-json\/wp\/v2\/product_maintenance?post=8755"},{"taxonomy":"product_safety_datasheet","embeddable":true,"href":"https:\/\/www.danosa.com\/pt-pt\/wp-json\/wp\/v2\/product_safety_datasheet?post=8755"},{"taxonomy":"filter_special_uses","embeddable":true,"href":"https:\/\/www.danosa.com\/pt-pt\/wp-json\/wp\/v2\/filter_special_uses?post=8755"}],"curies":[{"name":"wp","href":"https:\/\/api.w.org\/{rel}","templated":true}]}}