{"id":9040,"date":"2026-04-29T04:25:33","date_gmt":"2026-04-29T03:25:33","guid":{"rendered":"https:\/\/www.danosa.com\/pt-pt\/produto\/polydan-plus-fm-180-60-gp-elast\/"},"modified":"2026-04-29T04:25:35","modified_gmt":"2026-04-29T03:25:35","slug":"polydan-plus-fm-180-60-gp-elast","status":"publish","type":"product","link":"https:\/\/www.danosa.com\/pt-pt\/produto\/polydan-plus-fm-180-60-gp-elast\/","title":{"rendered":"POLYDAN PLUS FM 180-60\/GP ELAST"},"content":{"rendered":"<p>O POLYDAN Plus FM 180-60\/GP ELAST \u00e9 uma membrana impermeabilizante betuminosa de superf\u00edcie auto-protegida de 5,6 kg\/m\u00b2, LBM(SBS)-56\/G-FP R.<br \/>\n \u00c9 composta por uma armadura de feltro de poli\u00e9ster refor\u00e7ado e estabilizado, recoberta nas duas faces com um m\u00e1stico de betume modificado com elast\u00f3meros (SBS), usando como material de protec\u00e7\u00e3o na face externa da membrana, protec\u00e7\u00e3o mineral de cor xisto (claro). Como material anti-aderente, na face interna usa-se um filme de polietileno. <\/p>\n<p>O seu uso est\u00e1 indicado especialmente para fixa\u00e7\u00e3o mec\u00e2nica.<\/p>\n","protected":false},"excerpt":{"rendered":"<p>Membrana\u00a0impermeabilizante de betume modificado com elast\u00f3meros (SBS) com auto-protec\u00e7\u00e3o mineral.<\/p>\n","protected":false},"featured_media":0,"parent":0,"menu_order":0,"template":"","meta":{"inline_featured_image":false,"site-sidebar-layout":"default","site-content-layout":"default","ast-main-header-display":"","ast-hfb-above-header-display":"","ast-hfb-below-header-display":"","ast-hfb-mobile-header-display":"","site-post-title":"","ast-breadcrumbs-content":"","ast-featured-img":"","footer-sml-layout":"","theme-transparent-header-meta":"","adv-header-id-meta":"","stick-header-meta":"","header-above-stick-meta":"","header-main-stick-meta":"","header-below-stick-meta":""},"family":[6782],"product_notice":[120531],"product_icon":[],"product_application":[119326,119337],"product_standards_certification":[120764,120780,120794,120812],"product_benefits":[118465,118575,118585,118600,118603,118612,118643,118725,118732,118735,118737,118748,118766,118779,118804,118820,118867],"product_support":[],"product_substrate_preparation":[],"product_important_indications":[119648,119650,119652,119654,119680,119701,119702,119746,119785,119798,119801,119825,119885],"product_conservation":[119898,119924,119931,119932,119959,119960,120009,120016,120020,120021,120087,120088,120090],"product_warning":[],"product_safety_hygiene":[],"system_certification":[99853,7128,6755,6848,104579],"product_maintenance":[40592],"product_safety_datasheet":[4867],"filter_special_uses":[],"acf":[],"yoast_head":"<!-- This site is optimized with the Yoast SEO plugin v18.1 - https:\/\/yoast.com\/wordpress\/plugins\/seo\/ -->\n<title>POLYDAN PLUS FM 180-60\/GP ELAST - Danosa | Solu\u00e7\u00f5es de constru\u00e7\u00e3o<\/title>\n<meta name=\"robots\" content=\"index, follow, max-snippet:-1, max-image-preview:large, max-video-preview:-1\" \/>\n<link rel=\"canonical\" href=\"https:\/\/www.danosa.com\/pt-pt\/produto\/polydan-plus-fm-180-60-gp-elast\/\" \/>\n<meta property=\"og:locale\" content=\"pt_PT\" \/>\n<meta property=\"og:type\" content=\"article\" \/>\n<meta property=\"og:title\" content=\"POLYDAN PLUS FM 180-60\/GP ELAST - Danosa | Solu\u00e7\u00f5es de constru\u00e7\u00e3o\" \/>\n<meta property=\"og:description\" content=\"Membrana\u00a0impermeabilizante de betume modificado com elast\u00f3meros (SBS) com auto-protec\u00e7\u00e3o mineral.\" \/>\n<meta property=\"og:url\" content=\"https:\/\/www.danosa.com\/pt-pt\/produto\/polydan-plus-fm-180-60-gp-elast\/\" \/>\n<meta property=\"og:site_name\" content=\"Danosa | Solu\u00e7\u00f5es de constru\u00e7\u00e3o\" \/>\n<meta property=\"article:modified_time\" content=\"2026-04-29T03:25:35+00:00\" \/>\n<meta name=\"twitter:card\" content=\"summary_large_image\" \/>\n<script type=\"application\/ld+json\" class=\"yoast-schema-graph\">{\"@context\":\"https:\/\/schema.org\",\"@graph\":[{\"@type\":\"WebSite\",\"@id\":\"https:\/\/www.danosa.com\/pt-pt\/#website\",\"url\":\"https:\/\/www.danosa.com\/pt-pt\/\",\"name\":\"Danosa | Solu\u00e7\u00f5es de constru\u00e7\u00e3o\",\"description\":\"Impermeabiliza\u00e7\u00e3o, isolamento ac\u00fastico e t\u00e9rmico\",\"potentialAction\":[{\"@type\":\"SearchAction\",\"target\":{\"@type\":\"EntryPoint\",\"urlTemplate\":\"https:\/\/www.danosa.com\/pt-pt\/?s={search_term_string}\"},\"query-input\":\"required name=search_term_string\"}],\"inLanguage\":\"pt-PT\"},{\"@type\":\"WebPage\",\"@id\":\"https:\/\/www.danosa.com\/pt-pt\/produto\/polydan-plus-fm-180-60-gp-elast\/#webpage\",\"url\":\"https:\/\/www.danosa.com\/pt-pt\/produto\/polydan-plus-fm-180-60-gp-elast\/\",\"name\":\"POLYDAN PLUS FM 180-60\/GP ELAST - Danosa | Solu\u00e7\u00f5es de constru\u00e7\u00e3o\",\"isPartOf\":{\"@id\":\"https:\/\/www.danosa.com\/pt-pt\/#website\"},\"datePublished\":\"2026-04-29T03:25:33+00:00\",\"dateModified\":\"2026-04-29T03:25:35+00:00\",\"breadcrumb\":{\"@id\":\"https:\/\/www.danosa.com\/pt-pt\/produto\/polydan-plus-fm-180-60-gp-elast\/#breadcrumb\"},\"inLanguage\":\"pt-PT\",\"potentialAction\":[{\"@type\":\"ReadAction\",\"target\":[\"https:\/\/www.danosa.com\/pt-pt\/produto\/polydan-plus-fm-180-60-gp-elast\/\"]}]},{\"@type\":\"BreadcrumbList\",\"@id\":\"https:\/\/www.danosa.com\/pt-pt\/produto\/polydan-plus-fm-180-60-gp-elast\/#breadcrumb\",\"itemListElement\":[{\"@type\":\"ListItem\",\"position\":1,\"name\":\"Portada\",\"item\":\"https:\/\/www.danosa.com\/pt-pt\/\"},{\"@type\":\"ListItem\",\"position\":2,\"name\":\"POLYDAN PLUS FM 180-60\/GP ELAST\"}]}]}<\/script>\n<!-- \/ Yoast SEO plugin. -->","yoast_head_json":{"title":"POLYDAN PLUS FM 180-60\/GP ELAST - Danosa | Solu\u00e7\u00f5es de constru\u00e7\u00e3o","robots":{"index":"index","follow":"follow","max-snippet":"max-snippet:-1","max-image-preview":"max-image-preview:large","max-video-preview":"max-video-preview:-1"},"canonical":"https:\/\/www.danosa.com\/pt-pt\/produto\/polydan-plus-fm-180-60-gp-elast\/","og_locale":"pt_PT","og_type":"article","og_title":"POLYDAN PLUS FM 180-60\/GP ELAST - Danosa | Solu\u00e7\u00f5es de constru\u00e7\u00e3o","og_description":"Membrana\u00a0impermeabilizante de betume modificado com elast\u00f3meros (SBS) com auto-protec\u00e7\u00e3o mineral.","og_url":"https:\/\/www.danosa.com\/pt-pt\/produto\/polydan-plus-fm-180-60-gp-elast\/","og_site_name":"Danosa | Solu\u00e7\u00f5es de constru\u00e7\u00e3o","article_modified_time":"2026-04-29T03:25:35+00:00","twitter_card":"summary_large_image","schema":{"@context":"https:\/\/schema.org","@graph":[{"@type":"WebSite","@id":"https:\/\/www.danosa.com\/pt-pt\/#website","url":"https:\/\/www.danosa.com\/pt-pt\/","name":"Danosa | Solu\u00e7\u00f5es de constru\u00e7\u00e3o","description":"Impermeabiliza\u00e7\u00e3o, isolamento ac\u00fastico e t\u00e9rmico","potentialAction":[{"@type":"SearchAction","target":{"@type":"EntryPoint","urlTemplate":"https:\/\/www.danosa.com\/pt-pt\/?s={search_term_string}"},"query-input":"required name=search_term_string"}],"inLanguage":"pt-PT"},{"@type":"WebPage","@id":"https:\/\/www.danosa.com\/pt-pt\/produto\/polydan-plus-fm-180-60-gp-elast\/#webpage","url":"https:\/\/www.danosa.com\/pt-pt\/produto\/polydan-plus-fm-180-60-gp-elast\/","name":"POLYDAN PLUS FM 180-60\/GP ELAST - Danosa | Solu\u00e7\u00f5es de constru\u00e7\u00e3o","isPartOf":{"@id":"https:\/\/www.danosa.com\/pt-pt\/#website"},"datePublished":"2026-04-29T03:25:33+00:00","dateModified":"2026-04-29T03:25:35+00:00","breadcrumb":{"@id":"https:\/\/www.danosa.com\/pt-pt\/produto\/polydan-plus-fm-180-60-gp-elast\/#breadcrumb"},"inLanguage":"pt-PT","potentialAction":[{"@type":"ReadAction","target":["https:\/\/www.danosa.com\/pt-pt\/produto\/polydan-plus-fm-180-60-gp-elast\/"]}]},{"@type":"BreadcrumbList","@id":"https:\/\/www.danosa.com\/pt-pt\/produto\/polydan-plus-fm-180-60-gp-elast\/#breadcrumb","itemListElement":[{"@type":"ListItem","position":1,"name":"Portada","item":"https:\/\/www.danosa.com\/pt-pt\/"},{"@type":"ListItem","position":2,"name":"POLYDAN PLUS FM 180-60\/GP ELAST"}]}]}},"_links":{"self":[{"href":"https:\/\/www.danosa.com\/pt-pt\/wp-json\/wp\/v2\/product\/9040"}],"collection":[{"href":"https:\/\/www.danosa.com\/pt-pt\/wp-json\/wp\/v2\/product"}],"about":[{"href":"https:\/\/www.danosa.com\/pt-pt\/wp-json\/wp\/v2\/types\/product"}],"wp:attachment":[{"href":"https:\/\/www.danosa.com\/pt-pt\/wp-json\/wp\/v2\/media?parent=9040"}],"wp:term":[{"taxonomy":"family","embeddable":true,"href":"https:\/\/www.danosa.com\/pt-pt\/wp-json\/wp\/v2\/family?post=9040"},{"taxonomy":"product_notice","embeddable":true,"href":"https:\/\/www.danosa.com\/pt-pt\/wp-json\/wp\/v2\/product_notice?post=9040"},{"taxonomy":"product_icon","embeddable":true,"href":"https:\/\/www.danosa.com\/pt-pt\/wp-json\/wp\/v2\/product_icon?post=9040"},{"taxonomy":"product_application","embeddable":true,"href":"https:\/\/www.danosa.com\/pt-pt\/wp-json\/wp\/v2\/product_application?post=9040"},{"taxonomy":"product_standards_certification","embeddable":true,"href":"https:\/\/www.danosa.com\/pt-pt\/wp-json\/wp\/v2\/product_standards_certification?post=9040"},{"taxonomy":"product_benefits","embeddable":true,"href":"https:\/\/www.danosa.com\/pt-pt\/wp-json\/wp\/v2\/product_benefits?post=9040"},{"taxonomy":"product_support","embeddable":true,"href":"https:\/\/www.danosa.com\/pt-pt\/wp-json\/wp\/v2\/product_support?post=9040"},{"taxonomy":"product_substrate_preparation","embeddable":true,"href":"https:\/\/www.danosa.com\/pt-pt\/wp-json\/wp\/v2\/product_substrate_preparation?post=9040"},{"taxonomy":"product_important_indications","embeddable":true,"href":"https:\/\/www.danosa.com\/pt-pt\/wp-json\/wp\/v2\/product_important_indications?post=9040"},{"taxonomy":"product_conservation","embeddable":true,"href":"https:\/\/www.danosa.com\/pt-pt\/wp-json\/wp\/v2\/product_conservation?post=9040"},{"taxonomy":"product_warning","embeddable":true,"href":"https:\/\/www.danosa.com\/pt-pt\/wp-json\/wp\/v2\/product_warning?post=9040"},{"taxonomy":"product_safety_hygiene","embeddable":true,"href":"https:\/\/www.danosa.com\/pt-pt\/wp-json\/wp\/v2\/product_safety_hygiene?post=9040"},{"taxonomy":"system_certification","embeddable":true,"href":"https:\/\/www.danosa.com\/pt-pt\/wp-json\/wp\/v2\/system_certification?post=9040"},{"taxonomy":"product_maintenance","embeddable":true,"href":"https:\/\/www.danosa.com\/pt-pt\/wp-json\/wp\/v2\/product_maintenance?post=9040"},{"taxonomy":"product_safety_datasheet","embeddable":true,"href":"https:\/\/www.danosa.com\/pt-pt\/wp-json\/wp\/v2\/product_safety_datasheet?post=9040"},{"taxonomy":"filter_special_uses","embeddable":true,"href":"https:\/\/www.danosa.com\/pt-pt\/wp-json\/wp\/v2\/filter_special_uses?post=9040"}],"curies":[{"name":"wp","href":"https:\/\/api.w.org\/{rel}","templated":true}]}}