{"id":9063,"date":"2026-04-17T04:25:41","date_gmt":"2026-04-17T03:25:41","guid":{"rendered":"https:\/\/www.danosa.com\/pt-pt\/produto\/perfil-metalico-danodren-3\/"},"modified":"2026-04-17T04:25:41","modified_gmt":"2026-04-17T03:25:41","slug":"perfil-metalico-danodren","status":"publish","type":"product","link":"https:\/\/www.danosa.com\/pt-pt\/produto\/perfil-metalico-danodren\/","title":{"rendered":"PERFIL METALICO DANODREN."},"content":{"rendered":"<p>S\u00e3o perfis de a\u00e7o galvanizado, utilizado como fecho da pel\u00edcula de drenagem em superf\u00edcies verticais, impedindo assim a liberta\u00e7\u00e3o do suporte de l\u00e2mina.Fixa\u00e7\u00e3o superf\u00edcie vertical o perfil de metal pode variar dependendo das caracter\u00edsticas do suporte.<\/p>\n","protected":false},"excerpt":{"rendered":"<p>Perfil de metal para fixar DANODREN\u00ae por sua parte superior.<\/p>\n","protected":false},"featured_media":0,"parent":0,"menu_order":0,"template":"","meta":{"inline_featured_image":false,"site-sidebar-layout":"default","site-content-layout":"default","ast-main-header-display":"","ast-hfb-above-header-display":"","ast-hfb-below-header-display":"","ast-hfb-mobile-header-display":"","site-post-title":"","ast-breadcrumbs-content":"","ast-featured-img":"","footer-sml-layout":"","theme-transparent-header-meta":"","adv-header-id-meta":"","stick-header-meta":"","header-above-stick-meta":"","header-main-stick-meta":"","header-below-stick-meta":""},"family":[6803],"product_notice":[120531],"product_icon":[],"product_application":[],"product_standards_certification":[],"product_benefits":[],"product_support":[],"product_substrate_preparation":[],"product_important_indications":[],"product_conservation":[],"product_warning":[],"product_safety_hygiene":[],"system_certification":[],"product_maintenance":[],"product_safety_datasheet":[],"filter_special_uses":[],"acf":[],"yoast_head":"<!-- This site is optimized with the Yoast SEO plugin v18.1 - https:\/\/yoast.com\/wordpress\/plugins\/seo\/ -->\n<title>Perfil met\u00e1lico para impermeabiliza\u00e7\u00e3o de acabamento de tecido asf\u00e1ltico<\/title>\n<meta name=\"description\" content=\"Perfil em chapa galvanizada utilizado como acabamento impermeabilizante para telas drenantes e mantas asf\u00e1lticas em paredes verticais.\" \/>\n<meta name=\"robots\" content=\"index, follow, max-snippet:-1, max-image-preview:large, max-video-preview:-1\" \/>\n<link rel=\"canonical\" href=\"https:\/\/www.danosa.com\/pt-pt\/produto\/perfil-metalico-danodren\/\" \/>\n<meta property=\"og:locale\" content=\"pt_PT\" \/>\n<meta property=\"og:type\" content=\"article\" \/>\n<meta property=\"og:title\" content=\"Perfil met\u00e1lico para impermeabiliza\u00e7\u00e3o de acabamento de tecido asf\u00e1ltico\" \/>\n<meta property=\"og:description\" content=\"Perfil em chapa galvanizada utilizado como acabamento impermeabilizante para telas drenantes e mantas asf\u00e1lticas em paredes verticais.\" \/>\n<meta property=\"og:url\" content=\"https:\/\/www.danosa.com\/pt-pt\/produto\/perfil-metalico-danodren\/\" \/>\n<meta property=\"og:site_name\" content=\"Danosa | Solu\u00e7\u00f5es de constru\u00e7\u00e3o\" \/>\n<meta name=\"twitter:card\" content=\"summary_large_image\" \/>\n<script type=\"application\/ld+json\" class=\"yoast-schema-graph\">{\"@context\":\"https:\/\/schema.org\",\"@graph\":[{\"@type\":\"WebSite\",\"@id\":\"https:\/\/www.danosa.com\/pt-pt\/#website\",\"url\":\"https:\/\/www.danosa.com\/pt-pt\/\",\"name\":\"Danosa | Solu\u00e7\u00f5es de constru\u00e7\u00e3o\",\"description\":\"Impermeabiliza\u00e7\u00e3o, isolamento ac\u00fastico e t\u00e9rmico\",\"potentialAction\":[{\"@type\":\"SearchAction\",\"target\":{\"@type\":\"EntryPoint\",\"urlTemplate\":\"https:\/\/www.danosa.com\/pt-pt\/?s={search_term_string}\"},\"query-input\":\"required name=search_term_string\"}],\"inLanguage\":\"pt-PT\"},{\"@type\":\"WebPage\",\"@id\":\"https:\/\/www.danosa.com\/pt-pt\/produto\/perfil-metalico-danodren\/#webpage\",\"url\":\"https:\/\/www.danosa.com\/pt-pt\/produto\/perfil-metalico-danodren\/\",\"name\":\"Perfil met\u00e1lico para impermeabiliza\u00e7\u00e3o de acabamento de tecido asf\u00e1ltico\",\"isPartOf\":{\"@id\":\"https:\/\/www.danosa.com\/pt-pt\/#website\"},\"datePublished\":\"2026-04-17T03:25:41+00:00\",\"dateModified\":\"2026-04-17T03:25:41+00:00\",\"description\":\"Perfil em chapa galvanizada utilizado como acabamento impermeabilizante para telas drenantes e mantas asf\u00e1lticas em paredes verticais.\",\"breadcrumb\":{\"@id\":\"https:\/\/www.danosa.com\/pt-pt\/produto\/perfil-metalico-danodren\/#breadcrumb\"},\"inLanguage\":\"pt-PT\",\"potentialAction\":[{\"@type\":\"ReadAction\",\"target\":[\"https:\/\/www.danosa.com\/pt-pt\/produto\/perfil-metalico-danodren\/\"]}]},{\"@type\":\"BreadcrumbList\",\"@id\":\"https:\/\/www.danosa.com\/pt-pt\/produto\/perfil-metalico-danodren\/#breadcrumb\",\"itemListElement\":[{\"@type\":\"ListItem\",\"position\":1,\"name\":\"Portada\",\"item\":\"https:\/\/www.danosa.com\/pt-pt\/\"},{\"@type\":\"ListItem\",\"position\":2,\"name\":\"PERFIL METALICO DANODREN.\"}]}]}<\/script>\n<!-- \/ Yoast SEO plugin. -->","yoast_head_json":{"title":"Perfil met\u00e1lico para impermeabiliza\u00e7\u00e3o de acabamento de tecido asf\u00e1ltico","description":"Perfil em chapa galvanizada utilizado como acabamento impermeabilizante para telas drenantes e mantas asf\u00e1lticas em paredes verticais.","robots":{"index":"index","follow":"follow","max-snippet":"max-snippet:-1","max-image-preview":"max-image-preview:large","max-video-preview":"max-video-preview:-1"},"canonical":"https:\/\/www.danosa.com\/pt-pt\/produto\/perfil-metalico-danodren\/","og_locale":"pt_PT","og_type":"article","og_title":"Perfil met\u00e1lico para impermeabiliza\u00e7\u00e3o de acabamento de tecido asf\u00e1ltico","og_description":"Perfil em chapa galvanizada utilizado como acabamento impermeabilizante para telas drenantes e mantas asf\u00e1lticas em paredes verticais.","og_url":"https:\/\/www.danosa.com\/pt-pt\/produto\/perfil-metalico-danodren\/","og_site_name":"Danosa | Solu\u00e7\u00f5es de constru\u00e7\u00e3o","twitter_card":"summary_large_image","schema":{"@context":"https:\/\/schema.org","@graph":[{"@type":"WebSite","@id":"https:\/\/www.danosa.com\/pt-pt\/#website","url":"https:\/\/www.danosa.com\/pt-pt\/","name":"Danosa | Solu\u00e7\u00f5es de constru\u00e7\u00e3o","description":"Impermeabiliza\u00e7\u00e3o, isolamento ac\u00fastico e t\u00e9rmico","potentialAction":[{"@type":"SearchAction","target":{"@type":"EntryPoint","urlTemplate":"https:\/\/www.danosa.com\/pt-pt\/?s={search_term_string}"},"query-input":"required name=search_term_string"}],"inLanguage":"pt-PT"},{"@type":"WebPage","@id":"https:\/\/www.danosa.com\/pt-pt\/produto\/perfil-metalico-danodren\/#webpage","url":"https:\/\/www.danosa.com\/pt-pt\/produto\/perfil-metalico-danodren\/","name":"Perfil met\u00e1lico para impermeabiliza\u00e7\u00e3o de acabamento de tecido asf\u00e1ltico","isPartOf":{"@id":"https:\/\/www.danosa.com\/pt-pt\/#website"},"datePublished":"2026-04-17T03:25:41+00:00","dateModified":"2026-04-17T03:25:41+00:00","description":"Perfil em chapa galvanizada utilizado como acabamento impermeabilizante para telas drenantes e mantas asf\u00e1lticas em paredes verticais.","breadcrumb":{"@id":"https:\/\/www.danosa.com\/pt-pt\/produto\/perfil-metalico-danodren\/#breadcrumb"},"inLanguage":"pt-PT","potentialAction":[{"@type":"ReadAction","target":["https:\/\/www.danosa.com\/pt-pt\/produto\/perfil-metalico-danodren\/"]}]},{"@type":"BreadcrumbList","@id":"https:\/\/www.danosa.com\/pt-pt\/produto\/perfil-metalico-danodren\/#breadcrumb","itemListElement":[{"@type":"ListItem","position":1,"name":"Portada","item":"https:\/\/www.danosa.com\/pt-pt\/"},{"@type":"ListItem","position":2,"name":"PERFIL METALICO DANODREN."}]}]}},"_links":{"self":[{"href":"https:\/\/www.danosa.com\/pt-pt\/wp-json\/wp\/v2\/product\/9063"}],"collection":[{"href":"https:\/\/www.danosa.com\/pt-pt\/wp-json\/wp\/v2\/product"}],"about":[{"href":"https:\/\/www.danosa.com\/pt-pt\/wp-json\/wp\/v2\/types\/product"}],"wp:attachment":[{"href":"https:\/\/www.danosa.com\/pt-pt\/wp-json\/wp\/v2\/media?parent=9063"}],"wp:term":[{"taxonomy":"family","embeddable":true,"href":"https:\/\/www.danosa.com\/pt-pt\/wp-json\/wp\/v2\/family?post=9063"},{"taxonomy":"product_notice","embeddable":true,"href":"https:\/\/www.danosa.com\/pt-pt\/wp-json\/wp\/v2\/product_notice?post=9063"},{"taxonomy":"product_icon","embeddable":true,"href":"https:\/\/www.danosa.com\/pt-pt\/wp-json\/wp\/v2\/product_icon?post=9063"},{"taxonomy":"product_application","embeddable":true,"href":"https:\/\/www.danosa.com\/pt-pt\/wp-json\/wp\/v2\/product_application?post=9063"},{"taxonomy":"product_standards_certification","embeddable":true,"href":"https:\/\/www.danosa.com\/pt-pt\/wp-json\/wp\/v2\/product_standards_certification?post=9063"},{"taxonomy":"product_benefits","embeddable":true,"href":"https:\/\/www.danosa.com\/pt-pt\/wp-json\/wp\/v2\/product_benefits?post=9063"},{"taxonomy":"product_support","embeddable":true,"href":"https:\/\/www.danosa.com\/pt-pt\/wp-json\/wp\/v2\/product_support?post=9063"},{"taxonomy":"product_substrate_preparation","embeddable":true,"href":"https:\/\/www.danosa.com\/pt-pt\/wp-json\/wp\/v2\/product_substrate_preparation?post=9063"},{"taxonomy":"product_important_indications","embeddable":true,"href":"https:\/\/www.danosa.com\/pt-pt\/wp-json\/wp\/v2\/product_important_indications?post=9063"},{"taxonomy":"product_conservation","embeddable":true,"href":"https:\/\/www.danosa.com\/pt-pt\/wp-json\/wp\/v2\/product_conservation?post=9063"},{"taxonomy":"product_warning","embeddable":true,"href":"https:\/\/www.danosa.com\/pt-pt\/wp-json\/wp\/v2\/product_warning?post=9063"},{"taxonomy":"product_safety_hygiene","embeddable":true,"href":"https:\/\/www.danosa.com\/pt-pt\/wp-json\/wp\/v2\/product_safety_hygiene?post=9063"},{"taxonomy":"system_certification","embeddable":true,"href":"https:\/\/www.danosa.com\/pt-pt\/wp-json\/wp\/v2\/system_certification?post=9063"},{"taxonomy":"product_maintenance","embeddable":true,"href":"https:\/\/www.danosa.com\/pt-pt\/wp-json\/wp\/v2\/product_maintenance?post=9063"},{"taxonomy":"product_safety_datasheet","embeddable":true,"href":"https:\/\/www.danosa.com\/pt-pt\/wp-json\/wp\/v2\/product_safety_datasheet?post=9063"},{"taxonomy":"filter_special_uses","embeddable":true,"href":"https:\/\/www.danosa.com\/pt-pt\/wp-json\/wp\/v2\/filter_special_uses?post=9063"}],"curies":[{"name":"wp","href":"https:\/\/api.w.org\/{rel}","templated":true}]}}