{"id":9122,"date":"2026-04-16T16:25:46","date_gmt":"2026-04-16T15:25:46","guid":{"rendered":"https:\/\/www.danosa.com\/pt-pt\/produto\/self-dan\/"},"modified":"2026-04-16T16:25:48","modified_gmt":"2026-04-16T15:25:48","slug":"self-dan","status":"publish","type":"product","link":"https:\/\/www.danosa.com\/pt-pt\/produto\/self-dan\/","title":{"rendered":"SELF-DAN"},"content":{"rendered":"<p>A Fita auto-adesiva SELF-DAN 10 cm\u00a0\u00e9 uma\u00a0fita impermeabilizante betuminosa com uma largura de 10 cm\u00a0com auto-protec\u00e7\u00e3o met\u00e1lica de 1.2 kg\/m\u00b2.\u00a0\u00c9 composta por um m\u00e1stico de betume modificado com elast\u00f3meros (SBS), usando como material de protec\u00e7\u00e3o\u00a0na face\u00a0externa da\u00a0membrana uma folha de alum\u00ednio de 60 m\u00edcron de cor natural. Como material anti-aderente\u00a0na face\u00a0interna,\u00a0usa-se um filme pl\u00e1stico.Utiliza-se para a repara\u00e7\u00e3o de pequenas fugas, em carpintaria, chamin\u00e9s, etc.<\/p>\n","protected":false},"excerpt":{"rendered":"<p>Fita auto-adesiva de 10 cm com uma largura de betume modificado com elast\u00f3meros (SBS).<\/p>\n","protected":false},"featured_media":0,"parent":0,"menu_order":0,"template":"","meta":{"inline_featured_image":false,"site-sidebar-layout":"default","site-content-layout":"default","ast-main-header-display":"","ast-hfb-above-header-display":"","ast-hfb-below-header-display":"","ast-hfb-mobile-header-display":"","site-post-title":"","ast-breadcrumbs-content":"","ast-featured-img":"","footer-sml-layout":"","theme-transparent-header-meta":"","adv-header-id-meta":"","stick-header-meta":"","header-above-stick-meta":"","header-main-stick-meta":"","header-below-stick-meta":""},"family":[6786],"product_notice":[120531],"product_icon":[],"product_application":[119133,119156,119248,119445,119447,119451,119452,119453,119454,119458],"product_standards_certification":[],"product_benefits":[118710,118721,118730,118741,118842,118905],"product_support":[],"product_substrate_preparation":[],"product_important_indications":[119618,119648,119650,119760,119785,119801,119804,119830,119885],"product_conservation":[],"product_warning":[120091,120095,120098,120099,120107,120137,120140,120163,120175],"product_safety_hygiene":[],"system_certification":[6848],"product_maintenance":[],"product_safety_datasheet":[4867],"filter_special_uses":[],"acf":[],"yoast_head":"<!-- This site is optimized with the Yoast SEO plugin v18.1 - https:\/\/yoast.com\/wordpress\/plugins\/seo\/ -->\n<title>Banda impermeabilizante autoadesiva betuminosa | AUTO-DAN | Danosa<\/title>\n<meta name=\"description\" content=\"Banda impermeabilizante betuminosa autoadesiva SELF-DAN com autoprote\u00e7\u00e3o met\u00e1lica para veda\u00e7\u00e3o de chamin\u00e9s, tubula\u00e7\u00f5es, clarab\u00f3ias ou fissuras.\" \/>\n<meta name=\"robots\" content=\"index, follow, max-snippet:-1, max-image-preview:large, max-video-preview:-1\" \/>\n<link rel=\"canonical\" href=\"https:\/\/www.danosa.com\/pt-pt\/produto\/self-dan\/\" \/>\n<meta property=\"og:locale\" content=\"pt_PT\" \/>\n<meta property=\"og:type\" content=\"article\" \/>\n<meta property=\"og:title\" content=\"Banda impermeabilizante autoadesiva betuminosa | AUTO-DAN | Danosa\" \/>\n<meta property=\"og:description\" content=\"Banda impermeabilizante betuminosa autoadesiva SELF-DAN com autoprote\u00e7\u00e3o met\u00e1lica para veda\u00e7\u00e3o de chamin\u00e9s, tubula\u00e7\u00f5es, clarab\u00f3ias ou fissuras.\" \/>\n<meta property=\"og:url\" content=\"https:\/\/www.danosa.com\/pt-pt\/produto\/self-dan\/\" \/>\n<meta property=\"og:site_name\" content=\"Danosa | Solu\u00e7\u00f5es de constru\u00e7\u00e3o\" \/>\n<meta property=\"article:modified_time\" content=\"2026-04-16T15:25:48+00:00\" \/>\n<meta name=\"twitter:card\" content=\"summary_large_image\" \/>\n<script type=\"application\/ld+json\" class=\"yoast-schema-graph\">{\"@context\":\"https:\/\/schema.org\",\"@graph\":[{\"@type\":\"WebSite\",\"@id\":\"https:\/\/www.danosa.com\/pt-pt\/#website\",\"url\":\"https:\/\/www.danosa.com\/pt-pt\/\",\"name\":\"Danosa | Solu\u00e7\u00f5es de constru\u00e7\u00e3o\",\"description\":\"Impermeabiliza\u00e7\u00e3o, isolamento ac\u00fastico e t\u00e9rmico\",\"potentialAction\":[{\"@type\":\"SearchAction\",\"target\":{\"@type\":\"EntryPoint\",\"urlTemplate\":\"https:\/\/www.danosa.com\/pt-pt\/?s={search_term_string}\"},\"query-input\":\"required name=search_term_string\"}],\"inLanguage\":\"pt-PT\"},{\"@type\":\"WebPage\",\"@id\":\"https:\/\/www.danosa.com\/pt-pt\/produto\/self-dan\/#webpage\",\"url\":\"https:\/\/www.danosa.com\/pt-pt\/produto\/self-dan\/\",\"name\":\"Banda impermeabilizante autoadesiva betuminosa | AUTO-DAN | Danosa\",\"isPartOf\":{\"@id\":\"https:\/\/www.danosa.com\/pt-pt\/#website\"},\"datePublished\":\"2026-04-16T15:25:46+00:00\",\"dateModified\":\"2026-04-16T15:25:48+00:00\",\"description\":\"Banda impermeabilizante betuminosa autoadesiva SELF-DAN com autoprote\u00e7\u00e3o met\u00e1lica para veda\u00e7\u00e3o de chamin\u00e9s, tubula\u00e7\u00f5es, clarab\u00f3ias ou fissuras.\",\"breadcrumb\":{\"@id\":\"https:\/\/www.danosa.com\/pt-pt\/produto\/self-dan\/#breadcrumb\"},\"inLanguage\":\"pt-PT\",\"potentialAction\":[{\"@type\":\"ReadAction\",\"target\":[\"https:\/\/www.danosa.com\/pt-pt\/produto\/self-dan\/\"]}]},{\"@type\":\"BreadcrumbList\",\"@id\":\"https:\/\/www.danosa.com\/pt-pt\/produto\/self-dan\/#breadcrumb\",\"itemListElement\":[{\"@type\":\"ListItem\",\"position\":1,\"name\":\"Portada\",\"item\":\"https:\/\/www.danosa.com\/pt-pt\/\"},{\"@type\":\"ListItem\",\"position\":2,\"name\":\"SELF-DAN\"}]}]}<\/script>\n<!-- \/ Yoast SEO plugin. -->","yoast_head_json":{"title":"Banda impermeabilizante autoadesiva betuminosa | AUTO-DAN | Danosa","description":"Banda impermeabilizante betuminosa autoadesiva SELF-DAN com autoprote\u00e7\u00e3o met\u00e1lica para veda\u00e7\u00e3o de chamin\u00e9s, tubula\u00e7\u00f5es, clarab\u00f3ias ou fissuras.","robots":{"index":"index","follow":"follow","max-snippet":"max-snippet:-1","max-image-preview":"max-image-preview:large","max-video-preview":"max-video-preview:-1"},"canonical":"https:\/\/www.danosa.com\/pt-pt\/produto\/self-dan\/","og_locale":"pt_PT","og_type":"article","og_title":"Banda impermeabilizante autoadesiva betuminosa | AUTO-DAN | Danosa","og_description":"Banda impermeabilizante betuminosa autoadesiva SELF-DAN com autoprote\u00e7\u00e3o met\u00e1lica para veda\u00e7\u00e3o de chamin\u00e9s, tubula\u00e7\u00f5es, clarab\u00f3ias ou fissuras.","og_url":"https:\/\/www.danosa.com\/pt-pt\/produto\/self-dan\/","og_site_name":"Danosa | Solu\u00e7\u00f5es de constru\u00e7\u00e3o","article_modified_time":"2026-04-16T15:25:48+00:00","twitter_card":"summary_large_image","schema":{"@context":"https:\/\/schema.org","@graph":[{"@type":"WebSite","@id":"https:\/\/www.danosa.com\/pt-pt\/#website","url":"https:\/\/www.danosa.com\/pt-pt\/","name":"Danosa | Solu\u00e7\u00f5es de constru\u00e7\u00e3o","description":"Impermeabiliza\u00e7\u00e3o, isolamento ac\u00fastico e t\u00e9rmico","potentialAction":[{"@type":"SearchAction","target":{"@type":"EntryPoint","urlTemplate":"https:\/\/www.danosa.com\/pt-pt\/?s={search_term_string}"},"query-input":"required name=search_term_string"}],"inLanguage":"pt-PT"},{"@type":"WebPage","@id":"https:\/\/www.danosa.com\/pt-pt\/produto\/self-dan\/#webpage","url":"https:\/\/www.danosa.com\/pt-pt\/produto\/self-dan\/","name":"Banda impermeabilizante autoadesiva betuminosa | AUTO-DAN | Danosa","isPartOf":{"@id":"https:\/\/www.danosa.com\/pt-pt\/#website"},"datePublished":"2026-04-16T15:25:46+00:00","dateModified":"2026-04-16T15:25:48+00:00","description":"Banda impermeabilizante betuminosa autoadesiva SELF-DAN com autoprote\u00e7\u00e3o met\u00e1lica para veda\u00e7\u00e3o de chamin\u00e9s, tubula\u00e7\u00f5es, clarab\u00f3ias ou fissuras.","breadcrumb":{"@id":"https:\/\/www.danosa.com\/pt-pt\/produto\/self-dan\/#breadcrumb"},"inLanguage":"pt-PT","potentialAction":[{"@type":"ReadAction","target":["https:\/\/www.danosa.com\/pt-pt\/produto\/self-dan\/"]}]},{"@type":"BreadcrumbList","@id":"https:\/\/www.danosa.com\/pt-pt\/produto\/self-dan\/#breadcrumb","itemListElement":[{"@type":"ListItem","position":1,"name":"Portada","item":"https:\/\/www.danosa.com\/pt-pt\/"},{"@type":"ListItem","position":2,"name":"SELF-DAN"}]}]}},"_links":{"self":[{"href":"https:\/\/www.danosa.com\/pt-pt\/wp-json\/wp\/v2\/product\/9122"}],"collection":[{"href":"https:\/\/www.danosa.com\/pt-pt\/wp-json\/wp\/v2\/product"}],"about":[{"href":"https:\/\/www.danosa.com\/pt-pt\/wp-json\/wp\/v2\/types\/product"}],"wp:attachment":[{"href":"https:\/\/www.danosa.com\/pt-pt\/wp-json\/wp\/v2\/media?parent=9122"}],"wp:term":[{"taxonomy":"family","embeddable":true,"href":"https:\/\/www.danosa.com\/pt-pt\/wp-json\/wp\/v2\/family?post=9122"},{"taxonomy":"product_notice","embeddable":true,"href":"https:\/\/www.danosa.com\/pt-pt\/wp-json\/wp\/v2\/product_notice?post=9122"},{"taxonomy":"product_icon","embeddable":true,"href":"https:\/\/www.danosa.com\/pt-pt\/wp-json\/wp\/v2\/product_icon?post=9122"},{"taxonomy":"product_application","embeddable":true,"href":"https:\/\/www.danosa.com\/pt-pt\/wp-json\/wp\/v2\/product_application?post=9122"},{"taxonomy":"product_standards_certification","embeddable":true,"href":"https:\/\/www.danosa.com\/pt-pt\/wp-json\/wp\/v2\/product_standards_certification?post=9122"},{"taxonomy":"product_benefits","embeddable":true,"href":"https:\/\/www.danosa.com\/pt-pt\/wp-json\/wp\/v2\/product_benefits?post=9122"},{"taxonomy":"product_support","embeddable":true,"href":"https:\/\/www.danosa.com\/pt-pt\/wp-json\/wp\/v2\/product_support?post=9122"},{"taxonomy":"product_substrate_preparation","embeddable":true,"href":"https:\/\/www.danosa.com\/pt-pt\/wp-json\/wp\/v2\/product_substrate_preparation?post=9122"},{"taxonomy":"product_important_indications","embeddable":true,"href":"https:\/\/www.danosa.com\/pt-pt\/wp-json\/wp\/v2\/product_important_indications?post=9122"},{"taxonomy":"product_conservation","embeddable":true,"href":"https:\/\/www.danosa.com\/pt-pt\/wp-json\/wp\/v2\/product_conservation?post=9122"},{"taxonomy":"product_warning","embeddable":true,"href":"https:\/\/www.danosa.com\/pt-pt\/wp-json\/wp\/v2\/product_warning?post=9122"},{"taxonomy":"product_safety_hygiene","embeddable":true,"href":"https:\/\/www.danosa.com\/pt-pt\/wp-json\/wp\/v2\/product_safety_hygiene?post=9122"},{"taxonomy":"system_certification","embeddable":true,"href":"https:\/\/www.danosa.com\/pt-pt\/wp-json\/wp\/v2\/system_certification?post=9122"},{"taxonomy":"product_maintenance","embeddable":true,"href":"https:\/\/www.danosa.com\/pt-pt\/wp-json\/wp\/v2\/product_maintenance?post=9122"},{"taxonomy":"product_safety_datasheet","embeddable":true,"href":"https:\/\/www.danosa.com\/pt-pt\/wp-json\/wp\/v2\/product_safety_datasheet?post=9122"},{"taxonomy":"filter_special_uses","embeddable":true,"href":"https:\/\/www.danosa.com\/pt-pt\/wp-json\/wp\/v2\/filter_special_uses?post=9122"}],"curies":[{"name":"wp","href":"https:\/\/api.w.org\/{rel}","templated":true}]}}