{"id":9124,"date":"2026-04-09T04:25:46","date_gmt":"2026-04-09T03:25:46","guid":{"rendered":"https:\/\/www.danosa.com\/pt-pt\/produto\/sonodan-plus-autoadhesivo-2\/"},"modified":"2026-04-09T04:25:50","modified_gmt":"2026-04-09T03:25:50","slug":"sonodan-plus-autoadhesivo","status":"publish","type":"product","link":"https:\/\/www.danosa.com\/pt-pt\/produto\/sonodan-plus-autoadhesivo\/","title":{"rendered":"SONODAN PLUS AUTOADHESIVO."},"content":{"rendered":"<p>SONODAN PLUS Autoadhesivo \u00e9 um produto multi-camada que se divide em dois partes diferenciadas. Esta divis\u00e3o permite que uma das partes seja colocada de modo a matar a junta, reduzindo ao m\u00ednimo o risco de falta de estanquicidade:<br \/>\nprimeira camada formada por um polietileno reticular e uma membrana bituminosa de alta densidade<br \/>\nsegunda camada constituida por uma membrana bituminosa de alta densidade e um pain\u00e9l absorvente de l\u00e3 de rocha<br \/>\nProporciona um grande rendimento ac\u00fastico, pelo que se recomenda a sua utiliza\u00e7\u00e3o em locais onde se preveja um nivel de intensidade ac\u00fastica muito elevado, como salas de m\u00e1quinas, discotecas, audit\u00f3rios, etc. Apresenta-se em placas.<\/p>\n","protected":false},"excerpt":{"rendered":"<p>Painel multi-camada para isolamento de locais com grandes exig\u00eancias ac\u00fasticas.<\/p>\n","protected":false},"featured_media":0,"parent":0,"menu_order":0,"template":"","meta":{"inline_featured_image":false,"site-sidebar-layout":"default","site-content-layout":"default","ast-main-header-display":"","ast-hfb-above-header-display":"","ast-hfb-below-header-display":"","ast-hfb-mobile-header-display":"","site-post-title":"","ast-breadcrumbs-content":"","ast-featured-img":"","footer-sml-layout":"","theme-transparent-header-meta":"","adv-header-id-meta":"","stick-header-meta":"","header-above-stick-meta":"","header-main-stick-meta":"","header-below-stick-meta":""},"family":[6829],"product_notice":[120531],"product_icon":[],"product_application":[119087,119089,119404],"product_standards_certification":[120819,120831,120842],"product_benefits":[118476,118490,118491,118503,118551,118760,118774,118856,118858,118861],"product_support":[],"product_substrate_preparation":[],"product_important_indications":[119646,119661,119699,119715,119720,119732,119736,119738,119790,119812,119822,119827],"product_conservation":[119896,119909,119923,119943,119953,119971,120018,120052,120088,120090],"product_warning":[],"product_safety_hygiene":[],"system_certification":[6753],"product_maintenance":[],"product_safety_datasheet":[],"filter_special_uses":[],"acf":[],"yoast_head":"<!-- This site is optimized with the Yoast SEO plugin v18.1 - https:\/\/yoast.com\/wordpress\/plugins\/seo\/ -->\n<title>Isolamento ac\u00fastico adesivo flex\u00edvel para paredes | SONODAN PLUS<\/title>\n<meta name=\"description\" content=\"Painel multicamada para isolamento ac\u00fastico de paredes, caves de estabelecimentos comerciais e locais de m\u00fasica. Autoadesivo. Flex\u00edvel. Pouca espessura\" \/>\n<meta name=\"robots\" content=\"index, follow, max-snippet:-1, max-image-preview:large, max-video-preview:-1\" \/>\n<link rel=\"canonical\" href=\"https:\/\/www.danosa.com\/pt-pt\/produto\/sonodan-plus-autoadhesivo\/\" \/>\n<meta property=\"og:locale\" content=\"pt_PT\" \/>\n<meta property=\"og:type\" content=\"article\" \/>\n<meta property=\"og:title\" content=\"Isolamento ac\u00fastico adesivo flex\u00edvel para paredes | SONODAN PLUS\" \/>\n<meta property=\"og:description\" content=\"Painel multicamada para isolamento ac\u00fastico de paredes, caves de estabelecimentos comerciais e locais de m\u00fasica. Autoadesivo. Flex\u00edvel. Pouca espessura\" \/>\n<meta property=\"og:url\" content=\"https:\/\/www.danosa.com\/pt-pt\/produto\/sonodan-plus-autoadhesivo\/\" \/>\n<meta property=\"og:site_name\" content=\"Danosa | Solu\u00e7\u00f5es de constru\u00e7\u00e3o\" \/>\n<meta property=\"article:modified_time\" content=\"2026-04-09T03:25:50+00:00\" \/>\n<meta name=\"twitter:card\" content=\"summary_large_image\" \/>\n<meta name=\"twitter:label1\" content=\"Tempo estimado de leitura\" \/>\n\t<meta name=\"twitter:data1\" content=\"1 minuto\" \/>\n<script type=\"application\/ld+json\" class=\"yoast-schema-graph\">{\"@context\":\"https:\/\/schema.org\",\"@graph\":[{\"@type\":\"WebSite\",\"@id\":\"https:\/\/www.danosa.com\/pt-pt\/#website\",\"url\":\"https:\/\/www.danosa.com\/pt-pt\/\",\"name\":\"Danosa | Solu\u00e7\u00f5es de constru\u00e7\u00e3o\",\"description\":\"Impermeabiliza\u00e7\u00e3o, isolamento ac\u00fastico e t\u00e9rmico\",\"potentialAction\":[{\"@type\":\"SearchAction\",\"target\":{\"@type\":\"EntryPoint\",\"urlTemplate\":\"https:\/\/www.danosa.com\/pt-pt\/?s={search_term_string}\"},\"query-input\":\"required name=search_term_string\"}],\"inLanguage\":\"pt-PT\"},{\"@type\":\"WebPage\",\"@id\":\"https:\/\/www.danosa.com\/pt-pt\/produto\/sonodan-plus-autoadhesivo\/#webpage\",\"url\":\"https:\/\/www.danosa.com\/pt-pt\/produto\/sonodan-plus-autoadhesivo\/\",\"name\":\"Isolamento ac\u00fastico adesivo flex\u00edvel para paredes | SONODAN PLUS\",\"isPartOf\":{\"@id\":\"https:\/\/www.danosa.com\/pt-pt\/#website\"},\"datePublished\":\"2026-04-09T03:25:46+00:00\",\"dateModified\":\"2026-04-09T03:25:50+00:00\",\"description\":\"Painel multicamada para isolamento ac\u00fastico de paredes, caves de estabelecimentos comerciais e locais de m\u00fasica. Autoadesivo. Flex\u00edvel. Pouca espessura\",\"breadcrumb\":{\"@id\":\"https:\/\/www.danosa.com\/pt-pt\/produto\/sonodan-plus-autoadhesivo\/#breadcrumb\"},\"inLanguage\":\"pt-PT\",\"potentialAction\":[{\"@type\":\"ReadAction\",\"target\":[\"https:\/\/www.danosa.com\/pt-pt\/produto\/sonodan-plus-autoadhesivo\/\"]}]},{\"@type\":\"BreadcrumbList\",\"@id\":\"https:\/\/www.danosa.com\/pt-pt\/produto\/sonodan-plus-autoadhesivo\/#breadcrumb\",\"itemListElement\":[{\"@type\":\"ListItem\",\"position\":1,\"name\":\"Portada\",\"item\":\"https:\/\/www.danosa.com\/pt-pt\/\"},{\"@type\":\"ListItem\",\"position\":2,\"name\":\"SONODAN PLUS AUTOADHESIVO.\"}]}]}<\/script>\n<!-- \/ Yoast SEO plugin. -->","yoast_head_json":{"title":"Isolamento ac\u00fastico adesivo flex\u00edvel para paredes | SONODAN PLUS","description":"Painel multicamada para isolamento ac\u00fastico de paredes, caves de estabelecimentos comerciais e locais de m\u00fasica. Autoadesivo. Flex\u00edvel. Pouca espessura","robots":{"index":"index","follow":"follow","max-snippet":"max-snippet:-1","max-image-preview":"max-image-preview:large","max-video-preview":"max-video-preview:-1"},"canonical":"https:\/\/www.danosa.com\/pt-pt\/produto\/sonodan-plus-autoadhesivo\/","og_locale":"pt_PT","og_type":"article","og_title":"Isolamento ac\u00fastico adesivo flex\u00edvel para paredes | SONODAN PLUS","og_description":"Painel multicamada para isolamento ac\u00fastico de paredes, caves de estabelecimentos comerciais e locais de m\u00fasica. Autoadesivo. Flex\u00edvel. Pouca espessura","og_url":"https:\/\/www.danosa.com\/pt-pt\/produto\/sonodan-plus-autoadhesivo\/","og_site_name":"Danosa | Solu\u00e7\u00f5es de constru\u00e7\u00e3o","article_modified_time":"2026-04-09T03:25:50+00:00","twitter_card":"summary_large_image","twitter_misc":{"Tempo estimado de leitura":"1 minuto"},"schema":{"@context":"https:\/\/schema.org","@graph":[{"@type":"WebSite","@id":"https:\/\/www.danosa.com\/pt-pt\/#website","url":"https:\/\/www.danosa.com\/pt-pt\/","name":"Danosa | Solu\u00e7\u00f5es de constru\u00e7\u00e3o","description":"Impermeabiliza\u00e7\u00e3o, isolamento ac\u00fastico e t\u00e9rmico","potentialAction":[{"@type":"SearchAction","target":{"@type":"EntryPoint","urlTemplate":"https:\/\/www.danosa.com\/pt-pt\/?s={search_term_string}"},"query-input":"required name=search_term_string"}],"inLanguage":"pt-PT"},{"@type":"WebPage","@id":"https:\/\/www.danosa.com\/pt-pt\/produto\/sonodan-plus-autoadhesivo\/#webpage","url":"https:\/\/www.danosa.com\/pt-pt\/produto\/sonodan-plus-autoadhesivo\/","name":"Isolamento ac\u00fastico adesivo flex\u00edvel para paredes | SONODAN PLUS","isPartOf":{"@id":"https:\/\/www.danosa.com\/pt-pt\/#website"},"datePublished":"2026-04-09T03:25:46+00:00","dateModified":"2026-04-09T03:25:50+00:00","description":"Painel multicamada para isolamento ac\u00fastico de paredes, caves de estabelecimentos comerciais e locais de m\u00fasica. Autoadesivo. Flex\u00edvel. Pouca espessura","breadcrumb":{"@id":"https:\/\/www.danosa.com\/pt-pt\/produto\/sonodan-plus-autoadhesivo\/#breadcrumb"},"inLanguage":"pt-PT","potentialAction":[{"@type":"ReadAction","target":["https:\/\/www.danosa.com\/pt-pt\/produto\/sonodan-plus-autoadhesivo\/"]}]},{"@type":"BreadcrumbList","@id":"https:\/\/www.danosa.com\/pt-pt\/produto\/sonodan-plus-autoadhesivo\/#breadcrumb","itemListElement":[{"@type":"ListItem","position":1,"name":"Portada","item":"https:\/\/www.danosa.com\/pt-pt\/"},{"@type":"ListItem","position":2,"name":"SONODAN PLUS AUTOADHESIVO."}]}]}},"_links":{"self":[{"href":"https:\/\/www.danosa.com\/pt-pt\/wp-json\/wp\/v2\/product\/9124"}],"collection":[{"href":"https:\/\/www.danosa.com\/pt-pt\/wp-json\/wp\/v2\/product"}],"about":[{"href":"https:\/\/www.danosa.com\/pt-pt\/wp-json\/wp\/v2\/types\/product"}],"wp:attachment":[{"href":"https:\/\/www.danosa.com\/pt-pt\/wp-json\/wp\/v2\/media?parent=9124"}],"wp:term":[{"taxonomy":"family","embeddable":true,"href":"https:\/\/www.danosa.com\/pt-pt\/wp-json\/wp\/v2\/family?post=9124"},{"taxonomy":"product_notice","embeddable":true,"href":"https:\/\/www.danosa.com\/pt-pt\/wp-json\/wp\/v2\/product_notice?post=9124"},{"taxonomy":"product_icon","embeddable":true,"href":"https:\/\/www.danosa.com\/pt-pt\/wp-json\/wp\/v2\/product_icon?post=9124"},{"taxonomy":"product_application","embeddable":true,"href":"https:\/\/www.danosa.com\/pt-pt\/wp-json\/wp\/v2\/product_application?post=9124"},{"taxonomy":"product_standards_certification","embeddable":true,"href":"https:\/\/www.danosa.com\/pt-pt\/wp-json\/wp\/v2\/product_standards_certification?post=9124"},{"taxonomy":"product_benefits","embeddable":true,"href":"https:\/\/www.danosa.com\/pt-pt\/wp-json\/wp\/v2\/product_benefits?post=9124"},{"taxonomy":"product_support","embeddable":true,"href":"https:\/\/www.danosa.com\/pt-pt\/wp-json\/wp\/v2\/product_support?post=9124"},{"taxonomy":"product_substrate_preparation","embeddable":true,"href":"https:\/\/www.danosa.com\/pt-pt\/wp-json\/wp\/v2\/product_substrate_preparation?post=9124"},{"taxonomy":"product_important_indications","embeddable":true,"href":"https:\/\/www.danosa.com\/pt-pt\/wp-json\/wp\/v2\/product_important_indications?post=9124"},{"taxonomy":"product_conservation","embeddable":true,"href":"https:\/\/www.danosa.com\/pt-pt\/wp-json\/wp\/v2\/product_conservation?post=9124"},{"taxonomy":"product_warning","embeddable":true,"href":"https:\/\/www.danosa.com\/pt-pt\/wp-json\/wp\/v2\/product_warning?post=9124"},{"taxonomy":"product_safety_hygiene","embeddable":true,"href":"https:\/\/www.danosa.com\/pt-pt\/wp-json\/wp\/v2\/product_safety_hygiene?post=9124"},{"taxonomy":"system_certification","embeddable":true,"href":"https:\/\/www.danosa.com\/pt-pt\/wp-json\/wp\/v2\/system_certification?post=9124"},{"taxonomy":"product_maintenance","embeddable":true,"href":"https:\/\/www.danosa.com\/pt-pt\/wp-json\/wp\/v2\/product_maintenance?post=9124"},{"taxonomy":"product_safety_datasheet","embeddable":true,"href":"https:\/\/www.danosa.com\/pt-pt\/wp-json\/wp\/v2\/product_safety_datasheet?post=9124"},{"taxonomy":"filter_special_uses","embeddable":true,"href":"https:\/\/www.danosa.com\/pt-pt\/wp-json\/wp\/v2\/filter_special_uses?post=9124"}],"curies":[{"name":"wp","href":"https:\/\/api.w.org\/{rel}","templated":true}]}}