{"id":9126,"date":"2026-04-07T04:25:44","date_gmt":"2026-04-07T03:25:44","guid":{"rendered":"https:\/\/www.danosa.com\/pt-pt\/produto\/thf-tetrahidrofurano-2\/"},"modified":"2026-04-07T04:25:44","modified_gmt":"2026-04-07T03:25:44","slug":"thf-tetrahidrofurano","status":"publish","type":"product","link":"https:\/\/www.danosa.com\/pt-pt\/produto\/thf-tetrahidrofurano\/","title":{"rendered":"THF (TETRAHIDROFURANO)."},"content":{"rendered":"<p>Disolvente TETRAHIDROFURANO (THF) para la realizaci\u00f3n de la soldadura qu\u00edmica con l\u00e1minas DANOPOL.<\/p>\n","protected":false},"excerpt":{"rendered":"<p>Disolvente TETRAHIDROFURANO (THF) para la realizaci\u00f3n de la soldadura qu\u00edmica con l\u00e1minas DANOPOL.<\/p>\n","protected":false},"featured_media":0,"parent":0,"menu_order":0,"template":"","meta":{"inline_featured_image":false,"site-sidebar-layout":"default","site-content-layout":"default","ast-main-header-display":"","ast-hfb-above-header-display":"","ast-hfb-below-header-display":"","ast-hfb-mobile-header-display":"","site-post-title":"","ast-breadcrumbs-content":"","ast-featured-img":"","footer-sml-layout":"","theme-transparent-header-meta":"","adv-header-id-meta":"","stick-header-meta":"","header-above-stick-meta":"","header-main-stick-meta":"","header-below-stick-meta":""},"family":[6802],"product_notice":[120531],"product_icon":[],"product_application":[119499],"product_standards_certification":[],"product_benefits":[118582,118854,118866,118880],"product_support":[],"product_substrate_preparation":[],"product_important_indications":[119633,119684,119686,119718,119744,119755,119774,119844,119846,119847],"product_conservation":[119894,119897,119899,119949,119986,119997,119999,120000,120001,120011,120026,120047,120051,120087,120088,120090],"product_warning":[],"product_safety_hygiene":[],"system_certification":[],"product_maintenance":[],"product_safety_datasheet":[46043],"filter_special_uses":[],"acf":[],"yoast_head":"<!-- This site is optimized with the Yoast SEO plugin v18.1 - https:\/\/yoast.com\/wordpress\/plugins\/seo\/ -->\n<title>Solvente Tetrahidrofurano (THF) | Soldagem qu\u00edmica de chapas sint\u00e9ticas<\/title>\n<meta name=\"description\" content=\"Solvente TETRAHIDROFURAN (THF) para soldagem qu\u00edmica com chapas sint\u00e9ticas DANOPOL. Permite uni\u00f5es praticamente imediatas. Danosa.\" \/>\n<meta name=\"robots\" content=\"index, follow, max-snippet:-1, max-image-preview:large, max-video-preview:-1\" \/>\n<link rel=\"canonical\" href=\"https:\/\/www.danosa.com\/pt-pt\/produto\/thf-tetrahidrofurano\/\" \/>\n<meta property=\"og:locale\" content=\"pt_PT\" \/>\n<meta property=\"og:type\" content=\"article\" \/>\n<meta property=\"og:title\" content=\"Solvente Tetrahidrofurano (THF) | Soldagem qu\u00edmica de chapas sint\u00e9ticas\" \/>\n<meta property=\"og:description\" content=\"Solvente TETRAHIDROFURAN (THF) para soldagem qu\u00edmica com chapas sint\u00e9ticas DANOPOL. Permite uni\u00f5es praticamente imediatas. Danosa.\" \/>\n<meta property=\"og:url\" content=\"https:\/\/www.danosa.com\/pt-pt\/produto\/thf-tetrahidrofurano\/\" \/>\n<meta property=\"og:site_name\" content=\"Danosa | Solu\u00e7\u00f5es de constru\u00e7\u00e3o\" \/>\n<meta name=\"twitter:card\" content=\"summary_large_image\" \/>\n<script type=\"application\/ld+json\" class=\"yoast-schema-graph\">{\"@context\":\"https:\/\/schema.org\",\"@graph\":[{\"@type\":\"WebSite\",\"@id\":\"https:\/\/www.danosa.com\/pt-pt\/#website\",\"url\":\"https:\/\/www.danosa.com\/pt-pt\/\",\"name\":\"Danosa | Solu\u00e7\u00f5es de constru\u00e7\u00e3o\",\"description\":\"Impermeabiliza\u00e7\u00e3o, isolamento ac\u00fastico e t\u00e9rmico\",\"potentialAction\":[{\"@type\":\"SearchAction\",\"target\":{\"@type\":\"EntryPoint\",\"urlTemplate\":\"https:\/\/www.danosa.com\/pt-pt\/?s={search_term_string}\"},\"query-input\":\"required name=search_term_string\"}],\"inLanguage\":\"pt-PT\"},{\"@type\":\"WebPage\",\"@id\":\"https:\/\/www.danosa.com\/pt-pt\/produto\/thf-tetrahidrofurano\/#webpage\",\"url\":\"https:\/\/www.danosa.com\/pt-pt\/produto\/thf-tetrahidrofurano\/\",\"name\":\"Solvente Tetrahidrofurano (THF) | Soldagem qu\u00edmica de chapas sint\u00e9ticas\",\"isPartOf\":{\"@id\":\"https:\/\/www.danosa.com\/pt-pt\/#website\"},\"datePublished\":\"2026-04-07T03:25:44+00:00\",\"dateModified\":\"2026-04-07T03:25:44+00:00\",\"description\":\"Solvente TETRAHIDROFURAN (THF) para soldagem qu\u00edmica com chapas sint\u00e9ticas DANOPOL. Permite uni\u00f5es praticamente imediatas. Danosa.\",\"breadcrumb\":{\"@id\":\"https:\/\/www.danosa.com\/pt-pt\/produto\/thf-tetrahidrofurano\/#breadcrumb\"},\"inLanguage\":\"pt-PT\",\"potentialAction\":[{\"@type\":\"ReadAction\",\"target\":[\"https:\/\/www.danosa.com\/pt-pt\/produto\/thf-tetrahidrofurano\/\"]}]},{\"@type\":\"BreadcrumbList\",\"@id\":\"https:\/\/www.danosa.com\/pt-pt\/produto\/thf-tetrahidrofurano\/#breadcrumb\",\"itemListElement\":[{\"@type\":\"ListItem\",\"position\":1,\"name\":\"Portada\",\"item\":\"https:\/\/www.danosa.com\/pt-pt\/\"},{\"@type\":\"ListItem\",\"position\":2,\"name\":\"THF (TETRAHIDROFURANO).\"}]}]}<\/script>\n<!-- \/ Yoast SEO plugin. -->","yoast_head_json":{"title":"Solvente Tetrahidrofurano (THF) | Soldagem qu\u00edmica de chapas sint\u00e9ticas","description":"Solvente TETRAHIDROFURAN (THF) para soldagem qu\u00edmica com chapas sint\u00e9ticas DANOPOL. Permite uni\u00f5es praticamente imediatas. Danosa.","robots":{"index":"index","follow":"follow","max-snippet":"max-snippet:-1","max-image-preview":"max-image-preview:large","max-video-preview":"max-video-preview:-1"},"canonical":"https:\/\/www.danosa.com\/pt-pt\/produto\/thf-tetrahidrofurano\/","og_locale":"pt_PT","og_type":"article","og_title":"Solvente Tetrahidrofurano (THF) | Soldagem qu\u00edmica de chapas sint\u00e9ticas","og_description":"Solvente TETRAHIDROFURAN (THF) para soldagem qu\u00edmica com chapas sint\u00e9ticas DANOPOL. Permite uni\u00f5es praticamente imediatas. Danosa.","og_url":"https:\/\/www.danosa.com\/pt-pt\/produto\/thf-tetrahidrofurano\/","og_site_name":"Danosa | Solu\u00e7\u00f5es de constru\u00e7\u00e3o","twitter_card":"summary_large_image","schema":{"@context":"https:\/\/schema.org","@graph":[{"@type":"WebSite","@id":"https:\/\/www.danosa.com\/pt-pt\/#website","url":"https:\/\/www.danosa.com\/pt-pt\/","name":"Danosa | Solu\u00e7\u00f5es de constru\u00e7\u00e3o","description":"Impermeabiliza\u00e7\u00e3o, isolamento ac\u00fastico e t\u00e9rmico","potentialAction":[{"@type":"SearchAction","target":{"@type":"EntryPoint","urlTemplate":"https:\/\/www.danosa.com\/pt-pt\/?s={search_term_string}"},"query-input":"required name=search_term_string"}],"inLanguage":"pt-PT"},{"@type":"WebPage","@id":"https:\/\/www.danosa.com\/pt-pt\/produto\/thf-tetrahidrofurano\/#webpage","url":"https:\/\/www.danosa.com\/pt-pt\/produto\/thf-tetrahidrofurano\/","name":"Solvente Tetrahidrofurano (THF) | Soldagem qu\u00edmica de chapas sint\u00e9ticas","isPartOf":{"@id":"https:\/\/www.danosa.com\/pt-pt\/#website"},"datePublished":"2026-04-07T03:25:44+00:00","dateModified":"2026-04-07T03:25:44+00:00","description":"Solvente TETRAHIDROFURAN (THF) para soldagem qu\u00edmica com chapas sint\u00e9ticas DANOPOL. Permite uni\u00f5es praticamente imediatas. Danosa.","breadcrumb":{"@id":"https:\/\/www.danosa.com\/pt-pt\/produto\/thf-tetrahidrofurano\/#breadcrumb"},"inLanguage":"pt-PT","potentialAction":[{"@type":"ReadAction","target":["https:\/\/www.danosa.com\/pt-pt\/produto\/thf-tetrahidrofurano\/"]}]},{"@type":"BreadcrumbList","@id":"https:\/\/www.danosa.com\/pt-pt\/produto\/thf-tetrahidrofurano\/#breadcrumb","itemListElement":[{"@type":"ListItem","position":1,"name":"Portada","item":"https:\/\/www.danosa.com\/pt-pt\/"},{"@type":"ListItem","position":2,"name":"THF (TETRAHIDROFURANO)."}]}]}},"_links":{"self":[{"href":"https:\/\/www.danosa.com\/pt-pt\/wp-json\/wp\/v2\/product\/9126"}],"collection":[{"href":"https:\/\/www.danosa.com\/pt-pt\/wp-json\/wp\/v2\/product"}],"about":[{"href":"https:\/\/www.danosa.com\/pt-pt\/wp-json\/wp\/v2\/types\/product"}],"wp:attachment":[{"href":"https:\/\/www.danosa.com\/pt-pt\/wp-json\/wp\/v2\/media?parent=9126"}],"wp:term":[{"taxonomy":"family","embeddable":true,"href":"https:\/\/www.danosa.com\/pt-pt\/wp-json\/wp\/v2\/family?post=9126"},{"taxonomy":"product_notice","embeddable":true,"href":"https:\/\/www.danosa.com\/pt-pt\/wp-json\/wp\/v2\/product_notice?post=9126"},{"taxonomy":"product_icon","embeddable":true,"href":"https:\/\/www.danosa.com\/pt-pt\/wp-json\/wp\/v2\/product_icon?post=9126"},{"taxonomy":"product_application","embeddable":true,"href":"https:\/\/www.danosa.com\/pt-pt\/wp-json\/wp\/v2\/product_application?post=9126"},{"taxonomy":"product_standards_certification","embeddable":true,"href":"https:\/\/www.danosa.com\/pt-pt\/wp-json\/wp\/v2\/product_standards_certification?post=9126"},{"taxonomy":"product_benefits","embeddable":true,"href":"https:\/\/www.danosa.com\/pt-pt\/wp-json\/wp\/v2\/product_benefits?post=9126"},{"taxonomy":"product_support","embeddable":true,"href":"https:\/\/www.danosa.com\/pt-pt\/wp-json\/wp\/v2\/product_support?post=9126"},{"taxonomy":"product_substrate_preparation","embeddable":true,"href":"https:\/\/www.danosa.com\/pt-pt\/wp-json\/wp\/v2\/product_substrate_preparation?post=9126"},{"taxonomy":"product_important_indications","embeddable":true,"href":"https:\/\/www.danosa.com\/pt-pt\/wp-json\/wp\/v2\/product_important_indications?post=9126"},{"taxonomy":"product_conservation","embeddable":true,"href":"https:\/\/www.danosa.com\/pt-pt\/wp-json\/wp\/v2\/product_conservation?post=9126"},{"taxonomy":"product_warning","embeddable":true,"href":"https:\/\/www.danosa.com\/pt-pt\/wp-json\/wp\/v2\/product_warning?post=9126"},{"taxonomy":"product_safety_hygiene","embeddable":true,"href":"https:\/\/www.danosa.com\/pt-pt\/wp-json\/wp\/v2\/product_safety_hygiene?post=9126"},{"taxonomy":"system_certification","embeddable":true,"href":"https:\/\/www.danosa.com\/pt-pt\/wp-json\/wp\/v2\/system_certification?post=9126"},{"taxonomy":"product_maintenance","embeddable":true,"href":"https:\/\/www.danosa.com\/pt-pt\/wp-json\/wp\/v2\/product_maintenance?post=9126"},{"taxonomy":"product_safety_datasheet","embeddable":true,"href":"https:\/\/www.danosa.com\/pt-pt\/wp-json\/wp\/v2\/product_safety_datasheet?post=9126"},{"taxonomy":"filter_special_uses","embeddable":true,"href":"https:\/\/www.danosa.com\/pt-pt\/wp-json\/wp\/v2\/filter_special_uses?post=9126"}],"curies":[{"name":"wp","href":"https:\/\/api.w.org\/{rel}","templated":true}]}}