{"id":9150,"date":"2026-04-09T04:26:01","date_gmt":"2026-04-09T03:26:01","guid":{"rendered":"https:\/\/www.danosa.com\/pt-pt\/produto\/danofelt-py-300\/"},"modified":"2026-04-09T04:26:05","modified_gmt":"2026-04-09T03:26:05","slug":"danofelt-py-300","status":"publish","type":"product","link":"https:\/\/www.danosa.com\/pt-pt\/produto\/danofelt-py-300\/","title":{"rendered":"DANOFELT PY 300"},"content":{"rendered":"<p>\u00c9 DANOFELT PY 300 \u00e9 um geot\u00eaxtil n\u00e3o-tecido de 300 (+10%;-15%) g\/m\u00b2, formado por fibra curta de poli\u00e9ster. Tem a marca CE. Utilizado para a protec\u00e7\u00e3o da impermeabiliza\u00e7\u00e3o em coberturas como em estruturas enterradas, lagunas,etc. e para separa\u00e7\u00e3o e filtragem de terrenos.<\/p>\n","protected":false},"excerpt":{"rendered":"<p>Geot\u00eaxtil n\u00e3o-tecido de 300 (+10%;-15%) g\/m\u00b2 de fibra curta de poli\u00e9ster.<\/p>\n","protected":false},"featured_media":0,"parent":0,"menu_order":0,"template":"","meta":{"inline_featured_image":false,"site-sidebar-layout":"default","site-content-layout":"default","ast-main-header-display":"","ast-hfb-above-header-display":"","ast-hfb-below-header-display":"","ast-hfb-mobile-header-display":"","site-post-title":"","ast-breadcrumbs-content":"","ast-featured-img":"","footer-sml-layout":"","theme-transparent-header-meta":"","adv-header-id-meta":"","stick-header-meta":"","header-above-stick-meta":"","header-main-stick-meta":"","header-below-stick-meta":""},"family":[6834],"product_notice":[120531],"product_icon":[],"product_application":[119152,119153,119154,119155],"product_standards_certification":[120794],"product_benefits":[118523,118536,118624,118625,118719,118791,118842,118903],"product_support":[],"product_substrate_preparation":[],"product_important_indications":[119630,119674,119680,119688,119727,119771,119798,119807,119820,119885],"product_conservation":[119924,119930],"product_warning":[120174],"product_safety_hygiene":[],"system_certification":[6836,6837,32982],"product_maintenance":[],"product_safety_datasheet":[46039],"filter_special_uses":[],"acf":[],"yoast_head":"<!-- This site is optimized with the Yoast SEO plugin v18.1 - https:\/\/yoast.com\/wordpress\/plugins\/seo\/ -->\n<title>Manta geot\u00eaxtil para drenagem DANOFELTRO PY 300 | Fibra de poli\u00e9ster<\/title>\n<meta name=\"description\" content=\"Malha geot\u00eaxtil n\u00e3o tecida para drenagem, confeccionada em fibra curta de poli\u00e9ster, unida mecanicamente por agulhamento. Grande durabilidade\" \/>\n<meta name=\"robots\" content=\"index, follow, max-snippet:-1, max-image-preview:large, max-video-preview:-1\" \/>\n<link rel=\"canonical\" href=\"https:\/\/www.danosa.com\/pt-pt\/produto\/danofelt-py-300\/\" \/>\n<meta property=\"og:locale\" content=\"pt_PT\" \/>\n<meta property=\"og:type\" content=\"article\" \/>\n<meta property=\"og:title\" content=\"Manta geot\u00eaxtil para drenagem DANOFELTRO PY 300 | Fibra de poli\u00e9ster\" \/>\n<meta property=\"og:description\" content=\"Malha geot\u00eaxtil n\u00e3o tecida para drenagem, confeccionada em fibra curta de poli\u00e9ster, unida mecanicamente por agulhamento. Grande durabilidade\" \/>\n<meta property=\"og:url\" content=\"https:\/\/www.danosa.com\/pt-pt\/produto\/danofelt-py-300\/\" \/>\n<meta property=\"og:site_name\" content=\"Danosa | Solu\u00e7\u00f5es de constru\u00e7\u00e3o\" \/>\n<meta property=\"article:modified_time\" content=\"2026-04-09T03:26:05+00:00\" \/>\n<meta name=\"twitter:card\" content=\"summary_large_image\" \/>\n<script type=\"application\/ld+json\" class=\"yoast-schema-graph\">{\"@context\":\"https:\/\/schema.org\",\"@graph\":[{\"@type\":\"WebSite\",\"@id\":\"https:\/\/www.danosa.com\/pt-pt\/#website\",\"url\":\"https:\/\/www.danosa.com\/pt-pt\/\",\"name\":\"Danosa | Solu\u00e7\u00f5es de constru\u00e7\u00e3o\",\"description\":\"Impermeabiliza\u00e7\u00e3o, isolamento ac\u00fastico e t\u00e9rmico\",\"potentialAction\":[{\"@type\":\"SearchAction\",\"target\":{\"@type\":\"EntryPoint\",\"urlTemplate\":\"https:\/\/www.danosa.com\/pt-pt\/?s={search_term_string}\"},\"query-input\":\"required name=search_term_string\"}],\"inLanguage\":\"pt-PT\"},{\"@type\":\"WebPage\",\"@id\":\"https:\/\/www.danosa.com\/pt-pt\/produto\/danofelt-py-300\/#webpage\",\"url\":\"https:\/\/www.danosa.com\/pt-pt\/produto\/danofelt-py-300\/\",\"name\":\"Manta geot\u00eaxtil para drenagem DANOFELTRO PY 300 | Fibra de poli\u00e9ster\",\"isPartOf\":{\"@id\":\"https:\/\/www.danosa.com\/pt-pt\/#website\"},\"datePublished\":\"2026-04-09T03:26:01+00:00\",\"dateModified\":\"2026-04-09T03:26:05+00:00\",\"description\":\"Malha geot\u00eaxtil n\u00e3o tecida para drenagem, confeccionada em fibra curta de poli\u00e9ster, unida mecanicamente por agulhamento. Grande durabilidade\",\"breadcrumb\":{\"@id\":\"https:\/\/www.danosa.com\/pt-pt\/produto\/danofelt-py-300\/#breadcrumb\"},\"inLanguage\":\"pt-PT\",\"potentialAction\":[{\"@type\":\"ReadAction\",\"target\":[\"https:\/\/www.danosa.com\/pt-pt\/produto\/danofelt-py-300\/\"]}]},{\"@type\":\"BreadcrumbList\",\"@id\":\"https:\/\/www.danosa.com\/pt-pt\/produto\/danofelt-py-300\/#breadcrumb\",\"itemListElement\":[{\"@type\":\"ListItem\",\"position\":1,\"name\":\"Portada\",\"item\":\"https:\/\/www.danosa.com\/pt-pt\/\"},{\"@type\":\"ListItem\",\"position\":2,\"name\":\"DANOFELT PY 300\"}]}]}<\/script>\n<!-- \/ Yoast SEO plugin. -->","yoast_head_json":{"title":"Manta geot\u00eaxtil para drenagem DANOFELTRO PY 300 | Fibra de poli\u00e9ster","description":"Malha geot\u00eaxtil n\u00e3o tecida para drenagem, confeccionada em fibra curta de poli\u00e9ster, unida mecanicamente por agulhamento. Grande durabilidade","robots":{"index":"index","follow":"follow","max-snippet":"max-snippet:-1","max-image-preview":"max-image-preview:large","max-video-preview":"max-video-preview:-1"},"canonical":"https:\/\/www.danosa.com\/pt-pt\/produto\/danofelt-py-300\/","og_locale":"pt_PT","og_type":"article","og_title":"Manta geot\u00eaxtil para drenagem DANOFELTRO PY 300 | Fibra de poli\u00e9ster","og_description":"Malha geot\u00eaxtil n\u00e3o tecida para drenagem, confeccionada em fibra curta de poli\u00e9ster, unida mecanicamente por agulhamento. Grande durabilidade","og_url":"https:\/\/www.danosa.com\/pt-pt\/produto\/danofelt-py-300\/","og_site_name":"Danosa | Solu\u00e7\u00f5es de constru\u00e7\u00e3o","article_modified_time":"2026-04-09T03:26:05+00:00","twitter_card":"summary_large_image","schema":{"@context":"https:\/\/schema.org","@graph":[{"@type":"WebSite","@id":"https:\/\/www.danosa.com\/pt-pt\/#website","url":"https:\/\/www.danosa.com\/pt-pt\/","name":"Danosa | Solu\u00e7\u00f5es de constru\u00e7\u00e3o","description":"Impermeabiliza\u00e7\u00e3o, isolamento ac\u00fastico e t\u00e9rmico","potentialAction":[{"@type":"SearchAction","target":{"@type":"EntryPoint","urlTemplate":"https:\/\/www.danosa.com\/pt-pt\/?s={search_term_string}"},"query-input":"required name=search_term_string"}],"inLanguage":"pt-PT"},{"@type":"WebPage","@id":"https:\/\/www.danosa.com\/pt-pt\/produto\/danofelt-py-300\/#webpage","url":"https:\/\/www.danosa.com\/pt-pt\/produto\/danofelt-py-300\/","name":"Manta geot\u00eaxtil para drenagem DANOFELTRO PY 300 | Fibra de poli\u00e9ster","isPartOf":{"@id":"https:\/\/www.danosa.com\/pt-pt\/#website"},"datePublished":"2026-04-09T03:26:01+00:00","dateModified":"2026-04-09T03:26:05+00:00","description":"Malha geot\u00eaxtil n\u00e3o tecida para drenagem, confeccionada em fibra curta de poli\u00e9ster, unida mecanicamente por agulhamento. Grande durabilidade","breadcrumb":{"@id":"https:\/\/www.danosa.com\/pt-pt\/produto\/danofelt-py-300\/#breadcrumb"},"inLanguage":"pt-PT","potentialAction":[{"@type":"ReadAction","target":["https:\/\/www.danosa.com\/pt-pt\/produto\/danofelt-py-300\/"]}]},{"@type":"BreadcrumbList","@id":"https:\/\/www.danosa.com\/pt-pt\/produto\/danofelt-py-300\/#breadcrumb","itemListElement":[{"@type":"ListItem","position":1,"name":"Portada","item":"https:\/\/www.danosa.com\/pt-pt\/"},{"@type":"ListItem","position":2,"name":"DANOFELT PY 300"}]}]}},"_links":{"self":[{"href":"https:\/\/www.danosa.com\/pt-pt\/wp-json\/wp\/v2\/product\/9150"}],"collection":[{"href":"https:\/\/www.danosa.com\/pt-pt\/wp-json\/wp\/v2\/product"}],"about":[{"href":"https:\/\/www.danosa.com\/pt-pt\/wp-json\/wp\/v2\/types\/product"}],"wp:attachment":[{"href":"https:\/\/www.danosa.com\/pt-pt\/wp-json\/wp\/v2\/media?parent=9150"}],"wp:term":[{"taxonomy":"family","embeddable":true,"href":"https:\/\/www.danosa.com\/pt-pt\/wp-json\/wp\/v2\/family?post=9150"},{"taxonomy":"product_notice","embeddable":true,"href":"https:\/\/www.danosa.com\/pt-pt\/wp-json\/wp\/v2\/product_notice?post=9150"},{"taxonomy":"product_icon","embeddable":true,"href":"https:\/\/www.danosa.com\/pt-pt\/wp-json\/wp\/v2\/product_icon?post=9150"},{"taxonomy":"product_application","embeddable":true,"href":"https:\/\/www.danosa.com\/pt-pt\/wp-json\/wp\/v2\/product_application?post=9150"},{"taxonomy":"product_standards_certification","embeddable":true,"href":"https:\/\/www.danosa.com\/pt-pt\/wp-json\/wp\/v2\/product_standards_certification?post=9150"},{"taxonomy":"product_benefits","embeddable":true,"href":"https:\/\/www.danosa.com\/pt-pt\/wp-json\/wp\/v2\/product_benefits?post=9150"},{"taxonomy":"product_support","embeddable":true,"href":"https:\/\/www.danosa.com\/pt-pt\/wp-json\/wp\/v2\/product_support?post=9150"},{"taxonomy":"product_substrate_preparation","embeddable":true,"href":"https:\/\/www.danosa.com\/pt-pt\/wp-json\/wp\/v2\/product_substrate_preparation?post=9150"},{"taxonomy":"product_important_indications","embeddable":true,"href":"https:\/\/www.danosa.com\/pt-pt\/wp-json\/wp\/v2\/product_important_indications?post=9150"},{"taxonomy":"product_conservation","embeddable":true,"href":"https:\/\/www.danosa.com\/pt-pt\/wp-json\/wp\/v2\/product_conservation?post=9150"},{"taxonomy":"product_warning","embeddable":true,"href":"https:\/\/www.danosa.com\/pt-pt\/wp-json\/wp\/v2\/product_warning?post=9150"},{"taxonomy":"product_safety_hygiene","embeddable":true,"href":"https:\/\/www.danosa.com\/pt-pt\/wp-json\/wp\/v2\/product_safety_hygiene?post=9150"},{"taxonomy":"system_certification","embeddable":true,"href":"https:\/\/www.danosa.com\/pt-pt\/wp-json\/wp\/v2\/system_certification?post=9150"},{"taxonomy":"product_maintenance","embeddable":true,"href":"https:\/\/www.danosa.com\/pt-pt\/wp-json\/wp\/v2\/product_maintenance?post=9150"},{"taxonomy":"product_safety_datasheet","embeddable":true,"href":"https:\/\/www.danosa.com\/pt-pt\/wp-json\/wp\/v2\/product_safety_datasheet?post=9150"},{"taxonomy":"filter_special_uses","embeddable":true,"href":"https:\/\/www.danosa.com\/pt-pt\/wp-json\/wp\/v2\/filter_special_uses?post=9150"}],"curies":[{"name":"wp","href":"https:\/\/api.w.org\/{rel}","templated":true}]}}