{"id":9151,"date":"2026-04-16T16:26:02","date_gmt":"2026-04-16T15:26:02","guid":{"rendered":"https:\/\/www.danosa.com\/pt-pt\/produto\/danofelt-py-500\/"},"modified":"2026-04-16T16:26:06","modified_gmt":"2026-04-16T15:26:06","slug":"danofelt-py-500","status":"publish","type":"product","link":"https:\/\/www.danosa.com\/pt-pt\/produto\/danofelt-py-500\/","title":{"rendered":"DANOFELT PY 500"},"content":{"rendered":"<p>\u00c9 DANOFELT PY 500 \u00e9 um geot\u00eaxtil n\u00e3o-tecido de 500 (+10%;-15%) g\/m\u00b2, formado por fibra curta de poli\u00e9ster. Tem a marca CE. Utilizado para a protec\u00e7\u00e3o da impermeabiliza\u00e7\u00e3o em coberturas como em estruturas enterradas, lagunas,etc. e para separa\u00e7\u00e3o e filtragem de terrenos.<\/p>\n","protected":false},"excerpt":{"rendered":"<p>Geot\u00eaxtil n\u00e3o-tecido de 500 (+10%;-15%) g\/m\u00b2 de fibra curta de poli\u00e9ster.<\/p>\n","protected":false},"featured_media":0,"parent":0,"menu_order":0,"template":"","meta":{"inline_featured_image":false,"site-sidebar-layout":"default","site-content-layout":"default","ast-main-header-display":"","ast-hfb-above-header-display":"","ast-hfb-below-header-display":"","ast-hfb-mobile-header-display":"","site-post-title":"","ast-breadcrumbs-content":"","ast-featured-img":"","footer-sml-layout":"","theme-transparent-header-meta":"","adv-header-id-meta":"","stick-header-meta":"","header-above-stick-meta":"","header-main-stick-meta":"","header-below-stick-meta":""},"family":[6834],"product_notice":[120531],"product_icon":[],"product_application":[119152,119153,119154,119155],"product_standards_certification":[120794],"product_benefits":[118523,118536,118624,118625,118719,118791,118842,118903],"product_support":[],"product_substrate_preparation":[],"product_important_indications":[119630,119674,119680,119688,119727,119771,119798,119807,119820,119885],"product_conservation":[119924,119930],"product_warning":[120174],"product_safety_hygiene":[],"system_certification":[6836,6837,32982],"product_maintenance":[],"product_safety_datasheet":[46039],"filter_special_uses":[],"acf":[],"yoast_head":"<!-- This site is optimized with the Yoast SEO plugin v18.1 - https:\/\/yoast.com\/wordpress\/plugins\/seo\/ -->\n<title>Manta Geot\u00eaxtil N\u00e3o Tecido de Poli\u00e9ster | DANOFELTRO PY 500 | Danosa<\/title>\n<meta name=\"description\" content=\"Folha de geot\u00eaxtil n\u00e3o tecido de poli\u00e9ster para drenagem de sistemas de impermeabiliza\u00e7\u00e3o. Alta resist\u00eancia \u00e0 tra\u00e7\u00e3o e \u00e0 perfura\u00e7\u00e3o.\" \/>\n<meta name=\"robots\" content=\"index, follow, max-snippet:-1, max-image-preview:large, max-video-preview:-1\" \/>\n<link rel=\"canonical\" href=\"https:\/\/www.danosa.com\/pt-pt\/produto\/danofelt-py-500\/\" \/>\n<meta property=\"og:locale\" content=\"pt_PT\" \/>\n<meta property=\"og:type\" content=\"article\" \/>\n<meta property=\"og:title\" content=\"Manta Geot\u00eaxtil N\u00e3o Tecido de Poli\u00e9ster | DANOFELTRO PY 500 | Danosa\" \/>\n<meta property=\"og:description\" content=\"Folha de geot\u00eaxtil n\u00e3o tecido de poli\u00e9ster para drenagem de sistemas de impermeabiliza\u00e7\u00e3o. Alta resist\u00eancia \u00e0 tra\u00e7\u00e3o e \u00e0 perfura\u00e7\u00e3o.\" \/>\n<meta property=\"og:url\" content=\"https:\/\/www.danosa.com\/pt-pt\/produto\/danofelt-py-500\/\" \/>\n<meta property=\"og:site_name\" content=\"Danosa | Solu\u00e7\u00f5es de constru\u00e7\u00e3o\" \/>\n<meta property=\"article:modified_time\" content=\"2026-04-16T15:26:06+00:00\" \/>\n<meta name=\"twitter:card\" content=\"summary_large_image\" \/>\n<script type=\"application\/ld+json\" class=\"yoast-schema-graph\">{\"@context\":\"https:\/\/schema.org\",\"@graph\":[{\"@type\":\"WebSite\",\"@id\":\"https:\/\/www.danosa.com\/pt-pt\/#website\",\"url\":\"https:\/\/www.danosa.com\/pt-pt\/\",\"name\":\"Danosa | Solu\u00e7\u00f5es de constru\u00e7\u00e3o\",\"description\":\"Impermeabiliza\u00e7\u00e3o, isolamento ac\u00fastico e t\u00e9rmico\",\"potentialAction\":[{\"@type\":\"SearchAction\",\"target\":{\"@type\":\"EntryPoint\",\"urlTemplate\":\"https:\/\/www.danosa.com\/pt-pt\/?s={search_term_string}\"},\"query-input\":\"required name=search_term_string\"}],\"inLanguage\":\"pt-PT\"},{\"@type\":\"WebPage\",\"@id\":\"https:\/\/www.danosa.com\/pt-pt\/produto\/danofelt-py-500\/#webpage\",\"url\":\"https:\/\/www.danosa.com\/pt-pt\/produto\/danofelt-py-500\/\",\"name\":\"Manta Geot\u00eaxtil N\u00e3o Tecido de Poli\u00e9ster | DANOFELTRO PY 500 | Danosa\",\"isPartOf\":{\"@id\":\"https:\/\/www.danosa.com\/pt-pt\/#website\"},\"datePublished\":\"2026-04-16T15:26:02+00:00\",\"dateModified\":\"2026-04-16T15:26:06+00:00\",\"description\":\"Folha de geot\u00eaxtil n\u00e3o tecido de poli\u00e9ster para drenagem de sistemas de impermeabiliza\u00e7\u00e3o. Alta resist\u00eancia \u00e0 tra\u00e7\u00e3o e \u00e0 perfura\u00e7\u00e3o.\",\"breadcrumb\":{\"@id\":\"https:\/\/www.danosa.com\/pt-pt\/produto\/danofelt-py-500\/#breadcrumb\"},\"inLanguage\":\"pt-PT\",\"potentialAction\":[{\"@type\":\"ReadAction\",\"target\":[\"https:\/\/www.danosa.com\/pt-pt\/produto\/danofelt-py-500\/\"]}]},{\"@type\":\"BreadcrumbList\",\"@id\":\"https:\/\/www.danosa.com\/pt-pt\/produto\/danofelt-py-500\/#breadcrumb\",\"itemListElement\":[{\"@type\":\"ListItem\",\"position\":1,\"name\":\"Portada\",\"item\":\"https:\/\/www.danosa.com\/pt-pt\/\"},{\"@type\":\"ListItem\",\"position\":2,\"name\":\"DANOFELT PY 500\"}]}]}<\/script>\n<!-- \/ Yoast SEO plugin. -->","yoast_head_json":{"title":"Manta Geot\u00eaxtil N\u00e3o Tecido de Poli\u00e9ster | DANOFELTRO PY 500 | Danosa","description":"Folha de geot\u00eaxtil n\u00e3o tecido de poli\u00e9ster para drenagem de sistemas de impermeabiliza\u00e7\u00e3o. Alta resist\u00eancia \u00e0 tra\u00e7\u00e3o e \u00e0 perfura\u00e7\u00e3o.","robots":{"index":"index","follow":"follow","max-snippet":"max-snippet:-1","max-image-preview":"max-image-preview:large","max-video-preview":"max-video-preview:-1"},"canonical":"https:\/\/www.danosa.com\/pt-pt\/produto\/danofelt-py-500\/","og_locale":"pt_PT","og_type":"article","og_title":"Manta Geot\u00eaxtil N\u00e3o Tecido de Poli\u00e9ster | DANOFELTRO PY 500 | Danosa","og_description":"Folha de geot\u00eaxtil n\u00e3o tecido de poli\u00e9ster para drenagem de sistemas de impermeabiliza\u00e7\u00e3o. Alta resist\u00eancia \u00e0 tra\u00e7\u00e3o e \u00e0 perfura\u00e7\u00e3o.","og_url":"https:\/\/www.danosa.com\/pt-pt\/produto\/danofelt-py-500\/","og_site_name":"Danosa | Solu\u00e7\u00f5es de constru\u00e7\u00e3o","article_modified_time":"2026-04-16T15:26:06+00:00","twitter_card":"summary_large_image","schema":{"@context":"https:\/\/schema.org","@graph":[{"@type":"WebSite","@id":"https:\/\/www.danosa.com\/pt-pt\/#website","url":"https:\/\/www.danosa.com\/pt-pt\/","name":"Danosa | Solu\u00e7\u00f5es de constru\u00e7\u00e3o","description":"Impermeabiliza\u00e7\u00e3o, isolamento ac\u00fastico e t\u00e9rmico","potentialAction":[{"@type":"SearchAction","target":{"@type":"EntryPoint","urlTemplate":"https:\/\/www.danosa.com\/pt-pt\/?s={search_term_string}"},"query-input":"required name=search_term_string"}],"inLanguage":"pt-PT"},{"@type":"WebPage","@id":"https:\/\/www.danosa.com\/pt-pt\/produto\/danofelt-py-500\/#webpage","url":"https:\/\/www.danosa.com\/pt-pt\/produto\/danofelt-py-500\/","name":"Manta Geot\u00eaxtil N\u00e3o Tecido de Poli\u00e9ster | DANOFELTRO PY 500 | Danosa","isPartOf":{"@id":"https:\/\/www.danosa.com\/pt-pt\/#website"},"datePublished":"2026-04-16T15:26:02+00:00","dateModified":"2026-04-16T15:26:06+00:00","description":"Folha de geot\u00eaxtil n\u00e3o tecido de poli\u00e9ster para drenagem de sistemas de impermeabiliza\u00e7\u00e3o. Alta resist\u00eancia \u00e0 tra\u00e7\u00e3o e \u00e0 perfura\u00e7\u00e3o.","breadcrumb":{"@id":"https:\/\/www.danosa.com\/pt-pt\/produto\/danofelt-py-500\/#breadcrumb"},"inLanguage":"pt-PT","potentialAction":[{"@type":"ReadAction","target":["https:\/\/www.danosa.com\/pt-pt\/produto\/danofelt-py-500\/"]}]},{"@type":"BreadcrumbList","@id":"https:\/\/www.danosa.com\/pt-pt\/produto\/danofelt-py-500\/#breadcrumb","itemListElement":[{"@type":"ListItem","position":1,"name":"Portada","item":"https:\/\/www.danosa.com\/pt-pt\/"},{"@type":"ListItem","position":2,"name":"DANOFELT PY 500"}]}]}},"_links":{"self":[{"href":"https:\/\/www.danosa.com\/pt-pt\/wp-json\/wp\/v2\/product\/9151"}],"collection":[{"href":"https:\/\/www.danosa.com\/pt-pt\/wp-json\/wp\/v2\/product"}],"about":[{"href":"https:\/\/www.danosa.com\/pt-pt\/wp-json\/wp\/v2\/types\/product"}],"wp:attachment":[{"href":"https:\/\/www.danosa.com\/pt-pt\/wp-json\/wp\/v2\/media?parent=9151"}],"wp:term":[{"taxonomy":"family","embeddable":true,"href":"https:\/\/www.danosa.com\/pt-pt\/wp-json\/wp\/v2\/family?post=9151"},{"taxonomy":"product_notice","embeddable":true,"href":"https:\/\/www.danosa.com\/pt-pt\/wp-json\/wp\/v2\/product_notice?post=9151"},{"taxonomy":"product_icon","embeddable":true,"href":"https:\/\/www.danosa.com\/pt-pt\/wp-json\/wp\/v2\/product_icon?post=9151"},{"taxonomy":"product_application","embeddable":true,"href":"https:\/\/www.danosa.com\/pt-pt\/wp-json\/wp\/v2\/product_application?post=9151"},{"taxonomy":"product_standards_certification","embeddable":true,"href":"https:\/\/www.danosa.com\/pt-pt\/wp-json\/wp\/v2\/product_standards_certification?post=9151"},{"taxonomy":"product_benefits","embeddable":true,"href":"https:\/\/www.danosa.com\/pt-pt\/wp-json\/wp\/v2\/product_benefits?post=9151"},{"taxonomy":"product_support","embeddable":true,"href":"https:\/\/www.danosa.com\/pt-pt\/wp-json\/wp\/v2\/product_support?post=9151"},{"taxonomy":"product_substrate_preparation","embeddable":true,"href":"https:\/\/www.danosa.com\/pt-pt\/wp-json\/wp\/v2\/product_substrate_preparation?post=9151"},{"taxonomy":"product_important_indications","embeddable":true,"href":"https:\/\/www.danosa.com\/pt-pt\/wp-json\/wp\/v2\/product_important_indications?post=9151"},{"taxonomy":"product_conservation","embeddable":true,"href":"https:\/\/www.danosa.com\/pt-pt\/wp-json\/wp\/v2\/product_conservation?post=9151"},{"taxonomy":"product_warning","embeddable":true,"href":"https:\/\/www.danosa.com\/pt-pt\/wp-json\/wp\/v2\/product_warning?post=9151"},{"taxonomy":"product_safety_hygiene","embeddable":true,"href":"https:\/\/www.danosa.com\/pt-pt\/wp-json\/wp\/v2\/product_safety_hygiene?post=9151"},{"taxonomy":"system_certification","embeddable":true,"href":"https:\/\/www.danosa.com\/pt-pt\/wp-json\/wp\/v2\/system_certification?post=9151"},{"taxonomy":"product_maintenance","embeddable":true,"href":"https:\/\/www.danosa.com\/pt-pt\/wp-json\/wp\/v2\/product_maintenance?post=9151"},{"taxonomy":"product_safety_datasheet","embeddable":true,"href":"https:\/\/www.danosa.com\/pt-pt\/wp-json\/wp\/v2\/product_safety_datasheet?post=9151"},{"taxonomy":"filter_special_uses","embeddable":true,"href":"https:\/\/www.danosa.com\/pt-pt\/wp-json\/wp\/v2\/filter_special_uses?post=9151"}],"curies":[{"name":"wp","href":"https:\/\/api.w.org\/{rel}","templated":true}]}}