{"id":9265,"date":"2026-02-18T15:35:52","date_gmt":"2026-02-18T15:35:52","guid":{"rendered":"https:\/\/www.danosa.com\/pt-pt\/produto\/self-dan\/self-dan-natural-0-10\/"},"modified":"2026-02-18T15:35:55","modified_gmt":"2026-02-18T15:35:55","slug":"self-dan-natural-0-10-m","status":"publish","type":"product","link":"https:\/\/www.danosa.com\/pt-pt\/produto\/self-dan\/self-dan-natural-0-10-m\/","title":{"rendered":"SELF-DAN | NATURAL | 0.10 m"},"content":{"rendered":"","protected":false},"excerpt":{"rendered":"","protected":false},"featured_media":0,"parent":9122,"menu_order":0,"template":"","meta":{"inline_featured_image":false,"site-sidebar-layout":"default","site-content-layout":"default","ast-main-header-display":"","ast-hfb-above-header-display":"","ast-hfb-below-header-display":"","ast-hfb-mobile-header-display":"","site-post-title":"","ast-breadcrumbs-content":"","ast-featured-img":"","footer-sml-layout":"","theme-transparent-header-meta":"","adv-header-id-meta":"","stick-header-meta":"","header-above-stick-meta":"","header-main-stick-meta":"","header-below-stick-meta":""},"family":[],"product_notice":[],"product_icon":[],"product_application":[],"product_standards_certification":[],"product_benefits":[],"product_support":[],"product_substrate_preparation":[],"product_important_indications":[],"product_conservation":[],"product_warning":[],"product_safety_hygiene":[],"system_certification":[],"product_maintenance":[],"product_safety_datasheet":[],"filter_special_uses":[],"acf":[],"yoast_head":"<!-- This site is optimized with the Yoast SEO plugin v18.1 - https:\/\/yoast.com\/wordpress\/plugins\/seo\/ -->\n<title>Banda impermeabilizante autoadesiva betuminosa | AUTO-DAN | Danosa<\/title>\n<meta name=\"description\" content=\"Banda impermeabilizante betuminosa autoadesiva SELF-DAN com autoprote\u00e7\u00e3o met\u00e1lica para veda\u00e7\u00e3o de chamin\u00e9s, tubula\u00e7\u00f5es, clarab\u00f3ias ou fissuras.\" \/>\n<meta name=\"robots\" content=\"index, follow, max-snippet:-1, max-image-preview:large, max-video-preview:-1\" \/>\n<link rel=\"canonical\" href=\"https:\/\/www.danosa.com\/pt-pt\/produto\/self-dan\/self-dan-natural-0-10-m\/\" \/>\n<meta property=\"og:locale\" content=\"pt_PT\" \/>\n<meta property=\"og:type\" content=\"article\" \/>\n<meta property=\"og:title\" content=\"Banda impermeabilizante autoadesiva betuminosa | AUTO-DAN | Danosa\" \/>\n<meta property=\"og:description\" content=\"Banda impermeabilizante betuminosa autoadesiva SELF-DAN com autoprote\u00e7\u00e3o met\u00e1lica para veda\u00e7\u00e3o de chamin\u00e9s, tubula\u00e7\u00f5es, clarab\u00f3ias ou fissuras.\" \/>\n<meta property=\"og:url\" content=\"https:\/\/www.danosa.com\/pt-pt\/produto\/self-dan\/self-dan-natural-0-10-m\/\" \/>\n<meta property=\"og:site_name\" content=\"Danosa | Solu\u00e7\u00f5es de constru\u00e7\u00e3o\" \/>\n<meta property=\"article:modified_time\" content=\"2026-02-18T15:35:55+00:00\" \/>\n<meta name=\"twitter:card\" content=\"summary_large_image\" \/>\n<script type=\"application\/ld+json\" class=\"yoast-schema-graph\">{\"@context\":\"https:\/\/schema.org\",\"@graph\":[{\"@type\":\"WebSite\",\"@id\":\"https:\/\/www.danosa.com\/pt-pt\/#website\",\"url\":\"https:\/\/www.danosa.com\/pt-pt\/\",\"name\":\"Danosa | Solu\u00e7\u00f5es de constru\u00e7\u00e3o\",\"description\":\"Impermeabiliza\u00e7\u00e3o, isolamento ac\u00fastico e t\u00e9rmico\",\"potentialAction\":[{\"@type\":\"SearchAction\",\"target\":{\"@type\":\"EntryPoint\",\"urlTemplate\":\"https:\/\/www.danosa.com\/pt-pt\/?s={search_term_string}\"},\"query-input\":\"required name=search_term_string\"}],\"inLanguage\":\"pt-PT\"},{\"@type\":\"WebPage\",\"@id\":\"https:\/\/www.danosa.com\/pt-pt\/produto\/self-dan\/self-dan-natural-0-10-m\/#webpage\",\"url\":\"https:\/\/www.danosa.com\/pt-pt\/produto\/self-dan\/self-dan-natural-0-10-m\/\",\"name\":\"Banda impermeabilizante autoadesiva betuminosa | AUTO-DAN | Danosa\",\"isPartOf\":{\"@id\":\"https:\/\/www.danosa.com\/pt-pt\/#website\"},\"datePublished\":\"2026-02-18T15:35:52+00:00\",\"dateModified\":\"2026-02-18T15:35:55+00:00\",\"description\":\"Banda impermeabilizante betuminosa autoadesiva SELF-DAN com autoprote\u00e7\u00e3o met\u00e1lica para veda\u00e7\u00e3o de chamin\u00e9s, tubula\u00e7\u00f5es, clarab\u00f3ias ou fissuras.\",\"breadcrumb\":{\"@id\":\"https:\/\/www.danosa.com\/pt-pt\/produto\/self-dan\/self-dan-natural-0-10-m\/#breadcrumb\"},\"inLanguage\":\"pt-PT\",\"potentialAction\":[{\"@type\":\"ReadAction\",\"target\":[\"https:\/\/www.danosa.com\/pt-pt\/produto\/self-dan\/self-dan-natural-0-10-m\/\"]}]},{\"@type\":\"BreadcrumbList\",\"@id\":\"https:\/\/www.danosa.com\/pt-pt\/produto\/self-dan\/self-dan-natural-0-10-m\/#breadcrumb\",\"itemListElement\":[{\"@type\":\"ListItem\",\"position\":1,\"name\":\"Portada\",\"item\":\"https:\/\/www.danosa.com\/pt-pt\/\"},{\"@type\":\"ListItem\",\"position\":2,\"name\":\"SELF-DAN\",\"item\":\"https:\/\/www.danosa.com\/pt-pt\/produto\/self-dan\/\"},{\"@type\":\"ListItem\",\"position\":3,\"name\":\"SELF-DAN | NATURAL | 0.10 m\"}]}]}<\/script>\n<!-- \/ Yoast SEO plugin. -->","yoast_head_json":{"title":"Banda impermeabilizante autoadesiva betuminosa | AUTO-DAN | Danosa","description":"Banda impermeabilizante betuminosa autoadesiva SELF-DAN com autoprote\u00e7\u00e3o met\u00e1lica para veda\u00e7\u00e3o de chamin\u00e9s, tubula\u00e7\u00f5es, clarab\u00f3ias ou fissuras.","robots":{"index":"index","follow":"follow","max-snippet":"max-snippet:-1","max-image-preview":"max-image-preview:large","max-video-preview":"max-video-preview:-1"},"canonical":"https:\/\/www.danosa.com\/pt-pt\/produto\/self-dan\/self-dan-natural-0-10-m\/","og_locale":"pt_PT","og_type":"article","og_title":"Banda impermeabilizante autoadesiva betuminosa | AUTO-DAN | Danosa","og_description":"Banda impermeabilizante betuminosa autoadesiva SELF-DAN com autoprote\u00e7\u00e3o met\u00e1lica para veda\u00e7\u00e3o de chamin\u00e9s, tubula\u00e7\u00f5es, clarab\u00f3ias ou fissuras.","og_url":"https:\/\/www.danosa.com\/pt-pt\/produto\/self-dan\/self-dan-natural-0-10-m\/","og_site_name":"Danosa | Solu\u00e7\u00f5es de constru\u00e7\u00e3o","article_modified_time":"2026-02-18T15:35:55+00:00","twitter_card":"summary_large_image","schema":{"@context":"https:\/\/schema.org","@graph":[{"@type":"WebSite","@id":"https:\/\/www.danosa.com\/pt-pt\/#website","url":"https:\/\/www.danosa.com\/pt-pt\/","name":"Danosa | Solu\u00e7\u00f5es de constru\u00e7\u00e3o","description":"Impermeabiliza\u00e7\u00e3o, isolamento ac\u00fastico e t\u00e9rmico","potentialAction":[{"@type":"SearchAction","target":{"@type":"EntryPoint","urlTemplate":"https:\/\/www.danosa.com\/pt-pt\/?s={search_term_string}"},"query-input":"required name=search_term_string"}],"inLanguage":"pt-PT"},{"@type":"WebPage","@id":"https:\/\/www.danosa.com\/pt-pt\/produto\/self-dan\/self-dan-natural-0-10-m\/#webpage","url":"https:\/\/www.danosa.com\/pt-pt\/produto\/self-dan\/self-dan-natural-0-10-m\/","name":"Banda impermeabilizante autoadesiva betuminosa | AUTO-DAN | Danosa","isPartOf":{"@id":"https:\/\/www.danosa.com\/pt-pt\/#website"},"datePublished":"2026-02-18T15:35:52+00:00","dateModified":"2026-02-18T15:35:55+00:00","description":"Banda impermeabilizante betuminosa autoadesiva SELF-DAN com autoprote\u00e7\u00e3o met\u00e1lica para veda\u00e7\u00e3o de chamin\u00e9s, tubula\u00e7\u00f5es, clarab\u00f3ias ou fissuras.","breadcrumb":{"@id":"https:\/\/www.danosa.com\/pt-pt\/produto\/self-dan\/self-dan-natural-0-10-m\/#breadcrumb"},"inLanguage":"pt-PT","potentialAction":[{"@type":"ReadAction","target":["https:\/\/www.danosa.com\/pt-pt\/produto\/self-dan\/self-dan-natural-0-10-m\/"]}]},{"@type":"BreadcrumbList","@id":"https:\/\/www.danosa.com\/pt-pt\/produto\/self-dan\/self-dan-natural-0-10-m\/#breadcrumb","itemListElement":[{"@type":"ListItem","position":1,"name":"Portada","item":"https:\/\/www.danosa.com\/pt-pt\/"},{"@type":"ListItem","position":2,"name":"SELF-DAN","item":"https:\/\/www.danosa.com\/pt-pt\/produto\/self-dan\/"},{"@type":"ListItem","position":3,"name":"SELF-DAN | NATURAL | 0.10 m"}]}]}},"_links":{"self":[{"href":"https:\/\/www.danosa.com\/pt-pt\/wp-json\/wp\/v2\/product\/9265"}],"collection":[{"href":"https:\/\/www.danosa.com\/pt-pt\/wp-json\/wp\/v2\/product"}],"about":[{"href":"https:\/\/www.danosa.com\/pt-pt\/wp-json\/wp\/v2\/types\/product"}],"up":[{"embeddable":true,"href":"https:\/\/www.danosa.com\/pt-pt\/wp-json\/wp\/v2\/product\/9122"}],"wp:attachment":[{"href":"https:\/\/www.danosa.com\/pt-pt\/wp-json\/wp\/v2\/media?parent=9265"}],"wp:term":[{"taxonomy":"family","embeddable":true,"href":"https:\/\/www.danosa.com\/pt-pt\/wp-json\/wp\/v2\/family?post=9265"},{"taxonomy":"product_notice","embeddable":true,"href":"https:\/\/www.danosa.com\/pt-pt\/wp-json\/wp\/v2\/product_notice?post=9265"},{"taxonomy":"product_icon","embeddable":true,"href":"https:\/\/www.danosa.com\/pt-pt\/wp-json\/wp\/v2\/product_icon?post=9265"},{"taxonomy":"product_application","embeddable":true,"href":"https:\/\/www.danosa.com\/pt-pt\/wp-json\/wp\/v2\/product_application?post=9265"},{"taxonomy":"product_standards_certification","embeddable":true,"href":"https:\/\/www.danosa.com\/pt-pt\/wp-json\/wp\/v2\/product_standards_certification?post=9265"},{"taxonomy":"product_benefits","embeddable":true,"href":"https:\/\/www.danosa.com\/pt-pt\/wp-json\/wp\/v2\/product_benefits?post=9265"},{"taxonomy":"product_support","embeddable":true,"href":"https:\/\/www.danosa.com\/pt-pt\/wp-json\/wp\/v2\/product_support?post=9265"},{"taxonomy":"product_substrate_preparation","embeddable":true,"href":"https:\/\/www.danosa.com\/pt-pt\/wp-json\/wp\/v2\/product_substrate_preparation?post=9265"},{"taxonomy":"product_important_indications","embeddable":true,"href":"https:\/\/www.danosa.com\/pt-pt\/wp-json\/wp\/v2\/product_important_indications?post=9265"},{"taxonomy":"product_conservation","embeddable":true,"href":"https:\/\/www.danosa.com\/pt-pt\/wp-json\/wp\/v2\/product_conservation?post=9265"},{"taxonomy":"product_warning","embeddable":true,"href":"https:\/\/www.danosa.com\/pt-pt\/wp-json\/wp\/v2\/product_warning?post=9265"},{"taxonomy":"product_safety_hygiene","embeddable":true,"href":"https:\/\/www.danosa.com\/pt-pt\/wp-json\/wp\/v2\/product_safety_hygiene?post=9265"},{"taxonomy":"system_certification","embeddable":true,"href":"https:\/\/www.danosa.com\/pt-pt\/wp-json\/wp\/v2\/system_certification?post=9265"},{"taxonomy":"product_maintenance","embeddable":true,"href":"https:\/\/www.danosa.com\/pt-pt\/wp-json\/wp\/v2\/product_maintenance?post=9265"},{"taxonomy":"product_safety_datasheet","embeddable":true,"href":"https:\/\/www.danosa.com\/pt-pt\/wp-json\/wp\/v2\/product_safety_datasheet?post=9265"},{"taxonomy":"filter_special_uses","embeddable":true,"href":"https:\/\/www.danosa.com\/pt-pt\/wp-json\/wp\/v2\/filter_special_uses?post=9265"}],"curies":[{"name":"wp","href":"https:\/\/api.w.org\/{rel}","templated":true}]}}