{"id":9524,"date":"2026-02-18T15:40:50","date_gmt":"2026-02-18T15:40:50","guid":{"rendered":"https:\/\/www.danosa.com\/pt-pt\/produto\/danecran-100\/danecran-fieltro-fibra-vidrio-100-gr-b-200\/"},"modified":"2026-02-18T15:40:54","modified_gmt":"2026-02-18T15:40:54","slug":"danecran-fieltro-fibra-vidrio-100-gr-b-200","status":"publish","type":"product","link":"https:\/\/www.danosa.com\/pt-pt\/produto\/danecran-100\/danecran-fieltro-fibra-vidrio-100-gr-b-200\/","title":{"rendered":"DANECRAN FIELTRO FIBRA VIDRIO 100 GR-B.200"},"content":{"rendered":"","protected":false},"excerpt":{"rendered":"","protected":false},"featured_media":0,"parent":3944,"menu_order":0,"template":"","meta":{"inline_featured_image":false,"site-sidebar-layout":"default","site-content-layout":"default","ast-main-header-display":"","ast-hfb-above-header-display":"","ast-hfb-below-header-display":"","ast-hfb-mobile-header-display":"","site-post-title":"","ast-breadcrumbs-content":"","ast-featured-img":"","footer-sml-layout":"","theme-transparent-header-meta":"","adv-header-id-meta":"","stick-header-meta":"","header-above-stick-meta":"","header-main-stick-meta":"","header-below-stick-meta":""},"family":[],"product_notice":[],"product_icon":[],"product_application":[],"product_standards_certification":[],"product_benefits":[],"product_support":[],"product_substrate_preparation":[],"product_important_indications":[],"product_conservation":[],"product_warning":[],"product_safety_hygiene":[],"system_certification":[],"product_maintenance":[],"product_safety_datasheet":[],"filter_special_uses":[],"acf":[],"yoast_head":"<!-- This site is optimized with the Yoast SEO plugin v18.1 - https:\/\/yoast.com\/wordpress\/plugins\/seo\/ -->\n<title>V\u00e9u de fibra de vidro termo-soldado para impermeabiliza\u00e7\u00e3o | Danosa<\/title>\n<meta name=\"description\" content=\"V\u00e9u de fibra de vidro termo-soldado utilizado em solu\u00e7\u00f5es n\u00e3o aderentes como camada separadora entre o suporte e a membrana impermeabilizante\" \/>\n<meta name=\"robots\" content=\"index, follow, max-snippet:-1, max-image-preview:large, max-video-preview:-1\" \/>\n<link rel=\"canonical\" href=\"https:\/\/www.danosa.com\/pt-pt\/produto\/danecran-100\/danecran-fieltro-fibra-vidrio-100-gr-b-200\/\" \/>\n<meta property=\"og:locale\" content=\"pt_PT\" \/>\n<meta property=\"og:type\" content=\"article\" \/>\n<meta property=\"og:title\" content=\"V\u00e9u de fibra de vidro termo-soldado para impermeabiliza\u00e7\u00e3o | Danosa\" \/>\n<meta property=\"og:description\" content=\"V\u00e9u de fibra de vidro termo-soldado utilizado em solu\u00e7\u00f5es n\u00e3o aderentes como camada separadora entre o suporte e a membrana impermeabilizante\" \/>\n<meta property=\"og:url\" content=\"https:\/\/www.danosa.com\/pt-pt\/produto\/danecran-100\/danecran-fieltro-fibra-vidrio-100-gr-b-200\/\" \/>\n<meta property=\"og:site_name\" content=\"Danosa | Solu\u00e7\u00f5es de constru\u00e7\u00e3o\" \/>\n<meta property=\"article:modified_time\" content=\"2026-02-18T15:40:54+00:00\" \/>\n<meta name=\"twitter:card\" content=\"summary_large_image\" \/>\n<script type=\"application\/ld+json\" class=\"yoast-schema-graph\">{\"@context\":\"https:\/\/schema.org\",\"@graph\":[{\"@type\":\"WebSite\",\"@id\":\"https:\/\/www.danosa.com\/pt-pt\/#website\",\"url\":\"https:\/\/www.danosa.com\/pt-pt\/\",\"name\":\"Danosa | Solu\u00e7\u00f5es de constru\u00e7\u00e3o\",\"description\":\"Impermeabiliza\u00e7\u00e3o, isolamento ac\u00fastico e t\u00e9rmico\",\"potentialAction\":[{\"@type\":\"SearchAction\",\"target\":{\"@type\":\"EntryPoint\",\"urlTemplate\":\"https:\/\/www.danosa.com\/pt-pt\/?s={search_term_string}\"},\"query-input\":\"required name=search_term_string\"}],\"inLanguage\":\"pt-PT\"},{\"@type\":\"WebPage\",\"@id\":\"https:\/\/www.danosa.com\/pt-pt\/produto\/danecran-100\/danecran-fieltro-fibra-vidrio-100-gr-b-200\/#webpage\",\"url\":\"https:\/\/www.danosa.com\/pt-pt\/produto\/danecran-100\/danecran-fieltro-fibra-vidrio-100-gr-b-200\/\",\"name\":\"V\u00e9u de fibra de vidro termo-soldado para impermeabiliza\u00e7\u00e3o | Danosa\",\"isPartOf\":{\"@id\":\"https:\/\/www.danosa.com\/pt-pt\/#website\"},\"datePublished\":\"2026-02-18T15:40:50+00:00\",\"dateModified\":\"2026-02-18T15:40:54+00:00\",\"description\":\"V\u00e9u de fibra de vidro termo-soldado utilizado em solu\u00e7\u00f5es n\u00e3o aderentes como camada separadora entre o suporte e a membrana impermeabilizante\",\"breadcrumb\":{\"@id\":\"https:\/\/www.danosa.com\/pt-pt\/produto\/danecran-100\/danecran-fieltro-fibra-vidrio-100-gr-b-200\/#breadcrumb\"},\"inLanguage\":\"pt-PT\",\"potentialAction\":[{\"@type\":\"ReadAction\",\"target\":[\"https:\/\/www.danosa.com\/pt-pt\/produto\/danecran-100\/danecran-fieltro-fibra-vidrio-100-gr-b-200\/\"]}]},{\"@type\":\"BreadcrumbList\",\"@id\":\"https:\/\/www.danosa.com\/pt-pt\/produto\/danecran-100\/danecran-fieltro-fibra-vidrio-100-gr-b-200\/#breadcrumb\",\"itemListElement\":[{\"@type\":\"ListItem\",\"position\":1,\"name\":\"Portada\",\"item\":\"https:\/\/www.danosa.com\/pt-pt\/\"},{\"@type\":\"ListItem\",\"position\":2,\"name\":\"DANECRAN 100\",\"item\":\"https:\/\/www.danosa.com\/pt-pt\/produto\/danecran-100\/\"},{\"@type\":\"ListItem\",\"position\":3,\"name\":\"DANECRAN FIELTRO FIBRA VIDRIO 100 GR-B.200\"}]}]}<\/script>\n<!-- \/ Yoast SEO plugin. -->","yoast_head_json":{"title":"V\u00e9u de fibra de vidro termo-soldado para impermeabiliza\u00e7\u00e3o | Danosa","description":"V\u00e9u de fibra de vidro termo-soldado utilizado em solu\u00e7\u00f5es n\u00e3o aderentes como camada separadora entre o suporte e a membrana impermeabilizante","robots":{"index":"index","follow":"follow","max-snippet":"max-snippet:-1","max-image-preview":"max-image-preview:large","max-video-preview":"max-video-preview:-1"},"canonical":"https:\/\/www.danosa.com\/pt-pt\/produto\/danecran-100\/danecran-fieltro-fibra-vidrio-100-gr-b-200\/","og_locale":"pt_PT","og_type":"article","og_title":"V\u00e9u de fibra de vidro termo-soldado para impermeabiliza\u00e7\u00e3o | Danosa","og_description":"V\u00e9u de fibra de vidro termo-soldado utilizado em solu\u00e7\u00f5es n\u00e3o aderentes como camada separadora entre o suporte e a membrana impermeabilizante","og_url":"https:\/\/www.danosa.com\/pt-pt\/produto\/danecran-100\/danecran-fieltro-fibra-vidrio-100-gr-b-200\/","og_site_name":"Danosa | Solu\u00e7\u00f5es de constru\u00e7\u00e3o","article_modified_time":"2026-02-18T15:40:54+00:00","twitter_card":"summary_large_image","schema":{"@context":"https:\/\/schema.org","@graph":[{"@type":"WebSite","@id":"https:\/\/www.danosa.com\/pt-pt\/#website","url":"https:\/\/www.danosa.com\/pt-pt\/","name":"Danosa | Solu\u00e7\u00f5es de constru\u00e7\u00e3o","description":"Impermeabiliza\u00e7\u00e3o, isolamento ac\u00fastico e t\u00e9rmico","potentialAction":[{"@type":"SearchAction","target":{"@type":"EntryPoint","urlTemplate":"https:\/\/www.danosa.com\/pt-pt\/?s={search_term_string}"},"query-input":"required name=search_term_string"}],"inLanguage":"pt-PT"},{"@type":"WebPage","@id":"https:\/\/www.danosa.com\/pt-pt\/produto\/danecran-100\/danecran-fieltro-fibra-vidrio-100-gr-b-200\/#webpage","url":"https:\/\/www.danosa.com\/pt-pt\/produto\/danecran-100\/danecran-fieltro-fibra-vidrio-100-gr-b-200\/","name":"V\u00e9u de fibra de vidro termo-soldado para impermeabiliza\u00e7\u00e3o | Danosa","isPartOf":{"@id":"https:\/\/www.danosa.com\/pt-pt\/#website"},"datePublished":"2026-02-18T15:40:50+00:00","dateModified":"2026-02-18T15:40:54+00:00","description":"V\u00e9u de fibra de vidro termo-soldado utilizado em solu\u00e7\u00f5es n\u00e3o aderentes como camada separadora entre o suporte e a membrana impermeabilizante","breadcrumb":{"@id":"https:\/\/www.danosa.com\/pt-pt\/produto\/danecran-100\/danecran-fieltro-fibra-vidrio-100-gr-b-200\/#breadcrumb"},"inLanguage":"pt-PT","potentialAction":[{"@type":"ReadAction","target":["https:\/\/www.danosa.com\/pt-pt\/produto\/danecran-100\/danecran-fieltro-fibra-vidrio-100-gr-b-200\/"]}]},{"@type":"BreadcrumbList","@id":"https:\/\/www.danosa.com\/pt-pt\/produto\/danecran-100\/danecran-fieltro-fibra-vidrio-100-gr-b-200\/#breadcrumb","itemListElement":[{"@type":"ListItem","position":1,"name":"Portada","item":"https:\/\/www.danosa.com\/pt-pt\/"},{"@type":"ListItem","position":2,"name":"DANECRAN 100","item":"https:\/\/www.danosa.com\/pt-pt\/produto\/danecran-100\/"},{"@type":"ListItem","position":3,"name":"DANECRAN FIELTRO FIBRA VIDRIO 100 GR-B.200"}]}]}},"_links":{"self":[{"href":"https:\/\/www.danosa.com\/pt-pt\/wp-json\/wp\/v2\/product\/9524"}],"collection":[{"href":"https:\/\/www.danosa.com\/pt-pt\/wp-json\/wp\/v2\/product"}],"about":[{"href":"https:\/\/www.danosa.com\/pt-pt\/wp-json\/wp\/v2\/types\/product"}],"up":[{"embeddable":true,"href":"https:\/\/www.danosa.com\/pt-pt\/wp-json\/wp\/v2\/product\/3944"}],"wp:attachment":[{"href":"https:\/\/www.danosa.com\/pt-pt\/wp-json\/wp\/v2\/media?parent=9524"}],"wp:term":[{"taxonomy":"family","embeddable":true,"href":"https:\/\/www.danosa.com\/pt-pt\/wp-json\/wp\/v2\/family?post=9524"},{"taxonomy":"product_notice","embeddable":true,"href":"https:\/\/www.danosa.com\/pt-pt\/wp-json\/wp\/v2\/product_notice?post=9524"},{"taxonomy":"product_icon","embeddable":true,"href":"https:\/\/www.danosa.com\/pt-pt\/wp-json\/wp\/v2\/product_icon?post=9524"},{"taxonomy":"product_application","embeddable":true,"href":"https:\/\/www.danosa.com\/pt-pt\/wp-json\/wp\/v2\/product_application?post=9524"},{"taxonomy":"product_standards_certification","embeddable":true,"href":"https:\/\/www.danosa.com\/pt-pt\/wp-json\/wp\/v2\/product_standards_certification?post=9524"},{"taxonomy":"product_benefits","embeddable":true,"href":"https:\/\/www.danosa.com\/pt-pt\/wp-json\/wp\/v2\/product_benefits?post=9524"},{"taxonomy":"product_support","embeddable":true,"href":"https:\/\/www.danosa.com\/pt-pt\/wp-json\/wp\/v2\/product_support?post=9524"},{"taxonomy":"product_substrate_preparation","embeddable":true,"href":"https:\/\/www.danosa.com\/pt-pt\/wp-json\/wp\/v2\/product_substrate_preparation?post=9524"},{"taxonomy":"product_important_indications","embeddable":true,"href":"https:\/\/www.danosa.com\/pt-pt\/wp-json\/wp\/v2\/product_important_indications?post=9524"},{"taxonomy":"product_conservation","embeddable":true,"href":"https:\/\/www.danosa.com\/pt-pt\/wp-json\/wp\/v2\/product_conservation?post=9524"},{"taxonomy":"product_warning","embeddable":true,"href":"https:\/\/www.danosa.com\/pt-pt\/wp-json\/wp\/v2\/product_warning?post=9524"},{"taxonomy":"product_safety_hygiene","embeddable":true,"href":"https:\/\/www.danosa.com\/pt-pt\/wp-json\/wp\/v2\/product_safety_hygiene?post=9524"},{"taxonomy":"system_certification","embeddable":true,"href":"https:\/\/www.danosa.com\/pt-pt\/wp-json\/wp\/v2\/system_certification?post=9524"},{"taxonomy":"product_maintenance","embeddable":true,"href":"https:\/\/www.danosa.com\/pt-pt\/wp-json\/wp\/v2\/product_maintenance?post=9524"},{"taxonomy":"product_safety_datasheet","embeddable":true,"href":"https:\/\/www.danosa.com\/pt-pt\/wp-json\/wp\/v2\/product_safety_datasheet?post=9524"},{"taxonomy":"filter_special_uses","embeddable":true,"href":"https:\/\/www.danosa.com\/pt-pt\/wp-json\/wp\/v2\/filter_special_uses?post=9524"}],"curies":[{"name":"wp","href":"https:\/\/api.w.org\/{rel}","templated":true}]}}