{"id":9545,"date":"2026-02-18T15:40:55","date_gmt":"2026-02-18T15:40:55","guid":{"rendered":"https:\/\/www.danosa.com\/pt-pt\/produto\/paragravillas-de-polietileno\/paragravillas-polietileno\/"},"modified":"2026-02-18T15:40:58","modified_gmt":"2026-02-18T15:40:58","slug":"paragravillas-polietileno","status":"publish","type":"product","link":"https:\/\/www.danosa.com\/pt-pt\/produto\/paragravillas-de-polietileno\/paragravillas-polietileno\/","title":{"rendered":"PARAGRAVILLAS POLIETILENO"},"content":{"rendered":"","protected":false},"excerpt":{"rendered":"","protected":false},"featured_media":0,"parent":8260,"menu_order":0,"template":"","meta":{"inline_featured_image":false,"site-sidebar-layout":"default","site-content-layout":"default","ast-main-header-display":"","ast-hfb-above-header-display":"","ast-hfb-below-header-display":"","ast-hfb-mobile-header-display":"","site-post-title":"","ast-breadcrumbs-content":"","ast-featured-img":"","footer-sml-layout":"","theme-transparent-header-meta":"","adv-header-id-meta":"","stick-header-meta":"","header-above-stick-meta":"","header-main-stick-meta":"","header-below-stick-meta":""},"family":[],"product_notice":[],"product_icon":[],"product_application":[],"product_standards_certification":[],"product_benefits":[],"product_support":[],"product_substrate_preparation":[],"product_important_indications":[],"product_conservation":[],"product_warning":[],"product_safety_hygiene":[],"system_certification":[],"product_maintenance":[],"product_safety_datasheet":[],"filter_special_uses":[],"acf":[],"yoast_head":"<!-- This site is optimized with the Yoast SEO plugin v18.1 - https:\/\/yoast.com\/wordpress\/plugins\/seo\/ -->\n<title>Protetor de cascalho universal de polietileno de alta densidade (HDPE)<\/title>\n<meta name=\"description\" content=\"Protetor de cascalho universal de polietileno de alta densidade (HDPE), tamanho \u00fanico, adapt\u00e1vel aos di\u00e2metros das bacias de drenagem. Danosa\" \/>\n<meta name=\"robots\" content=\"index, follow, max-snippet:-1, max-image-preview:large, max-video-preview:-1\" \/>\n<link rel=\"canonical\" href=\"https:\/\/www.danosa.com\/pt-pt\/produto\/paragravillas-de-polietileno\/paragravillas-polietileno\/\" \/>\n<meta property=\"og:locale\" content=\"pt_PT\" \/>\n<meta property=\"og:type\" content=\"article\" \/>\n<meta property=\"og:title\" content=\"Protetor de cascalho universal de polietileno de alta densidade (HDPE)\" \/>\n<meta property=\"og:description\" content=\"Protetor de cascalho universal de polietileno de alta densidade (HDPE), tamanho \u00fanico, adapt\u00e1vel aos di\u00e2metros das bacias de drenagem. Danosa\" \/>\n<meta property=\"og:url\" content=\"https:\/\/www.danosa.com\/pt-pt\/produto\/paragravillas-de-polietileno\/paragravillas-polietileno\/\" \/>\n<meta property=\"og:site_name\" content=\"Danosa | Solu\u00e7\u00f5es de constru\u00e7\u00e3o\" \/>\n<meta property=\"article:modified_time\" content=\"2026-02-18T15:40:58+00:00\" \/>\n<meta name=\"twitter:card\" content=\"summary_large_image\" \/>\n<script type=\"application\/ld+json\" class=\"yoast-schema-graph\">{\"@context\":\"https:\/\/schema.org\",\"@graph\":[{\"@type\":\"WebSite\",\"@id\":\"https:\/\/www.danosa.com\/pt-pt\/#website\",\"url\":\"https:\/\/www.danosa.com\/pt-pt\/\",\"name\":\"Danosa | Solu\u00e7\u00f5es de constru\u00e7\u00e3o\",\"description\":\"Impermeabiliza\u00e7\u00e3o, isolamento ac\u00fastico e t\u00e9rmico\",\"potentialAction\":[{\"@type\":\"SearchAction\",\"target\":{\"@type\":\"EntryPoint\",\"urlTemplate\":\"https:\/\/www.danosa.com\/pt-pt\/?s={search_term_string}\"},\"query-input\":\"required name=search_term_string\"}],\"inLanguage\":\"pt-PT\"},{\"@type\":\"WebPage\",\"@id\":\"https:\/\/www.danosa.com\/pt-pt\/produto\/paragravillas-de-polietileno\/paragravillas-polietileno\/#webpage\",\"url\":\"https:\/\/www.danosa.com\/pt-pt\/produto\/paragravillas-de-polietileno\/paragravillas-polietileno\/\",\"name\":\"Protetor de cascalho universal de polietileno de alta densidade (HDPE)\",\"isPartOf\":{\"@id\":\"https:\/\/www.danosa.com\/pt-pt\/#website\"},\"datePublished\":\"2026-02-18T15:40:55+00:00\",\"dateModified\":\"2026-02-18T15:40:58+00:00\",\"description\":\"Protetor de cascalho universal de polietileno de alta densidade (HDPE), tamanho \u00fanico, adapt\u00e1vel aos di\u00e2metros das bacias de drenagem. Danosa\",\"breadcrumb\":{\"@id\":\"https:\/\/www.danosa.com\/pt-pt\/produto\/paragravillas-de-polietileno\/paragravillas-polietileno\/#breadcrumb\"},\"inLanguage\":\"pt-PT\",\"potentialAction\":[{\"@type\":\"ReadAction\",\"target\":[\"https:\/\/www.danosa.com\/pt-pt\/produto\/paragravillas-de-polietileno\/paragravillas-polietileno\/\"]}]},{\"@type\":\"BreadcrumbList\",\"@id\":\"https:\/\/www.danosa.com\/pt-pt\/produto\/paragravillas-de-polietileno\/paragravillas-polietileno\/#breadcrumb\",\"itemListElement\":[{\"@type\":\"ListItem\",\"position\":1,\"name\":\"Portada\",\"item\":\"https:\/\/www.danosa.com\/pt-pt\/\"},{\"@type\":\"ListItem\",\"position\":2,\"name\":\"PARAGRAVILLAS DE POLIETILENO\",\"item\":\"https:\/\/www.danosa.com\/pt-pt\/produto\/paragravillas-de-polietileno\/\"},{\"@type\":\"ListItem\",\"position\":3,\"name\":\"PARAGRAVILLAS POLIETILENO\"}]}]}<\/script>\n<!-- \/ Yoast SEO plugin. -->","yoast_head_json":{"title":"Protetor de cascalho universal de polietileno de alta densidade (HDPE)","description":"Protetor de cascalho universal de polietileno de alta densidade (HDPE), tamanho \u00fanico, adapt\u00e1vel aos di\u00e2metros das bacias de drenagem. Danosa","robots":{"index":"index","follow":"follow","max-snippet":"max-snippet:-1","max-image-preview":"max-image-preview:large","max-video-preview":"max-video-preview:-1"},"canonical":"https:\/\/www.danosa.com\/pt-pt\/produto\/paragravillas-de-polietileno\/paragravillas-polietileno\/","og_locale":"pt_PT","og_type":"article","og_title":"Protetor de cascalho universal de polietileno de alta densidade (HDPE)","og_description":"Protetor de cascalho universal de polietileno de alta densidade (HDPE), tamanho \u00fanico, adapt\u00e1vel aos di\u00e2metros das bacias de drenagem. Danosa","og_url":"https:\/\/www.danosa.com\/pt-pt\/produto\/paragravillas-de-polietileno\/paragravillas-polietileno\/","og_site_name":"Danosa | Solu\u00e7\u00f5es de constru\u00e7\u00e3o","article_modified_time":"2026-02-18T15:40:58+00:00","twitter_card":"summary_large_image","schema":{"@context":"https:\/\/schema.org","@graph":[{"@type":"WebSite","@id":"https:\/\/www.danosa.com\/pt-pt\/#website","url":"https:\/\/www.danosa.com\/pt-pt\/","name":"Danosa | Solu\u00e7\u00f5es de constru\u00e7\u00e3o","description":"Impermeabiliza\u00e7\u00e3o, isolamento ac\u00fastico e t\u00e9rmico","potentialAction":[{"@type":"SearchAction","target":{"@type":"EntryPoint","urlTemplate":"https:\/\/www.danosa.com\/pt-pt\/?s={search_term_string}"},"query-input":"required name=search_term_string"}],"inLanguage":"pt-PT"},{"@type":"WebPage","@id":"https:\/\/www.danosa.com\/pt-pt\/produto\/paragravillas-de-polietileno\/paragravillas-polietileno\/#webpage","url":"https:\/\/www.danosa.com\/pt-pt\/produto\/paragravillas-de-polietileno\/paragravillas-polietileno\/","name":"Protetor de cascalho universal de polietileno de alta densidade (HDPE)","isPartOf":{"@id":"https:\/\/www.danosa.com\/pt-pt\/#website"},"datePublished":"2026-02-18T15:40:55+00:00","dateModified":"2026-02-18T15:40:58+00:00","description":"Protetor de cascalho universal de polietileno de alta densidade (HDPE), tamanho \u00fanico, adapt\u00e1vel aos di\u00e2metros das bacias de drenagem. Danosa","breadcrumb":{"@id":"https:\/\/www.danosa.com\/pt-pt\/produto\/paragravillas-de-polietileno\/paragravillas-polietileno\/#breadcrumb"},"inLanguage":"pt-PT","potentialAction":[{"@type":"ReadAction","target":["https:\/\/www.danosa.com\/pt-pt\/produto\/paragravillas-de-polietileno\/paragravillas-polietileno\/"]}]},{"@type":"BreadcrumbList","@id":"https:\/\/www.danosa.com\/pt-pt\/produto\/paragravillas-de-polietileno\/paragravillas-polietileno\/#breadcrumb","itemListElement":[{"@type":"ListItem","position":1,"name":"Portada","item":"https:\/\/www.danosa.com\/pt-pt\/"},{"@type":"ListItem","position":2,"name":"PARAGRAVILLAS DE POLIETILENO","item":"https:\/\/www.danosa.com\/pt-pt\/produto\/paragravillas-de-polietileno\/"},{"@type":"ListItem","position":3,"name":"PARAGRAVILLAS POLIETILENO"}]}]}},"_links":{"self":[{"href":"https:\/\/www.danosa.com\/pt-pt\/wp-json\/wp\/v2\/product\/9545"}],"collection":[{"href":"https:\/\/www.danosa.com\/pt-pt\/wp-json\/wp\/v2\/product"}],"about":[{"href":"https:\/\/www.danosa.com\/pt-pt\/wp-json\/wp\/v2\/types\/product"}],"up":[{"embeddable":true,"href":"https:\/\/www.danosa.com\/pt-pt\/wp-json\/wp\/v2\/product\/8260"}],"wp:attachment":[{"href":"https:\/\/www.danosa.com\/pt-pt\/wp-json\/wp\/v2\/media?parent=9545"}],"wp:term":[{"taxonomy":"family","embeddable":true,"href":"https:\/\/www.danosa.com\/pt-pt\/wp-json\/wp\/v2\/family?post=9545"},{"taxonomy":"product_notice","embeddable":true,"href":"https:\/\/www.danosa.com\/pt-pt\/wp-json\/wp\/v2\/product_notice?post=9545"},{"taxonomy":"product_icon","embeddable":true,"href":"https:\/\/www.danosa.com\/pt-pt\/wp-json\/wp\/v2\/product_icon?post=9545"},{"taxonomy":"product_application","embeddable":true,"href":"https:\/\/www.danosa.com\/pt-pt\/wp-json\/wp\/v2\/product_application?post=9545"},{"taxonomy":"product_standards_certification","embeddable":true,"href":"https:\/\/www.danosa.com\/pt-pt\/wp-json\/wp\/v2\/product_standards_certification?post=9545"},{"taxonomy":"product_benefits","embeddable":true,"href":"https:\/\/www.danosa.com\/pt-pt\/wp-json\/wp\/v2\/product_benefits?post=9545"},{"taxonomy":"product_support","embeddable":true,"href":"https:\/\/www.danosa.com\/pt-pt\/wp-json\/wp\/v2\/product_support?post=9545"},{"taxonomy":"product_substrate_preparation","embeddable":true,"href":"https:\/\/www.danosa.com\/pt-pt\/wp-json\/wp\/v2\/product_substrate_preparation?post=9545"},{"taxonomy":"product_important_indications","embeddable":true,"href":"https:\/\/www.danosa.com\/pt-pt\/wp-json\/wp\/v2\/product_important_indications?post=9545"},{"taxonomy":"product_conservation","embeddable":true,"href":"https:\/\/www.danosa.com\/pt-pt\/wp-json\/wp\/v2\/product_conservation?post=9545"},{"taxonomy":"product_warning","embeddable":true,"href":"https:\/\/www.danosa.com\/pt-pt\/wp-json\/wp\/v2\/product_warning?post=9545"},{"taxonomy":"product_safety_hygiene","embeddable":true,"href":"https:\/\/www.danosa.com\/pt-pt\/wp-json\/wp\/v2\/product_safety_hygiene?post=9545"},{"taxonomy":"system_certification","embeddable":true,"href":"https:\/\/www.danosa.com\/pt-pt\/wp-json\/wp\/v2\/system_certification?post=9545"},{"taxonomy":"product_maintenance","embeddable":true,"href":"https:\/\/www.danosa.com\/pt-pt\/wp-json\/wp\/v2\/product_maintenance?post=9545"},{"taxonomy":"product_safety_datasheet","embeddable":true,"href":"https:\/\/www.danosa.com\/pt-pt\/wp-json\/wp\/v2\/product_safety_datasheet?post=9545"},{"taxonomy":"filter_special_uses","embeddable":true,"href":"https:\/\/www.danosa.com\/pt-pt\/wp-json\/wp\/v2\/filter_special_uses?post=9545"}],"curies":[{"name":"wp","href":"https:\/\/api.w.org\/{rel}","templated":true}]}}