{"id":9680,"date":"2026-04-09T04:21:04","date_gmt":"2026-04-09T03:21:04","guid":{"rendered":"https:\/\/www.danosa.com\/pt-pt\/produto\/argotec-fixtherm-netzero\/"},"modified":"2026-04-09T04:21:05","modified_gmt":"2026-04-09T03:21:05","slug":"argotec-fixtherm-netzero","status":"publish","type":"product","link":"https:\/\/www.danosa.com\/pt-pt\/produto\/argotec-fixtherm-netzero\/","title":{"rendered":"ARGOTEC FIXTHERM NETZERO."},"content":{"rendered":"<p>ARGOTEC<sup>\u00ae<\/sup> FIXTHERM NetZero \u00e9 uma argamassa polim\u00e9rica modificada PCC e de retra\u00e7\u00e3o compensada, para colagem e revestimento de placas isolantes em poliestireno expandido (EPS), poliestireno extrudido (XPS) e l\u00e3 mineral (MW), em sistemas de isolamento t\u00e9rmico pelo exterior (ETICS). Formulado \u00e0 base de cimento Portland, granulados selecionados, aditivos org\u00e2nicos, fibras e resinas sint\u00e9ticas, que melhoram a sua trabalhabilidade, reten\u00e7\u00e3o de \u00e1gua, tempo aberto e ader\u00eancia da argamassa.<\/p>\n","protected":false},"excerpt":{"rendered":"<p>Argamassa de colagem e revestimento para placas de EPS, XPS e MW em sistema ETICS<\/p>\n","protected":false},"featured_media":0,"parent":0,"menu_order":0,"template":"","meta":{"inline_featured_image":false,"site-sidebar-layout":"default","site-content-layout":"default","ast-main-header-display":"","ast-hfb-above-header-display":"","ast-hfb-below-header-display":"","ast-hfb-mobile-header-display":"","site-post-title":"","ast-breadcrumbs-content":"","ast-featured-img":"","footer-sml-layout":"","theme-transparent-header-meta":"","adv-header-id-meta":"","stick-header-meta":"","header-above-stick-meta":"","header-main-stick-meta":"","header-below-stick-meta":""},"family":[6980],"product_notice":[120531],"product_icon":[],"product_application":[119083,119398,119402],"product_standards_certification":[],"product_benefits":[118522,118618,118620,118672,118728,118736,118743,118840,118886],"product_support":[120276,120285,120297,120304,120309],"product_substrate_preparation":[120474,120475,120488,120492,120504],"product_important_indications":[],"product_conservation":[120038],"product_warning":[120103,120108,120119,120130,120145,120152,120153,120157,120198,120200,120212],"product_safety_hygiene":[],"system_certification":[7130,6760,59982],"product_maintenance":[],"product_safety_datasheet":[7142],"filter_special_uses":[],"acf":[],"yoast_head":"<!-- This site is optimized with the Yoast SEO plugin v18.1 - https:\/\/yoast.com\/wordpress\/plugins\/seo\/ -->\n<title>Argamassa para colagem e revestimento de placas de EPS, XPS e MW em sistemas ETICS<\/title>\n<meta name=\"description\" content=\"Argamassa para colagem e revestimento de placas de EPS, XPS e MW em sistemas de isolamento t\u00e9rmico pelo exterior ETICS.\" \/>\n<meta name=\"robots\" content=\"index, follow, max-snippet:-1, max-image-preview:large, max-video-preview:-1\" \/>\n<link rel=\"canonical\" href=\"https:\/\/www.danosa.com\/pt-pt\/produto\/argotec-fixtherm-netzero\/\" \/>\n<meta property=\"og:locale\" content=\"pt_PT\" \/>\n<meta property=\"og:type\" content=\"article\" \/>\n<meta property=\"og:title\" content=\"Argamassa para colagem e revestimento de placas de EPS, XPS e MW em sistemas ETICS\" \/>\n<meta property=\"og:description\" content=\"Argamassa para colagem e revestimento de placas de EPS, XPS e MW em sistemas de isolamento t\u00e9rmico pelo exterior ETICS.\" \/>\n<meta property=\"og:url\" content=\"https:\/\/www.danosa.com\/pt-pt\/produto\/argotec-fixtherm-netzero\/\" \/>\n<meta property=\"og:site_name\" content=\"Danosa | Solu\u00e7\u00f5es de constru\u00e7\u00e3o\" \/>\n<meta property=\"article:modified_time\" content=\"2026-04-09T03:21:05+00:00\" \/>\n<meta name=\"twitter:card\" content=\"summary_large_image\" \/>\n<script type=\"application\/ld+json\" class=\"yoast-schema-graph\">{\"@context\":\"https:\/\/schema.org\",\"@graph\":[{\"@type\":\"WebSite\",\"@id\":\"https:\/\/www.danosa.com\/pt-pt\/#website\",\"url\":\"https:\/\/www.danosa.com\/pt-pt\/\",\"name\":\"Danosa | Solu\u00e7\u00f5es de constru\u00e7\u00e3o\",\"description\":\"Impermeabiliza\u00e7\u00e3o, isolamento ac\u00fastico e t\u00e9rmico\",\"potentialAction\":[{\"@type\":\"SearchAction\",\"target\":{\"@type\":\"EntryPoint\",\"urlTemplate\":\"https:\/\/www.danosa.com\/pt-pt\/?s={search_term_string}\"},\"query-input\":\"required name=search_term_string\"}],\"inLanguage\":\"pt-PT\"},{\"@type\":\"WebPage\",\"@id\":\"https:\/\/www.danosa.com\/pt-pt\/produto\/argotec-fixtherm-netzero\/#webpage\",\"url\":\"https:\/\/www.danosa.com\/pt-pt\/produto\/argotec-fixtherm-netzero\/\",\"name\":\"Argamassa para colagem e revestimento de placas de EPS, XPS e MW em sistemas ETICS\",\"isPartOf\":{\"@id\":\"https:\/\/www.danosa.com\/pt-pt\/#website\"},\"datePublished\":\"2026-04-09T03:21:04+00:00\",\"dateModified\":\"2026-04-09T03:21:05+00:00\",\"description\":\"Argamassa para colagem e revestimento de placas de EPS, XPS e MW em sistemas de isolamento t\u00e9rmico pelo exterior ETICS.\",\"breadcrumb\":{\"@id\":\"https:\/\/www.danosa.com\/pt-pt\/produto\/argotec-fixtherm-netzero\/#breadcrumb\"},\"inLanguage\":\"pt-PT\",\"potentialAction\":[{\"@type\":\"ReadAction\",\"target\":[\"https:\/\/www.danosa.com\/pt-pt\/produto\/argotec-fixtherm-netzero\/\"]}]},{\"@type\":\"BreadcrumbList\",\"@id\":\"https:\/\/www.danosa.com\/pt-pt\/produto\/argotec-fixtherm-netzero\/#breadcrumb\",\"itemListElement\":[{\"@type\":\"ListItem\",\"position\":1,\"name\":\"Portada\",\"item\":\"https:\/\/www.danosa.com\/pt-pt\/\"},{\"@type\":\"ListItem\",\"position\":2,\"name\":\"ARGOTEC FIXTHERM NETZERO.\"}]}]}<\/script>\n<!-- \/ Yoast SEO plugin. -->","yoast_head_json":{"title":"Argamassa para colagem e revestimento de placas de EPS, XPS e MW em sistemas ETICS","description":"Argamassa para colagem e revestimento de placas de EPS, XPS e MW em sistemas de isolamento t\u00e9rmico pelo exterior ETICS.","robots":{"index":"index","follow":"follow","max-snippet":"max-snippet:-1","max-image-preview":"max-image-preview:large","max-video-preview":"max-video-preview:-1"},"canonical":"https:\/\/www.danosa.com\/pt-pt\/produto\/argotec-fixtherm-netzero\/","og_locale":"pt_PT","og_type":"article","og_title":"Argamassa para colagem e revestimento de placas de EPS, XPS e MW em sistemas ETICS","og_description":"Argamassa para colagem e revestimento de placas de EPS, XPS e MW em sistemas de isolamento t\u00e9rmico pelo exterior ETICS.","og_url":"https:\/\/www.danosa.com\/pt-pt\/produto\/argotec-fixtherm-netzero\/","og_site_name":"Danosa | Solu\u00e7\u00f5es de constru\u00e7\u00e3o","article_modified_time":"2026-04-09T03:21:05+00:00","twitter_card":"summary_large_image","schema":{"@context":"https:\/\/schema.org","@graph":[{"@type":"WebSite","@id":"https:\/\/www.danosa.com\/pt-pt\/#website","url":"https:\/\/www.danosa.com\/pt-pt\/","name":"Danosa | Solu\u00e7\u00f5es de constru\u00e7\u00e3o","description":"Impermeabiliza\u00e7\u00e3o, isolamento ac\u00fastico e t\u00e9rmico","potentialAction":[{"@type":"SearchAction","target":{"@type":"EntryPoint","urlTemplate":"https:\/\/www.danosa.com\/pt-pt\/?s={search_term_string}"},"query-input":"required name=search_term_string"}],"inLanguage":"pt-PT"},{"@type":"WebPage","@id":"https:\/\/www.danosa.com\/pt-pt\/produto\/argotec-fixtherm-netzero\/#webpage","url":"https:\/\/www.danosa.com\/pt-pt\/produto\/argotec-fixtherm-netzero\/","name":"Argamassa para colagem e revestimento de placas de EPS, XPS e MW em sistemas ETICS","isPartOf":{"@id":"https:\/\/www.danosa.com\/pt-pt\/#website"},"datePublished":"2026-04-09T03:21:04+00:00","dateModified":"2026-04-09T03:21:05+00:00","description":"Argamassa para colagem e revestimento de placas de EPS, XPS e MW em sistemas de isolamento t\u00e9rmico pelo exterior ETICS.","breadcrumb":{"@id":"https:\/\/www.danosa.com\/pt-pt\/produto\/argotec-fixtherm-netzero\/#breadcrumb"},"inLanguage":"pt-PT","potentialAction":[{"@type":"ReadAction","target":["https:\/\/www.danosa.com\/pt-pt\/produto\/argotec-fixtherm-netzero\/"]}]},{"@type":"BreadcrumbList","@id":"https:\/\/www.danosa.com\/pt-pt\/produto\/argotec-fixtherm-netzero\/#breadcrumb","itemListElement":[{"@type":"ListItem","position":1,"name":"Portada","item":"https:\/\/www.danosa.com\/pt-pt\/"},{"@type":"ListItem","position":2,"name":"ARGOTEC FIXTHERM NETZERO."}]}]}},"_links":{"self":[{"href":"https:\/\/www.danosa.com\/pt-pt\/wp-json\/wp\/v2\/product\/9680"}],"collection":[{"href":"https:\/\/www.danosa.com\/pt-pt\/wp-json\/wp\/v2\/product"}],"about":[{"href":"https:\/\/www.danosa.com\/pt-pt\/wp-json\/wp\/v2\/types\/product"}],"wp:attachment":[{"href":"https:\/\/www.danosa.com\/pt-pt\/wp-json\/wp\/v2\/media?parent=9680"}],"wp:term":[{"taxonomy":"family","embeddable":true,"href":"https:\/\/www.danosa.com\/pt-pt\/wp-json\/wp\/v2\/family?post=9680"},{"taxonomy":"product_notice","embeddable":true,"href":"https:\/\/www.danosa.com\/pt-pt\/wp-json\/wp\/v2\/product_notice?post=9680"},{"taxonomy":"product_icon","embeddable":true,"href":"https:\/\/www.danosa.com\/pt-pt\/wp-json\/wp\/v2\/product_icon?post=9680"},{"taxonomy":"product_application","embeddable":true,"href":"https:\/\/www.danosa.com\/pt-pt\/wp-json\/wp\/v2\/product_application?post=9680"},{"taxonomy":"product_standards_certification","embeddable":true,"href":"https:\/\/www.danosa.com\/pt-pt\/wp-json\/wp\/v2\/product_standards_certification?post=9680"},{"taxonomy":"product_benefits","embeddable":true,"href":"https:\/\/www.danosa.com\/pt-pt\/wp-json\/wp\/v2\/product_benefits?post=9680"},{"taxonomy":"product_support","embeddable":true,"href":"https:\/\/www.danosa.com\/pt-pt\/wp-json\/wp\/v2\/product_support?post=9680"},{"taxonomy":"product_substrate_preparation","embeddable":true,"href":"https:\/\/www.danosa.com\/pt-pt\/wp-json\/wp\/v2\/product_substrate_preparation?post=9680"},{"taxonomy":"product_important_indications","embeddable":true,"href":"https:\/\/www.danosa.com\/pt-pt\/wp-json\/wp\/v2\/product_important_indications?post=9680"},{"taxonomy":"product_conservation","embeddable":true,"href":"https:\/\/www.danosa.com\/pt-pt\/wp-json\/wp\/v2\/product_conservation?post=9680"},{"taxonomy":"product_warning","embeddable":true,"href":"https:\/\/www.danosa.com\/pt-pt\/wp-json\/wp\/v2\/product_warning?post=9680"},{"taxonomy":"product_safety_hygiene","embeddable":true,"href":"https:\/\/www.danosa.com\/pt-pt\/wp-json\/wp\/v2\/product_safety_hygiene?post=9680"},{"taxonomy":"system_certification","embeddable":true,"href":"https:\/\/www.danosa.com\/pt-pt\/wp-json\/wp\/v2\/system_certification?post=9680"},{"taxonomy":"product_maintenance","embeddable":true,"href":"https:\/\/www.danosa.com\/pt-pt\/wp-json\/wp\/v2\/product_maintenance?post=9680"},{"taxonomy":"product_safety_datasheet","embeddable":true,"href":"https:\/\/www.danosa.com\/pt-pt\/wp-json\/wp\/v2\/product_safety_datasheet?post=9680"},{"taxonomy":"filter_special_uses","embeddable":true,"href":"https:\/\/www.danosa.com\/pt-pt\/wp-json\/wp\/v2\/filter_special_uses?post=9680"}],"curies":[{"name":"wp","href":"https:\/\/api.w.org\/{rel}","templated":true}]}}