{"id":9687,"date":"2026-04-09T04:21:21","date_gmt":"2026-04-09T03:21:21","guid":{"rendered":"https:\/\/www.danosa.com\/pt-pt\/produto\/danocret-protect-300-flex\/"},"modified":"2026-04-09T04:21:21","modified_gmt":"2026-04-09T03:21:21","slug":"danocret-protect-300-flex","status":"publish","type":"product","link":"https:\/\/www.danosa.com\/pt-pt\/produto\/danocret-protect-300-flex\/","title":{"rendered":"DANOCRET PROTECT 300 FLEX"},"content":{"rendered":"<p>DANOCRET\u00ae Protect 300 Flex \u00e9 uma membrana ciment\u00edcia PCC flex\u00edvel e imperme\u00e1vel, monocomponente, para a prote\u00e7\u00e3o superficial e impermeabiliza\u00e7\u00e3o de bet\u00e3o e argamassas. Formulada \u00e0 base de conglomerados hidr\u00e1ulicos, agregados selecionados e pol\u00edmeros, que proporcionam uma excelente elasticidade, ader\u00eancia e capacidade impermeabilizante.<\/p>\n","protected":false},"excerpt":{"rendered":"<p>Argamassa ciment\u00edcia flex\u00edvel para impermeabiliza\u00e7\u00e3o de dep\u00f3sitos de \u00e1gua pot\u00e1vel, po\u00e7os de elevador, piscinas, terra\u00e7os, pontos singulares e prote\u00e7\u00e3o superficial do bet\u00e3o. Monocomponente<\/p>\n","protected":false},"featured_media":0,"parent":0,"menu_order":0,"template":"","meta":{"inline_featured_image":false,"site-sidebar-layout":"default","site-content-layout":"default","ast-main-header-display":"","ast-hfb-above-header-display":"","ast-hfb-below-header-display":"","ast-hfb-mobile-header-display":"","site-post-title":"","ast-breadcrumbs-content":"","ast-featured-img":"","footer-sml-layout":"","theme-transparent-header-meta":"","adv-header-id-meta":"","stick-header-meta":"","header-above-stick-meta":"","header-main-stick-meta":"","header-below-stick-meta":""},"family":[63032,6815],"product_notice":[120531],"product_icon":[],"product_application":[119080,119187,119234,119261,119373],"product_standards_certification":[],"product_benefits":[118469,118505,118527,118579,118616,118659,118660,118712,118721,118744,118815,118901,118941,119026],"product_support":[120297,120306,120328,120330],"product_substrate_preparation":[],"product_important_indications":[],"product_conservation":[119991,120037],"product_warning":[120115,120128,120136,120158,120178,120206,120213,120219,120220],"product_safety_hygiene":[],"system_certification":[7161,7129,36471,7163,68074,68075],"product_maintenance":[],"product_safety_datasheet":[46037,23707],"filter_special_uses":[],"acf":[],"yoast_head":"<!-- This site is optimized with the Yoast SEO plugin v18.1 - https:\/\/yoast.com\/wordpress\/plugins\/seo\/ -->\n<title>Argamassa impermeabilizante flex\u00edvel monocomponente | Danocret Protect<\/title>\n<meta name=\"description\" content=\"DANOCRET PROTECT 300 FLEX \u00e9 uma argamassa flex\u00edvel e impermeabilizante para estruturas de bet\u00e3o, varandas, terra\u00e7os, peitoris e piscinas.\" \/>\n<meta name=\"robots\" content=\"index, follow, max-snippet:-1, max-image-preview:large, max-video-preview:-1\" \/>\n<link rel=\"canonical\" href=\"https:\/\/www.danosa.com\/pt-pt\/produto\/danocret-protect-300-flex\/\" \/>\n<meta property=\"og:locale\" content=\"pt_PT\" \/>\n<meta property=\"og:type\" content=\"article\" \/>\n<meta property=\"og:title\" content=\"Argamassa impermeabilizante flex\u00edvel monocomponente | Danocret Protect\" \/>\n<meta property=\"og:description\" content=\"DANOCRET PROTECT 300 FLEX \u00e9 uma argamassa flex\u00edvel e impermeabilizante para estruturas de bet\u00e3o, varandas, terra\u00e7os, peitoris e piscinas.\" \/>\n<meta property=\"og:url\" content=\"https:\/\/www.danosa.com\/pt-pt\/produto\/danocret-protect-300-flex\/\" \/>\n<meta property=\"og:site_name\" content=\"Danosa | Solu\u00e7\u00f5es de constru\u00e7\u00e3o\" \/>\n<meta name=\"twitter:card\" content=\"summary_large_image\" \/>\n<script type=\"application\/ld+json\" class=\"yoast-schema-graph\">{\"@context\":\"https:\/\/schema.org\",\"@graph\":[{\"@type\":\"WebSite\",\"@id\":\"https:\/\/www.danosa.com\/pt-pt\/#website\",\"url\":\"https:\/\/www.danosa.com\/pt-pt\/\",\"name\":\"Danosa | Solu\u00e7\u00f5es de constru\u00e7\u00e3o\",\"description\":\"Impermeabiliza\u00e7\u00e3o, isolamento ac\u00fastico e t\u00e9rmico\",\"potentialAction\":[{\"@type\":\"SearchAction\",\"target\":{\"@type\":\"EntryPoint\",\"urlTemplate\":\"https:\/\/www.danosa.com\/pt-pt\/?s={search_term_string}\"},\"query-input\":\"required name=search_term_string\"}],\"inLanguage\":\"pt-PT\"},{\"@type\":\"WebPage\",\"@id\":\"https:\/\/www.danosa.com\/pt-pt\/produto\/danocret-protect-300-flex\/#webpage\",\"url\":\"https:\/\/www.danosa.com\/pt-pt\/produto\/danocret-protect-300-flex\/\",\"name\":\"Argamassa impermeabilizante flex\u00edvel monocomponente | Danocret Protect\",\"isPartOf\":{\"@id\":\"https:\/\/www.danosa.com\/pt-pt\/#website\"},\"datePublished\":\"2026-04-09T03:21:21+00:00\",\"dateModified\":\"2026-04-09T03:21:21+00:00\",\"description\":\"DANOCRET PROTECT 300 FLEX \u00e9 uma argamassa flex\u00edvel e impermeabilizante para estruturas de bet\u00e3o, varandas, terra\u00e7os, peitoris e piscinas.\",\"breadcrumb\":{\"@id\":\"https:\/\/www.danosa.com\/pt-pt\/produto\/danocret-protect-300-flex\/#breadcrumb\"},\"inLanguage\":\"pt-PT\",\"potentialAction\":[{\"@type\":\"ReadAction\",\"target\":[\"https:\/\/www.danosa.com\/pt-pt\/produto\/danocret-protect-300-flex\/\"]}]},{\"@type\":\"BreadcrumbList\",\"@id\":\"https:\/\/www.danosa.com\/pt-pt\/produto\/danocret-protect-300-flex\/#breadcrumb\",\"itemListElement\":[{\"@type\":\"ListItem\",\"position\":1,\"name\":\"Portada\",\"item\":\"https:\/\/www.danosa.com\/pt-pt\/\"},{\"@type\":\"ListItem\",\"position\":2,\"name\":\"DANOCRET PROTECT 300 FLEX\"}]}]}<\/script>\n<!-- \/ Yoast SEO plugin. -->","yoast_head_json":{"title":"Argamassa impermeabilizante flex\u00edvel monocomponente | Danocret Protect","description":"DANOCRET PROTECT 300 FLEX \u00e9 uma argamassa flex\u00edvel e impermeabilizante para estruturas de bet\u00e3o, varandas, terra\u00e7os, peitoris e piscinas.","robots":{"index":"index","follow":"follow","max-snippet":"max-snippet:-1","max-image-preview":"max-image-preview:large","max-video-preview":"max-video-preview:-1"},"canonical":"https:\/\/www.danosa.com\/pt-pt\/produto\/danocret-protect-300-flex\/","og_locale":"pt_PT","og_type":"article","og_title":"Argamassa impermeabilizante flex\u00edvel monocomponente | Danocret Protect","og_description":"DANOCRET PROTECT 300 FLEX \u00e9 uma argamassa flex\u00edvel e impermeabilizante para estruturas de bet\u00e3o, varandas, terra\u00e7os, peitoris e piscinas.","og_url":"https:\/\/www.danosa.com\/pt-pt\/produto\/danocret-protect-300-flex\/","og_site_name":"Danosa | Solu\u00e7\u00f5es de constru\u00e7\u00e3o","twitter_card":"summary_large_image","schema":{"@context":"https:\/\/schema.org","@graph":[{"@type":"WebSite","@id":"https:\/\/www.danosa.com\/pt-pt\/#website","url":"https:\/\/www.danosa.com\/pt-pt\/","name":"Danosa | Solu\u00e7\u00f5es de constru\u00e7\u00e3o","description":"Impermeabiliza\u00e7\u00e3o, isolamento ac\u00fastico e t\u00e9rmico","potentialAction":[{"@type":"SearchAction","target":{"@type":"EntryPoint","urlTemplate":"https:\/\/www.danosa.com\/pt-pt\/?s={search_term_string}"},"query-input":"required name=search_term_string"}],"inLanguage":"pt-PT"},{"@type":"WebPage","@id":"https:\/\/www.danosa.com\/pt-pt\/produto\/danocret-protect-300-flex\/#webpage","url":"https:\/\/www.danosa.com\/pt-pt\/produto\/danocret-protect-300-flex\/","name":"Argamassa impermeabilizante flex\u00edvel monocomponente | Danocret Protect","isPartOf":{"@id":"https:\/\/www.danosa.com\/pt-pt\/#website"},"datePublished":"2026-04-09T03:21:21+00:00","dateModified":"2026-04-09T03:21:21+00:00","description":"DANOCRET PROTECT 300 FLEX \u00e9 uma argamassa flex\u00edvel e impermeabilizante para estruturas de bet\u00e3o, varandas, terra\u00e7os, peitoris e piscinas.","breadcrumb":{"@id":"https:\/\/www.danosa.com\/pt-pt\/produto\/danocret-protect-300-flex\/#breadcrumb"},"inLanguage":"pt-PT","potentialAction":[{"@type":"ReadAction","target":["https:\/\/www.danosa.com\/pt-pt\/produto\/danocret-protect-300-flex\/"]}]},{"@type":"BreadcrumbList","@id":"https:\/\/www.danosa.com\/pt-pt\/produto\/danocret-protect-300-flex\/#breadcrumb","itemListElement":[{"@type":"ListItem","position":1,"name":"Portada","item":"https:\/\/www.danosa.com\/pt-pt\/"},{"@type":"ListItem","position":2,"name":"DANOCRET PROTECT 300 FLEX"}]}]}},"_links":{"self":[{"href":"https:\/\/www.danosa.com\/pt-pt\/wp-json\/wp\/v2\/product\/9687"}],"collection":[{"href":"https:\/\/www.danosa.com\/pt-pt\/wp-json\/wp\/v2\/product"}],"about":[{"href":"https:\/\/www.danosa.com\/pt-pt\/wp-json\/wp\/v2\/types\/product"}],"wp:attachment":[{"href":"https:\/\/www.danosa.com\/pt-pt\/wp-json\/wp\/v2\/media?parent=9687"}],"wp:term":[{"taxonomy":"family","embeddable":true,"href":"https:\/\/www.danosa.com\/pt-pt\/wp-json\/wp\/v2\/family?post=9687"},{"taxonomy":"product_notice","embeddable":true,"href":"https:\/\/www.danosa.com\/pt-pt\/wp-json\/wp\/v2\/product_notice?post=9687"},{"taxonomy":"product_icon","embeddable":true,"href":"https:\/\/www.danosa.com\/pt-pt\/wp-json\/wp\/v2\/product_icon?post=9687"},{"taxonomy":"product_application","embeddable":true,"href":"https:\/\/www.danosa.com\/pt-pt\/wp-json\/wp\/v2\/product_application?post=9687"},{"taxonomy":"product_standards_certification","embeddable":true,"href":"https:\/\/www.danosa.com\/pt-pt\/wp-json\/wp\/v2\/product_standards_certification?post=9687"},{"taxonomy":"product_benefits","embeddable":true,"href":"https:\/\/www.danosa.com\/pt-pt\/wp-json\/wp\/v2\/product_benefits?post=9687"},{"taxonomy":"product_support","embeddable":true,"href":"https:\/\/www.danosa.com\/pt-pt\/wp-json\/wp\/v2\/product_support?post=9687"},{"taxonomy":"product_substrate_preparation","embeddable":true,"href":"https:\/\/www.danosa.com\/pt-pt\/wp-json\/wp\/v2\/product_substrate_preparation?post=9687"},{"taxonomy":"product_important_indications","embeddable":true,"href":"https:\/\/www.danosa.com\/pt-pt\/wp-json\/wp\/v2\/product_important_indications?post=9687"},{"taxonomy":"product_conservation","embeddable":true,"href":"https:\/\/www.danosa.com\/pt-pt\/wp-json\/wp\/v2\/product_conservation?post=9687"},{"taxonomy":"product_warning","embeddable":true,"href":"https:\/\/www.danosa.com\/pt-pt\/wp-json\/wp\/v2\/product_warning?post=9687"},{"taxonomy":"product_safety_hygiene","embeddable":true,"href":"https:\/\/www.danosa.com\/pt-pt\/wp-json\/wp\/v2\/product_safety_hygiene?post=9687"},{"taxonomy":"system_certification","embeddable":true,"href":"https:\/\/www.danosa.com\/pt-pt\/wp-json\/wp\/v2\/system_certification?post=9687"},{"taxonomy":"product_maintenance","embeddable":true,"href":"https:\/\/www.danosa.com\/pt-pt\/wp-json\/wp\/v2\/product_maintenance?post=9687"},{"taxonomy":"product_safety_datasheet","embeddable":true,"href":"https:\/\/www.danosa.com\/pt-pt\/wp-json\/wp\/v2\/product_safety_datasheet?post=9687"},{"taxonomy":"filter_special_uses","embeddable":true,"href":"https:\/\/www.danosa.com\/pt-pt\/wp-json\/wp\/v2\/filter_special_uses?post=9687"}],"curies":[{"name":"wp","href":"https:\/\/api.w.org\/{rel}","templated":true}]}}